{"id":539,"date":"2025-04-12T07:12:46","date_gmt":"2025-04-12T07:12:46","guid":{"rendered":"https:\/\/red-lighttherapy.com\/?post_type=product&#038;p=539"},"modified":"2025-04-12T07:30:03","modified_gmt":"2025-04-12T07:30:03","slug":"custom-wine-glasses-cup-drinkware-lid-and-base-box-wholesale","status":"publish","type":"product","link":"https:\/\/red-lighttherapy.com\/sv\/custom-wine-glasses-cup-drinkware-lid-and-base-box-wholesale\/","title":{"rendered":"Anpassade vinglas Cup Drinkware Lock och basl\u00e5da Partihandel"},"content":{"rendered":"<h2 id=\"-customized-wine-glasses-and-wineware-box-with-lid-and-top-cover-product-description-\"><strong>Anpassade vinglas Cup Drinkware Lock och basl\u00e5da Partihandel Produktbeskrivning<\/strong><\/h2>\n<h2 id=\"-1-innovative-box-design-with-lid-and-top-cover-\"><strong>1. Innovativ boxdesign med lock och topplock<\/strong><\/h2>\n<p>Antagande\u00a0<strong>separerad struktur av \u00f6vre och undre lock<\/strong>Den kan enkelt \u00f6ppnas och st\u00e4ngas med en hand, med h\u00e4nsyn till bekv\u00e4mlighet och rituell k\u00e4nsla. L\u00e5dans inre \u00e4r exakt anpassad efter vinglasets storlek och fixeras av EVA-svamp eller blisterfoder f\u00f6r att uppn\u00e5\u00a0<strong>Skydd mot st\u00f6tar vid nollf\u00f6rskjutning<\/strong>\u00a0under transport, vilket s\u00e4kerst\u00e4ller att glasprodukterna \u00e4r s\u00e4kra och oskadade.<\/p>\n<h2 id=\"-2-three-dimensional-hot-stamping-process-details-highlight-the-brand-\"><strong>2. Tredimensionell varm st\u00e4mplingsprocess, detaljer framh\u00e4ver varum\u00e4rket<\/strong><\/h2>\n<p>Anv\u00e4nda\u00a0<strong>tredimensionell varmst\u00e4mplingsteknik med h\u00f6g precision<\/strong>kan den presentera varum\u00e4rkeslogotyp, m\u00f6nster eller text p\u00e5 mikroniv\u00e5, \u00e4ven komplexa linjer och sm\u00e5 m\u00f6nster kan visas tydligt, vilket ger f\u00f6rpackningsl\u00e5dan\u00a0<strong>metallstruktur och tredimensionella lager<\/strong>. I kombination med silketryck, pr\u00e4gling och andra processer f\u00f6rst\u00e4rker det den visuella effekten och bidrar till att f\u00f6rb\u00e4ttra varum\u00e4rkets avancerade image.<\/p>\n<h2 id=\"-3-one-stop-customization-service-worry-free-throughout-the-process-\"><strong>3. One-stop anpassningstj\u00e4nst, bekymmersfri under hela processen<\/strong><\/h2>\n<ul>\n<li><strong>Exakt anpassning av storleken<\/strong>: St\u00f6der anpassning av vinglas i full storlek fr\u00e5n 3oz till 10oz (85ml-285ml) och utvecklar formar enligt kundritningar eller prover 1: 1 f\u00f6r att s\u00e4kerst\u00e4lla att fodret och vinglasen\u00a0<strong>passa s\u00f6ml\u00f6st<\/strong>.<\/li>\n<li><strong>Kostnadsfri support f\u00f6r design<\/strong>: Professionellt team tillhandah\u00e5ller f\u00f6rpackningsstruktur och visuell schemadesign, integrerar varum\u00e4rkeston f\u00f6r att skapa differentierade f\u00f6rpackningar.<\/li>\n<li><strong>F\u00f6rhandsinspektion av provkvalitet<\/strong>: Gratis prover skickas med kvalitetsinspektionsrapporter och massproduktion kommer att utf\u00f6ras efter bekr\u00e4ftelse.<\/li>\n<\/ul>\n<h2 id=\"-4-intelligent-production-guarantees-efficiency-and-quality-\"><strong>4. Intelligent produktion garanterar effektivitet och kvalitet<\/strong><\/h2>\n<p>F\u00f6rlita sig p\u00e5\u00a0<strong>16 \u00e5rs erfarenhet av branschen<\/strong>\u00a0och\u00a0<strong>intelligent system f\u00f6r produktionsstyrning<\/strong>Hela processen fr\u00e5n anskaffning av r\u00e5material till leverans av f\u00e4rdiga produkter \u00e4r automatiserad och kontrollerad. Fabriken \u00e4r utrustad med ERP-ordersp\u00e5rning och MES-produktionssystem f\u00f6r att s\u00e4kerst\u00e4lla leverans av order i r\u00e4tt tid och en produktkvalificeringsgrad p\u00e5 99,8%.<\/p>\n<h2 id=\"-5-successful-cases-and-word-of-mouth-endorsement-\"><strong>5. Framg\u00e5ngsrika fall och muntligt st\u00f6d<\/strong><\/h2>\n<p>Tj\u00e4nsterna omfattar\u00a0<strong>vitt vin, r\u00f6tt vin, avancerade utl\u00e4ndska vinm\u00e4rken<\/strong>och samarbetande kunder inkluderar v\u00e4lk\u00e4nda vinf\u00f6retag och gr\u00e4ns\u00f6verskridande export\u00f6rer. Med\u00a0<strong>k\u00e4lla fabrik direkt leverans<\/strong>\u00a0F\u00f6rdelen \u00e4r att vi erbjuder kostnadseffektiva l\u00f6sningar som st\u00f6der sm\u00e5 provbest\u00e4llningar och storskalig massproduktion.<\/p>\n<h2 id=\"-why-choose-us-\"><strong>Varf\u00f6r v\u00e4lja oss?<\/strong><\/h2>\n<p>\u2705\u00a0<strong>Kostnadsfri design + kostnadsfri korrekturl\u00e4sning<\/strong>, 48 timmars snabb respons p\u00e5 behov<br \/>\n\u2705\u00a0<strong>ISO-certifierad fabrik<\/strong>, i linje med milj\u00f6skyddsstandarder f\u00f6r gr\u00e4ns\u00f6verskridande export<br \/>\n\u2705\u00a0<strong>100% kvalitetsinspektion f\u00f6re lagerh\u00e5llning<\/strong>, utlovad brottfrekvens mindre \u00e4n 0,1%<\/p>","protected":false},"excerpt":{"rendered":"<p>L\u00e5dtypen med lock och botten anv\u00e4nder metoden f\u00f6r att separera de \u00f6vre och nedre locken, vilket \u00e4r l\u00e4tt att anv\u00e4nda med en hand. Den heta st\u00e4mplingsprocessen kan perfekt visa det fina hantverket framf\u00f6r kunderna och \u00f6ka populariteten f\u00f6r ditt varum\u00e4rke. Det kan anpassas mycket f\u00f6r att passa dina vinglas och vinredskapsf\u00f6rpackningar.<\/p>","protected":false},"featured_media":540,"template":"","meta":{"_kad_post_transparent":"default","_kad_post_title":"","_kad_post_layout":"default","_kad_post_sidebar_id":"","_kad_post_content_style":"default","_kad_post_vertical_padding":"default","_kad_post_feature":"","_kad_post_feature_position":"","_kad_post_header":false,"_kad_post_footer":false,"_kad_post_classname":""},"product_brand":[],"product_cat":[15,19,17],"product_tag":[178,176,177],"class_list":{"0":"post-539","1":"product","2":"type-product","3":"status-publish","4":"has-post-thumbnail","6":"product_cat-red-light-therapy","7":"product_cat-red-light-therapy-stand","8":"product_cat-services","9":"product_tag-custom-drinkware-box-wholesale","10":"product_tag-custom-wine-box","11":"product_tag-glasses-cup-lid-and-base-box","13":"first","14":"instock","15":"shipping-taxable","16":"product-type-simple","17":"entry","18":"content-bg","19":"loop-entry"},"_links":{"self":[{"href":"https:\/\/red-lighttherapy.com\/sv\/wp-json\/wp\/v2\/product\/539","targetHints":{"allow":["GET"]}}],"collection":[{"href":"https:\/\/red-lighttherapy.com\/sv\/wp-json\/wp\/v2\/product"}],"about":[{"href":"https:\/\/red-lighttherapy.com\/sv\/wp-json\/wp\/v2\/types\/product"}],"wp:featuredmedia":[{"embeddable":true,"href":"https:\/\/red-lighttherapy.com\/sv\/wp-json\/wp\/v2\/media\/540"}],"wp:attachment":[{"href":"https:\/\/red-lighttherapy.com\/sv\/wp-json\/wp\/v2\/media?parent=539"}],"wp:term":[{"taxonomy":"product_brand","embeddable":true,"href":"https:\/\/red-lighttherapy.com\/sv\/wp-json\/wp\/v2\/product_brand?post=539"},{"taxonomy":"product_cat","embeddable":true,"href":"https:\/\/red-lighttherapy.com\/sv\/wp-json\/wp\/v2\/product_cat?post=539"},{"taxonomy":"product_tag","embeddable":true,"href":"https:\/\/red-lighttherapy.com\/sv\/wp-json\/wp\/v2\/product_tag?post=539"}],"curies":[{"name":"wp","href":"https:\/\/api.w.org\/{rel}","templated":true}]}}