{"id":529,"date":"2025-04-12T06:52:35","date_gmt":"2025-04-12T06:52:35","guid":{"rendered":"https:\/\/red-lighttherapy.com\/?post_type=product&#038;p=529"},"modified":"2025-04-20T06:01:01","modified_gmt":"2025-04-20T06:01:01","slug":"lid-and-base-box-clothes-apparel-shapewear-packaging-factory","status":"publish","type":"product","link":"https:\/\/red-lighttherapy.com\/sv\/lid-and-base-box-clothes-apparel-shapewear-packaging-factory\/","title":{"rendered":"Lock och bottenl\u00e5da Kl\u00e4der Kl\u00e4der Shapewear F\u00f6rpackning Fabrik"},"content":{"rendered":"<h2>Lock och bottenl\u00e5da Kl\u00e4der Kl\u00e4der Shapewear F\u00f6rpackning Fabrik<\/h2>\n<h2 id=\"1-appearance-design-\">1.\u00a0<strong>Utseende design<\/strong><\/h2>\n<p>L\u00e5dkroppen antar den klassiska topp- och bottenskyddsstrukturen, de \u00f6vre och nedre locken \u00e4r t\u00e4tt bitna och \u00f6ppningen och st\u00e4ngningen \u00e4r bekv\u00e4m och stabil. Den \u00f6vergripande mattbruna huvudf\u00e4rgen matchas med LOGOTYPEN eller m\u00f6nstret f\u00f6r varmst\u00e4mpling \/ pr\u00e4glingsprocess, vilket avsl\u00f6jar den l\u00e4tta lyxstrukturen p\u00e5 ett l\u00e5gm\u00e4lt s\u00e4tt. Om du beh\u00f6ver f\u00f6rb\u00e4ttra den visuella niv\u00e5n kan du l\u00e4gga till l\u00e4ttnad eller pr\u00e4glingsteknik f\u00f6r att f\u00f6rb\u00e4ttra ber\u00f6ringen och den tredimensionella k\u00e4nslan.<\/p>\n<h2 id=\"2-inner-lining-adaptation-\">2.\u00a0<strong>Anpassning av innerfodret<\/strong><\/h2>\n<p>Beroende p\u00e5 storlek och placering av kl\u00e4dkategorier (t.ex. kroppsformare, T-shirts, kjolar), ge diversifierade foderalternativ:<\/p>\n<ul>\n<li><strong>Foder av EVA-flock<\/strong>: Ytan \u00e4r t\u00e4ckt med delikat flanell, som \u00e4r mjuk och rept\u00e5lig, l\u00e4mplig f\u00f6r avancerade spets- eller silkestyger;<\/li>\n<li><strong>Inre st\u00f6d av p\u00e4rlbomull<\/strong>: Milj\u00f6v\u00e4nligt och tryckbest\u00e4ndigt, sp\u00e5ret kan anpassas f\u00f6r att f\u00e4sta kl\u00e4derna f\u00f6r att s\u00e4kerst\u00e4lla st\u00f6ts\u00e4ker transport;<\/li>\n<li><strong>Skiljev\u00e4gg med lager av silkestyg<\/strong>: Med flugband kan den separera flera kl\u00e4desplagg och f\u00f6rb\u00e4ttra k\u00e4nslan av ceremoni n\u00e4r du packar upp.<\/li>\n<\/ul>\n<h2 id=\"3-decorative-details-\">3.\u00a0<strong>Dekorativa detaljer<\/strong><\/h2>\n<p>L\u00e5dans lock levereras med ett satinband i samma f\u00e4rg eller i en kontrasterande f\u00e4rg, som f\u00e5r sin fulla form genom en tredimensionell vikningsprocess. Bandets svans kan tryckas med en varum\u00e4rkesslogan, vilket kombinerar varum\u00e4rkesigenk\u00e4nning och dekorativitet. Innerl\u00e5dan kan f\u00f6rses med ett magnetiskt sp\u00e4nne eller ett bandhandtag f\u00f6r att underl\u00e4tta \u00f6ppningen.<\/p>\n<h2 id=\"4-customized-service-\">4.\u00a0<strong>Anpassad service<\/strong><\/h2>\n<p>Den bygger p\u00e5 16 \u00e5rs erfarenhet av tryckning och f\u00f6rpackning och st\u00f6der anpassning av hela l\u00e4nken:<\/p>\n<ul>\n<li><strong>Flexibel storlek<\/strong>: Fr\u00e5n kompakta underkl\u00e4desl\u00e5dor (t.ex. 16\u00d724 cm) till kappl\u00e5dor med stor kapacitet (t.ex. 30\u00d750 cm), den \u00e4r l\u00e4mplig f\u00f6r olika produkter;<\/li>\n<li><strong>Teknisk uppgradering<\/strong>: Valfri UV-utskrift, partiell laser, nedbrytbara material etc. f\u00f6r att m\u00f6ta milj\u00f6skydd eller avancerade behov;<\/li>\n<li><strong>Varum\u00e4rkeselement<\/strong>: Den inre foderkartongen kan skrivas ut med tv\u00e4ttinstruktioner eller varum\u00e4rkeshistorier, och ytterl\u00e5dan kan skrivas ut med etiketter mot f\u00f6rfalskning f\u00f6r att f\u00f6rb\u00e4ttra kundupplevelsen.<\/li>\n<\/ul>\n<h2 id=\"5-quality-assurance-\">5.\u00a0<strong>Kvalitetss\u00e4kring<\/strong><\/h2>\n<p>Leveranskedjan integrerar produktionen av r\u00e5varor som papper, EVA och band och har klarat ISO9001 kvalitetssystemcertifiering f\u00f6r att s\u00e4kerst\u00e4lla full kvalitetskontroll fr\u00e5n designkorrektur till massleverans. St\u00f6der realtidssp\u00e5rning av produktionsf\u00f6rloppet p\u00e5 WeChat, snabb leverans inom 7-15 dagar och direkt logistik till andra platser.<\/p>\n<h2 id=\"-application-scenarios-\"><strong>Till\u00e4mpningsscenarier:<\/strong><\/h2>\n<p>L\u00e4mplig f\u00f6r f\u00f6rpackning av produkter som kroppsformare, hemkl\u00e4der och avancerade konfektionskl\u00e4der, med h\u00e4nsyn till varum\u00e4rkesf\u00f6rb\u00e4ttring och transportskyddsbehov. St\u00f6djer anpassning av manuskript och prover och tillhandah\u00e5ller gratis designoptimering och korrekturtj\u00e4nster.<\/p>","protected":false},"excerpt":{"rendered":"<p>Hela l\u00e5dan \u00e4r brun, med ett lock och basl\u00e5dor stil, som \u00e4r l\u00e5gm\u00e4ld och stadig, ganska modern, och har en tredimensionell effekt med tillbeh\u00f6r till b\u00e5gband. Det \u00e4r m\u00e5ngsidigt och praktiskt och ger en touch av f\u00e4rg till din f\u00f6rpackningsl\u00e5da.<\/p>","protected":false},"featured_media":534,"template":"","meta":{"_kad_post_transparent":"default","_kad_post_title":"","_kad_post_layout":"default","_kad_post_sidebar_id":"","_kad_post_content_style":"default","_kad_post_vertical_padding":"default","_kad_post_feature":"","_kad_post_feature_position":"","_kad_post_header":false,"_kad_post_footer":false,"_kad_post_classname":""},"product_brand":[],"product_cat":[15,30,19,17],"product_tag":[174,173,175],"class_list":{"0":"post-529","1":"product","2":"type-product","3":"status-publish","4":"has-post-thumbnail","6":"product_cat-red-light-therapy","7":"product_cat-dropshipping","8":"product_cat-red-light-therapy-stand","9":"product_cat-services","10":"product_tag-apparel-lid-and-base-box","11":"product_tag-clothes-packaging-factory","12":"product_tag-shapewear-packaging-factory","14":"first","15":"instock","16":"shipping-taxable","17":"product-type-simple","18":"entry","19":"content-bg","20":"loop-entry"},"_links":{"self":[{"href":"https:\/\/red-lighttherapy.com\/sv\/wp-json\/wp\/v2\/product\/529","targetHints":{"allow":["GET"]}}],"collection":[{"href":"https:\/\/red-lighttherapy.com\/sv\/wp-json\/wp\/v2\/product"}],"about":[{"href":"https:\/\/red-lighttherapy.com\/sv\/wp-json\/wp\/v2\/types\/product"}],"wp:featuredmedia":[{"embeddable":true,"href":"https:\/\/red-lighttherapy.com\/sv\/wp-json\/wp\/v2\/media\/534"}],"wp:attachment":[{"href":"https:\/\/red-lighttherapy.com\/sv\/wp-json\/wp\/v2\/media?parent=529"}],"wp:term":[{"taxonomy":"product_brand","embeddable":true,"href":"https:\/\/red-lighttherapy.com\/sv\/wp-json\/wp\/v2\/product_brand?post=529"},{"taxonomy":"product_cat","embeddable":true,"href":"https:\/\/red-lighttherapy.com\/sv\/wp-json\/wp\/v2\/product_cat?post=529"},{"taxonomy":"product_tag","embeddable":true,"href":"https:\/\/red-lighttherapy.com\/sv\/wp-json\/wp\/v2\/product_tag?post=529"}],"curies":[{"name":"wp","href":"https:\/\/api.w.org\/{rel}","templated":true}]}}