{"id":517,"date":"2025-04-12T06:12:15","date_gmt":"2025-04-12T06:12:15","guid":{"rendered":"https:\/\/red-lighttherapy.com\/?post_type=product&#038;p=517"},"modified":"2025-04-12T06:52:22","modified_gmt":"2025-04-12T06:52:22","slug":"child-resistant-510-vape-cartridge-packaging-boxes-wholesale","status":"publish","type":"product","link":"https:\/\/red-lighttherapy.com\/sv\/child-resistant-510-vape-cartridge-packaging-boxes-wholesale\/","title":{"rendered":"Barnskyddande 510 Vape-patronf\u00f6rpackningsl\u00e5dor grossist"},"content":{"rendered":"<h2 id=\"-child-safe-510-e-cigarette-cartridge-packaging-box-wholesale-product-description-\"><strong>Barns\u00e4kra f\u00f6rpackningsl\u00e5dor f\u00f6r 510 Vape-patroner Partihandel Produktbeskrivning<\/strong><\/h2>\n<p>Med utg\u00e5ngspunkt i de tv\u00e5 begreppen innovation och s\u00e4kerhet lanserade vi en\u00a0<strong>Barnskyddande f\u00f6rpackningsl\u00e5da<\/strong>\u00a0utformad speciellt f\u00f6r 510 e-cigarettpatroner, integrerar barns\u00e4kra funktioner, avancerad konsistens och anpassad design, anpassar sig helt till behoven hos cannabis- och e-cigarettprodukter och hj\u00e4lper varum\u00e4rken att sticka ut.<\/p>\n<h2 id=\"1-child-proof-certification-compliance-guarantee-\">1.\u00a0<strong>Barns\u00e4kerhetscertifiering, efterlevnadsgaranti<\/strong><\/h2>\n<ul>\n<li>Adoptera en\u00a0<strong>glidande barns\u00e4ker l\u00e5sstruktur<\/strong>uppfyller den best\u00e4mmelserna i USA (16 CFR 1700.20, ASTM D3475) och Europa (EN ISO 8317) och har klarat\u00a0<strong>FSC-certifiering f\u00f6r barns\u00e4kerhet<\/strong>, vilket s\u00e4kerst\u00e4ller att barn under 52 m\u00e5nader \u00e4r sv\u00e5ra att \u00f6ppna, medan vuxna l\u00e4tt kan anv\u00e4nda den, med h\u00e4nsyn till s\u00e4kerhet och bekv\u00e4mlighet.<\/li>\n<\/ul>\n<h2 id=\"2-pull-out-box-design-ceremonial-unboxing-experience-\">2.\u00a0<strong>Design med utdragbar l\u00e5da, h\u00f6gtidlig uppackning<\/strong><\/h2>\n<ul>\n<li>Innovativ\u00a0<strong>sidoskjutande utdragsl\u00e5da<\/strong>I l\u00e5dan presenteras patronerna l\u00e5ngsamt med l\u00e5dkroppen, vilket \u00f6kar anv\u00e4ndarens k\u00e4nsla av \u00f6verraskning och ritual vid uppackning. L\u00e5dkroppen \u00f6ppnas och st\u00e4ngs smidigt, vilket passar positioneringen av avancerade e-cigarettprodukter och f\u00f6rb\u00e4ttrar varum\u00e4rkets minnespunkt.<\/li>\n<\/ul>\n<h2 id=\"3-customized-appearance-eye-catching-tool-on-the-shelf-\">3.\u00a0<strong>Anpassat utseende, i\u00f6gonfallande verktyg p\u00e5 hyllan<\/strong><\/h2>\n<ul>\n<li>St\u00f6d\u00a0<strong>design f\u00f6r helsidestryck<\/strong>som kan integreras med varum\u00e4rkets LOGO, f\u00e4rgschema och konstn\u00e4rliga element, och skapa en differentierad visuell bild genom UV-tryck med h\u00f6g precision, varmst\u00e4mpling\/silverteknik eller partiell reliefverkan. L\u00e5dans struktur har optimerats f\u00f6r att s\u00e4kerst\u00e4lla\u00a0<strong>tredimensionellt och skarpt<\/strong>\u00a0n\u00e4r den visas upp, vilket ger ett starkt visuellt intryck p\u00e5 hyllan.<\/li>\n<\/ul>\n<h2 id=\"4-coated-paper-material-sturdy-and-durable-\">4.\u00a0<strong>Bestruket pappersmaterial, robust och h\u00e5llbart<\/strong><\/h2>\n<ul>\n<li>V\u00e4lj\u00a0<strong>300-400g h\u00f6gviktigt bestruket papper<\/strong>, med matt eller glansig film p\u00e5 ytan, som har b\u00e5de tryckmotst\u00e5nd och glansighet. L\u00e5dkroppen \u00e4r inte l\u00e4tt att deformera och slitstark, och den bibeh\u00e5ller fortfarande en k\u00e4nslig konsistens efter l\u00e5ngvarig lagring. Det inre skiktet \u00e4r f\u00f6rtjockat f\u00f6r att st\u00f6dja strukturen f\u00f6r att ytterligare f\u00f6rb\u00e4ttra slagmotst\u00e5ndet.<\/li>\n<\/ul>\n<h2 id=\"5-adaptable-to-multiple-categories-strong-compatibility-\">5.\u00a0<strong>Anpassningsbar till flera kategorier, stark kompatibilitet<\/strong><\/h2>\n<ul>\n<li>Speciellt optimerad storlek f\u00f6r\u00a0<strong>510 g\u00e4ngade standardpatroner<\/strong>\u00a0(anpassningsbar till vanliga specifikationer med en diameter p\u00e5 10 mm och en l\u00e4ngd p\u00e5 60-80 mm), kompatibel med THC\/CBD-oljepatroner, eng\u00e5ngsprodukter och p\u00e5fyllningsbara produkter. Utrymmet inuti l\u00e5dan kan flexibelt matchas med\u00a0<strong>EVA-foder, flockningsbricka eller blisterkort<\/strong>\u00a0f\u00f6r att uppfylla fixerings- och st\u00f6ts\u00e4kerhetsbehoven f\u00f6r patroner av olika storlekar.<\/li>\n<\/ul>\n<h2 id=\"6-craftsmanship-quality-assurance-\">6.\u00a0<strong>Hantverksskicklighet, kvalitetss\u00e4kring<\/strong><\/h2>\n<ul>\n<li>F\u00f6rlita sig p\u00e5\u00a0<strong>16 \u00e5rs erfarenhet av tryckning och f\u00f6rpackning<\/strong>, strikt kvalitetskontroll fr\u00e5n designkorrektur till massproduktion, med milj\u00f6v\u00e4nligt bl\u00e4ck och sp\u00e5rl\u00f6s limningsteknik f\u00f6r att s\u00e4kerst\u00e4lla att l\u00e5dkroppen inte har n\u00e5gon irriterande lukt och s\u00f6mmarna \u00e4r plana. St\u00f6d\u00a0<strong>etiketter mot f\u00f6rfalskning, sp\u00e5rbarhet med QR-kod<\/strong>\u00a0och andra merv\u00e4rdestj\u00e4nster f\u00f6r att \u00f6ka f\u00f6rtroendet f\u00f6r varum\u00e4rket.<\/li>\n<\/ul>\n<h2 id=\"-application-scenarios-\"><strong>7. Till\u00e4mpningsscenarier<\/strong><\/h2>\n<ul>\n<li><strong>Cannabis elektroniska cigaretter<\/strong>: Anpassningsbar till 1g\/0,5g f\u00f6rfyllda patroner, fodret kan anpassas med antioxidationsskikt av aluminiumfolie f\u00f6r att f\u00f6rl\u00e4nga h\u00e5llbarheten f\u00f6r eteriska oljor.<\/li>\n<li><strong>CBD-atomizer<\/strong>: Med en transparent f\u00f6nsterdesign kan oljans f\u00e4rg och m\u00e4ngd visas intuitivt.<\/li>\n<li><strong>H\u00f6gklassig presentf\u00f6rpackning<\/strong>: St\u00f6der f\u00f6rpackningar med presentf\u00f6rpackningar, integrerar tillbeh\u00f6r som patroner och laddare och \u00f6kar premiumutrymmet.<\/li>\n<\/ul>\n<h2 id=\"-cooperation-advantages-\"><strong>F\u00f6rdelar med samarbete<\/strong><\/h2>\n<ul>\n<li><strong>Snabbt svar<\/strong>: Tillhandah\u00e5lla one-stop-service fr\u00e5n design till leverans, fullst\u00e4ndig korrektur p\u00e5 7-15 dagar och st\u00f6dja provproduktion av sm\u00e5 partier.<\/li>\n<li><strong>Global efterlevnad<\/strong>: Godk\u00e4nda FSC-, REACH-, RoHS- och andra certifieringar f\u00f6r att uppfylla kraven f\u00f6r marknadstilltr\u00e4de i Europa och USA.<\/li>\n<li><strong>Kostnadsoptimering<\/strong>: Storskalig produktion minskar kostnaden f\u00f6r en enda l\u00e5da, och du kan njuta av rabatter p\u00e5 grossistpriser med en minsta orderkvantitet p\u00e5 5.000.<\/li>\n<\/ul>","protected":false},"excerpt":{"rendered":"<p>Barns\u00e4ker l\u00e5da pappersl\u00e5da design Den barns\u00e4kra designen kan effektivt f\u00f6rhindra barn fr\u00e5n att \u00f6ppna den och vuxna fr\u00e5n att \u00f6ppna den l\u00e4tt. Dra och skjut f\u00f6r att \u00f6ppna s\u00e5 att din 510 vape-patronf\u00f6rpackningsprodukt l\u00e5ngsamt visas framf\u00f6r dig, vilket f\u00f6rb\u00e4ttrar unboxing-upplevelsen<\/p>","protected":false},"featured_media":520,"template":"","meta":{"_kad_post_transparent":"default","_kad_post_title":"","_kad_post_layout":"default","_kad_post_sidebar_id":"","_kad_post_content_style":"default","_kad_post_vertical_padding":"default","_kad_post_feature":"","_kad_post_feature_position":"","_kad_post_header":false,"_kad_post_footer":false,"_kad_post_classname":""},"product_brand":[],"product_cat":[15,20,17],"product_tag":[167,169,168],"class_list":{"0":"post-517","1":"product","2":"type-product","3":"status-publish","4":"has-post-thumbnail","6":"product_cat-red-light-therapy","7":"product_cat-led-face-light-therapy","8":"product_cat-services","9":"product_tag-cartridge-packaging","10":"product_tag-vape-cartridge-packaging","11":"product_tag-vape-packaging","13":"first","14":"instock","15":"shipping-taxable","16":"product-type-simple","17":"entry","18":"content-bg","19":"loop-entry"},"_links":{"self":[{"href":"https:\/\/red-lighttherapy.com\/sv\/wp-json\/wp\/v2\/product\/517","targetHints":{"allow":["GET"]}}],"collection":[{"href":"https:\/\/red-lighttherapy.com\/sv\/wp-json\/wp\/v2\/product"}],"about":[{"href":"https:\/\/red-lighttherapy.com\/sv\/wp-json\/wp\/v2\/types\/product"}],"wp:featuredmedia":[{"embeddable":true,"href":"https:\/\/red-lighttherapy.com\/sv\/wp-json\/wp\/v2\/media\/520"}],"wp:attachment":[{"href":"https:\/\/red-lighttherapy.com\/sv\/wp-json\/wp\/v2\/media?parent=517"}],"wp:term":[{"taxonomy":"product_brand","embeddable":true,"href":"https:\/\/red-lighttherapy.com\/sv\/wp-json\/wp\/v2\/product_brand?post=517"},{"taxonomy":"product_cat","embeddable":true,"href":"https:\/\/red-lighttherapy.com\/sv\/wp-json\/wp\/v2\/product_cat?post=517"},{"taxonomy":"product_tag","embeddable":true,"href":"https:\/\/red-lighttherapy.com\/sv\/wp-json\/wp\/v2\/product_tag?post=517"}],"curies":[{"name":"wp","href":"https:\/\/api.w.org\/{rel}","templated":true}]}}