{"id":511,"date":"2025-04-12T05:38:05","date_gmt":"2025-04-12T05:38:05","guid":{"rendered":"https:\/\/red-lighttherapy.com\/?post_type=product&#038;p=511"},"modified":"2025-04-12T06:12:03","modified_gmt":"2025-04-12T06:12:03","slug":"custom-perfume-cosmetic-skincare-drawer-paper-boxes-factory","status":"publish","type":"product","link":"https:\/\/red-lighttherapy.com\/sv\/custom-perfume-cosmetic-skincare-drawer-paper-boxes-factory\/","title":{"rendered":"Anpassad parfym kosmetisk hudv\u00e5rd l\u00e5da papper l\u00e5dor fabrik"},"content":{"rendered":"<h2 id=\"-customized-perfume-cosmetics-and-skincare-drawer-paper-box-product-description-\"><strong>Anpassad parfym kosmetika och hudv\u00e5rd l\u00e5da pappersl\u00e5da produktbeskrivning<\/strong><\/h2>\n<p>Genom att f\u00f6lja konceptet med avancerad anpassning \u00e4r v\u00e5rt f\u00f6retag specialiserat p\u00e5 att skapa praktiska och konstn\u00e4rliga pappersf\u00f6rpackningar av l\u00e5dtyp f\u00f6r parfym-, kosmetik- och hudv\u00e5rdsm\u00e4rken, vilket ger varum\u00e4rkesv\u00e4rde med hantverk och milj\u00f6skyddskoncept. De specifika produktfunktionerna \u00e4r f\u00f6ljande:<\/p>\n<h2 id=\"1-pull-out-box-design-convenience-and-ritual-coexistence-\">1.\u00a0<strong>L\u00e5dans pappersl\u00e5da design: bekv\u00e4mlighet och rituell samexistens<\/strong><\/h2>\n<p>L\u00e5dans pappersl\u00e5destruktur antas, och utdragningen \u00e4r smidig och smidig, och \u00f6ppnings- och st\u00e4ngningsupplevelsen \u00e4r bekv\u00e4m och full av ritual. Den inre l\u00e5dan och den yttre l\u00e5dan \u00e4r exakt matchade f\u00f6r att s\u00e4kerst\u00e4lla att de f\u00f6rblir stabila efter flera drag, vilket inte bara kan skydda produktens integritet utan ocks\u00e5 f\u00f6rb\u00e4ttra anv\u00e4ndarens n\u00f6je att packa upp.<\/p>\n<h2 id=\"2-festival-atmosphere-aesthetics-red-main-tone-with-hot-stamping-technology-\">2.\u00a0<strong>Festivalatmosf\u00e4rens estetik: r\u00f6d huvudton med varm st\u00e4mplingsteknik<\/strong><\/h2>\n<p>L\u00e5dans kropp anv\u00e4nder klassiskt r\u00f6tt som huvudmotiv, vilket passar festivalens firande och f\u00f6rmedlar en festlig och entusiastisk varum\u00e4rkesimage. Ytan \u00e4r tillverkad med h\u00f6gprecisions-varmpressningsteknik och har en fin lyster och tredimensionell textur som f\u00f6rst\u00e4rker produktens visuella effekt och avancerade positionering.<\/p>\n<h2 id=\"3-luxury-details-enhancement-ribbon-pull-ring-and-environmentally-friendly-materials-\">3.\u00a0<strong>F\u00f6rb\u00e4ttring av lyxiga detaljer: dragring i band och milj\u00f6v\u00e4nliga material<\/strong><\/h2>\n<ul>\n<li><strong>Design med dragring med band<\/strong>: Utvalda band med h\u00f6g t\u00e5lighet, som kan \u00f6ppnas och st\u00e4ngas upprepade g\u00e5nger utan att slitas, matchade med guld- eller silvermetallf\u00e4sten, ger f\u00f6rpackningsl\u00e5dan en l\u00e4tt lyxig struktur.<\/li>\n<li><strong>FSC-certifierade material<\/strong>: L\u00e5dkroppen anv\u00e4nder milj\u00f6v\u00e4nliga pappersmaterial som har godk\u00e4nts FSC-skogscertifiering, med h\u00e4nsyn till det h\u00e5llbara konceptet och de b\u00e4rande kraven, och uppfyller de dubbla kraven fr\u00e5n avancerade varum\u00e4rken f\u00f6r kvalitet och milj\u00f6skydd.<\/li>\n<\/ul>\n<h2 id=\"4-professional-customization-service-full-link-support-from-demand-to-delivery-\">4.\u00a0<strong>Professionell kundanpassningstj\u00e4nst: support med fullst\u00e4ndiga l\u00e4nkar fr\u00e5n efterfr\u00e5gan till leverans<\/strong><\/h2>\n<ul>\n<li><strong>L\u00f6sning f\u00f6r anpassningsbarhet<\/strong>: Beroende p\u00e5 produktens storlek, form och varum\u00e4rkeston, ge rekommendationer om l\u00e5dtyp och f\u00f6rslag p\u00e5 strukturell optimering, t.ex. st\u00f6ts\u00e4ker design av innerfack f\u00f6r parfymflaskor eller f\u00f6rvaringsl\u00f6sningar i lager f\u00f6r kosmetikset.<\/li>\n<li><strong>Effektiv leveransgaranti<\/strong>: Utrustad med ett dedikerat serviceteam, uppf\u00f6ljning fr\u00e5n designkorrektur till massproduktion, st\u00f6d 15-25 dagar med snabb leverans (den specifika cykeln justeras beroende p\u00e5 processens komplexitet), f\u00f6r att s\u00e4kerst\u00e4lla att b\u00e5de kvalitet och aktualitet uppfyller standarderna.<\/li>\n<\/ul>\n<h2 id=\"5-value-added-services-brand-image-and-user-experience-upgrade-\">5.\u00a0<strong>Merv\u00e4rdestj\u00e4nster: uppgradering av varum\u00e4rkesimage och anv\u00e4ndarupplevelse<\/strong><\/h2>\n<ul>\n<li><strong>Olika processval<\/strong>: F\u00f6rutom varmst\u00e4mpling kan UV-tryck, pr\u00e4gling, screentryck och andra processer \u00f6verlagras f\u00f6r att m\u00f6ta personliga behov.<\/li>\n<li><strong>L\u00f6sning f\u00f6r hela scenariot<\/strong>: Tillhandah\u00e5lla skr\u00e4ddarsydda tj\u00e4nster som presentf\u00f6rpackningar f\u00f6r h\u00f6gtider, f\u00f6rpackningar i begr\u00e4nsad upplaga, gr\u00e4ns\u00f6verskridande specialleveranser etc. f\u00f6r att hj\u00e4lpa varum\u00e4rken att skapa differentierad konkurrenskraft.<\/li>\n<\/ul>\n<h2 id=\"-cooperation-advantages-\"><strong>F\u00f6rdelar med samarbete<\/strong>:<\/h2>\n<ul>\n<li><strong>H\u00f6g kostnadsprestanda<\/strong>: Storskalig produktion s\u00e4nker kostnaderna och m\u00f6jligg\u00f6r en minsta best\u00e4llning p\u00e5 500 enheter.<\/li>\n<li><strong>Kvalitets\u00e5tagande<\/strong>: Strikta kvalitetsinspektionsstandarder (fel &lt;1mm), st\u00f6d efter f\u00f6rs\u00e4ljningsproblem f\u00f6r att svara inom 24 timmar.<\/li>\n<\/ul>\n<p><strong>Till\u00e4mpliga scenarier<\/strong>: Julklappar, lansering av nya produkter, anpassning av avancerade medlemskap, specialleveranser f\u00f6r gr\u00e4ns\u00f6verskridande e-handel etc.<\/p>\n<p>Med professionell design, milj\u00f6skyddskoncept och effektiva tj\u00e4nster som k\u00e4rnan \u00e4r vi fast beslutna att f\u00f6rse globala varum\u00e4rken med f\u00f6rpackningsl\u00f6sningar som kombinerar estetiskt v\u00e4rde och praktiska funktioner f\u00f6r att hj\u00e4lpa produkter att sticka ut p\u00e5 marknaden. Om du beh\u00f6ver en anpassad l\u00f6sning eller offert, v\u00e4nligen kontakta kundtj\u00e4nst f\u00f6r exklusiv support!<\/p>","protected":false},"excerpt":{"rendered":"<p>L\u00e5dans pappersl\u00e5da \u00e4r l\u00e4tt att dra och bekv\u00e4mare f\u00f6r att \u00f6ka anv\u00e4ndarens unboxing-upplevelse. L\u00e5dans yta antar en avancerad \"hot stamping\" -process f\u00f6r att f\u00f6rb\u00e4ttra produktens struktur och estetik.<\/p>","protected":false},"featured_media":512,"template":"","meta":{"_kad_post_transparent":"default","_kad_post_title":"","_kad_post_layout":"default","_kad_post_sidebar_id":"","_kad_post_content_style":"default","_kad_post_vertical_padding":"default","_kad_post_feature":"","_kad_post_feature_position":"","_kad_post_header":false,"_kad_post_footer":false,"_kad_post_classname":""},"product_brand":[],"product_cat":[15,28,20,17],"product_tag":[165,166,164],"class_list":{"0":"post-511","1":"product","2":"type-product","3":"status-publish","4":"has-post-thumbnail","6":"product_cat-red-light-therapy","7":"product_cat-customize","8":"product_cat-led-face-light-therapy","9":"product_cat-services","10":"product_tag-cosmetic-skincare-drawer-paper-boxes","11":"product_tag-custom-perfume-boxes-factory","12":"product_tag-custom-perfume-paper-boxes","14":"first","15":"instock","16":"shipping-taxable","17":"product-type-simple","18":"entry","19":"content-bg","20":"loop-entry"},"_links":{"self":[{"href":"https:\/\/red-lighttherapy.com\/sv\/wp-json\/wp\/v2\/product\/511","targetHints":{"allow":["GET"]}}],"collection":[{"href":"https:\/\/red-lighttherapy.com\/sv\/wp-json\/wp\/v2\/product"}],"about":[{"href":"https:\/\/red-lighttherapy.com\/sv\/wp-json\/wp\/v2\/types\/product"}],"wp:featuredmedia":[{"embeddable":true,"href":"https:\/\/red-lighttherapy.com\/sv\/wp-json\/wp\/v2\/media\/512"}],"wp:attachment":[{"href":"https:\/\/red-lighttherapy.com\/sv\/wp-json\/wp\/v2\/media?parent=511"}],"wp:term":[{"taxonomy":"product_brand","embeddable":true,"href":"https:\/\/red-lighttherapy.com\/sv\/wp-json\/wp\/v2\/product_brand?post=511"},{"taxonomy":"product_cat","embeddable":true,"href":"https:\/\/red-lighttherapy.com\/sv\/wp-json\/wp\/v2\/product_cat?post=511"},{"taxonomy":"product_tag","embeddable":true,"href":"https:\/\/red-lighttherapy.com\/sv\/wp-json\/wp\/v2\/product_tag?post=511"}],"curies":[{"name":"wp","href":"https:\/\/api.w.org\/{rel}","templated":true}]}}