{"id":505,"date":"2025-04-12T05:11:26","date_gmt":"2025-04-12T05:11:26","guid":{"rendered":"https:\/\/red-lighttherapy.com\/?post_type=product&#038;p=505"},"modified":"2025-04-12T05:37:34","modified_gmt":"2025-04-12T05:37:34","slug":"custom-home-wireless-cam-security-camera-packaging-boxes","status":"publish","type":"product","link":"https:\/\/red-lighttherapy.com\/sv\/custom-home-wireless-cam-security-camera-packaging-boxes\/","title":{"rendered":"Anpassade f\u00f6rpackningsl\u00e5dor f\u00f6r tr\u00e5dl\u00f6s s\u00e4kerhetskamera f\u00f6r hemmet"},"content":{"rendered":"<h2 id=\"-customized-home-wireless-camera-packaging-box-product-description-\"><strong>Anpassad f\u00f6rpackningsl\u00e5da f\u00f6r tr\u00e5dl\u00f6s s\u00e4kerhetskamera f\u00f6r hemmet Produktbeskrivning<\/strong><\/h2>\n<h2 id=\"-design-concept-and-appearance-\"><strong>1. Designkoncept och utseende<\/strong><\/h2>\n<ul>\n<li><strong>\u00a0 Enkel estetisk design<\/strong>\u00a0F\u00f6rpackningsl\u00e5dan har ren vit f\u00e4rg som huvudf\u00e4rg, med svarta matta kantlinjer, och skapar en modern minimalistisk stil genom geometrisk segmentering och skiktad superposition, vilket visuellt framh\u00e4ver k\u00e4nslan av teknik och avancerad textur. L\u00e5dans yta kan som tillval utrustas med UV-tryckteknik f\u00f6r att f\u00f6rb\u00e4ttra den tredimensionella k\u00e4nslan och glansen hos de svarta linjerna, vilket \u00e5terspeglar kameraproduktens intelligenta egenskaper.<\/li>\n<li><strong>Magnetisk \u00f6ppnings- och st\u00e4ngningsstruktur<\/strong>\u00a0Den innovativa designen av magnetl\u00e5dan m\u00f6jligg\u00f6r \"one-touch-\u00f6ppning\" genom den inbyggda h\u00f6gh\u00e5llfasta magneten. Den \u00e4r l\u00e4tt att \u00f6ppna och st\u00e4nga och har utm\u00e4rkt t\u00e4tning. Den kan \u00f6ppnas och st\u00e4ngas upprepade g\u00e5nger i mer \u00e4n 5.000 g\u00e5nger utan f\u00f6rlust efter testning. L\u00e5dans kropp \u00e4r t\u00e4tt st\u00e4ngd n\u00e4r den \u00e4r st\u00e4ngd, vilket kombinerar skydd och ritual; efter \u00f6ppnandet kan den anv\u00e4ndas som en hemf\u00f6rvaringsl\u00e5da f\u00f6r att lagra digitala tillbeh\u00f6r eller semesterg\u00e5vor och \u00f6ka v\u00e4rdet p\u00e5 \u00e5teranv\u00e4ndning av f\u00f6rpackningar.<\/li>\n<\/ul>\n<h2 id=\"-inner-lining-and-unboxing-experience-\"><strong>2. Innerfoder och unboxing-upplevelse<\/strong><\/h2>\n<ul>\n<li><strong>Uppslukande konfiguration av innerfodret<\/strong>\u00a0Det inre lagret \u00e4r fyllt med naturlig raffia, med justerbara varma LED-ljusslingor (USB-laddning st\u00f6ds), och ljus och skugga v\u00e4vs samman i uppacknings\u00f6gonblicket och skapar en varm atmosf\u00e4r. Kamerahuset \u00e4r fixerat med en anpassad EVA-svampplats, och tillbeh\u00f6rsomr\u00e5det \u00e4r utrustat med en oberoende kortplats f\u00f6r att s\u00e4kerst\u00e4lla transports\u00e4kerhet samtidigt som anv\u00e4ndarens k\u00e4nsla av ritual f\u00f6rb\u00e4ttras n\u00e4r den packas upp genom de dubbla detaljerna f\u00f6r ber\u00f6ring och syn, vilket uppfyller behoven f\u00f6r emotionell marknadsf\u00f6ring.<\/li>\n<\/ul>\n<h2 id=\"-customized-service-and-function-expansion-\"><strong>3. Anpassad service och funktionsexpansion<\/strong><\/h2>\n<ul>\n<li><strong>Typ och storlek p\u00e5 box<\/strong>: Ger en m\u00e4ngd olika l\u00e5dtyper som topp- och bottenlock, bokformade l\u00e5dor, l\u00e5dl\u00e5dor etc., st\u00f6der storleksanpassning och \u00e4r l\u00e4mplig f\u00f6r olika modeller av tr\u00e5dl\u00f6sa kameror.<\/li>\n<li><strong>Material och hantverksskicklighet<\/strong>: Valfri 300-400g vit kartong, milj\u00f6v\u00e4nligt wellpapper eller konstpapper, ytan kan t\u00e4ckas med matt film, ljus film, varmst\u00e4mpling \/ silver och andra processer och st\u00f6der pr\u00e4gling, lokal lack och andra effekter.<\/li>\n<li><strong>Co-branding av varum\u00e4rken och julscener<\/strong>: Du kan integrera illustrationer med semestertema, relieffdesign f\u00f6r varum\u00e4rkeslogotypen eller matcha dem med presentelement som band och guldst\u00e4mplade gratulationskort f\u00f6r att skapa exklusiva f\u00f6rpackningar med samma varum\u00e4rke.<\/li>\n<\/ul>\n<h2 id=\"-manufacturing-strength-and-service-guarantee-\"><strong>4. Tillverkningsstyrka och servicegaranti<\/strong><\/h2>\n<ul>\n<li><strong>16 \u00e5rs one-stop-service fr\u00e5n k\u00e4llfabriken<\/strong>\u00a0Vi f\u00f6rlitar oss p\u00e5 16 \u00e5rs erfarenhet av professionell f\u00f6rpackningstillverkning i Pearl River Delta-regionen och tillhandah\u00e5ller tj\u00e4nster f\u00f6r hela processen fr\u00e5n design, korrektur till massproduktion, slutf\u00f6r det f\u00f6rsta utkastet till f\u00f6rslag inom 48 timmar och tillhandah\u00e5ller fysiska prover inom 72 timmar. Fabriken har klarat FSC-milj\u00f6certifiering och ISO-kvalitetsstyrningssystem f\u00f6r att s\u00e4kerst\u00e4lla att materialet \u00e4r s\u00e4kert och nedbrytbart och uppfyller globala exportstandarder.<\/li>\n<\/ul>\n<p><strong>Till\u00e4mpliga scenarier<\/strong>: julklappar, co-branding av varum\u00e4rken, lansering av nya produkter, kundanpassning av h\u00f6g kvalitet etc.\u00a0<strong>Centrala f\u00f6rdelar<\/strong>: enkel och praktisk design, uppgraderad \u00f6ppnings- och st\u00e4ngningsupplevelse, stark k\u00e4nsla av ritual f\u00f6r fodret, mycket flexibel anpassning och effektiv respons fr\u00e5n k\u00e4llfabriken.<\/p>\n<p>F\u00f6rpackningen ger inte bara ett professionellt skydd f\u00f6r produkten, den emotionella designen f\u00f6rmedlar ocks\u00e5 varum\u00e4rkesv\u00e4rme och bidrar till att \u00f6ka produktpremien och anv\u00e4ndarlojaliteten.<\/p>","protected":false},"excerpt":{"rendered":"<p>L\u00e5dan med magnetf\u00f6rslutning \u00e4r huvudsakligen vit med svarta kantlinjer. Designen \u00e4r enkel och full av visuell hierarki. Den \u00e4r l\u00e4mplig som en semesterg\u00e5va eller f\u00f6rpackning med samma varum\u00e4rke. L\u00e5dans typ, storlek, f\u00e4rg, material och yttryckeffekt kan anpassas mycket efter dina behov f\u00f6r att passa din tr\u00e5dl\u00f6sa kameraf\u00f6rpackning.<\/p>","protected":false},"featured_media":506,"template":"","meta":{"_kad_post_transparent":"default","_kad_post_title":"","_kad_post_layout":"default","_kad_post_sidebar_id":"","_kad_post_content_style":"default","_kad_post_vertical_padding":"default","_kad_post_feature":"","_kad_post_feature_position":"","_kad_post_header":false,"_kad_post_footer":false,"_kad_post_classname":""},"product_brand":[],"product_cat":[15,17],"product_tag":[161,163,162],"class_list":{"0":"post-505","1":"product","2":"type-product","3":"status-publish","4":"has-post-thumbnail","6":"product_cat-red-light-therapy","7":"product_cat-services","8":"product_tag-custom-camera-boxes","9":"product_tag-home-camera-packaging-boxes","10":"product_tag-wireless-cam-packaging-boxes","12":"first","13":"instock","14":"shipping-taxable","15":"product-type-simple","16":"entry","17":"content-bg","18":"loop-entry"},"_links":{"self":[{"href":"https:\/\/red-lighttherapy.com\/sv\/wp-json\/wp\/v2\/product\/505","targetHints":{"allow":["GET"]}}],"collection":[{"href":"https:\/\/red-lighttherapy.com\/sv\/wp-json\/wp\/v2\/product"}],"about":[{"href":"https:\/\/red-lighttherapy.com\/sv\/wp-json\/wp\/v2\/types\/product"}],"wp:featuredmedia":[{"embeddable":true,"href":"https:\/\/red-lighttherapy.com\/sv\/wp-json\/wp\/v2\/media\/506"}],"wp:attachment":[{"href":"https:\/\/red-lighttherapy.com\/sv\/wp-json\/wp\/v2\/media?parent=505"}],"wp:term":[{"taxonomy":"product_brand","embeddable":true,"href":"https:\/\/red-lighttherapy.com\/sv\/wp-json\/wp\/v2\/product_brand?post=505"},{"taxonomy":"product_cat","embeddable":true,"href":"https:\/\/red-lighttherapy.com\/sv\/wp-json\/wp\/v2\/product_cat?post=505"},{"taxonomy":"product_tag","embeddable":true,"href":"https:\/\/red-lighttherapy.com\/sv\/wp-json\/wp\/v2\/product_tag?post=505"}],"curies":[{"name":"wp","href":"https:\/\/api.w.org\/{rel}","templated":true}]}}