{"id":492,"date":"2025-04-12T03:29:01","date_gmt":"2025-04-12T03:29:01","guid":{"rendered":"https:\/\/red-lighttherapy.com\/?post_type=product&#038;p=492"},"modified":"2025-04-12T03:55:15","modified_gmt":"2025-04-12T03:55:15","slug":"foldable-magnetic-cap-baseball-hat-gift-box-packaging-vendor","status":"publish","type":"product","link":"https:\/\/red-lighttherapy.com\/sv\/foldable-magnetic-cap-baseball-hat-gift-box-packaging-vendor\/","title":{"rendered":"Vikbar magnetisk keps Basebollhatt Presentask F\u00f6rpackning Leverant\u00f6r"},"content":{"rendered":"<h2 id=\"-product-description-of-foldable-magnetic-baseball-cap-gift-box-\"><strong>Produktbeskrivning av Vikbar magnetisk basebollkeps Presentask<\/strong><\/h2>\n<h2 id=\"-1-simple-appearance-high-end-texture-\"><strong>1. Enkelt utseende, avancerad textur<\/strong><\/h2>\n<p>Denna hopf\u00e4llbara presentl\u00e5da med magnetisk st\u00e4ngning har den klassiska svarta huvudf\u00e4rgen med en matt texturyta. Utseendet \u00e4r enkelt och elegant och visar varum\u00e4rkets \u00e5terh\u00e5llsamma och avancerade ton. L\u00e5dans kropp har snygga linjer och en magnetisk flip cover-design. Den \u00e4r l\u00e4tt att \u00f6ppna och st\u00e4nga och stabil. Den passar t\u00e4tt n\u00e4r den \u00e4r st\u00e4ngd, vilket garanterar produktens s\u00e4kerhet under transport och lagring.<\/p>\n<h2 id=\"-3-flexible-adaptation-exclusive-customization-\"><strong>2. Flexibel anpassning, exklusiv kundanpassning<\/strong><\/h2>\n<p>L\u00e5dtypen \u00e4r l\u00e4mplig f\u00f6r en m\u00e4ngd olika kl\u00e4dkategorier, t.ex. basebollkepsar, T-shirts, halsdukar etc., och st\u00f6der personlig anpassning av interna och externa f\u00f6rpackningar:<\/p>\n<ul>\n<li><strong>Anpassning av tryckning<\/strong>: Varum\u00e4rkeslogotyp, m\u00f6nster eller text kan skrivas ut och offsettryck med h\u00f6g precision, varmst\u00e4mpling och andra processer anv\u00e4nds f\u00f6r att f\u00f6rb\u00e4ttra produktigenk\u00e4nningen;<\/li>\n<li><strong>Anpassning av storlek<\/strong>: Tillhandah\u00e5ller en m\u00e4ngd olika specifikationer f\u00f6r anpassning och st\u00f6d f\u00f6r justering p\u00e5 beg\u00e4ran av innerdiametern och l\u00e5dans h\u00f6jd, vilket passar perfekt till olika kl\u00e4dstorlekar;<\/li>\n<li><strong>Anpassning av innerfodret<\/strong>: Valfria flock-, svamp-, EVA- och andra materialfoder ger buffertskydd eller skiljef\u00f6rvaringsfunktioner f\u00f6r att tillgodose behoven av kl\u00e4dfixering, rynkskydd och dammf\u00f6rebyggande.<\/li>\n<\/ul>\n<h2 id=\"-4-ingenious-craftsmanship-quality-assurance-\"><strong>3. Genialisk hantverksskicklighet, kvalitetss\u00e4kring<\/strong><\/h2>\n<p>Med 16 \u00e5rs erfarenhet inom tryck- och f\u00f6rpackningsindustrin har vi byggt upp ett moget system f\u00f6r leveranskedjan med strikt kontroll fr\u00e5n r\u00e5varor till f\u00e4rdiga produkter:<\/p>\n<ul>\n<li><strong>Val av material<\/strong>: Med 1200g h\u00f6gkvalitativ gr\u00e5 kartong och 250gsm h\u00f6gviktspapper \u00e4r l\u00e5dan robust och h\u00e5llbar med utm\u00e4rkt b\u00e4rande prestanda;<\/li>\n<li><strong>Magnetisk teknik<\/strong>: Inbyggda h\u00f6gpresterande magneter, stabil adsorptionskraft, upprepad \u00f6ppning och st\u00e4ngning utan d\u00e4mpning, vilket garanterar anv\u00e4ndarv\u00e4nlighet och h\u00e5llbarhet;<\/li>\n<li><strong>Milj\u00f6v\u00e4nlig produktion<\/strong>: Godk\u00e4nd ISO-certifiering, med anv\u00e4ndning av f\u00f6roreningsfritt bl\u00e4ck och \u00e5tervinningsbara material, i linje med milj\u00f6standarder f\u00f6r gr\u00e4ns\u00f6verskridande export.<\/li>\n<\/ul>\n<h2 id=\"-5-one-stop-service-efficient-delivery-\"><strong>4. Service fr\u00e5n en enda kontaktpunkt, effektiv leverans<\/strong><\/h2>\n<p>Vi tillhandah\u00e5ller tj\u00e4nster f\u00f6r hela processen fr\u00e5n design till massproduktion:<\/p>\n<ul>\n<li><strong>Snabb korrekturl\u00e4sning<\/strong>: Ge prover inom 3-5 dagar, st\u00f6dja flera justeringar tills tillfredsst\u00e4llelse;<\/li>\n<li><strong>Massproduktion<\/strong>: Den dagliga produktionskapaciteten n\u00e5r 10 000 000 stycken, st\u00f6der leverans i ett stycke och anpassning av logistik p\u00e5 flera plattformar;<\/li>\n<li><strong>Bekymmersfri service efter f\u00f6rs\u00e4ljning<\/strong>: Tillhandah\u00e5lla kundservice dygnet runt och sp\u00e5rbarhetstj\u00e4nster av h\u00f6g kvalitet f\u00f6r att s\u00e4kerst\u00e4lla korrekt leverans i alla led.<\/li>\n<\/ul>\n<h2 id=\"-applicable-scenarios-\"><strong>Till\u00e4mpliga scenarier<\/strong><\/h2>\n<ul>\n<li><strong>Varum\u00e4rke detaljhandel<\/strong>: F\u00f6rb\u00e4ttra niv\u00e5n p\u00e5 produktdisplayen, l\u00e4mplig f\u00f6r offlineupplevelsebutiker, popup-butiker och e-handel med avancerade presentf\u00f6rpackningar;<\/li>\n<li><strong>Gr\u00e4ns\u00f6verskridande handel<\/strong>: Optimera logistikkostnaderna genom platta transporter och anpassa till f\u00f6rs\u00e4ljning p\u00e5 plattformar som Amazon och oberoende stationer;<\/li>\n<li><strong>F\u00f6retagsanpassning<\/strong>: Den kan anv\u00e4ndas som presentreklam, personalf\u00f6rm\u00e5ner eller exklusiv f\u00f6rpackning f\u00f6r samarbete f\u00f6r att st\u00e4rka varum\u00e4rket.<\/li>\n<\/ul>\n<p>Att v\u00e4lja oss inneb\u00e4r att v\u00e4lja den dubbla garantin f\u00f6r kvalitet och innovation. 16 \u00e5rs hantverkskunnande, bara f\u00f6r att skapa f\u00f6rpackningsl\u00f6sningar som kompletterar dina kl\u00e4dprodukter.<\/p>","protected":false},"excerpt":{"rendered":"<p>Denna hopf\u00e4llbara presentmagnetiska f\u00f6rslutningsl\u00e5da antar en klassisk svart matt design, med ett enkelt och avancerat utseende, som perfekt uppfyller varum\u00e4rkets l\u00e5gm\u00e4lda lyxstrukturkrav. Samtidigt \u00e4r den inbyggda magnetiska klaffst\u00e4ngningsstrukturen l\u00e4tt att \u00f6ppna och st\u00e4nga, stabil och h\u00e5llbar. L\u00e4mplig f\u00f6r basebollkepsar, T-shirts och andra kl\u00e4dkategorier.<\/p>","protected":false},"featured_media":493,"template":"","meta":{"_kad_post_transparent":"default","_kad_post_title":"","_kad_post_layout":"default","_kad_post_sidebar_id":"","_kad_post_content_style":"default","_kad_post_vertical_padding":"default","_kad_post_feature":"","_kad_post_feature_position":"","_kad_post_header":false,"_kad_post_footer":false,"_kad_post_classname":""},"product_brand":[],"product_cat":[15,30,22,17],"product_tag":[156,155,157],"class_list":{"0":"post-492","1":"product","2":"type-product","3":"status-publish","4":"has-post-thumbnail","6":"product_cat-red-light-therapy","7":"product_cat-dropshipping","8":"product_cat-red-light-therapy-blanket","9":"product_cat-services","10":"product_tag-baseball-cap-hat-box","11":"product_tag-baseball-cap-packaging-wholesale","12":"product_tag-custom-baseball-cap-boxes","14":"first","15":"instock","16":"shipping-taxable","17":"product-type-simple","18":"entry","19":"content-bg","20":"loop-entry"},"_links":{"self":[{"href":"https:\/\/red-lighttherapy.com\/sv\/wp-json\/wp\/v2\/product\/492","targetHints":{"allow":["GET"]}}],"collection":[{"href":"https:\/\/red-lighttherapy.com\/sv\/wp-json\/wp\/v2\/product"}],"about":[{"href":"https:\/\/red-lighttherapy.com\/sv\/wp-json\/wp\/v2\/types\/product"}],"wp:featuredmedia":[{"embeddable":true,"href":"https:\/\/red-lighttherapy.com\/sv\/wp-json\/wp\/v2\/media\/493"}],"wp:attachment":[{"href":"https:\/\/red-lighttherapy.com\/sv\/wp-json\/wp\/v2\/media?parent=492"}],"wp:term":[{"taxonomy":"product_brand","embeddable":true,"href":"https:\/\/red-lighttherapy.com\/sv\/wp-json\/wp\/v2\/product_brand?post=492"},{"taxonomy":"product_cat","embeddable":true,"href":"https:\/\/red-lighttherapy.com\/sv\/wp-json\/wp\/v2\/product_cat?post=492"},{"taxonomy":"product_tag","embeddable":true,"href":"https:\/\/red-lighttherapy.com\/sv\/wp-json\/wp\/v2\/product_tag?post=492"}],"curies":[{"name":"wp","href":"https:\/\/api.w.org\/{rel}","templated":true}]}}