{"id":485,"date":"2025-04-12T02:56:28","date_gmt":"2025-04-12T02:56:28","guid":{"rendered":"https:\/\/red-lighttherapy.com\/?post_type=product&#038;p=485"},"modified":"2025-04-12T03:28:31","modified_gmt":"2025-04-12T03:28:31","slug":"wholesale-cheap-paper-tube-packaging-for-tea-coffee-spices","status":"publish","type":"product","link":"https:\/\/red-lighttherapy.com\/sv\/wholesale-cheap-paper-tube-packaging-for-tea-coffee-spices\/","title":{"rendered":"Partihandel Billiga pappersr\u00f6rsf\u00f6rpackningar f\u00f6r te kaffe kryddor"},"content":{"rendered":"<h2 id=\"wholesale-cheap-paper-tube-packaging-product-description\">Partihandel billig pappersr\u00f6rsf\u00f6rpackning f\u00f6r te kaffe kryddor Produktbeskrivning<\/h2>\n<h2 id=\"1-gradient-color-design-full-visual-appeal-\">1.\u00a0<strong>Gradientf\u00e4rgad design, fullt visuellt tilltalande<\/strong><\/h2>\n<p>Denna f\u00f6rpackning i pappersr\u00f6r har en huvudf\u00e4rgdesign med en gradient fr\u00e5n djupsvart upptill till livlig orange nedtill. F\u00e4rg\u00f6verg\u00e5ngen \u00e4r naturlig och ljus, i linje med moderna estetiska trender. Den dynamiska visuella effekten av gradientf\u00e4rgen kan omedelbart locka konsumenternas uppm\u00e4rksamhet, s\u00e4rskilt l\u00e4mplig f\u00f6r hyllvisningsscener, vilket ger produkter som te, kaffe och kryddor en yngre och mer fashionabel varum\u00e4rkesimage.<\/p>\n<h2 id=\"2-gold-geometric-elements-integrating-environmental-protection-and-artistic-sense-\">2.\u00a0<strong>Geometriska element i guld, som integrerar milj\u00f6skydd och konstn\u00e4rlig k\u00e4nsla<\/strong><\/h2>\n<p>L\u00e5dans ovansida \u00e4r dekorerad med ett geometriskt m\u00f6nster i form av en gyllene stj\u00e4rna, som \u00e4r inspirerat av kombinationen av traditionell dekorativ konst och modern minimalistisk stil. Kontrasten mellan de gyllene elementen och den gradientf\u00e4rgade f\u00e4rgen f\u00f6rst\u00e4rker inte bara f\u00f6rpackningens lyx utan f\u00f6rmedlar ocks\u00e5 k\u00e4nslan av ordning och h\u00e5llbarhet i milj\u00f6skyddskonceptet genom geometriska linjer, som ekar de naturliga egenskaperna hos naturprodukter som te och kaffe. Innerl\u00e5dans yta \u00e4r behandlad med en matt process, som \u00e4r mjuk och inte bl\u00e4ndande, vilket ytterligare f\u00f6rst\u00e4rker den \"mjuka effekten\".<\/p>\n<h2 id=\"3-scientific-structural-design-both-practical-and-comfortable-\">3.\u00a0<strong>Vetenskaplig strukturell design, b\u00e5de praktisk och bekv\u00e4m<\/strong><\/h2>\n<p>Pappersr\u00f6ret antar en platt rullstruktur, och huvudkroppens diameter och h\u00f6jd kan anpassas efter behov (referensomr\u00e5de: diameter 2-32mm, h\u00f6jd 2-50mm). F\u00f6rtjockningen av r\u00f6rkroppen kan j\u00e4mnt sprida den yttre kraften f\u00f6r att undvika deformation av extrudering av transport. Den \u00f6vre spiral\u00f6ppnings- och st\u00e4ngningsdesignen med halkfri struktur kan enkelt \u00f6ppnas med en hand, och t\u00e4tningen \u00e4r utm\u00e4rkt f\u00f6r att s\u00e4kerst\u00e4lla att inneh\u00e5llet \u00e4r fukts\u00e4kert och friskt.<\/p>\n<h2 id=\"4-environmentally-friendly-soybean-ink-printing-zero-pollution-degradation-\">4.\u00a0<strong>Milj\u00f6v\u00e4nlig tryckning med sojab\u00f6nsbl\u00e4ck, ingen f\u00f6roreningsnedbrytning<\/strong><\/h2>\n<p>Tryckprocessen antar all sojab\u00f6nsf\u00e4rgsteknik, och r\u00e5varorna h\u00e4rr\u00f6r fr\u00e5n f\u00f6rnybara v\u00e4xtresurser, inneh\u00e5ller inte tungmetaller och flyktiga organiska f\u00f6reningar (VOC) och kan integreras helt i den naturliga milj\u00f6n efter s\u00f6nderdelning. Tryckf\u00e4rgskillnaden kontrolleras strikt inom intervallet \u0394E\u22643, och professionell f\u00e4rghanteringsteknik anv\u00e4nds f\u00f6r att s\u00e4kerst\u00e4lla att m\u00f6nstret \u00e4r tydligt och inte har n\u00e5gon f\u00e4rgavvikelse, och varum\u00e4rket LOGO och logotypen har h\u00f6g igenk\u00e4nning.<\/p>\n<h2 id=\"5-customized-buffer-lining-food-grade-safety-guarantee-\">5.\u00a0<strong>Anpassat buffertfoder, s\u00e4kerhetsgaranti f\u00f6r livsmedelskvalitet<\/strong><\/h2>\n<p>Fodret kan vara tillverkat av livsmedelsgodk\u00e4nd svamp eller EVA-material med justerbar densitet (t.ex. EVA med h\u00f6g densitet \u00e4r l\u00e4mplig f\u00f6r \u00f6mt\u00e5liga kryddpartiklar), vilket effektivt kan buffra vibrationerna under transport och f\u00f6rhindra att inneh\u00e5llet skadas. Fodret passar t\u00e4tt med pappersr\u00f6ret, och ett ventilationsh\u00e5l \u00e4r reserverat f\u00f6r f\u00f6rpackning av te, kaffe och andra livsmedel som m\u00e5ste h\u00e5llas torra.<\/p>\n<h2 id=\"6-diversified-box-type-selection-to-enhance-consumer-experience-\">6.\u00a0<strong>Diversifierat urval av l\u00e5dtyper f\u00f6r att f\u00f6rb\u00e4ttra konsumentupplevelsen<\/strong><\/h2>\n<p>St\u00f6der anpassning av olika typer av l\u00e5dor, t.ex. topp- och bottenlock, flipboxar, l\u00e5dboxar och specialformade l\u00e5dor f\u00f6r att tillgodose behoven i olika scenarier, t.ex. presentf\u00f6rpackningar, b\u00e4rbara f\u00f6rpackningar och familjef\u00f6rpackningar. Ett exempel:<\/p>\n<ul>\n<li><strong>L\u00e5dbox<\/strong>: l\u00e4mplig f\u00f6r f\u00f6rpackning av te i sm\u00e5 volymer, smidig dragning;<\/li>\n<li><strong>Specialformad l\u00e5da<\/strong>: anpassningsbar hexagonal eller stj\u00e4rnformad f\u00f6r att \u00f6ka intresset;<\/li>\n<li><strong>Bokformad l\u00e5da<\/strong>: l\u00e4mplig f\u00f6r exklusiva presentf\u00f6rpackningar, med en stark k\u00e4nsla av ritual n\u00e4r de \u00f6ppnas och st\u00e4ngs.<\/li>\n<\/ul>\n<h2 id=\"7-sustainable-packaging-solutions-\">7.\u00a0<strong>H\u00e5llbara f\u00f6rpackningsl\u00f6sningar<\/strong><\/h2>\n<p>Milj\u00f6skydd implementeras i hela processen, fr\u00e5n material till processer:<\/p>\n<ul>\n<li><strong>R\u00e5material<\/strong>: FSC-certifierat papper anv\u00e4nds, med en \u00e5tervinningsgrad p\u00e5 95%;<\/li>\n<li><strong>Produktion<\/strong>: Den dagliga produktionskapaciteten uppg\u00e5r till 5 miljoner enheter, med en minsta orderkvantitet p\u00e5 s\u00e5 lite som 500 enheter, och flexibel anpassning av sm\u00e5 partier st\u00f6ds;<\/li>\n<li><strong>Transport<\/strong>: L\u00e4ttviktsdesign (endast 30% av j\u00e4rnburkar) minskar koldioxidutsl\u00e4ppen fr\u00e5n logistiken.<\/li>\n<\/ul>\n<p><strong>Till\u00e4mpliga scenarier<\/strong>: presentf\u00f6rpackningar f\u00f6r te, detaljhandelsf\u00f6rpackningar f\u00f6r kaffeb\u00f6nor, flaskor f\u00f6r kryddor, h\u00e4lsokostburkar etc.\u00a0<strong>F\u00f6rdelar med samarbete<\/strong>: Gratis provanpassning (leverans inom 5-7 dagar), st\u00f6d f\u00f6r varm st\u00e4mpling \/ UV \/ pr\u00e4gling och andra kombinationer av flera processer och egna fabriker f\u00f6r att s\u00e4kerst\u00e4lla priskonkurrenskraft.<\/p>","protected":false},"excerpt":{"rendered":"<p>Denna grossistf\u00f6rpackning av pappersr\u00f6r \u00e4r utformad f\u00f6r te, kaffe och kryddor. Det antar ett ljust f\u00e4rgschema fr\u00e5n svart upptill till orange l\u00e4ngst ner och matchas med en guldstj\u00e4rnformad geometrisk pr\u00e4gling p\u00e5 toppen av l\u00e5dan, vilket f\u00f6rmedlar begreppet milj\u00f6skydd i en visuell inverkan. R\u00f6ret har en plattvalsad f\u00f6rtjockad struktur, som j\u00e4mnt kan f\u00f6rdela yttre krafter och \u00e4r bekv\u00e4m att h\u00e5lla i.<\/p>","protected":false},"featured_media":486,"template":"","meta":{"_kad_post_transparent":"default","_kad_post_title":"","_kad_post_layout":"default","_kad_post_sidebar_id":"","_kad_post_content_style":"default","_kad_post_vertical_padding":"default","_kad_post_feature":"","_kad_post_feature_position":"","_kad_post_header":false,"_kad_post_footer":false,"_kad_post_classname":""},"product_brand":[],"product_cat":[15,17],"product_tag":[153,152,154],"class_list":{"0":"post-485","1":"product","2":"type-product","3":"status-publish","4":"has-post-thumbnail","6":"product_cat-red-light-therapy","7":"product_cat-services","8":"product_tag-cocoa-powder-paper-tube","9":"product_tag-tea-coffee-paper-tube","10":"product_tag-wholesale-paper-tube-spices-food","12":"first","13":"instock","14":"shipping-taxable","15":"product-type-simple","16":"entry","17":"content-bg","18":"loop-entry"},"_links":{"self":[{"href":"https:\/\/red-lighttherapy.com\/sv\/wp-json\/wp\/v2\/product\/485","targetHints":{"allow":["GET"]}}],"collection":[{"href":"https:\/\/red-lighttherapy.com\/sv\/wp-json\/wp\/v2\/product"}],"about":[{"href":"https:\/\/red-lighttherapy.com\/sv\/wp-json\/wp\/v2\/types\/product"}],"wp:featuredmedia":[{"embeddable":true,"href":"https:\/\/red-lighttherapy.com\/sv\/wp-json\/wp\/v2\/media\/486"}],"wp:attachment":[{"href":"https:\/\/red-lighttherapy.com\/sv\/wp-json\/wp\/v2\/media?parent=485"}],"wp:term":[{"taxonomy":"product_brand","embeddable":true,"href":"https:\/\/red-lighttherapy.com\/sv\/wp-json\/wp\/v2\/product_brand?post=485"},{"taxonomy":"product_cat","embeddable":true,"href":"https:\/\/red-lighttherapy.com\/sv\/wp-json\/wp\/v2\/product_cat?post=485"},{"taxonomy":"product_tag","embeddable":true,"href":"https:\/\/red-lighttherapy.com\/sv\/wp-json\/wp\/v2\/product_tag?post=485"}],"curies":[{"name":"wp","href":"https:\/\/api.w.org\/{rel}","templated":true}]}}