{"id":479,"date":"2025-04-12T02:37:40","date_gmt":"2025-04-12T02:37:40","guid":{"rendered":"https:\/\/red-lighttherapy.com\/?post_type=product&#038;p=479"},"modified":"2025-04-12T02:56:13","modified_gmt":"2025-04-12T02:56:13","slug":"custom-consumer-electronics-product-packaging-boxes-company","status":"publish","type":"product","link":"https:\/\/red-lighttherapy.com\/sv\/custom-consumer-electronics-product-packaging-boxes-company\/","title":{"rendered":"Anpassade f\u00f6rpackningsl\u00e5dor f\u00f6r konsumentelektronikprodukter F\u00f6retag"},"content":{"rendered":"<h2 id=\"-customized-consumer-electronics-product-packaging-box-product-description-\"><strong>Anpassad f\u00f6rpackningsl\u00e5da f\u00f6r konsumentelektronikprodukter Produktbeskrivning<\/strong><\/h2>\n<p>Vi f\u00f6ljer designkonceptet \"enkel estetik och funktionell praktik\" och erbjuder avancerade skr\u00e4ddarsydda f\u00f6rpackningsl\u00f6sningar f\u00f6r konsumentelektronikvarum\u00e4rken, med svart som huvudton, d\u00e4r klassiskt hantverk och innovativ struktur integreras f\u00f6r att skapa en exklusiv f\u00f6rpackningsupplevelse med b\u00e5de visuell effekt och praktiskt skydd.<\/p>\n<h2 id=\"1-minimalist-aesthetics-luxury-hot-stamping-technology-\">1.\u00a0<strong>Minimalistisk estetik Lyx Guld Hot Stamping Folie Teknik<\/strong><\/h2>\n<p>L\u00e5dans kropp antar en matt svart bas, med anpassad varmst\u00e4mplingsteknik (t.ex. varum\u00e4rkeslogotyp, struktur eller linjer) och skapar en l\u00e5gm\u00e4ld och lyxig visuell effekt genom kontrasten mellan metallglans och djup svart. Den heta st\u00e4mplingsprocessen anv\u00e4nder milj\u00f6v\u00e4nliga metallfoliematerial f\u00f6r att s\u00e4kerst\u00e4lla att m\u00f6nstret \u00e4r exakt f\u00e4st och slitstarkt och rept\u00e5ligt, vilket f\u00f6rb\u00e4ttrar varum\u00e4rkesigenk\u00e4nning och produktkvalitet.<\/p>\n<h2 id=\"2-one-handed-opening-and-closing-ritual-pull-out-structure-\">2.\u00a0<strong>Rituell utdragsstruktur f\u00f6r \u00f6ppning och st\u00e4ngning med en hand<\/strong><\/h2>\n<p>Den innovativa designen med utdragbar l\u00e5da, i kombination med precisionsstansning och magnetisk sp\u00e4nneteknik, g\u00f6r det m\u00f6jligt f\u00f6r anv\u00e4ndare att \u00f6ppna l\u00e5dan smidigt med bara en hand, och uppackningsprocessen \u00e4r b\u00e5de bekv\u00e4m och ceremoniell. Insidan av l\u00e5dan har trappstegsformade lager eller inb\u00e4ddade kortplatser f\u00f6r att anpassa sig till elektroniska produkters form, vilket undviker skakningar samtidigt som visningseffekten f\u00f6rb\u00e4ttras.<\/p>\n<h2 id=\"3-high-strength-protection-optimized-coated-paper-material-\">3.\u00a0<strong>H\u00f6gh\u00e5llfast skydd Optimerat bestruket pappersmaterial<\/strong><\/h2>\n<p>Valt bestruket papper med h\u00f6g densitet \u00f6ver 300 g, pappersytan \u00e4r sl\u00e4t och k\u00e4nslig med utm\u00e4rkt h\u00e5rdhet och tryckh\u00e5llfastheten \u00e4r 30% h\u00f6gre \u00e4n f\u00f6r vanlig kartong, vilket effektivt motst\u00e5r kollision och extrudering under transport. Ytan p\u00e5 l\u00e5dkroppen \u00e4r t\u00e4ckt med ett milj\u00f6v\u00e4nligt matt filmskikt, som \u00e4r fingeravtrycksfritt och fl\u00e4ckfritt. Det \u00e4r inte l\u00e4tt att oxidera och missf\u00e4rga efter l\u00e5ngvarig anv\u00e4ndning, vilket h\u00e5ller f\u00f6rpackningen ny under l\u00e5ng tid.<\/p>\n<h2 id=\"4-deep-customization-flexible-adaptation-needs-\">4.\u00a0<strong>Djup anpassning Flexibel anpassning av behov<\/strong><\/h2>\n<p>St\u00f6d f\u00f6r fulldimensionella anpassningstj\u00e4nster:<\/p>\n<ul>\n<li><strong>Typ av l\u00e5da<\/strong>: F\u00f6rutom den utdragbara typen kan den tillhandah\u00e5lla diversifierade strukturer som topp- och bottenskydd, bokformade l\u00e5dor och specialformade l\u00e5dor;<\/li>\n<li><strong>Material<\/strong>: Valfri vit kartong, guld- och silverkartong, specialpapper etc., f\u00f6r att m\u00f6ta speciella behov som fukts\u00e4ker och antistatisk;<\/li>\n<li><strong>Hantverk<\/strong>: UV-lack, pr\u00e4gling, ih\u00e5liga f\u00f6nster och andra processer kombineras fritt f\u00f6r att f\u00f6rb\u00e4ttra den visuella niv\u00e5n.<\/li>\n<\/ul>\n<h2 id=\"5-safe-inner-support-precise-fit-protection-\">5.\u00a0<strong>S\u00e4kert inre st\u00f6d, exakt passformsskydd<\/strong><\/h2>\n<p>Innerfodret ger EVA-flockning, p\u00e4rlbomull, blister och andra material, och f\u00e4rgen kan anpassas (till exempel svart, m\u00f6rkgr\u00e5, vinr\u00f6d). 1:1 storlekssk\u00e4rning kan uppn\u00e5s genom 3D-skanningsteknik, och den fasta produkten har noll f\u00f6rskjutning. F\u00f6r elektroniska precisionskomponenter kan ett antistatiskt inre st\u00f6d byggas in f\u00f6r att undvika statiska skador under transport.<\/p>\n<h2 id=\"-core-advantages-\"><strong>Centrala f\u00f6rdelar<\/strong><\/h2>\n<ul>\n<li><strong>Kvalitetscertifiering<\/strong>: Alla material har klarat SGS milj\u00f6skyddstest och uppfyller f\u00f6rpackningsstandarder f\u00f6r livsmedelskvalitet;<\/li>\n<li><strong>Snabbt svar<\/strong>: Prototypen \u00e4r klar inom 7-15 dagar, och anpassning av sm\u00e5 partier st\u00f6ds (minsta orderkvantitet 500);<\/li>\n<li><strong>Full kedjetj\u00e4nst<\/strong>: One-stop-l\u00f6sning fr\u00e5n design, materialval till produktionslogistik f\u00f6r att minska kundernas kommunikationskostnader.<\/li>\n<\/ul>\n<p>Vi har \u00e5tagit oss att g\u00f6ra f\u00f6rpackningen till en ut\u00f6kad b\u00e4rare av varum\u00e4rkesv\u00e4rde genom den ultimata poleringen av varje detalj. Oavsett om det handlar om smarta b\u00e4rbara enheter, avancerade h\u00f6rlurar eller precisionsinstrument kan exklusiva l\u00f6sningar skr\u00e4ddarsys f\u00f6r att hj\u00e4lpa dig att sticka ut i produktkonkurrensen.<\/p>","protected":false},"excerpt":{"rendered":"<p>L\u00e5dans kropp anv\u00e4nder djup matt svart som bas, med anpassad varmst\u00e4mplingsteknik (t.ex. varum\u00e4rkeslogotyp eller geometrisk struktur), genom kollisionen mellan metallisk glans och m\u00f6rk bakgrund, presenterar den en l\u00e5gm\u00e4ld och lyxig visuell niv\u00e5.<\/p>","protected":false},"featured_media":482,"template":"","meta":{"_kad_post_transparent":"default","_kad_post_title":"","_kad_post_layout":"default","_kad_post_sidebar_id":"","_kad_post_content_style":"default","_kad_post_vertical_padding":"default","_kad_post_feature":"","_kad_post_feature_position":"","_kad_post_header":false,"_kad_post_footer":false,"_kad_post_classname":""},"product_brand":[],"product_cat":[15,20,17],"product_tag":[151,150,149],"class_list":{"0":"post-479","1":"product","2":"type-product","3":"status-publish","4":"has-post-thumbnail","6":"product_cat-red-light-therapy","7":"product_cat-led-face-light-therapy","8":"product_cat-services","9":"product_tag-consumer-electronics-boxes-company","10":"product_tag-consumer-electronics-packaging-boxes","11":"product_tag-custom-consumer-product-packaging","13":"first","14":"instock","15":"shipping-taxable","16":"product-type-simple","17":"entry","18":"content-bg","19":"loop-entry"},"_links":{"self":[{"href":"https:\/\/red-lighttherapy.com\/sv\/wp-json\/wp\/v2\/product\/479","targetHints":{"allow":["GET"]}}],"collection":[{"href":"https:\/\/red-lighttherapy.com\/sv\/wp-json\/wp\/v2\/product"}],"about":[{"href":"https:\/\/red-lighttherapy.com\/sv\/wp-json\/wp\/v2\/types\/product"}],"wp:featuredmedia":[{"embeddable":true,"href":"https:\/\/red-lighttherapy.com\/sv\/wp-json\/wp\/v2\/media\/482"}],"wp:attachment":[{"href":"https:\/\/red-lighttherapy.com\/sv\/wp-json\/wp\/v2\/media?parent=479"}],"wp:term":[{"taxonomy":"product_brand","embeddable":true,"href":"https:\/\/red-lighttherapy.com\/sv\/wp-json\/wp\/v2\/product_brand?post=479"},{"taxonomy":"product_cat","embeddable":true,"href":"https:\/\/red-lighttherapy.com\/sv\/wp-json\/wp\/v2\/product_cat?post=479"},{"taxonomy":"product_tag","embeddable":true,"href":"https:\/\/red-lighttherapy.com\/sv\/wp-json\/wp\/v2\/product_tag?post=479"}],"curies":[{"name":"wp","href":"https:\/\/api.w.org\/{rel}","templated":true}]}}