{"id":472,"date":"2025-04-12T02:12:17","date_gmt":"2025-04-12T02:12:17","guid":{"rendered":"https:\/\/red-lighttherapy.com\/?post_type=product&#038;p=472"},"modified":"2025-04-12T02:37:26","modified_gmt":"2025-04-12T02:37:26","slug":"custom-pearl-paper-fashion-apparel-packaging-box-vendor","status":"publish","type":"product","link":"https:\/\/red-lighttherapy.com\/sv\/custom-pearl-paper-fashion-apparel-packaging-box-vendor\/","title":{"rendered":"Anpassad p\u00e4rlpapper Modekl\u00e4der F\u00f6rpackningsl\u00e5da Leverant\u00f6r"},"content":{"rendered":"<h2 id=\"-customized-pearlescent-paper-fashion-clothing-packaging-box-supplier-product-description-\"><strong>Anpassad p\u00e4rlpapper modekl\u00e4der f\u00f6rpackningsl\u00e5da leverant\u00f6r Produktbeskrivning<\/strong><\/h2>\n<h2 id=\"-2-strengthen-the-box-structure-to-ensure-the-safety-of-clothing-\"><strong>1. St\u00e4rka l\u00e5dans struktur f\u00f6r att s\u00e4kerst\u00e4lla kl\u00e4dernas s\u00e4kerhet<\/strong><\/h2>\n<ul>\n<li><strong>Kompressions- och antideformationsdesign<\/strong>: L\u00e5dkroppen anv\u00e4nder gr\u00e5tt kartongpapper eller wellpapp med h\u00f6g densitet som foder, kombinerat med dubbelskikts- eller flerskiktsvikningsstruktur (t.ex. triangul\u00e4rt st\u00f6d), tryckh\u00e5llfastheten \u00f6kas med mer \u00e4n 40%, och den t\u00e5l extrudering och st\u00f6tar under transport.<\/li>\n<li><strong>Optimering av boxformen p\u00e5 topp- och bottenlocket<\/strong>: Den \u00f6vre och nedre lockdesignen (kapslade \u00f6vre och nedre lock) uppn\u00e5r en s\u00f6ml\u00f6s st\u00e4ngningseffekt genom exakt stansningsteknik, vilket \u00e4r bekv\u00e4mt f\u00f6r att ta och l\u00e4gga stora plagg som rockar och kostymer, och kan ocks\u00e5 f\u00f6rhindra att l\u00e5dan lossnar och deformeras.<\/li>\n<\/ul>\n<h2 id=\"-3-hot-stamping-and-embossing-technology-dual-sensory-upgrade-\"><strong>2. Vit varmst\u00e4mplingsfolie och pr\u00e4glingsteknik, dubbel sensorisk uppgradering<\/strong><\/h2>\n<ul>\n<li><strong>Teknik f\u00f6r varm st\u00e4mpling<\/strong>: Med hj\u00e4lp av tysk importerad elektrokemisk aluminiumfolie bildas matt platinatextur p\u00e5 p\u00e4rlemorskimrande papper genom h\u00f6gtemperaturpr\u00e4gling. Den metalliska texturen och den p\u00e4rlemorskimrande bakgrundsf\u00e4rgen kompletterar varandra och skapar en l\u00e5gm\u00e4ld och lyxig visuell effekt.<\/li>\n<li><strong>Pr\u00e4glad tredimensionell touch<\/strong>: I kombination med 3D-pr\u00e4glingsteknik utf\u00f6rs tredimensionell pr\u00e4gling p\u00e5 varum\u00e4rkets LOGO eller m\u00f6nsteromr\u00e5de, som har en k\u00e4nslig touch och tydliga lager, vilket st\u00e4rker varum\u00e4rkets minnespunkt.<\/li>\n<\/ul>\n<h2 id=\"-4-all-round-customization-service-to-match-brand-needs-\"><strong>3. Allround anpassningstj\u00e4nst f\u00f6r att matcha varum\u00e4rkets behov<\/strong><\/h2>\n<ul>\n<li><strong>Flexibel anpassning av storlek och f\u00e4rg<\/strong>: St\u00f6der anpassning av flera storlekar fr\u00e5n 26 \u00d7 17,5 \u00d7 3,5 cm (standardversion) till 50 \u00d7 40 \u00d7 10 cm (stor version); ger 12 grundl\u00e4ggande f\u00e4rger som p\u00e4rlemorskimrande pappersrosa, svart och guld och kan justeras med Pantone-specialf\u00e4rger f\u00f6r att s\u00e4kerst\u00e4lla h\u00f6g \u00f6verensst\u00e4mmelse med varum\u00e4rket VI-systemet.<\/li>\n<li><strong>Anpassning av LOGO och m\u00f6nster<\/strong>: St\u00f6der screentryck, UV-lack och andra processer och kan trycka varum\u00e4rkeslogotyper, kulturella element eller konstn\u00e4rliga m\u00f6nster f\u00f6r att m\u00f6ta personliga behov.<\/li>\n<\/ul>\n<h2 id=\"-5-one-stop-service-focusing-on-foreign-trade-\"><strong>4. One-stop service med fokus p\u00e5 utrikeshandel<\/strong><\/h2>\n<ul>\n<li><strong>Erfaret team<\/strong>: Teammedlemmar har varit djupt involverade i utrikeshandelsf\u00f6rpackningar i mer \u00e4n 10 \u00e5r och \u00e4r bekanta med marknadsstandarder som Europa, USA och Sydostasien (s\u00e5som FOB \/ ELC-citatsystem, milj\u00f6certifiering) och kan ge full processt\u00f6d fr\u00e5n design, korrektur till tulldeklaration och logistik.<\/li>\n<li><strong>Garanti f\u00f6r snabb respons och kvalitetskontroll<\/strong>: Anta digitalt produktionshanteringssystem (MES), orderf\u00f6rlopp kan kontrolleras i realtid; klara SGS kvalitetsinspektionscertifiering, se till att den f\u00e4rdiga produktutbytet \u00e4r mer \u00e4n 99% och st\u00f6dja tredjepartsinspektion.<\/li>\n<\/ul>\n<h2 id=\"-cooperation-process-\"><strong>Samarbetsprocess<\/strong><\/h2>\n<ol>\n<li><strong>Efterfr\u00e5gan p\u00e5 kommunikation<\/strong>: Ge information om varum\u00e4rket VI, produktstorlek och krav p\u00e5 anpassning;<\/li>\n<li><strong>Korrekturl\u00e4sning av design<\/strong>: Leverera 3D-renderingar och fysiska prover inom 3 arbetsdagar;<\/li>\n<li><strong>Massproduktion<\/strong>: Leverans inom 10-15 dagar efter bekr\u00e4ftelse (st\u00f6d f\u00f6r p\u00e5skyndade best\u00e4llningar);<\/li>\n<li><strong>Sp\u00e5rning av logistik<\/strong>: Tillhandah\u00e5lla en enda logistisk sp\u00e5rningstj\u00e4nst f\u00f6r sj\u00f6- och lufttransporter.<\/li>\n<\/ol>\n<h2 id=\"-core-advantages-\"><strong>Centrala f\u00f6rdelar<\/strong><\/h2>\n<ul>\n<li><strong>Kostnadseffektivitet<\/strong>: Minska f\u00f6rpackningskostnaderna med 15% genom strukturell optimering (t.ex. gjutl\u00e5dstyp i ett stycke) samtidigt som den avancerade strukturen bibeh\u00e5lls;<\/li>\n<li><strong>H\u00e5llbarhet<\/strong>: Anv\u00e4nd \u00e5tervinningsbara massamaterial, f\u00f6lj EU REACH milj\u00f6skyddsstandarder och bidra till varum\u00e4rkets gr\u00f6na omvandling.<\/li>\n<\/ul>","protected":false},"excerpt":{"rendered":"<p>Med fokus p\u00e5 utrikeshandeln tillhandah\u00e5ller vi avancerade skr\u00e4ddarsydda f\u00f6rpackningsl\u00f6sningar. Tillverkad av\u00a0<strong>P\u00e4rlpapper<\/strong>P\u00e5 ytan finns en mjuk p\u00e4rlglans som ger f\u00f6rpackningsl\u00e5dan en lyxig textur och en visuell skiktning;\u00a0<strong>Design f\u00f6r topp- och bottenlock<\/strong>\u00a0\u00e4r l\u00e4tt att \u00f6ppna och st\u00e4nga och passar perfekt f\u00f6r stora kl\u00e4der som kostymer och rockar.<\/p>","protected":false},"featured_media":473,"template":"","meta":{"_kad_post_transparent":"default","_kad_post_title":"","_kad_post_layout":"default","_kad_post_sidebar_id":"","_kad_post_content_style":"default","_kad_post_vertical_padding":"default","_kad_post_feature":"","_kad_post_feature_position":"","_kad_post_header":false,"_kad_post_footer":false,"_kad_post_classname":""},"product_brand":[],"product_cat":[15,30,19,17],"product_tag":[147,146,148],"class_list":{"0":"post-472","1":"product","2":"type-product","3":"status-publish","4":"has-post-thumbnail","6":"product_cat-red-light-therapy","7":"product_cat-dropshipping","8":"product_cat-red-light-therapy-stand","9":"product_cat-services","10":"product_tag-apparel-packaging-box","11":"product_tag-custom-apparel-packaging","12":"product_tag-fashion-apparel-packaging","14":"first","15":"instock","16":"shipping-taxable","17":"product-type-simple","18":"entry","19":"content-bg","20":"loop-entry"},"_links":{"self":[{"href":"https:\/\/red-lighttherapy.com\/sv\/wp-json\/wp\/v2\/product\/472","targetHints":{"allow":["GET"]}}],"collection":[{"href":"https:\/\/red-lighttherapy.com\/sv\/wp-json\/wp\/v2\/product"}],"about":[{"href":"https:\/\/red-lighttherapy.com\/sv\/wp-json\/wp\/v2\/types\/product"}],"wp:featuredmedia":[{"embeddable":true,"href":"https:\/\/red-lighttherapy.com\/sv\/wp-json\/wp\/v2\/media\/473"}],"wp:attachment":[{"href":"https:\/\/red-lighttherapy.com\/sv\/wp-json\/wp\/v2\/media?parent=472"}],"wp:term":[{"taxonomy":"product_brand","embeddable":true,"href":"https:\/\/red-lighttherapy.com\/sv\/wp-json\/wp\/v2\/product_brand?post=472"},{"taxonomy":"product_cat","embeddable":true,"href":"https:\/\/red-lighttherapy.com\/sv\/wp-json\/wp\/v2\/product_cat?post=472"},{"taxonomy":"product_tag","embeddable":true,"href":"https:\/\/red-lighttherapy.com\/sv\/wp-json\/wp\/v2\/product_tag?post=472"}],"curies":[{"name":"wp","href":"https:\/\/api.w.org\/{rel}","templated":true}]}}