{"id":466,"date":"2025-04-12T01:53:16","date_gmt":"2025-04-12T01:53:16","guid":{"rendered":"https:\/\/red-lighttherapy.com\/?post_type=product&#038;p=466"},"modified":"2025-04-12T02:11:58","modified_gmt":"2025-04-12T02:11:58","slug":"custom-luxury-apparel-clothing-shirt-packaging-box-wholesale","status":"publish","type":"product","link":"https:\/\/red-lighttherapy.com\/sv\/custom-luxury-apparel-clothing-shirt-packaging-box-wholesale\/","title":{"rendered":"Anpassad lyxig kl\u00e4dsel kl\u00e4der skjorta f\u00f6rpackningsl\u00e5da grossist"},"content":{"rendered":"<h2 id=\"-customized-product-description-of-magnetic-packaging-box-for-luxury-clothing-shirts-\"><strong>Anpassad produktbeskrivning av f\u00f6rpackningsl\u00e5da med magnetisk st\u00e4ngning f\u00f6r lyxiga kl\u00e4dskjortor<\/strong><\/h2>\n<p>--16 \u00e5rs fabriksk\u00e4lla, den perfekta kombinationen av h\u00f6g kostnadsprestanda och kvalitetss\u00e4kring<\/p>\n<h2 id=\"-i-color-psychology-design-lavender-tone-soothing-and-elegant-coexist-\"><strong>1. F\u00e4rgpsykologisk design: lavendelton, lugnande och elegant samexisterar<\/strong><\/h2>\n<ol>\n<li><strong>Lavendel estetik<\/strong>: F\u00f6rpackningsl\u00e5dan antar lavendel med l\u00e5g ljusstyrka och l\u00e5g m\u00e4ttnad, inspirerad av f\u00e4rgpsykologisk forskning. De mjuka tonerna kan effektivt lindra visuell tr\u00f6tthet och minska \u00e5ngest, samtidigt som de f\u00f6rmedlar elegant och \u00e4delt varum\u00e4rkestemperament, s\u00e4rskilt l\u00e4mpligt f\u00f6r avancerade kl\u00e4df\u00f6rpackningsscener.<\/li>\n<li><strong>Till\u00e4mpliga scenarier<\/strong>: Den uppfyller f\u00f6rpackningsbehoven f\u00f6r aff\u00e4rsg\u00e5vor och lyxskjortor, f\u00f6rb\u00e4ttrar k\u00e4nslan av uppackningsceremoni och \u00e4r l\u00e4mplig f\u00f6r avancerad detaljhandel, varum\u00e4rkesflaggskeppsbutiker och skr\u00e4ddarsydda presentmarknader.<\/li>\n<\/ol>\n<h2 id=\"-ii-magnetic-box-design-exquisite-opening-and-closing-minimalist-aesthetics-\"><strong>2. Magnetboxdesign: uts\u00f6kt \u00f6ppning och st\u00e4ngning, minimalistisk estetik<\/strong><\/h2>\n<ol>\n<li><strong>Magnetiskt f\u00f6rslutningssystem<\/strong>: Den antar inb\u00e4ddad magnetisk sp\u00e4nne design, som \u00f6ppnas och st\u00e4ngs smidigt och tyst, st\u00e4ngs t\u00e4tt, undviker defekterna i traditionella flipboxar som \u00e4r l\u00e4tta att lossa och f\u00f6rb\u00e4ttrar anv\u00e4ndarupplevelsen.<\/li>\n<li><strong>Strukturell optimering<\/strong>: De l\u00e5dformade linjerna \u00e4r enkla och snygga, utan \u00f6verfl\u00f6dig dekoration, l\u00e4mpliga f\u00f6r modern minimalistisk stil, och detaljstrukturen f\u00f6rb\u00e4ttras genom matt ytbehandling och varmst\u00e4mpling \/ UV-process (valfritt).<\/li>\n<\/ol>\n<h2 id=\"-iii-materials-and-processes-professional-grade-protection-stable-and-durable-\"><strong>3. Material och processer: skydd av professionell kvalitet, stabilt och h\u00e5llbart<\/strong><\/h2>\n<ol>\n<li><strong>K\u00e4rnmaterial<\/strong>:<\/li>\n<li><strong>1200 GSM gr\u00e5 kartong med h\u00f6g densitet<\/strong>: Den har utm\u00e4rkt kompressionsmotst\u00e5nd och kan b\u00e4ra mer \u00e4n 15 kg efter testning, vilket s\u00e4kerst\u00e4ller att den inte deformeras under transport och uppfyller internationella f\u00f6rpackningsstandarder.<\/li>\n<li><strong>157 GSM bestruket papper laminering<\/strong>: Ytan \u00e4r matt oljad eller UV-bearbetad, med en k\u00e4nslig touch och h\u00f6g tryckf\u00e4rgsm\u00e4ttnad, som exakt kan \u00e5terst\u00e4lla varum\u00e4rkets LOGO och m\u00f6nster.<\/li>\n<li><strong>Anpassat foder<\/strong>:<\/li>\n<li><strong>Stansat foder av EVA\/papper<\/strong>: Beroende p\u00e5 skjortans storlek \u00f6ppnas formen 1:1 f\u00f6r att uppn\u00e5 nollf\u00f6rskjutningsfixering, undvika friktion och rynkor och anpassa sig till olika skjortformer som st\u00e5krage och vikning.<\/li>\n<li><strong>Utformning av skiljev\u00e4ggar<\/strong>: Tillvalsfack f\u00f6r oberoende tillbeh\u00f6r (t.ex. manschettknappar och slipskl\u00e4mmor) finns f\u00f6r att f\u00f6rb\u00e4ttra funktionaliteten och f\u00f6rvaringseffektiviteten.<\/li>\n<\/ol>\n<h2 id=\"-fourth-brand-empowerment-texture-upgrade-added-value-doubled-\"><strong>4. St\u00e4rka varum\u00e4rket: uppgradering av textur, f\u00f6rdubblat merv\u00e4rde<\/strong><\/h2>\n<ol>\n<li><strong>Enhetlig visuell identitet<\/strong>: St\u00f6d Pantone spotf\u00e4rgstryck och varmst\u00e4mpling \/ pr\u00e4glingsprocess, integrera VI-element i boxdesign och st\u00e4rka konsumenternas minnespunkter.<\/li>\n<li><strong>Koncept f\u00f6r milj\u00f6skydd<\/strong>: Anv\u00e4nd FSC-certifierat papper och nedbrytbart lim f\u00f6r att m\u00f6ta den h\u00e5llbara modetrenden och f\u00f6rb\u00e4ttra varum\u00e4rkets image f\u00f6r socialt ansvar.<\/li>\n<\/ol>\n<h2 id=\"-five-flexible-customization-service-one-stop-solution-\"><strong>5. Flexibel anpassningstj\u00e4nst: one-stop-l\u00f6sning<\/strong><\/h2>\n<ol>\n<li><strong>Flexibel storlek<\/strong>: St\u00f6der en m\u00e4ngd olika l\u00e5dtyper som topp- och bottenlock, l\u00e5dl\u00e5dor, bokl\u00e5dor etc., med mycket anpassade storlekar f\u00f6r att uppfylla kraven p\u00e5 enstaka delar\/upps\u00e4ttningar.<\/li>\n<li><strong>Kombination av processer<\/strong>: Valfritt screentryck, flockning, lokal UV, varmst\u00e4mpling silver och mer \u00e4n 20 andra processer f\u00f6r att uppn\u00e5 differentierade visuella effekter.<\/li>\n<li><strong>Merv\u00e4rdesskapande tj\u00e4nster<\/strong>: Gratis f\u00f6rhandsgranskning av 3D-designutkast, korrekturbekr\u00e4ftelse, lagerh\u00e5llning och globalt logistiksupport (FOB \/ DDP och andra villkor).<\/li>\n<\/ol>\n<h2 id=\"-six-the-advantages-of-the-source-factory-16-years-of-accumulation-quality-control-\"><strong>6. F\u00f6rdelarna med k\u00e4llfabriken: 16 \u00e5rs ackumulering, kvalitetskontroll<\/strong><\/h2>\n<ol>\n<li><strong>Integration av leveranskedjan<\/strong>: sj\u00e4lvstyrd massaupphandling, helautomatisk produktionslinje f\u00f6r stansning och kvalitetsinspektionssystem, 30%-50% l\u00e4gre \u00e4n upphandlingskostnaden f\u00f6r mellanh\u00e4nder.<\/li>\n<li><strong>Garanti f\u00f6r kvalitetskontroll<\/strong>: klarat ISO9001-certifiering, tillhandah\u00e5llande av inspektionsrapporter f\u00f6r batchkvalitet, defekt hastighet mindre \u00e4n 0,5%, st\u00f6d f\u00f6r skadeers\u00e4ttning.<\/li>\n<li><strong>Snabbt svar<\/strong>: 500 minsta orderkvantitet, 7-15 dagars leveranscykel, st\u00f6d f\u00f6r liten batchprovbest\u00e4llning, minska kundens lagerrisk.<\/li>\n<\/ol>","protected":false},"excerpt":{"rendered":"<p>F\u00f6rpackningsl\u00e5dan med magnetisk st\u00e4ngning f\u00f6r lavendel f kl\u00e4der speciellt utformad f\u00f6r avancerade varum\u00e4rken antar en lugnande tondesign med l\u00e5g ljusstyrka och l\u00e5g m\u00e4ttnad, kombinerad med 1200 GSM styv kartong med h\u00f6g densitet och 157 GSM bestruket konstpapper f\u00f6r att s\u00e4kerst\u00e4lla en stabil struktur och k\u00e4nslig touch.<\/p>","protected":false},"featured_media":470,"template":"","meta":{"_kad_post_transparent":"default","_kad_post_title":"","_kad_post_layout":"default","_kad_post_sidebar_id":"","_kad_post_content_style":"default","_kad_post_vertical_padding":"default","_kad_post_feature":"","_kad_post_feature_position":"","_kad_post_header":false,"_kad_post_footer":false,"_kad_post_classname":""},"product_brand":[],"product_cat":[15,30,17],"product_tag":[144,143,145],"class_list":{"0":"post-466","1":"product","2":"type-product","3":"status-publish","4":"has-post-thumbnail","6":"product_cat-red-light-therapy","7":"product_cat-dropshipping","8":"product_cat-services","9":"product_tag-custom-clothing-boxes","10":"product_tag-custom-luxury-clothing-packaging","11":"product_tag-shirt-boxes-wholesale","13":"first","14":"instock","15":"shipping-taxable","16":"product-type-simple","17":"entry","18":"content-bg","19":"loop-entry"},"_links":{"self":[{"href":"https:\/\/red-lighttherapy.com\/sv\/wp-json\/wp\/v2\/product\/466","targetHints":{"allow":["GET"]}}],"collection":[{"href":"https:\/\/red-lighttherapy.com\/sv\/wp-json\/wp\/v2\/product"}],"about":[{"href":"https:\/\/red-lighttherapy.com\/sv\/wp-json\/wp\/v2\/types\/product"}],"wp:featuredmedia":[{"embeddable":true,"href":"https:\/\/red-lighttherapy.com\/sv\/wp-json\/wp\/v2\/media\/470"}],"wp:attachment":[{"href":"https:\/\/red-lighttherapy.com\/sv\/wp-json\/wp\/v2\/media?parent=466"}],"wp:term":[{"taxonomy":"product_brand","embeddable":true,"href":"https:\/\/red-lighttherapy.com\/sv\/wp-json\/wp\/v2\/product_brand?post=466"},{"taxonomy":"product_cat","embeddable":true,"href":"https:\/\/red-lighttherapy.com\/sv\/wp-json\/wp\/v2\/product_cat?post=466"},{"taxonomy":"product_tag","embeddable":true,"href":"https:\/\/red-lighttherapy.com\/sv\/wp-json\/wp\/v2\/product_tag?post=466"}],"curies":[{"name":"wp","href":"https:\/\/api.w.org\/{rel}","templated":true}]}}