{"id":459,"date":"2025-04-11T14:22:58","date_gmt":"2025-04-11T14:22:58","guid":{"rendered":"https:\/\/red-lighttherapy.com\/?post_type=product&#038;p=459"},"modified":"2025-04-12T01:52:50","modified_gmt":"2025-04-12T01:52:50","slug":"custom-artisan-chocolate-telescopic-packaging-box-wholesale","status":"publish","type":"product","link":"https:\/\/red-lighttherapy.com\/sv\/custom-artisan-chocolate-telescopic-packaging-box-wholesale\/","title":{"rendered":"Anpassad Artisan Chocolate Telescopic Packaging Box Wholesale"},"content":{"rendered":"<h2 id=\"customized-handmade-chocolate-telescopic-packaging-box-wholesale-product-description\">Anpassad handgjord hantverksm\u00e4ssig choklad teleskopisk f\u00f6rpackningsl\u00e5da grossistproduktbeskrivning<\/h2>\n<h2 id=\"1-excellent-printing-technology-highlighting-brand-texture-\">1.\u00a0<strong>Utm\u00e4rkt tryckteknik som framh\u00e4ver varum\u00e4rkets struktur<\/strong><\/h2>\n<ul>\n<li>Offsettrycksteknik med h\u00f6g precision anv\u00e4nds f\u00f6r att s\u00e4kerst\u00e4lla tydliga och k\u00e4nsliga m\u00f6nster, enhetlig och full svart bl\u00e4ck, 98% f\u00e4rgt\u00e4ckning, ren f\u00e4rg utan avvikelse och perfekt presentation av varum\u00e4rkeslogotyp och designelement.<\/li>\n<li>St\u00f6d varmst\u00e4mpling, UV-lokal lack och andra processer, kan matchas med pr\u00e4glad struktur eller metallisk glanseffekt f\u00f6r att f\u00f6rb\u00e4ttra den visuella skiktningen och lyxupplevelsen av f\u00f6rpackningen.<\/li>\n<\/ul>\n<h2 id=\"2-stiff-material-combination-all-round-protection-of-products-\">2.\u00a0<strong>Styv materialkombination, allsidigt skydd av produkter<\/strong><\/h2>\n<ul>\n<li>Den yttre l\u00e5dan \u00e4r tillverkad av importerad transparent gr\u00e5 kartong (tjocklek 1,5-3,0 mm) fr\u00e5n Nederl\u00e4nderna och 300 g bestruket papper. Den gr\u00e5 kartongen har stark bindning mellan skikten, \u00e4r motst\u00e5ndskraftig mot tryck och st\u00f6tar och motst\u00e5r effektivt extruderingsdeformation under transport.<\/li>\n<li>L\u00e5dans struktur \u00e4r optimerad och kan b\u00e4ra mer \u00e4n 1,2 kg, vilket \u00e4r l\u00e4mpligt f\u00f6r l\u00e5ngdistanslogistik och lagerbehov.<\/li>\n<\/ul>\n<h2 id=\"3-magnetic-opening-and-closing-design-upgraded-opening-experience-\">3.\u00a0<strong>Magnetisk \u00f6ppnings- och st\u00e4ngningsdesign, f\u00f6rb\u00e4ttrad \u00f6ppningsupplevelse<\/strong><\/h2>\n<ul>\n<li>Locket har en inbyggd 0,8 mm magnetmodul i silikon med en adsorptionskraft p\u00e5 1,2 kg. Det kan enkelt \u00f6ppnas och st\u00e4ngas med en hand och st\u00e4ngs ordentligt, vilket g\u00f6r att man undviker problemet med traditionella sp\u00e4nnen som l\u00e4tt lossnar.<\/li>\n<li>L\u00e5dan har en bokformad flip cover-design. Efter 180\u00b0 utf\u00e4llning \u00e4r produkten tydlig vid en \u00f6verblick, vilket f\u00f6rb\u00e4ttrar visningseffekten och konsumentinteraktionen.<\/li>\n<\/ul>\n<h2 id=\"4-flexible-lining-partition-adapting-to-multiple-scene-requirements-\">4.\u00a0<strong>Flexibel foderpartition som kan anpassas till olika scenkrav<\/strong><\/h2>\n<ul>\n<li>Standardkartongfodret st\u00f6der precisionssegmentering med 24\/36 rutn\u00e4t, och rutn\u00e4tets djup och avst\u00e5nd \u00e4r justerbara, vilket passar perfekt till handgjorda praliner, tryfflar och andra specialformade produkter.<\/li>\n<li>EVA-, svamp- eller flockfoder som tillval, med en tjocklek p\u00e5 2-10 mm, ger anpassade buffertl\u00f6sningar, l\u00e4mpliga f\u00f6r spr\u00f6da godisbitar eller \u00f6mt\u00e5liga t\u00e5rtor.<\/li>\n<\/ul>\n<h2 id=\"5-multi-field-compatibility-expanded-application-scenarios-\">5.\u00a0<strong>Kompatibilitet med flera f\u00e4lt, ut\u00f6kade applikationsscenarier<\/strong><\/h2>\n<ul>\n<li>F\u00f6rutom choklad kan l\u00e5dans storlek anpassas fr\u00e5n 8 cm \u00d7 8 cm till 30 cm \u00d7 30 cm, l\u00e4mplig f\u00f6r macarons, kakor, n\u00f6tter och andra livsmedel; den kan ocks\u00e5 omvandlas till kosmetiska presentf\u00f6rpackningar eller kulturella och kreativa produktf\u00f6rpackningar.<\/li>\n<\/ul>\n<h2 id=\"-in-depth-customization-service-\"><strong>6. F\u00f6rdjupad anpassningstj\u00e4nst<\/strong><\/h2>\n<ul>\n<li><strong>Anpassning av utseende<\/strong>: Ge Pantone f\u00e4rgkort exakt f\u00e4rgmatchning, 3D-modelleringsprovtj\u00e4nster, st\u00f6dpr\u00e4gling, ih\u00e5liga f\u00f6nster och andra personliga m\u00f6nster.<\/li>\n<li><strong>Strukturell optimering<\/strong>: Justera vikten p\u00e5 gr\u00e5skivan (250-400 gsm) efter produktvikten (\u22642 kg) eller l\u00e4gg till f\u00f6rst\u00e4rkningsribbor f\u00f6r att f\u00f6rb\u00e4ttra b\u00e4rf\u00f6rm\u00e5gan.<\/li>\n<li><strong>Uppgradering av funktion<\/strong>: Valfri fukts\u00e4ker bel\u00e4ggning, l\u00f6stagbara skiljev\u00e4ggar, etikettplatser f\u00f6r QR-kod och andra v\u00e4rdeadderande funktionsmoduler.<\/li>\n<\/ul>\n<h2 id=\"-production-and-delivery-guarantee-\"><strong>7. Produktions- och leveransgaranti<\/strong><\/h2>\n<ul>\n<li><strong>Skalad produktionskapacitet<\/strong>: 5320\u33a1 standardiserad verkstad utrustad med helautomatisk stansmaskin, h\u00f6ghastighetspappersmonteringslinje och kvalitetsinspektionslaboratorium, med en daglig produktion p\u00e5 50 000 stycken, vilket st\u00f6der flexibel leverans av 500 000-500 000 best\u00e4llningar.<\/li>\n<li><strong>System f\u00f6r kvalitetskontroll<\/strong>: Godk\u00e4nd ISO9001 kvalitetscertifiering och FSC milj\u00f6certifiering, 18 kvalitetsinspektionsprocesser implementeras fr\u00e5n r\u00e5varulagring till leverans av f\u00e4rdig produkt, vilket s\u00e4kerst\u00e4ller produktplanhetsfel \u22640,1 mm, f\u00e4rgskillnad \u0394E \u22641,5.<\/li>\n<li><strong>Svar fr\u00e5n tj\u00e4nsten<\/strong>: Tillhandah\u00e5lla 48-timmars korrektur och 15-dagars massproduktionscykel, st\u00f6dja global logistiksp\u00e5rning och \u00e5tagande om \u00e5terutgivning av skadade exemplar.<\/li>\n<\/ul>\n<h2 id=\"-cooperation-process-\"><strong>Samarbetsprocess<\/strong><\/h2>\n<ol>\n<li><strong>Bekr\u00e4ftelse av krav<\/strong>: Ange produktstorlek, kvantitet och konstruktionsf\u00f6rslag (AI\/CDR-format);<\/li>\n<li><strong>Formulering av schema<\/strong>: \u00c5terkoppling av materialval, kostnadsbudget och 3D-renderingar inom 3 arbetsdagar;<\/li>\n<li><strong>Bekr\u00e4ftelse av prov<\/strong>: Fysiska prover kommer att levereras inom 3-5 dagar, och tre gratis modifieringar st\u00f6ds;<\/li>\n<li><strong>Massproduktion<\/strong>: Varorna levereras inom 7-14 dagar efter det att kontraktet har undertecknats.<\/li>\n<\/ol>","protected":false},"excerpt":{"rendered":"<p>Denna anpassade handgjorda chokladteleskopf\u00f6rpackningsl\u00e5da \u00e4r utformad f\u00f6r avancerade livsmedelsf\u00f6rpackningar, som integrerar uts\u00f6kt hantverk och innovativ struktur, med h\u00e4nsyn till praktisk och estetiskt v\u00e4rde. Den antar milj\u00f6v\u00e4nliga material och flexibla anpassningstj\u00e4nster, l\u00e4mpliga f\u00f6r diversifierade livsmedelsf\u00f6rpackningsscenarier som choklad, godis, muffins etc., vilket hj\u00e4lper varum\u00e4rken att f\u00f6rb\u00e4ttra produktbilden och marknadens konkurrenskraft.<\/p>","protected":false},"featured_media":464,"template":"","meta":{"_kad_post_transparent":"default","_kad_post_title":"","_kad_post_layout":"default","_kad_post_sidebar_id":"","_kad_post_content_style":"default","_kad_post_vertical_padding":"default","_kad_post_feature":"","_kad_post_feature_position":"","_kad_post_header":false,"_kad_post_footer":false,"_kad_post_classname":""},"product_brand":[],"product_cat":[15,17],"product_tag":[141,142,140],"class_list":{"0":"post-459","1":"product","2":"type-product","3":"status-publish","4":"has-post-thumbnail","6":"product_cat-red-light-therapy","7":"product_cat-services","8":"product_tag-chocolate-telescopic-packaging-box","9":"product_tag-custom-artisan-chocolate-box","10":"product_tag-custom-chocolate-packaging","12":"first","13":"instock","14":"shipping-taxable","15":"product-type-simple","16":"entry","17":"content-bg","18":"loop-entry"},"_links":{"self":[{"href":"https:\/\/red-lighttherapy.com\/sv\/wp-json\/wp\/v2\/product\/459","targetHints":{"allow":["GET"]}}],"collection":[{"href":"https:\/\/red-lighttherapy.com\/sv\/wp-json\/wp\/v2\/product"}],"about":[{"href":"https:\/\/red-lighttherapy.com\/sv\/wp-json\/wp\/v2\/types\/product"}],"wp:featuredmedia":[{"embeddable":true,"href":"https:\/\/red-lighttherapy.com\/sv\/wp-json\/wp\/v2\/media\/464"}],"wp:attachment":[{"href":"https:\/\/red-lighttherapy.com\/sv\/wp-json\/wp\/v2\/media?parent=459"}],"wp:term":[{"taxonomy":"product_brand","embeddable":true,"href":"https:\/\/red-lighttherapy.com\/sv\/wp-json\/wp\/v2\/product_brand?post=459"},{"taxonomy":"product_cat","embeddable":true,"href":"https:\/\/red-lighttherapy.com\/sv\/wp-json\/wp\/v2\/product_cat?post=459"},{"taxonomy":"product_tag","embeddable":true,"href":"https:\/\/red-lighttherapy.com\/sv\/wp-json\/wp\/v2\/product_tag?post=459"}],"curies":[{"name":"wp","href":"https:\/\/api.w.org\/{rel}","templated":true}]}}