{"id":434,"date":"2025-04-11T13:16:45","date_gmt":"2025-04-11T13:16:45","guid":{"rendered":"https:\/\/red-lighttherapy.com\/?post_type=product&#038;p=434"},"modified":"2025-04-11T14:21:02","modified_gmt":"2025-04-11T14:21:02","slug":"custom-essential-oil-perfume-drawer-paper-boxes-wholesale","status":"publish","type":"product","link":"https:\/\/red-lighttherapy.com\/sv\/custom-essential-oil-perfume-drawer-paper-boxes-wholesale\/","title":{"rendered":"Anpassad eterisk olja parfym l\u00e5da pappersl\u00e5dor grossist"},"content":{"rendered":"<h2 id=\"-customized-essential-oil-perfume-drawer-paper-box-wholesale-product-description-\"><strong>Anpassad eterisk olja parfym l\u00e5da pappersl\u00e5dor grossist Produktbeskrivning<\/strong><\/h2>\n<h2 id=\"-1-ribbon-pull-ring-design-to-enhance-brand-recognition-\"><strong>1. Design med banddragring f\u00f6r att \u00f6ka varum\u00e4rkesigenk\u00e4nningen<\/strong><\/h2>\n<p>L\u00e5dans ovansida \u00e4r utrustad med ett skr\u00e4ddarsytt dragband som kan anv\u00e4ndas som ett extra drag och som ett handtag. Bandets f\u00e4rg och material (som satin och sammet) kan anpassas f\u00f6r att upprepa varum\u00e4rkets huvudf\u00e4rg, vilket f\u00f6rb\u00e4ttrar det visuella tilltalet och varum\u00e4rkets minnespunkt. Till exempel, med guld- eller rosa band, ekar det den heta st\u00e4mplingsprocessen och det romantiska temat f\u00f6r att skapa en unik estetisk symbol.<\/p>\n<h2 id=\"-2-hot-stamping-process-luxurious-texture-shows-the-brand-tone-\"><strong>2. Guld varm st\u00e4mpling folie process, lyxig konsistens visar varum\u00e4rket ton<\/strong><\/h2>\n<p>Ytan antar h\u00f6gprecisions varmst\u00e4mplingsprocess, linjerna \u00e4r k\u00e4nsliga och sl\u00e4ta och den gyllene glansen bildar en visuell kontrast med den rosa l\u00e5dkroppen, vilket belyser varum\u00e4rkets lyxiga och avancerade positionering. Den st\u00f6der partiell guldst\u00e4mplingsfolie (som LOGO, m\u00f6nster) eller full varmst\u00e4mpling f\u00f6r att m\u00f6ta olika designbehov, vilket g\u00f6r f\u00f6rpackningen till en tyst \"talesman\" f\u00f6r varum\u00e4rket.<\/p>\n<h2 id=\"-3-pink-as-the-main-color-awakening-emotional-resonance-\"><strong>3. Rosa som huvudf\u00e4rg, v\u00e4cker k\u00e4nslom\u00e4ssig resonans<\/strong><\/h2>\n<p>L\u00e5dans kropp \u00e4r huvudsakligen i mjukrosa, vilket f\u00f6rmedlar ett romantiskt och s\u00f6tt varum\u00e4rkestemperament, vilket \u00e4r i linje med kvinnliga konsumenters str\u00e4van efter lycka och elegant liv. St\u00f6der Pantone-f\u00e4rgnummeranpassning f\u00f6r att s\u00e4kerst\u00e4lla korrekt f\u00e4rg\u00e5tergivning och m\u00f6ta de personliga behoven hos olika m\u00e4rken f\u00f6r djupet och ljusstyrkan i rosa.<\/p>\n<h2 id=\"-4-customized-lining-solution-to-protect-products-in-all-directions-\"><strong>4. Skr\u00e4ddarsydd foderl\u00f6sning f\u00f6r att skydda produkterna i alla riktningar<\/strong><\/h2>\n<p>Tillhandah\u00e5lla en m\u00e4ngd olika alternativ f\u00f6r fodermaterial, inklusive:<\/p>\n<ul>\n<li><strong>Foder av EVA-flock<\/strong>: st\u00f6ts\u00e4ker och tryckt\u00e5lig, k\u00e4nslig touch, l\u00e4mplig f\u00f6r oregelbundna flaskformer;<\/li>\n<li><strong>Foder av silkestyg\/svamp<\/strong>: F\u00f6rb\u00e4ttra f\u00f6rpackningens uts\u00f6kthet, fixera parfymflaskan och undvik skakningar under transport;<\/li>\n<li><strong>Skiktad struktur av kartong<\/strong>: st\u00f6der f\u00f6rpackning av flera flaskor och optimerar utrymmesutnyttjandet. Alla foder kan slitsas exakt enligt produktstorleken f\u00f6r att garantera transports\u00e4kerheten.<\/li>\n<\/ul>\n<h2 id=\"-5-highly-flexible-customization-to-meet-diverse-needs-\"><strong>5. Mycket flexibel anpassning f\u00f6r att m\u00f6ta olika behov<\/strong><\/h2>\n<ul>\n<li><strong>Storlek<\/strong>: St\u00f6der boxanpassning av 10ml-100ml eteriska oljeflaskor och parfymflaskor, med innerdiameterfel \u22640,1mm;<\/li>\n<li><strong>Material<\/strong>: Valfri kartong, specialpapper (t.ex. p\u00e4rlemorskimrande papper, taktilt papper), milj\u00f6v\u00e4nligt \u00e5tervunnet papper etc;<\/li>\n<li><strong>Tryckprocessen<\/strong>: F\u00f6rutom varm st\u00e4mpling st\u00f6der den UV-tryck, screentryck, pr\u00e4gling och andra effekter f\u00f6r att uppn\u00e5 matt, blank eller texturerad struktur;<\/li>\n<li><strong>Expansion av l\u00e5dtyp<\/strong>: Den kan kombineras med topp- och bottenlock, magnetiska sp\u00e4nnen och annan design f\u00f6r att uppgradera f\u00f6rpackningens funktionalitet.<\/li>\n<\/ul>\n<h2 id=\"-6-fsc-certified-materials-environmental-protection-and-quality-double-guarantee-\"><strong>6. FSC-certifierade material, dubbel garanti f\u00f6r milj\u00f6skydd och kvalitet<\/strong><\/h2>\n<p>R\u00e5varorna har genomg\u00e5tt FSC:s skogsf\u00f6rvaltningscertifiering f\u00f6r att s\u00e4kerst\u00e4lla att pappersk\u00e4llan \u00e4r h\u00e5llbar och uppfyller milj\u00f6skyddskraven p\u00e5 de europeiska och amerikanska marknaderna. Tillhandah\u00e5lla gr\u00f6na f\u00f6rpackningsl\u00f6sningar f\u00f6r avancerade varum\u00e4rken och hj\u00e4lpa varum\u00e4rken att f\u00f6rmedla begreppet socialt ansvar.<\/p>\n<h2 id=\"-8-one-to-one-professional-service-efficient-delivery-without-worries-\"><strong>8. En-till-en professionell service, effektiv leverans utan bekymmer<\/strong><\/h2>\n<ul>\n<li><strong>Designst\u00f6d<\/strong>: Tillhandah\u00e5lla proofing-tj\u00e4nster f\u00f6r 3D-modellering, renderingar inom 48 timmar och s\u00e4kerst\u00e4lla korrekt designimplementering;<\/li>\n<li><strong>Blixtsnabb leverans<\/strong>: 500 stycken minsta best\u00e4llning, vanliga best\u00e4llningar levereras inom 7-15 dagar och snabba best\u00e4llningar skickas s\u00e5 snabbt som 5 dagar;<\/li>\n<li><strong>Garanti efter f\u00f6rs\u00e4ljning<\/strong>: 15-dagars ovillkorlig retur och utbyte, full logistiksp\u00e5rning, f\u00f6r att s\u00e4kerst\u00e4lla nollfel leverans av f\u00f6rpackningar.<\/li>\n<\/ul>\n<p><strong>Till\u00e4mpliga scenarier<\/strong>: Parfymm\u00e4rken, tillverkare av eteriska oljor, presentf\u00f6rpackningar f\u00f6r h\u00f6gtider, anpassning av avancerade sk\u00f6nhetsprodukter.\u00a0<strong>F\u00f6rdelar med samarbete<\/strong>: Skapa varum\u00e4rkesdifferentiering med hj\u00e4lp av h\u00f6ga kostnader, tolka kvalitet med hj\u00e4lp av detaljer och l\u00e5t varje doft b\u00e4ra p\u00e5 hantverkskunnande och estetik.<\/p>","protected":false},"excerpt":{"rendered":"<p>L\u00e5dans pappersl\u00e5da kan \u00f6ppnas enkelt och \u00e4r bekv\u00e4mare. Den heta st\u00e4mplingsfolien i guld kan ge f\u00f6rpackningen en k\u00e4nsla av lyx och h\u00f6gkvalitativ visuell presentation.<\/p>","protected":false},"featured_media":435,"template":"","meta":{"_kad_post_transparent":"default","_kad_post_title":"","_kad_post_layout":"default","_kad_post_sidebar_id":"","_kad_post_content_style":"default","_kad_post_vertical_padding":"default","_kad_post_feature":"","_kad_post_feature_position":"","_kad_post_header":false,"_kad_post_footer":false,"_kad_post_classname":""},"product_brand":[],"product_cat":[15,28,20,17],"product_tag":[139,138,137],"class_list":{"0":"post-434","1":"product","2":"type-product","3":"status-publish","4":"has-post-thumbnail","6":"product_cat-red-light-therapy","7":"product_cat-customize","8":"product_cat-led-face-light-therapy","9":"product_cat-services","10":"product_tag-cosmetic-perfume-boxes-wholesale","11":"product_tag-custom-perfume-boxes-wholesale","12":"product_tag-essential-oil-drawer-paper-boxes","14":"first","15":"instock","16":"shipping-taxable","17":"product-type-simple","18":"entry","19":"content-bg","20":"loop-entry"},"_links":{"self":[{"href":"https:\/\/red-lighttherapy.com\/sv\/wp-json\/wp\/v2\/product\/434","targetHints":{"allow":["GET"]}}],"collection":[{"href":"https:\/\/red-lighttherapy.com\/sv\/wp-json\/wp\/v2\/product"}],"about":[{"href":"https:\/\/red-lighttherapy.com\/sv\/wp-json\/wp\/v2\/types\/product"}],"wp:featuredmedia":[{"embeddable":true,"href":"https:\/\/red-lighttherapy.com\/sv\/wp-json\/wp\/v2\/media\/435"}],"wp:attachment":[{"href":"https:\/\/red-lighttherapy.com\/sv\/wp-json\/wp\/v2\/media?parent=434"}],"wp:term":[{"taxonomy":"product_brand","embeddable":true,"href":"https:\/\/red-lighttherapy.com\/sv\/wp-json\/wp\/v2\/product_brand?post=434"},{"taxonomy":"product_cat","embeddable":true,"href":"https:\/\/red-lighttherapy.com\/sv\/wp-json\/wp\/v2\/product_cat?post=434"},{"taxonomy":"product_tag","embeddable":true,"href":"https:\/\/red-lighttherapy.com\/sv\/wp-json\/wp\/v2\/product_tag?post=434"}],"curies":[{"name":"wp","href":"https:\/\/api.w.org\/{rel}","templated":true}]}}