{"id":428,"date":"2025-04-11T12:53:29","date_gmt":"2025-04-11T12:53:29","guid":{"rendered":"https:\/\/red-lighttherapy.com\/?post_type=product&#038;p=428"},"modified":"2025-04-11T13:15:50","modified_gmt":"2025-04-11T13:15:50","slug":"wholesale-luxury-lid-and-base-ring-earring-necklace-packaging","status":"publish","type":"product","link":"https:\/\/red-lighttherapy.com\/sv\/wholesale-luxury-lid-and-base-ring-earring-necklace-packaging\/","title":{"rendered":"Partihandel lyxigt lock och basring \u00f6rh\u00e4nge halsband F\u00f6rpackning"},"content":{"rendered":"<h2 id=\"-product-description-of-luxury-lid-base-ring-earring-necklace-packaging-box-\"><strong>Produktbeskrivning av lyxig f\u00f6rpackningsl\u00e5da med lock och bas f\u00f6r ring \u00f6rh\u00e4nge halsband<\/strong><\/h2>\n<h2 id=\"-1-simple-and-elegant-design-highlighting-brand-texture-\"><strong>1. Enkel och elegant design som framh\u00e4ver varum\u00e4rkets struktur<\/strong><\/h2>\n<p>Denna serie f\u00f6rpackningsl\u00e5dor har ett minimalistiskt estetiskt koncept, och ytan \u00e4r skisserad med h\u00f6gprecisions matt guld varmst\u00e4mplingsteknik f\u00f6r att skissera varum\u00e4rkeslogotypen eller texturm\u00f6nstret, vilket avsl\u00f6jar ett lyxigt temperament p\u00e5 ett l\u00e5gm\u00e4lt s\u00e4tt. Kollisionen mellan matt textur och metallisk lyster \u00f6verensst\u00e4mmer inte bara med moderna estetiska trender, utan st\u00e4rker ocks\u00e5 varum\u00e4rkets visuella minne. L\u00e5dans kropp har sl\u00e4ta linjer och inga \u00f6verfl\u00f6diga dekorationer, vilket uppfyller k\u00e4rnan i avancerade smycken och lyxvaror f\u00f6r f\u00f6rpackningar \"enkla men inte enkla\".<\/p>\n<h2 id=\"-2-full-size-flexible-customization-suitable-for-a-variety-of-products-\"><strong>2. Flexibel anpassning i full storlek, l\u00e4mplig f\u00f6r en m\u00e4ngd olika produkter<\/strong><\/h2>\n<ul>\n<li><strong>Exakt storleksanpassning<\/strong>: St\u00f6der anpassning av full storlek fr\u00e5n ringar (minst 5 \u00d7 5 \u00d7 3,5 cm) till halsband (h\u00f6gst 23 \u00d7 17,5 \u00d7 3,5 cm), vilket t\u00e4cker behoven hos l\u00e4tta smycken, \u00e4delmetalltillbeh\u00f6r etc.<\/li>\n<li><strong>Flexibelt val av boxtyp<\/strong>: Tillhandah\u00e5ller en m\u00e4ngd olika l\u00e5dtyper som topp- och bottenskydd, magnetiska flipskydd, kuddl\u00e5dor etc. och kan anpassa exklusiva strukturer efter produktformer och visningskrav. Till exempel \u00e4r den magnetiska flipboxen l\u00e4tt att \u00f6ppna och st\u00e4nga och har stark t\u00e4tning, vilket \u00e4r l\u00e4mpligt f\u00f6r h\u00f6gfrekvent smyckesvisning; den \u00f6vre och nedre lockboxen har b\u00e5de skydd och rituell k\u00e4nsla, vilket \u00e4r l\u00e4mpligt f\u00f6r avancerade presentscener.<\/li>\n<\/ul>\n<h2 id=\"-3-professional-inner-tray-customization-stable-and-worry-free-protection-\"><strong>3. Professionell anpassning av innerfacket, stabilt och bekymmersfritt skydd<\/strong><\/h2>\n<ul>\n<li><strong>Materiell m\u00e5ngfald<\/strong>: Innerfacket kan vara tillverkat av EVA, p\u00e4rlbomull, flockningssvamp, blisterpapperskort och andra material, som noggrant fixerar ringar, \u00f6rh\u00e4ngen, halsband och andra produkter f\u00f6r att undvika skakning och slitage under transport eller visning. Till exempel har flockfodret antistatisk funktion f\u00f6r att skydda glansen av metallsmycken; blisterns inre bricka har stark plasticitet och \u00e4r l\u00e4mplig f\u00f6r specialformade smycken.<\/li>\n<li><strong>Funktionell design<\/strong>: Anpassa exklusiva kortplatser f\u00f6r olika smyckestyper, s\u00e5som ringplatser, \u00f6rh\u00e4ngen, halsbandskrokar etc., f\u00f6r att s\u00e4kerst\u00e4lla att produkten \u00e4r stabil och att visningseffekten \u00e4r intuitiv.<\/li>\n<\/ul>\n<h2 id=\"-4-full-dimensional-craftsmanship-and-material-customization-to-empower-brand-image-\"><strong>4. Fulldimensionellt hantverk och materialanpassning f\u00f6r att st\u00e4rka varum\u00e4rkets image<\/strong><\/h2>\n<ul>\n<li><strong>Materialuppgradering<\/strong>: Tillhandah\u00e5lla avancerade material som specialkonstpapper (t.ex. p\u00e4rlpapper, taktilt papper), sammet\u00f6verdrag och milj\u00f6v\u00e4nligt l\u00e4der f\u00f6r att m\u00f6ta de differentierade behoven fr\u00e5n l\u00e4tt lyx till topplyx. Sammetmaterialet har till exempel en k\u00e4nslig touch som matchar smyckenas varma textur; specialpapper kan f\u00f6rb\u00e4ttra den visuella niv\u00e5n genom pr\u00e4gling, varmst\u00e4mpling och andra processer.<\/li>\n<li><strong>Teknikkombination innovation<\/strong>: St\u00f6der \u00f6verlagring av varmst\u00e4mpling \/ silver, pr\u00e4gling, UV-partial ljus yta, screentryck och andra processer f\u00f6r att skapa ett unikt visuellt spr\u00e5k f\u00f6r f\u00f6rpackningar.<\/li>\n<\/ul>\n<h2 id=\"-5-industry-experience-endorsement-word-of-mouth-trust-choice-\"><strong>5. St\u00f6d av branscherfarenhet, val av f\u00f6rtroende fr\u00e5n mun-till-mun-metoden<\/strong><\/h2>\n<p>Med mer \u00e4n tio \u00e5rs djup odling inom f\u00f6rpackningsindustrin t\u00e4cker v\u00e5ra tj\u00e4nster internationella varum\u00e4rken som Tiffany och Cartier och framv\u00e4xande inhemska juvelerare och har tillhandah\u00e5llit skr\u00e4ddarsydda l\u00f6sningar f\u00f6r mer \u00e4n 500 kunder. Med en djup f\u00f6rst\u00e5else f\u00f6r smyckesindustrin kontrollerar vi exakt den estetiska passformen mellan f\u00f6rpackningar och produkter, vilket hj\u00e4lper varum\u00e4rken att f\u00f6rb\u00e4ttra sin premiumf\u00f6rm\u00e5ga och anv\u00e4ndarnas unboxing-upplevelse.<\/p>\n<h2 id=\"-6-intelligent-production-system-quality-and-efficiency-double-guarantee-\"><strong>6. Intelligent produktionssystem, dubbel garanti f\u00f6r kvalitet och effektivitet<\/strong><\/h2>\n<p>Med hj\u00e4lp av det intelligenta produktionsstyrningssystemet \u00e4r hela processen fr\u00e5n designkontroll till massproduktion automatiserad och informationsbaserad:<\/p>\n<ul>\n<li><strong>Exakt kvalitetskontroll<\/strong>: AI visuell inspektionsutrustning s\u00e4kerst\u00e4ller processens noggrannhet och konsistens f\u00f6r varje f\u00f6rpackningsl\u00e5da, med en defektfrekvens p\u00e5 mindre \u00e4n 0,1%.<\/li>\n<li><strong>Flexibel produktion<\/strong>: St\u00f6d flexibla best\u00e4llningar fr\u00e5n 50 stycken till 10 000 stycken, snabb leverans inom 7-15 dagar, f\u00f6r att tillgodose behoven hos varum\u00e4rkesh\u00f6gs\u00e4songskampanjer eller f\u00f6rsta utg\u00e5vor i begr\u00e4nsad upplaga.<\/li>\n<\/ul>\n<h2 id=\"-cooperation-value-\"><strong>Samarbetsv\u00e4rde<\/strong><\/h2>\n<p>V\u00e4lj v\u00e5r f\u00f6rpackningsl\u00f6sning, du kommer att f\u00e5: \u2705\u00a0<strong>Uppgradering av varum\u00e4rkesimage<\/strong>: Leverera varum\u00e4rkeston genom anpassad design f\u00f6r att st\u00e4rka konsumenternas medvetenhet; \u2705\u00a0<strong>Optimering av anv\u00e4ndarupplevelsen<\/strong>: Flerdimensionell f\u00f6rb\u00e4ttring av \u00f6ppnings- och st\u00e4ngningsritual, skydd och b\u00e4rbarhet, vilket \u00f6kar kundernas vilja att \u00e5terk\u00f6pa; \u2705\u00a0<strong>Balans mellan kostnadseffektivitet<\/strong>: Storskalig upphandling och intelligent produktionssystem f\u00f6r att s\u00e4kerst\u00e4lla h\u00f6g kvalitet och rimlig kostnad.<\/p>","protected":false},"excerpt":{"rendered":"<p>Denna lock- och basf\u00f6rpackningsl\u00e5da antar en \u00f6vre och nedre lockstruktur, som \u00e4r l\u00e4tt att ta. Folieringsprocessen med spot UV + guldst\u00e4mpel ger f\u00f6rpackningen en k\u00e4nsla av lyx och f\u00f6rb\u00e4ttrar merv\u00e4rdet.<\/p>","protected":false},"featured_media":432,"template":"","meta":{"_kad_post_transparent":"default","_kad_post_title":"","_kad_post_layout":"default","_kad_post_sidebar_id":"","_kad_post_content_style":"default","_kad_post_vertical_padding":"default","_kad_post_feature":"","_kad_post_feature_position":"","_kad_post_header":false,"_kad_post_footer":false,"_kad_post_classname":""},"product_brand":[],"product_cat":[15,19,17],"product_tag":[132,130,131],"class_list":{"0":"post-428","1":"product","2":"type-product","3":"status-publish","4":"has-post-thumbnail","6":"product_cat-red-light-therapy","7":"product_cat-red-light-therapy-stand","8":"product_cat-services","9":"product_tag-necklace-packaging","10":"product_tag-ring-packaging","11":"product_tag-wholesale-earring-packaging","13":"first","14":"instock","15":"shipping-taxable","16":"product-type-simple","17":"entry","18":"content-bg","19":"loop-entry"},"_links":{"self":[{"href":"https:\/\/red-lighttherapy.com\/sv\/wp-json\/wp\/v2\/product\/428","targetHints":{"allow":["GET"]}}],"collection":[{"href":"https:\/\/red-lighttherapy.com\/sv\/wp-json\/wp\/v2\/product"}],"about":[{"href":"https:\/\/red-lighttherapy.com\/sv\/wp-json\/wp\/v2\/types\/product"}],"wp:featuredmedia":[{"embeddable":true,"href":"https:\/\/red-lighttherapy.com\/sv\/wp-json\/wp\/v2\/media\/432"}],"wp:attachment":[{"href":"https:\/\/red-lighttherapy.com\/sv\/wp-json\/wp\/v2\/media?parent=428"}],"wp:term":[{"taxonomy":"product_brand","embeddable":true,"href":"https:\/\/red-lighttherapy.com\/sv\/wp-json\/wp\/v2\/product_brand?post=428"},{"taxonomy":"product_cat","embeddable":true,"href":"https:\/\/red-lighttherapy.com\/sv\/wp-json\/wp\/v2\/product_cat?post=428"},{"taxonomy":"product_tag","embeddable":true,"href":"https:\/\/red-lighttherapy.com\/sv\/wp-json\/wp\/v2\/product_tag?post=428"}],"curies":[{"name":"wp","href":"https:\/\/api.w.org\/{rel}","templated":true}]}}