{"id":416,"date":"2025-04-11T11:52:55","date_gmt":"2025-04-11T11:52:55","guid":{"rendered":"https:\/\/red-lighttherapy.com\/?post_type=product&#038;p=416"},"modified":"2025-04-20T05:59:36","modified_gmt":"2025-04-20T05:59:36","slug":"lid-and-base-box-mobile-cell-phone-packaging-box-factory","status":"publish","type":"product","link":"https:\/\/red-lighttherapy.com\/sv\/lid-and-base-box-mobile-cell-phone-packaging-box-factory\/","title":{"rendered":"Lock och basl\u00e5da F\u00f6rpackningsl\u00e5da f\u00f6r mobil mobiltelefon Fabrik"},"content":{"rendered":"<h2 id=\"-product-description-of-mobile-phone-box-with-top-and-bottom-cover-\"><strong>Produktbeskrivning av Lock- och basl\u00e5da F\u00f6rpackningsl\u00e5da f\u00f6r mobiltelefoner Fabrik<\/strong><\/h2>\n<h2 id=\"-1-box-design-top-and-bottom-cover-structure-practical-and-environmentally-friendly-\"><strong>1. Design av l\u00e5da: Lock- och bottenstruktur, praktisk och milj\u00f6v\u00e4nlig<\/strong><\/h2>\n<p>Denna produkt har den klassiska designen med lock och bottenl\u00e5da. Det \u00f6vre locket och den nedre l\u00e5dan \u00e4r exakt sp\u00e4nda ihop. Den \u00e4r bekv\u00e4m att \u00f6ppna och st\u00e4nga och har en stark k\u00e4nsla av ritual, vilket ger konsumenterna en unik unboxing-upplevelse. Den \u00f6vre och nedre t\u00e4ckstrukturen skyddar inte bara effektivt s\u00e4kerheten vid produkttransport utan har ocks\u00e5 f\u00f6ljande f\u00f6rdelar:<\/p>\n<ul>\n<li><strong>Sekund\u00e4r anv\u00e4ndning<\/strong>: L\u00e5dan har en modul\u00e4r design och kan enkelt separeras utan lim eller komplicerad demontering. Konsumenterna kan \u00e5teranv\u00e4nda den som en f\u00f6rvaringsl\u00e5da, displayl\u00e5da etc., vilket \u00e4r i linje med begreppet milj\u00f6skydd.<\/li>\n<li><strong>H\u00f6g anpassningsf\u00f6rm\u00e5ga<\/strong>: St\u00f6der anpassad storlek (obegr\u00e4nsad h\u00f6jd, bredd och djup), l\u00e4mplig f\u00f6r mobiltelefoner, digitala tillbeh\u00f6r, lyxvaror och andra produkter.<\/li>\n<\/ul>\n<h2 id=\"-2-appearance-craftsmanship-light-luxury-blue-and-gold-color-matching-highlighting-brand-style-\"><strong>2. Utseende Hantverk: Ljus lyxig bl\u00e5 och guld f\u00e4rgmatchning, framh\u00e4ver varum\u00e4rkets stil<\/strong><\/h2>\n<ul>\n<li><strong>F\u00e4rgmatchning<\/strong>: Huvudf\u00e4rgen \u00e4r djuphavsbl\u00e5, matchad med varmst\u00e4mplingsteknik (som varum\u00e4rkeslogotyp, m\u00f6nster etc.), som bildar en stark visuell kontrast och skapar en l\u00e4tt lyxig och \u00e4del atmosf\u00e4r.<\/li>\n<li><strong>Teknik f\u00f6r varm st\u00e4mpling<\/strong>: Anv\u00e4nd h\u00f6gprecisionsutrustning f\u00f6r varmst\u00e4mpling f\u00f6r att s\u00e4kerst\u00e4lla att m\u00f6nsterkanterna \u00e4r tydliga och burrfria, och de gyllene och bl\u00e5 bakgrunderna bildar en tredimensionell k\u00e4nsla av hierarki, vilket \u00f6kar produktvisningens attraktivitet.<\/li>\n<\/ul>\n<h2 id=\"-3-core-material-high-load-bearing-gray-board-coated-paper-quality-and-performance-\"><strong>3. K\u00e4rnmaterial: h\u00f6gh\u00e5llfast gr\u00e5 kartong + bestruket papper, kvalitet och prestanda<\/strong><\/h2>\n<ul>\n<li><strong>Substrat av gr\u00e5 kartong<\/strong>: V\u00e4lj 1200 GSM gr\u00e5br\u00e4da med h\u00f6g densitet, med enhetlig tjocklek, stark bindning mellan lager och tryckprestanda p\u00e5 mer \u00e4n 150 kg, vilket effektivt f\u00f6rhindrar transportdeformation. Ytan p\u00e5 gr\u00e5br\u00e4dan \u00e4r plan, vilket \u00e4r bekv\u00e4mt f\u00f6r efterf\u00f6ljande monteringsprocess och st\u00f6der vikning och formning, med skarpa kanter och h\u00f6rn och uts\u00f6kt utseende.<\/li>\n<li><strong>Material f\u00f6r motst\u00e5ende papper<\/strong>: Det yttre lagret \u00e4r t\u00e4ckt med 157 GSM bestruket papper, med h\u00f6g f\u00e4rg\u00e5tergivning, som st\u00f6der offsettryck, UV-tryck och andra processer, och m\u00f6nstret \u00e4r k\u00e4nsligt och slitstarkt och rept\u00e5ligt.<\/li>\n<\/ul>\n<h2 id=\"-4-inner-support-design-multiple-material-selection-precise-product-fixation-\"><strong>4. Inre st\u00f6ddesign: flera materialval, exakt produktfixering<\/strong><\/h2>\n<ul>\n<li><strong>L\u00f6sning f\u00f6r inre st\u00f6d<\/strong>: Tillhandah\u00e5ll EVA, p\u00e4rlbomull, svamp, papperskortblister och andra fodermaterial, anpassa specialformade sp\u00e5r enligt produktens form f\u00f6r att s\u00e4kerst\u00e4lla att mobiltelefonen och tillbeh\u00f6ren \u00e4r stabila och st\u00f6ts\u00e4kra.<\/li>\n<li><strong>Optimering av funktioner<\/strong>:<\/li>\n<li><strong>EVA\/P\u00e4rlbomull<\/strong>: H\u00f6gelastisk buffert, l\u00e4mplig f\u00f6r \u00f6mt\u00e5liga f\u00f6rem\u00e5l;<\/li>\n<li><strong>Papperskort blister<\/strong>: Milj\u00f6v\u00e4nlig och nedbrytbar, l\u00e4mplig f\u00f6r positionering av exklusiva g\u00e5vor;<\/li>\n<li><strong>Fixering av tungan<\/strong>: Tung- och jackstrukturen m\u00f6jligg\u00f6r snabb montering av innerfacket och l\u00e5dkroppen f\u00f6r att f\u00f6rb\u00e4ttra f\u00f6rpackningseffektiviteten.<\/li>\n<\/ul>\n<h2 id=\"-5-production-capacity-automated-production-line-efficient-delivery-of-large-scale-orders-\"><strong>5. Produktionskapacitet: Automatiserad produktionslinje, effektiv leverans av storskaliga order<\/strong><\/h2>\n<ul>\n<li><strong>Intelligent utrustning<\/strong>: Utrustad med helautomatiska stansmaskiner, blisterformningsmaskiner, varmst\u00e4mplingsmaskiner och annan utrustning f\u00f6r att uppn\u00e5 integrerad produktion fr\u00e5n slitsning, h\u00f6rnklistring till gjutning, med en genomsnittlig daglig produktionskapacitet p\u00e5 mer \u00e4n 100.000 stycken.<\/li>\n<li><strong>F\u00f6rdelar med processen<\/strong>:<\/li>\n<li><strong>Exakt stansning<\/strong>: Laserpositioneringsteknik s\u00e4kerst\u00e4ller att slitsfelet p\u00e5 den gr\u00e5 br\u00e4dan \u00e4r \u22641 mm, vilket undviker f\u00e4llbara l\u00e5dor;<\/li>\n<li><strong>Snabbt byte av form<\/strong>: Modul\u00e4ra formar g\u00f6r det m\u00f6jligt att byta produktspecifikationer inom 15 minuter f\u00f6r att tillgodose behoven i flera orderpartier.<\/li>\n<\/ul>\n<h2 id=\"-6-quality-control-full-process-inspection-to-ensure-zero-product-defects-\"><strong>6. Kvalitetskontroll: fullst\u00e4ndig processinspektion f\u00f6r att s\u00e4kerst\u00e4lla noll produktfel<\/strong><\/h2>\n<ul>\n<li><strong>Inspektion av r\u00e5material<\/strong>: parametrar som permeabilitet f\u00f6r gr\u00e5 kartong och vikt f\u00f6r bestruket papper \u00e4r alla FSC-certifierade f\u00f6r att eliminera risken f\u00f6r delaminering och deformation.<\/li>\n<li><strong>\u00d6vervakning av processer<\/strong>:<\/li>\n<li><strong>Inspektion av f\u00f6rsta stycket<\/strong>: tryckprov och dimensionskontroll av den f\u00f6rsta delen utf\u00f6rs f\u00f6re varje produktionssats;<\/li>\n<li><strong>Inspektion online<\/strong>: realtids\u00f6vervakning av avvikelse fr\u00e5n varmst\u00e4mplingsposition, tryckf\u00e4rgskillnad etc. genom maskinvisionssystem.<\/li>\n<li><strong>Godk\u00e4nnande av f\u00e4rdig produkt<\/strong>: ASTM-standarder implementeras och vibrationstester f\u00f6r transport simuleras f\u00f6r att s\u00e4kerst\u00e4lla att falltestet klarar \u226599,9%.<\/li>\n<\/ul>\n<h2 id=\"-cooperation-advantages-and-service-commitments-\"><strong>Samarbetsf\u00f6rdelar och service\u00e5taganden<\/strong><\/h2>\n<ul>\n<li><strong>Anpassad service<\/strong>: 3D-designutkast och fysisk korrektur tillhandah\u00e5lls kostnadsfritt och prover levereras inom 3 dagar;<\/li>\n<li><strong>Milj\u00f6certifiering<\/strong>: materialen uppfyller REACH- och RoHS-normerna och st\u00f6der nedbrytbara processer;<\/li>\n<li><strong>Garanti efter f\u00f6rs\u00e4ljning<\/strong>: ovillkorlig omarbetning vid kvalitetsproblem, och en sp\u00e5rbarhetsrapport f\u00f6r kvalitet under hela livscykeln tillhandah\u00e5lls.<\/li>\n<\/ul>\n<p>Genom den djupa integrationen av ovanst\u00e5ende design, material och processer uppfyller de lock- och toppf\u00f6rpackningsl\u00e5dor som tillverkas av denna fabrik inte bara funktionella behov utan st\u00e4rker ocks\u00e5 varum\u00e4rkesv\u00e4rdet med l\u00e4tt lyxestetik och milj\u00f6skyddskoncept, vilket hj\u00e4lper kunderna att skapa en differentierad avancerad produktbild.<\/p>","protected":false},"excerpt":{"rendered":"<p>Denna lock- och basf\u00f6rpackningsl\u00e5da antar en \u00f6vre och nedre lockstruktur, som \u00e4r l\u00e4tt att ta. Folieringsprocessen med spot UV + guldst\u00e4mpel ger f\u00f6rpackningen en k\u00e4nsla av lyx och f\u00f6rb\u00e4ttrar merv\u00e4rdet.<\/p>","protected":false},"featured_media":425,"template":"","meta":{"_kad_post_transparent":"default","_kad_post_title":"","_kad_post_layout":"default","_kad_post_sidebar_id":"","_kad_post_content_style":"default","_kad_post_vertical_padding":"default","_kad_post_feature":"","_kad_post_feature_position":"","_kad_post_header":false,"_kad_post_footer":false,"_kad_post_classname":""},"product_brand":[],"product_cat":[15,19,17],"product_tag":[129,128,127],"class_list":{"0":"post-416","1":"product","2":"type-product","3":"status-publish","4":"has-post-thumbnail","6":"product_cat-red-light-therapy","7":"product_cat-red-light-therapy-stand","8":"product_cat-services","9":"product_tag-cell-phone-packaging-factory","10":"product_tag-cellphone-packaging-box","11":"product_tag-mobile-phone-boxes","13":"first","14":"instock","15":"shipping-taxable","16":"product-type-simple","17":"entry","18":"content-bg","19":"loop-entry"},"_links":{"self":[{"href":"https:\/\/red-lighttherapy.com\/sv\/wp-json\/wp\/v2\/product\/416","targetHints":{"allow":["GET"]}}],"collection":[{"href":"https:\/\/red-lighttherapy.com\/sv\/wp-json\/wp\/v2\/product"}],"about":[{"href":"https:\/\/red-lighttherapy.com\/sv\/wp-json\/wp\/v2\/types\/product"}],"wp:featuredmedia":[{"embeddable":true,"href":"https:\/\/red-lighttherapy.com\/sv\/wp-json\/wp\/v2\/media\/425"}],"wp:attachment":[{"href":"https:\/\/red-lighttherapy.com\/sv\/wp-json\/wp\/v2\/media?parent=416"}],"wp:term":[{"taxonomy":"product_brand","embeddable":true,"href":"https:\/\/red-lighttherapy.com\/sv\/wp-json\/wp\/v2\/product_brand?post=416"},{"taxonomy":"product_cat","embeddable":true,"href":"https:\/\/red-lighttherapy.com\/sv\/wp-json\/wp\/v2\/product_cat?post=416"},{"taxonomy":"product_tag","embeddable":true,"href":"https:\/\/red-lighttherapy.com\/sv\/wp-json\/wp\/v2\/product_tag?post=416"}],"curies":[{"name":"wp","href":"https:\/\/api.w.org\/{rel}","templated":true}]}}