{"id":373,"date":"2025-04-11T06:31:11","date_gmt":"2025-04-11T06:31:11","guid":{"rendered":"https:\/\/red-lighttherapy.com\/?post_type=product&#038;p=373"},"modified":"2025-04-12T08:00:22","modified_gmt":"2025-04-12T08:00:22","slug":"custom-wine-spirits-packaging-drawer-paper-boxes-suppliers","status":"publish","type":"product","link":"https:\/\/red-lighttherapy.com\/sv\/custom-wine-spirits-packaging-drawer-paper-boxes-suppliers\/","title":{"rendered":"Anpassade vin- och spritf\u00f6rpackningar Pappersl\u00e5dor f\u00f6r l\u00e5dor Leverant\u00f6rer"},"content":{"rendered":"<h2 id=\"customized-wine-liquor-drawer-packaging-paper-box-product-description\">Anpassad l\u00e5da f\u00f6r vin- och spritf\u00f6rpackningar Pappersl\u00e5da Produktbeskrivning<\/h2>\n<h2 id=\"1-paper-craftsmanship-high-end-texture-and-visual-impact\">1. Pappershantverk: Avancerad textur och visuell effekt<\/h2>\n<ol>\n<li><strong>Material och tryckning<\/strong>: Papperet \u00e4r tillverkat av 300 g bestruket papper och varum\u00e4rkesf\u00e4rgen presenteras exakt genom spotf\u00e4rgstryckteknik f\u00f6r att s\u00e4kerst\u00e4lla h\u00f6g f\u00e4rgm\u00e4ttnad och distinkta lager, vilket uppfyller de strikta kraven p\u00e5 avancerade vinf\u00f6rpackningar f\u00f6r visuell kvalitet. Den sl\u00e4ta ytan p\u00e5 det bestrukna papperet kan perfekt b\u00e4ra den heta st\u00e4mplingsprocessen och lyfta fram k\u00e4nslan av lyx.<\/li>\n<li><strong>Design f\u00f6r varm st\u00e4mpling<\/strong>: Anpassa den heta st\u00e4mplingsramen runt f\u00f6nsteromr\u00e5det, anv\u00e4nd metalleffekter som spegelguld eller ros\u00e9guld och kombinera pr\u00e4glingsprocessen f\u00f6r att f\u00f6rb\u00e4ttra den tredimensionella k\u00e4nslan, skapa ett \"bildram\" visuellt fokus och f\u00f6rmedla ett \u00e4delt temperament.<\/li>\n<\/ol>\n<h2 id=\"2-window-craftsmanship-combining-touch-and-function\">2. F\u00f6nsterhantverk som kombinerar k\u00e4nsla och funktion<\/h2>\n<ol>\n<li><strong>Taktil textur<\/strong>: Papprets yta bearbetas med pr\u00e4glingsteknik f\u00f6r att bilda delikat tyg- eller l\u00e4derstruktur, vilket f\u00f6rb\u00e4ttrar greppet samtidigt som fingeravtrycksrester undviks, med h\u00e4nsyn till b\u00e5de praktiska och konstn\u00e4rliga egenskaper.<\/li>\n<li><strong>Screentryck av PET-film<\/strong>: Mittf\u00f6nstret anv\u00e4nder 0,5 mm transparent PET-film, och varum\u00e4rkesm\u00f6nstret eller lutningseffekten skrivs ut genom sk\u00e4rmtrycksteknik med h\u00f6g precision. Ljustransmittansen \u00e4r mer \u00e4n 90%, vilket inte bara kan visa produktens utseende utan ocks\u00e5 ge f\u00f6rpackningen en modern k\u00e4nsla av teknik.<\/li>\n<\/ol>\n<h2 id=\"iii-lining-structure-safety-protection-and-aesthetics\">3. Foderstruktur: s\u00e4kerhetsskydd och estetik<\/h2>\n<ol>\n<li><strong>Innerfack med EVA-flockning<\/strong>: EVA-material med h\u00f6g densitet \u00e4r stansat och format och 0,3 mm kort flockduk \u00e4r monterad p\u00e5 ytan. Mockaf\u00e4rgen kan anpassas efter varum\u00e4rkets huvudf\u00e4rg (t.ex. vinr\u00f6tt, champagneguld). Det inre bricksp\u00e5ret matchar exakt kr\u00f6kningen p\u00e5 flaskans kropp, och produktstabiliteten garanteras av fysisk buffring och friktionskoefficient. Den seismiska prestandan n\u00e5r ISTA 3A-standarden.<\/li>\n<li><strong>Skiktad design<\/strong>: Den inre l\u00e5dan i l\u00e5dan kan anpassas i lager. Det \u00f6vre lagret fixerar vinflaskan och det nedre lagret \u00e4r inb\u00e4ddat med vinredskap eller presentfack. Flockfodret bildar en f\u00e4rgkontrast med den svarta innerl\u00e5dan f\u00f6r att f\u00f6rb\u00e4ttra den visuella niv\u00e5n.<\/li>\n<\/ol>\n<h2 id=\"4-inner-box-craftsmanship-minimalist-aesthetics-and-brand-identity\">4. Innerl\u00e5dans hantverk: minimalistisk estetik och varum\u00e4rkesidentitet<\/h2>\n<ol>\n<li><strong>Tryckning av holl\u00e4ndskt vitt papper<\/strong>: Innerl\u00e5dan anv\u00e4nder 350 g holl\u00e4ndsk vit kartong, som presenterar en djup svart f\u00e4rg genom fyrf\u00e4rgad \u00f6verl\u00e4ggsutskrift. Den vita kartongens ursprungliga fiberstruktur beh\u00e5ller logotypens tydlighet och undviker f\u00e4rgskillnadsproblemet med vanlig svart kartong, och Pantone-f\u00e4rgnummerfelet \u00e4r \u22640,5.<\/li>\n<li><strong>Strukturell optimering<\/strong>: L\u00e5dskenan har en \"limfri plug-in\"-struktur, med en \u00f6ppnings- och st\u00e4ngningslivsl\u00e4ngd p\u00e5 \u22655000 g\u00e5nger, och kanten p\u00e5 innerl\u00e5dan \u00e4r rundad f\u00f6r att undvika repor p\u00e5 flockytan.<\/li>\n<\/ol>\n<h2 id=\"5-factory-strength-and-service-system\">5. Fabriksstyrka och servicesystem<\/h2>\n<ol>\n<li><strong>Oberoende produktionssystem<\/strong>: Fabriken har 8.000 kvadratmeter sj\u00e4lvbyggda verkst\u00e4der, utrustade med helautomatiska varmst\u00e4mplingsmaskiner, CNC-stansmaskiner och UV-silkesk\u00e4rmproduktionslinjer, som st\u00f6der korrektur inom 72 timmar och en m\u00e5natlig produktionskapacitet p\u00e5 500.000 upps\u00e4ttningar.<\/li>\n<li><strong>St\u00f6d till designteam<\/strong>: Ett professionellt designteam p\u00e5 20 personer tillhandah\u00e5ller \"en-till-en\"-l\u00f6sningstj\u00e4nster, skr\u00e4ddarsydd funktionell design baserad p\u00e5 vinets egenskaper (t.ex. position f\u00f6r inb\u00e4ddning av etikett mot f\u00f6rfalskning, f\u00f6nster f\u00f6r fuktavk\u00e4nning) och har tillhandah\u00e5llit innovativa f\u00f6rpackningsl\u00f6sningar f\u00f6r varum\u00e4rken som Moutai och Penfolds.<\/li>\n<\/ol>\n<h2 id=\"vi-environmental-certification-and-cost-effectiveness-advantages\">6. F\u00f6rdelar med milj\u00f6certifiering och kostnadseffektivitet<\/h2>\n<ol>\n<li><strong>FSC-certifieringssystem<\/strong>: 100% av r\u00e5varuupphandling har klarat FSC-COC-certifiering (certifikatnummer FSC-C123456), koldioxidavtrycket f\u00f6r huvudmaterial som bestruket papper och holl\u00e4ndskt vitt kort \u00e4r 30% l\u00e4gre \u00e4n branschstandarden och flockningslim uppfyller EU:s milj\u00f6skyddsstandarder REACH.<\/li>\n<li><strong>Kostnadskontroll<\/strong>: Kostnadsminskning uppn\u00e5s genom storskalig upphandling och processn\u00e4stning (t.ex. varmst\u00e4mpling och silketryck samtidigt pl\u00e5ttillverkning). Offerten f\u00f6r liknande produkter \u00e4r 15%-20% l\u00e4gre \u00e4n den f\u00f6r traditionella f\u00f6rpackningsfabriker och st\u00f6der en minsta best\u00e4llning p\u00e5 500 stycken.<\/li>\n<\/ol>\n<h2 id=\"technical-parameters\">Tekniska parametrar<\/h2>\n<table>\n<thead>\n<tr>\n<th>Projekt<\/th>\n<th>Parameter Standard<\/th>\n<\/tr>\n<\/thead>\n<tbody>\n<tr>\n<td>Pappersmaterial<\/td>\n<td>300g bestruket papper (FSC-certifierat)<\/td>\n<\/tr>\n<tr>\n<td>Noggrannhet vid varmst\u00e4mpling<\/td>\n<td>\u22640,1 mm positioneringsfel<\/td>\n<\/tr>\n<tr>\n<td>PET-film transmittans<\/td>\n<td>\u226590% (ASTM D1003-standard)<\/td>\n<\/tr>\n<tr>\n<td>EVA-flockningens avskalningsstyrka<\/td>\n<td>\u22653,5N\/cm (GB\/T 2792-test)<\/td>\n<\/tr>\n<tr>\n<td>Leveranscykel<\/td>\n<td>7-15 dagar (beroende p\u00e5 hur komplicerad processen \u00e4r)<\/td>\n<\/tr>\n<\/tbody>\n<\/table>","protected":false},"excerpt":{"rendered":"<p>Den h\u00e4r pappersl\u00e5dan anv\u00e4nder ett bestruket konstpappersmaterial med specialf\u00e4rg som \u00e4r milj\u00f6v\u00e4nligt och h\u00e5llbart. Och omr\u00e5det runt f\u00f6nstret \u00e4r guldst\u00e4mplat, vilket ger l\u00e5dan en lyxig k\u00e4nsla.<\/p>","protected":false},"featured_media":407,"template":"","meta":{"_kad_post_transparent":"default","_kad_post_title":"","_kad_post_layout":"default","_kad_post_sidebar_id":"","_kad_post_content_style":"default","_kad_post_vertical_padding":"default","_kad_post_feature":"","_kad_post_feature_position":"","_kad_post_header":false,"_kad_post_footer":false,"_kad_post_classname":""},"product_brand":[],"product_cat":[15,20,17],"product_tag":[125,126,124],"class_list":{"0":"post-373","1":"product","2":"type-product","3":"status-publish","4":"has-post-thumbnail","6":"product_cat-red-light-therapy","7":"product_cat-led-face-light-therapy","8":"product_cat-services","9":"product_tag-custom-spirits-drawer-paper-boxes","10":"product_tag-custom-wine-spirits-packaging-suppliers","11":"product_tag-wine-packaging","13":"first","14":"instock","15":"shipping-taxable","16":"product-type-simple","17":"entry","18":"content-bg","19":"loop-entry"},"_links":{"self":[{"href":"https:\/\/red-lighttherapy.com\/sv\/wp-json\/wp\/v2\/product\/373","targetHints":{"allow":["GET"]}}],"collection":[{"href":"https:\/\/red-lighttherapy.com\/sv\/wp-json\/wp\/v2\/product"}],"about":[{"href":"https:\/\/red-lighttherapy.com\/sv\/wp-json\/wp\/v2\/types\/product"}],"wp:featuredmedia":[{"embeddable":true,"href":"https:\/\/red-lighttherapy.com\/sv\/wp-json\/wp\/v2\/media\/407"}],"wp:attachment":[{"href":"https:\/\/red-lighttherapy.com\/sv\/wp-json\/wp\/v2\/media?parent=373"}],"wp:term":[{"taxonomy":"product_brand","embeddable":true,"href":"https:\/\/red-lighttherapy.com\/sv\/wp-json\/wp\/v2\/product_brand?post=373"},{"taxonomy":"product_cat","embeddable":true,"href":"https:\/\/red-lighttherapy.com\/sv\/wp-json\/wp\/v2\/product_cat?post=373"},{"taxonomy":"product_tag","embeddable":true,"href":"https:\/\/red-lighttherapy.com\/sv\/wp-json\/wp\/v2\/product_tag?post=373"}],"curies":[{"name":"wp","href":"https:\/\/api.w.org\/{rel}","templated":true}]}}