{"id":367,"date":"2025-04-11T06:02:12","date_gmt":"2025-04-11T06:02:12","guid":{"rendered":"https:\/\/red-lighttherapy.com\/?post_type=product&#038;p=367"},"modified":"2025-04-11T06:30:31","modified_gmt":"2025-04-11T06:30:31","slug":"luxury-perfume-cosmetics-clamshell-rigid-boxes-suppliers","status":"publish","type":"product","link":"https:\/\/red-lighttherapy.com\/sv\/luxury-perfume-cosmetics-clamshell-rigid-boxes-suppliers\/","title":{"rendered":"Lyx parfym kosmetika Clamshell styva l\u00e5dor leverant\u00f6rer"},"content":{"rendered":"<h2 id=\"-product-description-of-high-end-perfume-and-cosmetics-flip-top-hard-box-\"><strong>Produktbeskrivning av leverant\u00f6rer av lyxiga parfymkosmetika Clamshell Rigid Boxes<\/strong><\/h2>\n<p><strong>--Hantverk, skr\u00e4ddarsydda l\u00f6sningar f\u00f6r lyxf\u00f6rpackningar<\/strong><\/p>\n<h2 id=\"-i-innovative-design-one-handed-operation-smooth-opening-and-closing-\"><strong>1. Innovativ design: enhandsman\u00f6vrering, smidig \u00f6ppning och st\u00e4ngning<\/strong><\/h2>\n<p>Denna clamshell presentf\u00f6rpackning antar clamshell present<strong>\u00a0strukturdesign<\/strong>och g\u00e5ngj\u00e4rnsdelen \u00e4r bearbetad med precisionsformar f\u00f6r att s\u00e4kerst\u00e4lla smidig \u00f6ppning och st\u00e4ngning och kan enkelt man\u00f6vreras med en hand. L\u00e5dans kropp har testats f\u00f6r h\u00e5llbarhet och st\u00f6der\u00a0<strong>mer \u00e4n 10.000 upprepade \u00f6ppningar och st\u00e4ngningar<\/strong>, som uppfyller de l\u00e5ngsiktiga anv\u00e4ndningsbehoven f\u00f6r avancerad kosmetika. Flippskyddet kombineras med magnetisk sugning eller sp\u00e4nne (tillval) f\u00f6r att f\u00f6rb\u00e4ttra f\u00f6rslutningens stabilitet och undvika oavsiktlig \u00f6ppning under transport.<\/p>\n<h2 id=\"-ii-material-and-structure-stable-protection-upgraded-touch-\"><strong>2. Material och struktur: stabilt skydd, uppgraderad touch<\/strong><\/h2>\n<ol>\n<li><strong>157GGSM bestruket papper<\/strong>: sl\u00e4t och k\u00e4nslig yta, h\u00f6g f\u00e4rg\u00e5tergivning, tydligt och tredimensionellt tryckt m\u00f6nster.<\/li>\n<li><strong>1200GSM gr\u00e5 kartong med h\u00f6g densitet<\/strong>: h\u00e5rdheten hos l\u00e5dkroppen n\u00e5r den branschledande niv\u00e5n och tryckh\u00e5llfastheten \u00f6kas med 30%, vilket effektivt motst\u00e5r yttre p\u00e5verkan.<\/li>\n<li>Huvudf\u00e4rgen \u00e4r\u00a0<strong>m\u00f6rkgr\u00f6n och mattsvart<\/strong>. Den m\u00f6rkgr\u00f6na tonen f\u00f6rmedlar en naturlig lyxk\u00e4nsla och de svarta linjerna ger en enkel kontur, vilket minskar den visuella tr\u00f6ttheten och st\u00e4rker varum\u00e4rkesigenk\u00e4nningen.<\/li>\n<\/ol>\n<h2 id=\"-third-surface-technology-long-term-protection-excellent-texture-\"><strong>3. Ytteknik: l\u00e5ngsiktigt skydd, utm\u00e4rkt struktur<\/strong><\/h2>\n<p>L\u00e5dkroppen behandlas med\u00a0<strong>full lamineringsteknik<\/strong>\u00a0(tillval ljus film\/matt film\/taktil film):<\/p>\n<ul>\n<li><strong>Vattent\u00e4t och antifouling<\/strong>: hindrar effektivt v\u00e4tska fr\u00e5n att tr\u00e4nga in och f\u00f6rl\u00e4nger f\u00f6rpackningens livsl\u00e4ngd.<\/li>\n<li><strong>Slitstark och rept\u00e5lig<\/strong>: Yth\u00e5rdheten n\u00e5r 3H f\u00f6r att undvika repor under transport eller visning.<\/li>\n<li><strong>Anpassning av glans<\/strong>: Matt film ger en l\u00e5gm\u00e4ld lyx, ljus film f\u00f6rst\u00e4rker den visuella effekten och touchfilm ger en unik sammetsstruktur.<\/li>\n<\/ul>\n<h2 id=\"-fourth-functional-lining-shock-resistant-and-cushioning-details-win-\"><strong>4. Funktionellt foder: st\u00f6td\u00e4mpande och d\u00e4mpande, detaljer win<\/strong><\/h2>\n<ol>\n<li><strong>Foder av EVA-flock<\/strong>: passar flaskans kontur, d\u00e4mpningsprestandan \u00e4r b\u00e4ttre \u00e4n traditionella svampar och den kan minska 80% av slagkraften i dropptestet.<\/li>\n<li><strong>Skiktad struktur av kartong<\/strong>: Bikakedesignen f\u00f6rb\u00e4ttrar b\u00e4rf\u00f6rm\u00e5gan och \u00e4r l\u00e4mplig f\u00f6r \u00f6mt\u00e5liga f\u00f6rem\u00e5l som glasflaskor och keramikburkar.<\/li>\n<li><strong>Foder av silkestyg\/raffia<\/strong>: Valfri silkesduk f\u00f6r att f\u00f6rb\u00e4ttra ber\u00f6ringen, eller naturlig raffia f\u00f6r att l\u00e4gga till milj\u00f6v\u00e4nlig struktur f\u00f6r att m\u00f6ta tonen i olika m\u00e4rken.<\/li>\n<\/ol>\n<h2 id=\"-v-deep-customization-flexible-adaptation-to-multiple-needs-\"><strong>5. Djupg\u00e5ende kundanpassning: Flexibel anpassning till olika behov<\/strong><\/h2>\n<ol>\n<li>St\u00f6d f\u00f6r\u00a0<strong>botten och bottenlock, typ l\u00e5da, typ skjutlock<\/strong>\u00a0och andra l\u00e5dtyper, med ett storleksintervall fr\u00e5n 50 \u00d7 50 \u00d7 50 mm till 300 \u00d7 300 \u00d7 200 mm, l\u00e4mplig f\u00f6r parfymflaskor, essenser, l\u00e4ppstift och andra produkter.<\/li>\n<li><strong>Varm st\u00e4mpling\/UV-pr\u00e4gling<\/strong>: Delvis varmst\u00e4mpling LOGO eller tredimensionell UV-utskrift f\u00f6r att f\u00f6rb\u00e4ttra varum\u00e4rkets visuella minne.<\/li>\n<li><strong>Ih\u00e5ligt f\u00f6nster<\/strong>: Med transparent PET-material kan du intuitivt visa upp produkter och g\u00f6ra dem mer tilltalande.<\/li>\n<\/ol>\n<h2 id=\"-six-production-guarantee-large-scale-intelligent-manufacturing-worry-free-delivery-\"><strong>6. Produktionsgaranti: storskalig intelligent tillverkning, bekymmersfri leverans<\/strong><\/h2>\n<ul>\n<li><strong>Styrka i fabriken<\/strong>: 5320\u33a1 standardiserad fabrik, 16 \u00e5rs branscherfarenhet, utrustad med helautomatisk stansmaskin, lamineringsmaskin och digital trycklinje, med en daglig produktionskapacitet p\u00e5 50.000 stycken.<\/li>\n<li><strong>System f\u00f6r kvalitetskontroll<\/strong>: Godk\u00e4nd ISO 9001-certifiering, strikt kontroll av 12 kvalitetsinspektionsl\u00e4nkar fr\u00e5n r\u00e5varuupphandling till leverans av f\u00e4rdig produkt, och defektfrekvensen \u00e4r mindre \u00e4n 0,3%.<\/li>\n<li><strong>Leveranstid<\/strong>: Vanliga best\u00e4llningar levereras p\u00e5 7-10 dagar, och snabba best\u00e4llningar kan f\u00f6rkortas till 3 dagar, vilket st\u00f6der globalt logistiksamarbete.<\/li>\n<\/ul>\n<h2 id=\"-application-scenarios-\"><strong>Till\u00e4mpningsscenarier<\/strong><\/h2>\n<ul>\n<li><strong>Parfym av h\u00f6g kvalitet<\/strong>: Anpassad magnetisk flipbox med EVA-flockfoder f\u00f6r att skydda glasflaskan och markera varum\u00e4rkesstilen.<\/li>\n<li><strong>Presentask f\u00f6r hudv\u00e5rd<\/strong>: Flerskiktsstruktur av l\u00e5dtyp rymmer essenser, kr\u00e4mer och andra kategorier, och ber\u00f6ringsfilmen \u00e4r t\u00e4ckt f\u00f6r att f\u00f6rb\u00e4ttra k\u00e4nslan av ceremoni n\u00e4r du \u00f6ppnar l\u00e5dan.<\/li>\n<li><strong>Smink i begr\u00e4nsad upplaga<\/strong>: Den specialformade l\u00e5dkroppen kombineras med metalltillbeh\u00f6r f\u00f6r att skapa en f\u00f6rpackning p\u00e5 samlingsniv\u00e5.<\/li>\n<\/ul>","protected":false},"excerpt":{"rendered":"<p>Denna clamshell-presentf\u00f6rpackning \u00e4r l\u00e4tt att \u00f6ppna och st\u00e4nga och kan \u00e5teranv\u00e4ndas. L\u00e5dans kropp \u00e4r huvudsakligen gr\u00f6n f\u00f6r att minska visuell tr\u00f6tthet. Den kan anpassas mycket f\u00f6r att passa din parfym- och kosmetikf\u00f6rpackning.<\/p>","protected":false},"featured_media":372,"template":"","meta":{"_kad_post_transparent":"default","_kad_post_title":"","_kad_post_layout":"default","_kad_post_sidebar_id":"","_kad_post_content_style":"default","_kad_post_vertical_padding":"default","_kad_post_feature":"","_kad_post_feature_position":"","_kad_post_header":false,"_kad_post_footer":false,"_kad_post_classname":""},"product_brand":[],"product_cat":[15,28,27,17],"product_tag":[121,122,120],"class_list":{"0":"post-367","1":"product","2":"type-product","3":"status-publish","4":"has-post-thumbnail","6":"product_cat-red-light-therapy","7":"product_cat-customize","8":"product_cat-red-light-therapy-belt","9":"product_cat-services","10":"product_tag-cosmetics-rigid-boxes","11":"product_tag-luxury-perfume-boxes-suppliers","12":"product_tag-perfume-clamshell-boxes","14":"first","15":"instock","16":"shipping-taxable","17":"product-type-simple","18":"entry","19":"content-bg","20":"loop-entry"},"_links":{"self":[{"href":"https:\/\/red-lighttherapy.com\/sv\/wp-json\/wp\/v2\/product\/367","targetHints":{"allow":["GET"]}}],"collection":[{"href":"https:\/\/red-lighttherapy.com\/sv\/wp-json\/wp\/v2\/product"}],"about":[{"href":"https:\/\/red-lighttherapy.com\/sv\/wp-json\/wp\/v2\/types\/product"}],"wp:featuredmedia":[{"embeddable":true,"href":"https:\/\/red-lighttherapy.com\/sv\/wp-json\/wp\/v2\/media\/372"}],"wp:attachment":[{"href":"https:\/\/red-lighttherapy.com\/sv\/wp-json\/wp\/v2\/media?parent=367"}],"wp:term":[{"taxonomy":"product_brand","embeddable":true,"href":"https:\/\/red-lighttherapy.com\/sv\/wp-json\/wp\/v2\/product_brand?post=367"},{"taxonomy":"product_cat","embeddable":true,"href":"https:\/\/red-lighttherapy.com\/sv\/wp-json\/wp\/v2\/product_cat?post=367"},{"taxonomy":"product_tag","embeddable":true,"href":"https:\/\/red-lighttherapy.com\/sv\/wp-json\/wp\/v2\/product_tag?post=367"}],"curies":[{"name":"wp","href":"https:\/\/api.w.org\/{rel}","templated":true}]}}