{"id":361,"date":"2025-04-11T05:27:38","date_gmt":"2025-04-11T05:27:38","guid":{"rendered":"https:\/\/red-lighttherapy.com\/?post_type=product&#038;p=361"},"modified":"2025-04-11T06:31:01","modified_gmt":"2025-04-11T06:31:01","slug":"high-end-gold-paper-lid-and-base-chocolate-box-manufacturer","status":"publish","type":"product","link":"https:\/\/red-lighttherapy.com\/sv\/high-end-gold-paper-lid-and-base-chocolate-box-manufacturer\/","title":{"rendered":"Tillverkare av chokladaskar med lock och botten av guldpapper"},"content":{"rendered":"<h2 id=\"-high-end-gold-card-chocolate-box-product-description-\"><strong>H\u00f6gklassig chokladask i guldpapper Produktbeskrivning<\/strong><\/h2>\n<p>--F\u00f6rklara en lyxig festm\u00e5ltid med hantverkskunnande<\/p>\n<p>Som en professionell tillverkare med 16 \u00e5rs erfarenhet av f\u00f6rpackningstillverkning fokuserar vi p\u00e5 att skapa konstn\u00e4rliga och funktionella f\u00f6rpackningsl\u00f6sningar f\u00f6r avancerade chokladvarum\u00e4rken. Fabriken t\u00e4cker en yta p\u00e5 5.320 kvadratmeter och \u00e4r utrustad med helautomatiska produktionslinjer och precisionsformutrustning. Med effektiv produktionskapacitet och strikt kvalitetskontroll f\u00f6r att s\u00e4kerst\u00e4lla produktstabilitet lanserar vi nu en ny\u00a0<strong>Guldkort pr\u00e4glat varmst\u00e4mplat Choklad Presentask<\/strong>\u00a0serien, med f\u00f6ljande centrala f\u00f6rdelar:<\/p>\n<h2 id=\"-1-materials-and-crafts-the-ultimate-luxurious-tactile-and-visual-experience-\"><strong>1. Material och hantverk: den ultimata lyxiga taktila och visuella upplevelsen<\/strong><\/h2>\n<ol>\n<li><strong>Gold Card Base Material och Embossed Embossed Crafts<\/strong>\u00a0Med h\u00f6gviktigt guldkortpapper (Gold Paper) som huvudmaterial pr\u00e4glas ytan med tredimensionella strukturer (t.ex. imiterad l\u00e4derstruktur, geometrisk pr\u00e4gling eller blommig pr\u00e4gling) genom anpassade formar, som har en delikat touch och \u00e4r slitstark och tryckbest\u00e4ndig. Den matta lamineringsprocessen f\u00f6rb\u00e4ttrar ytglansen ytterligare, vilket g\u00f6r att guldbasen f\u00e5r en matt eller blank effekt, vilket ger f\u00f6rpackningen en l\u00e5gm\u00e4ld och lyxig struktur.<\/li>\n<li><strong>Teknik f\u00f6r varmst\u00e4mpling: ett lysande uttryck f\u00f6r varum\u00e4rkessymboler<\/strong>\u00a0Med hj\u00e4lp av tysk Kurz elektrokemisk aluminiumfolie \u00f6verf\u00f6r den platta st\u00e4mplingsmaskinen exakt v\u00e4rme f\u00f6r att uppn\u00e5 en tredimensionell presentation av r\u00f6da och guldlogotyper, text eller gr\u00e4nser. Den r\u00f6da och guldf\u00e4rgen \u00e4r full och bildar en kall och varm kontrast med guldkortets bakgrund, som snabbt kan v\u00e4cka uppm\u00e4rksamhet n\u00e4r den visas p\u00e5 hyllan och f\u00f6rb\u00e4ttra varum\u00e4rkesigenk\u00e4nningen.<\/li>\n<\/ol>\n<h2 id=\"-second-design-elements-dynamic-aesthetics-and-artistic-details-\"><strong>2. Designelement: dynamisk estetik och konstn\u00e4rliga detaljer<\/strong><\/h2>\n<ol>\n<li><strong>B\u00e5ge i form av ett band: en smart finish<\/strong>\u00a0P\u00e5 ovansidan eller sidan av l\u00e5dans lock finns en handv\u00e4vd matt\/glansig sidenb\u00e5ge som kan v\u00e4ljas i vinr\u00f6tt, champagneguld eller anpassade f\u00e4rger. Bandet kan b\u00e4ddas in med heta st\u00e4mplingsbokst\u00e4ver eller inlagda med kristallsp\u00e4nnen f\u00f6r att skapa en tredimensionell skiktad k\u00e4nsla, som \u00e4r l\u00e4mplig f\u00f6r h\u00f6gceremoniella scener som br\u00f6llopsgodis och semesterg\u00e5vor.<\/li>\n<li><strong>Innerfoder med korrugerad punktupps\u00e4ttning: visuellt fl\u00f6de och funktionellt skydd<\/strong>\u00a0Det inre facket \u00e4r tillverkat av EVA eller flanell av livsmedelskvalitet och ett gradientkorrugerat punktm\u00f6nster bildas genom lasergravyr. Punkterna \u00e4r ordnade i ett gyllene f\u00f6rh\u00e5llande f\u00f6r att simulera chokladfl\u00f6det n\u00e4r det sm\u00e4lter, och den konkava och konvexa strukturen fixerar den enskilda choklad f\u00f6r att f\u00f6rhindra transportkollision.<\/li>\n<\/ol>\n<h2 id=\"-three-customized-services-fully-meet-brand-needs-\"><strong>3. Anpassade tj\u00e4nster: uppfyller helt varum\u00e4rkets behov<\/strong><\/h2>\n<ol>\n<li><strong>Flexibel anpassning av l\u00e5dtyp och storlek<\/strong>\u00a0Tillhandah\u00e5ller 20+ standardl\u00e5dtyper som topp- och bottenlock, bokformade l\u00e5dor, l\u00e5dl\u00e5dor etc. och st\u00f6djer icke-standardiserade specialformade m\u00f6nster (t.ex. hj\u00e4rtformade och sexkantiga). Storleksintervallet omfattar 5 cm\u00b3 minif\u00f6rpackningar med ett enda korn till 30 cm\u00b3 presentkorgar med flera lager, l\u00e4mpliga f\u00f6r alla kategorier av choklad som tryffel, block och sm\u00f6rg\u00e5sar.<\/li>\n<li><strong>Alternativ f\u00f6r anpassning av hela l\u00e4nken<\/strong><\/li>\n<li><strong>Materialuppgradering<\/strong>: valfria borstade guldkort, laserfantasipapper, biologiskt nedbrytbara och milj\u00f6v\u00e4nliga pappersbaser etc;<\/li>\n<li><strong>F\u00e4rgschema<\/strong>: Pantone specialf\u00e4rgstryck, lokal UV-lack, p\u00e4rlemorskimrande bel\u00e4ggning och andra processer f\u00f6r att uppn\u00e5 personlig f\u00e4rgmatchning;<\/li>\n<li><strong>Kombination av tillbeh\u00f6r<\/strong>: kan matchas med ytterligare tillbeh\u00f6r som magnetiska sp\u00e4nnen, sammetsfoder och guldst\u00e4mplade gratulationskort f\u00f6r att f\u00f6rst\u00e4rka k\u00e4nslan av ceremoni n\u00e4r asken \u00f6ppnas.<\/li>\n<li><strong>Effektiv korrekturl\u00e4sning och batchleverans<\/strong>\u00a0Korrekturcykeln \u00e4r 3-5 arbetsdagar, med en minsta best\u00e4llning p\u00e5 500 stycken och en daglig produktionskapacitet p\u00e5 5 miljoner stycken. ERP-systemet anv\u00e4nds f\u00f6r att sp\u00e5ra hela orderprocessen f\u00f6r att s\u00e4kerst\u00e4lla leveranstid och kvalitet.<\/li>\n<\/ol>\n<h2 id=\"-iv-application-scenarios-and-competitive-advantages-\"><strong>4. Till\u00e4mpningsscenarier och konkurrensf\u00f6rdelar<\/strong><\/h2>\n<ul>\n<li><strong>Anpassning av scenarier<\/strong>: br\u00f6llopsgodis, lyxiga co-brandade artiklar, begr\u00e4nsade utg\u00e5vor f\u00f6r semester, f\u00f6retagsanpassade g\u00e5vor etc;<\/li>\n<li><strong>Milj\u00f6certifiering<\/strong>: Vissa material har klarat FSC-skogscertifiering och uppfyller EU:s standarder f\u00f6r material som kommer i kontakt med livsmedel;<\/li>\n<li><strong>Merv\u00e4rdestj\u00e4nster<\/strong>: Gratis 3D-renderingsdesign, gr\u00e4ns\u00f6verskridande logistikl\u00f6sningar och f\u00f6rslag p\u00e5 f\u00f6rpackningar f\u00f6r varum\u00e4rkesber\u00e4ttelser.<\/li>\n<\/ul>\n<h2 id=\"-choosing-us-is-not-only-choosing-a-packaging-but-also-injecting-soul-into-the-brand-\"><strong>Att v\u00e4lja oss \u00e4r inte bara att v\u00e4lja en f\u00f6rpackning, utan ocks\u00e5 att ge varum\u00e4rket en sj\u00e4l.<\/strong><\/h2>\n<p>Fr\u00e5n materialval till hantverk, fr\u00e5n estetisk design till effektiv leverans - vi hj\u00e4lper varje choklad att bli ett konstverk med en hantverkares hj\u00e4rta.<\/p>","protected":false},"excerpt":{"rendered":"<p>Denna l\u00e5da \u00e4r tillverkad av guldpapper och har en r\u00f6d het st\u00e4mplingsfolieringsprocess som kan ge ditt varum\u00e4rke en unik charm.<\/p>","protected":false},"featured_media":364,"template":"","meta":{"_kad_post_transparent":"default","_kad_post_title":"","_kad_post_layout":"default","_kad_post_sidebar_id":"","_kad_post_content_style":"default","_kad_post_vertical_padding":"default","_kad_post_feature":"","_kad_post_feature_position":"","_kad_post_header":false,"_kad_post_footer":false,"_kad_post_classname":""},"product_brand":[],"product_cat":[15,19,17],"product_tag":[118,117,119],"class_list":{"0":"post-361","1":"product","2":"type-product","3":"status-publish","4":"has-post-thumbnail","6":"product_cat-red-light-therapy","7":"product_cat-red-light-therapy-stand","8":"product_cat-services","9":"product_tag-china-chocolate-box","10":"product_tag-chocolate-box-manufacturer","11":"product_tag-lid-bnd-base-chocolate-box","13":"first","14":"instock","15":"shipping-taxable","16":"product-type-simple","17":"entry","18":"content-bg","19":"loop-entry"},"_links":{"self":[{"href":"https:\/\/red-lighttherapy.com\/sv\/wp-json\/wp\/v2\/product\/361","targetHints":{"allow":["GET"]}}],"collection":[{"href":"https:\/\/red-lighttherapy.com\/sv\/wp-json\/wp\/v2\/product"}],"about":[{"href":"https:\/\/red-lighttherapy.com\/sv\/wp-json\/wp\/v2\/types\/product"}],"wp:featuredmedia":[{"embeddable":true,"href":"https:\/\/red-lighttherapy.com\/sv\/wp-json\/wp\/v2\/media\/364"}],"wp:attachment":[{"href":"https:\/\/red-lighttherapy.com\/sv\/wp-json\/wp\/v2\/media?parent=361"}],"wp:term":[{"taxonomy":"product_brand","embeddable":true,"href":"https:\/\/red-lighttherapy.com\/sv\/wp-json\/wp\/v2\/product_brand?post=361"},{"taxonomy":"product_cat","embeddable":true,"href":"https:\/\/red-lighttherapy.com\/sv\/wp-json\/wp\/v2\/product_cat?post=361"},{"taxonomy":"product_tag","embeddable":true,"href":"https:\/\/red-lighttherapy.com\/sv\/wp-json\/wp\/v2\/product_tag?post=361"}],"curies":[{"name":"wp","href":"https:\/\/api.w.org\/{rel}","templated":true}]}}