{"id":350,"date":"2025-04-11T04:15:43","date_gmt":"2025-04-11T04:15:43","guid":{"rendered":"https:\/\/red-lighttherapy.com\/?post_type=product&#038;p=350"},"modified":"2025-04-11T05:27:29","modified_gmt":"2025-04-11T05:27:29","slug":"custom-lid-and-base-led-flashlight-boxes-packaging-wholesale","status":"publish","type":"product","link":"https:\/\/red-lighttherapy.com\/sv\/custom-lid-and-base-led-flashlight-boxes-packaging-wholesale\/","title":{"rendered":"Anpassat lock och botten LED-ficklampa L\u00e5dor F\u00f6rpackning Partihandel"},"content":{"rendered":"<h2 id=\"-customized-led-flashlight-lid-and-base-box-packaging-wholesale-product-description-\"><strong>Anpassad LED-ficklampa Lock och basl\u00e5da F\u00f6rpackning Partihandel Produktbeskrivning<\/strong><\/h2>\n<h2 id=\"-1-exquisite-printing-technology-highlighting-quality-\"><strong>1. Uts\u00f6kt tryckteknik, framh\u00e4vande kvalitet<\/strong><\/h2>\n<p>Denna f\u00f6rpackningsl\u00e5da f\u00f6r ficklampor antar offsettryck och screentrycksteknik med h\u00f6g precision, den svarta bl\u00e4cket \u00e4r j\u00e4mnt fullt, m\u00f6nstret \u00e4r klart och skarpt och f\u00e4rgen \u00e4r ren och utan avvikelse. Ytan kan \u00f6verlagras med matt film, blank film eller UV-behandling f\u00f6r att f\u00f6rb\u00e4ttra slitstyrkan och glansen, vilket s\u00e4kerst\u00e4ller att varum\u00e4rkeslogotypen alltid bibeh\u00e5ller en avancerad struktur under transport och visning. St\u00f6d varmst\u00e4mpling \/ varmt silver, pr\u00e4gling och andra processer f\u00f6r att m\u00f6ta personliga visuella behov och f\u00f6rb\u00e4ttra produktf\u00f6rpackningens erk\u00e4nnande och attraktivitet.<\/p>\n<h2 id=\"-2-stiff-material-combination-double-protection-\"><strong>2. Styv materialkombination, dubbelt skydd<\/strong><\/h2>\n<p>L\u00e5dkroppen anv\u00e4nder\u00a0<strong>350g bestruket papper<\/strong>\u00a0och\u00a0<strong>h\u00f6gh\u00e5llfast gr\u00e5 kartong<\/strong>\u00a0kompositstruktur, och det gr\u00e5 kartongk\u00e4rnlagret antar en helt \u00e5tervunnen fiberpressningsprocess f\u00f6r att s\u00e4kerst\u00e4lla att l\u00e5dkroppen har utm\u00e4rkt kompressions- och deformationsmotst\u00e5nd. Ytan p\u00e5 det bestrukna papperet \u00e4r sl\u00e4t och k\u00e4nslig och tryckf\u00e4rgreproduktionen \u00e4r h\u00f6g. Det gr\u00e5 kartongens k\u00e4rnskikt ger styvt st\u00f6d, vilket kan motst\u00e5 yttre kraftp\u00e5verkan under transport och effektivt skydda elektroniska precisionsenheter som ficklampor.<\/p>\n<h2 id=\"-3-box-design-with-top-and-bottom-lid-for-intuitive-display-\"><strong>3. L\u00e5ddesign med topp- och bottenlock f\u00f6r intuitiv visning<\/strong><\/h2>\n<p>Anv\u00e4nder den klassiska\u00a0<strong>\u00f6vre och undre lockstruktur<\/strong>\u00a0(topplocket och bottenl\u00e5dan \u00e4r helt sp\u00e4nda), det \u00e4r l\u00e4tt att \u00f6ppna och st\u00e4nga och har en stark k\u00e4nsla av ceremoni. Ficklampans utseende och funktionella detaljer kan visas fullt ut vid \u00f6ppnings\u00f6gonblicket, vilket f\u00f6rb\u00e4ttrar kundens f\u00f6rsta intryck. L\u00e5dans storlek \u00e4r exakt anpassad, det inre kavitetsutrymmet \u00e4r kompakt och har ingen redundans, vilket f\u00f6rhindrar att produkten skakar och \u00e4r bekv\u00e4m f\u00f6r stapling, lagring och transport.<\/p>\n<h2 id=\"-4-multi-scenario-application-strong-compatibility-\"><strong>4. Till\u00e4mpning i flera scenarier, stark kompatibilitet<\/strong><\/h2>\n<p>Speciellt utformad f\u00f6r LED-ficklampor, kompatibel med flera modeller som strong light, mini och uppladdningsbara. Ut\u00f6kade anv\u00e4ndningsomr\u00e5den inkluderar:<\/p>\n<ul>\n<li><strong>Utrustning f\u00f6r utomhusbruk<\/strong>: teleskop, kompasser, b\u00e4rbara verktyg etc;<\/li>\n<li><strong>Elektroniska produkter<\/strong>: sm\u00e5 instrument, tillbeh\u00f6r (t.ex. laddare, batteripaket);<\/li>\n<li><strong>Anpassning av g\u00e5vor<\/strong>: F\u00f6retagspresenter, presentf\u00f6rpackningar f\u00f6r reklam, st\u00f6d f\u00f6r semesterteman eller varum\u00e4rkesgemensam design.<\/li>\n<\/ul>\n<h2 id=\"-5-customized-lining-solution-precise-fit-\"><strong>5. Skr\u00e4ddarsydd l\u00f6sning f\u00f6r foder, exakt passform<\/strong><\/h2>\n<p>Tillhandah\u00e5ller en m\u00e4ngd olika foderalternativ f\u00f6r att s\u00e4kerst\u00e4lla produktfixering och st\u00f6ts\u00e4kerhet:<\/p>\n<ul>\n<li><strong>EVA-svamp<\/strong>: sk\u00e4rning och gjutning med h\u00f6g densitet, utm\u00e4rkt d\u00e4mpningsprestanda, l\u00e4mplig f\u00f6r specialformade ficklampskonturer;<\/li>\n<li><strong>Flockningsbricka<\/strong>: F\u00f6rb\u00e4ttra ber\u00f6ringskvaliteten, l\u00e4mplig f\u00f6r avancerade presentf\u00f6rpackningar;<\/li>\n<li><strong>L\u00f6stagbart fack<\/strong>: Modul\u00e4r design, st\u00f6d f\u00f6r kombinationsf\u00f6rpackningar f\u00f6r flera produkter (t.ex. ficklampa + reservbatteri).<\/li>\n<\/ul>\n<h2 id=\"-6-all-round-flexible-customization-service-\"><strong>6. Allround flexibel anpassningstj\u00e4nst<\/strong><\/h2>\n<p>St\u00f6d f\u00f6r personlig anpassning under hela processen fr\u00e5n design till produktion:<\/p>\n<ul>\n<li><strong>Utseende design<\/strong>: Anpassningsbar LOGO, m\u00f6nster, f\u00e4rgschema, kompatibel med Pantone spotf\u00e4rgstryck;<\/li>\n<li><strong>Strukturell optimering<\/strong>: Justera l\u00e5dans tjocklek, f\u00f6nstrets position, magnetsp\u00e4nnet och andra detaljer efter behov;<\/li>\n<li><strong>Uppgradering av funktion<\/strong>: L\u00e4gg till ytterligare funktionsmoduler som handtag, band, etiketter f\u00f6r att f\u00f6rhindra f\u00f6rfalskning etc.<\/li>\n<\/ul>\n<h2 id=\"-7-large-scale-production-capacity-quality-assurance-\"><strong>7. Storskalig produktionskapacitet, kvalitetss\u00e4kring<\/strong><\/h2>\n<p>Fabriken har en\u00a0<strong>5.320 kvadratmeter<\/strong>\u00a0modern verkstad, utrustad med helautomatiska offsettryckmaskiner, stansmaskiner och inspektionslinjer f\u00f6r kvalitetskontroll, med en daglig produktionskapacitet p\u00e5 100 000 stycken. Godk\u00e4nd ISO-kvalitetsstyrningssystemcertifiering, hela processen fr\u00e5n r\u00e5varuupphandling till leverans av f\u00e4rdig produkt kan sp\u00e5ras f\u00f6r att s\u00e4kerst\u00e4lla batchstabilitet. St\u00f6d gr\u00e4ns\u00f6verskridande leverans (kompatibel f\u00f6rpackning p\u00e5 plattformar som Amazon och eBay) och br\u00e5dskande order snabb service, 7-15 dagars leveranscykel, f\u00f6r att m\u00f6ta stora volymer grossist och sm\u00e5 och medelstora anpassningsbehov.<\/p>\n<h2 id=\"-cooperation-advantages-\"><strong>F\u00f6rdelar med samarbete<\/strong><\/h2>\n<ul>\n<li><strong>Service fr\u00e5n en enda kontaktpunkt<\/strong>: s\u00f6ml\u00f6s sammankoppling av hela processen med design, korrektur, produktion och logistik;<\/li>\n<li><strong>Milj\u00f6certifiering<\/strong>: FSC-certifierad gr\u00e5 kartong och vattenbaserat bl\u00e4ck anv\u00e4nds, vilket \u00f6verensst\u00e4mmer med EU:s milj\u00f6skyddsstandard REACH;<\/li>\n<li><strong>Kostnadsoptimering<\/strong>: Storskalig upphandling s\u00e4nker enhetspriset, med en minsta best\u00e4llning p\u00e5 500 enheter och st\u00f6d f\u00f6r differentierade offerter.<\/li>\n<\/ul>\n<p>Om du beh\u00f6ver f\u00e5 prover eller skr\u00e4ddarsydda l\u00f6sningar, v\u00e4nligen kontakta v\u00e5rt designteam. Vi kommer att anv\u00e4nda professionell teknik och effektiva tj\u00e4nster f\u00f6r att ge dina produkter ett mer konkurrenskraftigt f\u00f6rpackningsv\u00e4rde.<\/p>","protected":false},"excerpt":{"rendered":"<p>Locket och botten kan \u00f6ppnas snabbt med en hand f\u00f6r att f\u00f6rb\u00e4ttra upplevelsen n\u00e4r man packar upp. L\u00e5dan har uts\u00f6kt tryckteknik och tydliga m\u00f6nster. Det kan perfekt skriva ut din LED-ficklampa f\u00f6rpackning.<\/p>","protected":false},"featured_media":359,"template":"","meta":{"_kad_post_transparent":"default","_kad_post_title":"","_kad_post_layout":"default","_kad_post_sidebar_id":"","_kad_post_content_style":"default","_kad_post_vertical_padding":"default","_kad_post_feature":"","_kad_post_feature_position":"","_kad_post_header":false,"_kad_post_footer":false,"_kad_post_classname":""},"product_brand":[],"product_cat":[15,19,17],"product_tag":[116,115,114],"class_list":{"0":"post-350","1":"product","2":"type-product","3":"status-publish","4":"has-post-thumbnail","6":"product_cat-red-light-therapy","7":"product_cat-red-light-therapy-stand","8":"product_cat-services","9":"product_tag-custom-led-flashlight-boxes","10":"product_tag-flashlight-boxes-packaging","11":"product_tag-lid-and-base-led-boxes","13":"first","14":"instock","15":"shipping-taxable","16":"product-type-simple","17":"entry","18":"content-bg","19":"loop-entry"},"_links":{"self":[{"href":"https:\/\/red-lighttherapy.com\/sv\/wp-json\/wp\/v2\/product\/350","targetHints":{"allow":["GET"]}}],"collection":[{"href":"https:\/\/red-lighttherapy.com\/sv\/wp-json\/wp\/v2\/product"}],"about":[{"href":"https:\/\/red-lighttherapy.com\/sv\/wp-json\/wp\/v2\/types\/product"}],"wp:featuredmedia":[{"embeddable":true,"href":"https:\/\/red-lighttherapy.com\/sv\/wp-json\/wp\/v2\/media\/359"}],"wp:attachment":[{"href":"https:\/\/red-lighttherapy.com\/sv\/wp-json\/wp\/v2\/media?parent=350"}],"wp:term":[{"taxonomy":"product_brand","embeddable":true,"href":"https:\/\/red-lighttherapy.com\/sv\/wp-json\/wp\/v2\/product_brand?post=350"},{"taxonomy":"product_cat","embeddable":true,"href":"https:\/\/red-lighttherapy.com\/sv\/wp-json\/wp\/v2\/product_cat?post=350"},{"taxonomy":"product_tag","embeddable":true,"href":"https:\/\/red-lighttherapy.com\/sv\/wp-json\/wp\/v2\/product_tag?post=350"}],"curies":[{"name":"wp","href":"https:\/\/api.w.org\/{rel}","templated":true}]}}