{"id":344,"date":"2025-04-11T03:46:15","date_gmt":"2025-04-11T03:46:15","guid":{"rendered":"https:\/\/red-lighttherapy.com\/?post_type=product&#038;p=344"},"modified":"2025-04-11T04:15:32","modified_gmt":"2025-04-11T04:15:32","slug":"direct-factory-magnetic-closure-box-oral-irrigator-packaging","status":"publish","type":"product","link":"https:\/\/red-lighttherapy.com\/sv\/direct-factory-magnetic-closure-box-oral-irrigator-packaging\/","title":{"rendered":"Direkt fabrik Magnetisk f\u00f6rslutningsl\u00e5da Oral Irrigator F\u00f6rpackning"},"content":{"rendered":"<h2 id=\"-product-description-of-the-factory-direct-magnetic-sealed-box-oral-irrigator-packaging-\"><strong>Produktbeskrivning av Direct Factory Magnetic Closure Box Oral Irrigator Packaging<\/strong><\/h2>\n<h2 id=\"-1-magnetic-sealing-design-convenient-and-durable-\"><strong>1. F\u00f6rseglingsdesign med magnetisk st\u00e4ngning: Bekv\u00e4m och h\u00e5llbar<\/strong><\/h2>\n<ul>\n<li><strong>Inbyggd magnetkonstruktion<\/strong>: L\u00e5dans lock har en dold magnetisk f\u00f6rslutningsstruktur och magneten \u00e4r inb\u00e4ddad i kanten p\u00e5 l\u00e5dans kropp och lockets kropp f\u00f6r att undvika slitage eller att falla av p\u00e5 grund av exponering.<\/li>\n<li><strong>Automatisk justering av adsorption<\/strong>: Den magnetiska kraften adsorberas automatiskt vid \u00f6ppning och st\u00e4ngning, justeras exakt och kan enkelt man\u00f6vreras med en hand f\u00f6r att f\u00f6rb\u00e4ttra anv\u00e4ndarupplevelsen.<\/li>\n<li><strong>L\u00e5ngvarig h\u00e5llbarhet<\/strong>: Magnetsystemet har testats f\u00f6r \u00f6ppning och st\u00e4ngning tusentals g\u00e5nger f\u00f6r att s\u00e4kerst\u00e4lla att det fortfarande uppr\u00e4tth\u00e5ller stabil adsorption efter l\u00e5ngvarig anv\u00e4ndning, vilket \u00e4r l\u00e4mpligt f\u00f6r h\u00f6gfrekventa anv\u00e4ndningsscenarier.<\/li>\n<\/ul>\n<h2 id=\"-2-simple-aesthetic-design-blue-and-white-color-matching-and-brand-recognition-\"><strong>2. Enkel estetisk design: Bl\u00e5 och vit f\u00e4rgmatchning och varum\u00e4rkesigenk\u00e4nning<\/strong><\/h2>\n<ul>\n<li><strong>Visuellt spr\u00e5k<\/strong>: L\u00e5dans stomme \u00e4r huvudsakligen bl\u00e5 och vit. Bl\u00e5tt symboliserar professionalism och renlighet, och vitt f\u00f6rmedlar enkelhet och teknik. Den mjuka f\u00e4rgmatchningen kan lindra anv\u00e4ndarnas psykologiska tryck f\u00f6re anv\u00e4ndning.<\/li>\n<li><strong>F\u00f6rst\u00e4rkning av varum\u00e4rket<\/strong>: L\u00e5dans yta anv\u00e4nder matt teknik f\u00f6r att trycka varum\u00e4rkeslogotypen, med en minimalistisk linjedesign f\u00f6r att f\u00f6rb\u00e4ttra den visuella igenk\u00e4nningen och f\u00f6rmedla en k\u00e4nsla av avancerad kvalitet.<\/li>\n<\/ul>\n<h2 id=\"-3-double-sided-printing-process-dual-optimization-of-environmental-protection-and-information-communication-\"><strong>3. Dubbelsidig utskriftsprocess: dubbel optimering av milj\u00f6skydd och informationskommunikation<\/strong><\/h2>\n<ul>\n<li><strong>Koncept f\u00f6r milj\u00f6skydd<\/strong>: Anta \u00e5tervinningsbara pappersmaterial, dubbelsidig tryckteknik f\u00f6r att minska pappersavfallet, i linje med trenden med gr\u00f6na f\u00f6rpackningar.<\/li>\n<li><strong>Funktionell uppdelning<\/strong>:<\/li>\n<li><strong>Extern<\/strong>: Varum\u00e4rkeslogotypen och de viktigaste f\u00f6rs\u00e4ljningsargumenten (t.ex. \"spolning av medicinsk kvalitet\" och \"b\u00e4rbar design\") visas tydligt f\u00f6r att st\u00e4rka marknadspositionen.<\/li>\n<li><strong>Internt<\/strong>: Detaljerad utskrift av produktinstruktioner, ingrediensinformation och s\u00e4kerhetscertifiering f\u00f6r att \u00f6ka anv\u00e4ndarnas f\u00f6rtroende.<\/li>\n<\/ul>\n<h2 id=\"-4-customized-inner-tray-design-impact-resistance-and-personalized-adaptation-\"><strong>4. Anpassad design p\u00e5 innerfacket: slagt\u00e5lighet och personlig anpassning<\/strong><\/h2>\n<ul>\n<li><strong>Slagt\u00e5ligt innerfack<\/strong>: Anv\u00e4nder innerbricka av PP-plast med h\u00f6g h\u00e5llfasthet, klarar ISO 179-standardens enkla str\u00e5lslagstest och t\u00e5l vibrationer och fall under transport.<\/li>\n<li><strong>Flexibla anpassningsm\u00f6jligheter<\/strong>:<\/li>\n<li><strong>Val av material<\/strong>: Tillhandah\u00e5ll EVA-, svamp-, silkesduk- eller raffiafoder f\u00f6r att anpassa sig till olika produktformer (t.ex. spolmaskinsv\u00e4rd, munstycke, laddningskabel etc.) f\u00f6r att s\u00e4kerst\u00e4lla transports\u00e4kerhet.<\/li>\n<li><strong>Strukturell optimering<\/strong>: Skiktade eller integrerade innerfack kan utformas efter produktstorlek f\u00f6r att maximera utrymmesutnyttjandet.<\/li>\n<\/ul>\n<h2 id=\"-5-factory-strength-and-service-guarantee-\"><strong>5. Fabriksstyrka och servicegaranti<\/strong><\/h2>\n<ul>\n<li><strong>Ledande inom branschen<\/strong>: Som Kinas topp 3 tryck- och f\u00f6rpackningsfabrik har den betj\u00e4nat 5.000+ varum\u00e4rkeskunder, som t\u00e4cker medicin, elektronik, snabbr\u00f6rliga konsumentvaror och andra omr\u00e5den.<\/li>\n<li><strong>Effektivt produktionssystem<\/strong>:<\/li>\n<li><strong>Utrustning och produktionskapacitet<\/strong>: Utrustad med helautomatiska stansmaskiner, digitala UV-tryckmaskiner och intelligenta kvalitetsinspektionssystem, n\u00e5r den dagliga produktionskapaciteten 1 miljon + bitar, vilket st\u00f6der 48-timmars leverans av n\u00f6dbest\u00e4llningar.<\/li>\n<li><strong>Kvalitetskontroll<\/strong>: Godk\u00e4nd ISO 9001-certifiering, varje produktparti genomg\u00e5r flerdimensionella tester s\u00e5som kompressionsmotst\u00e5nd, slitstyrka och f\u00e4rgskillnad f\u00f6r att s\u00e4kerst\u00e4lla att den kvalificerade graden av f\u00e4rdiga f\u00f6rpackningsprodukter \u00e4r \u226599,8%.<\/li>\n<li><strong>Service fr\u00e5n en enda kontaktpunkt<\/strong>: F\u00f6lj upp fr\u00e5n design, korrektur till massproduktion, ge gratis designoptimeringsf\u00f6rslag och minska kundens beslutskostnader.<\/li>\n<\/ul>\n<h2 id=\"-reasons-for-choosing-us-\"><strong>Anledningar till att v\u00e4lja oss<\/strong><\/h2>\n<ul>\n<li><strong>Designinnovation<\/strong>: Kombinationen av magnetisk sugstruktur och estetisk design tar h\u00e4nsyn till b\u00e5de funktion och varum\u00e4rkeskommunikation.<\/li>\n<li><strong>Efterlevnad av milj\u00f6lagstiftningen<\/strong>: Material och processer \u00f6verensst\u00e4mmer med FSC-certifiering och EU REACH milj\u00f6standarder.<\/li>\n<li><strong>Kostnadsf\u00f6rdel<\/strong>: Storskalig produktion s\u00e4nker enhetskostnaderna och kundanpassade tj\u00e4nster har inga begr\u00e4nsningar i fr\u00e5ga om minsta orderkvantitet.<\/li>\n<\/ul>","protected":false},"excerpt":{"rendered":"<p>Denna l\u00e5da med magnetst\u00e4ngning absorberar och justerar automatiskt, \u00e4r l\u00e4tt att \u00f6ppna och st\u00e4nga, har en enkel och elegant design och \u00e4r dubbelsidigt tryckt f\u00f6r att spara p\u00e5 resurser.<\/p>","protected":false},"featured_media":348,"template":"","meta":{"_kad_post_transparent":"default","_kad_post_title":"","_kad_post_layout":"default","_kad_post_sidebar_id":"","_kad_post_content_style":"default","_kad_post_vertical_padding":"default","_kad_post_feature":"","_kad_post_feature_position":"","_kad_post_header":false,"_kad_post_footer":false,"_kad_post_classname":""},"product_brand":[],"product_cat":[15,28,17],"product_tag":[113,112,111],"class_list":{"0":"post-344","1":"product","2":"type-product","3":"status-publish","4":"has-post-thumbnail","6":"product_cat-red-light-therapy","7":"product_cat-customize","8":"product_cat-services","9":"product_tag-custom-oral-irrigator-packaging","10":"product_tag-magnetic-closure-oral-irrigator-box","11":"product_tag-oral-irrigator-packaging","13":"first","14":"instock","15":"shipping-taxable","16":"product-type-simple","17":"entry","18":"content-bg","19":"loop-entry"},"_links":{"self":[{"href":"https:\/\/red-lighttherapy.com\/sv\/wp-json\/wp\/v2\/product\/344","targetHints":{"allow":["GET"]}}],"collection":[{"href":"https:\/\/red-lighttherapy.com\/sv\/wp-json\/wp\/v2\/product"}],"about":[{"href":"https:\/\/red-lighttherapy.com\/sv\/wp-json\/wp\/v2\/types\/product"}],"wp:featuredmedia":[{"embeddable":true,"href":"https:\/\/red-lighttherapy.com\/sv\/wp-json\/wp\/v2\/media\/348"}],"wp:attachment":[{"href":"https:\/\/red-lighttherapy.com\/sv\/wp-json\/wp\/v2\/media?parent=344"}],"wp:term":[{"taxonomy":"product_brand","embeddable":true,"href":"https:\/\/red-lighttherapy.com\/sv\/wp-json\/wp\/v2\/product_brand?post=344"},{"taxonomy":"product_cat","embeddable":true,"href":"https:\/\/red-lighttherapy.com\/sv\/wp-json\/wp\/v2\/product_cat?post=344"},{"taxonomy":"product_tag","embeddable":true,"href":"https:\/\/red-lighttherapy.com\/sv\/wp-json\/wp\/v2\/product_tag?post=344"}],"curies":[{"name":"wp","href":"https:\/\/api.w.org\/{rel}","templated":true}]}}