{"id":338,"date":"2025-04-11T03:21:02","date_gmt":"2025-04-11T03:21:02","guid":{"rendered":"https:\/\/red-lighttherapy.com\/?post_type=product&#038;p=338"},"modified":"2025-04-11T03:46:10","modified_gmt":"2025-04-11T03:46:10","slug":"custom-tempered-glass-screen-protector-packaging-box-factory","status":"publish","type":"product","link":"https:\/\/red-lighttherapy.com\/sv\/custom-tempered-glass-screen-protector-packaging-box-factory\/","title":{"rendered":"Anpassad sk\u00e4rmskydd av h\u00e4rdat glas F\u00f6rpackningsl\u00e5da Fabrik"},"content":{"rendered":"<h2 id=\"-customized-tempered-glass-screen-protector-packaging-box-factory-product-description-\"><strong>Anpassad h\u00e4rdat glas sk\u00e4rmskydd f\u00f6rpackningsl\u00e5da fabrik produktbeskrivning<\/strong><\/h2>\n<h2 id=\"-i-top-and-bottom-cover-box-design-both-ritual-and-practicality-\"><strong>1. Design av lock och bottenl\u00e5da: b\u00e5de rituell och praktisk<\/strong><\/h2>\n<ol>\n<li><strong>Klassisk lock- och bottenstruktur<\/strong>\u00a0L\u00e5dans design med topp- och bottenlock med separerade topp- och bottenlock \u00e4r enkel och bekv\u00e4m att \u00f6ppna och st\u00e4nga, vilket ger produkten en unik rituell k\u00e4nsla. L\u00e5dans kropp \u00e4r skuren av precisionsformar och felet kontrolleras inom \u00b1 0,1 mm f\u00f6r att s\u00e4kerst\u00e4lla att den passar t\u00e4tt n\u00e4r den st\u00e4ngs, vilket f\u00f6rb\u00e4ttrar produktens avancerade struktur.<\/li>\n<li><strong>Optimering av skydd och bekv\u00e4mlighet<\/strong>\u00a0L\u00e5dans kroppsmaterial anv\u00e4nder en kompositprocess av 1200GSM gr\u00e5 plattbas och 157G kopparpl\u00e5tpapper, med en tryckh\u00e5llfasthet p\u00e5 50 kg statiskt tryck utan deformation, vilket effektivt motst\u00e5r extrudering och kollision under transport. Inb\u00e4ddad magnetisk sugstruktur, passningsfelet \u00e4r \u22640,2 mm n\u00e4r det \u00e4r st\u00e4ngt, och det kan \u00f6ppnas och st\u00e4ngas smidigt med en hand, med h\u00e4nsyn till s\u00e4kerhet och bekv\u00e4mlighet.<\/li>\n<\/ol>\n<h2 id=\"-second-orange-main-visual-design-stimulate-brand-vitality-\"><strong>2. Orange visuell huvuddesign: stimulera varum\u00e4rkets vitalitet<\/strong><\/h2>\n<ol>\n<li><strong>F\u00e4rgpsykologi st\u00e4rker varum\u00e4rket<\/strong>\u00a0Orange \u00e4r huvudf\u00e4rgen, kombinerat med gradientteknik med l\u00e5g m\u00e4ttnad, f\u00f6r att f\u00f6rmedla vitalitet, v\u00e4rme och positiva k\u00e4nslor. Den orange v\u00e5gl\u00e4ngden (590-610 nm) ger en balans mellan visuell penetration och komfort, vilket kan \u00f6ka hylligenk\u00e4nningen med 20%-30% och f\u00f6rb\u00e4ttra konsumenternas minne av varum\u00e4rket.<\/li>\n<li><strong>Varum\u00e4rkeslogotypen \u00e4r tydligt presenterad<\/strong>\u00a0Ytan antar fyrf\u00e4rgad offsettrycksteknik, st\u00f6der exakt matchning av Pantone-f\u00e4rgnummer och s\u00e4kerst\u00e4ller ingen f\u00e4rgskillnad vid utskrift. Varum\u00e4rkeslogotypen kan kombineras med varmst\u00e4mpling, UV- eller pr\u00e4glingsteknik f\u00f6r att bilda en stark visuell kontrast p\u00e5 den orange basen och st\u00e4rka varum\u00e4rkeseffekten.<\/li>\n<\/ol>\n<h2 id=\"-third-customized-adaptation-solution-accurately-match-product-needs-\"><strong>3. Anpassad anpassningsl\u00f6sning: exakt matchning av produktbehov<\/strong><\/h2>\n<ol>\n<li><strong>Flexibel anpassning av l\u00e5dtyp<\/strong>\u00a0St\u00f6der anpassning i full storlek och kan anpassa exklusiva l\u00e5dtyper enligt storleken p\u00e5 den h\u00e4rdade filmen (t.ex. 0,15 mm till 0,33 mm tjocklek) och ytans kr\u00f6kning (2,5D\/3D \/ lika djup fyrb\u00f6jd yta). Till exempel:<\/li>\n<li><strong>Ultratunn version<\/strong>: L\u00e4mplig f\u00f6r 0,15 mm ultratunn h\u00e4rdad film, l\u00e5dans tjocklek kontrolleras inom 1,5 cm;<\/li>\n<li><strong>B\u00f6jd version<\/strong>: Design U-formad sp\u00e5r inre st\u00f6d f\u00f6r 3D varmbockad h\u00e4rdad film f\u00f6r att passa filmens kr\u00f6kning.<\/li>\n<li><strong>M\u00e5nga olika val av fodermaterial<\/strong>\u00a0Tillhandah\u00e5lla foderalternativ som EVA-flockning, silkesduk, kartong, svamp etc:<\/li>\n<li><strong>EVA-flockning<\/strong>: Utm\u00e4rkt st\u00f6ts\u00e4ker prestanda, l\u00e4mplig f\u00f6r kantskydd med precisionsh\u00e4rdad film;<\/li>\n<li><strong>Foder av silkestyg<\/strong>: Delikat, l\u00e4mplig f\u00f6r exklusiva presentf\u00f6rpackningar;<\/li>\n<li><strong>Skiktning av svamp<\/strong>: Flera h\u00e4rdade filmer kan f\u00f6rvaras i skiljev\u00e4ggar, vilket \u00e4r reps\u00e4kert och utrymmesbesparande.<\/li>\n<\/ol>\n<h2 id=\"-fourth-china-s-source-factory-advantages-one-stop-service-and-cost-optimization-\"><strong>4. Kinas k\u00e4llfabrik f\u00f6rdelar: one-stop service och kostnadsoptimering<\/strong><\/h2>\n<ol>\n<li><strong>Gratis prover och designst\u00f6d<\/strong>\u00a0Tillhandah\u00e5lla gratis korrekturtj\u00e4nst, skicka fysiska prover inom 3-5 arbetsdagar och st\u00f6dja fulldimensionell justering av l\u00e5dtyp, tryck och foder. Designteamet kan tillhandah\u00e5lla optimering av f\u00f6rpackningsstruktur och anpassning av visuell l\u00f6sning baserat p\u00e5 varum\u00e4rket VI-systemet f\u00f6r att minska kundernas utvecklingskostnader.<\/li>\n<li><strong>H\u00f6gkostnadseffektiv l\u00f6sning f\u00f6r massproduktion<\/strong>\u00a0Som k\u00e4llfabrik i Dongguan\/Shenzhen, Guangdong, antar den en automatiserad produktionslinje och st\u00f6der en minsta best\u00e4llning p\u00e5 10 st. Kostnaden f\u00f6r en enda l\u00e5da \u00e4r 30%-40% l\u00e4gre \u00e4n marknadens genomsnittspris. Det ger en m\u00e4ngd olika f\u00f6rpackningsalternativ som OPP-p\u00e5sar, blisterl\u00e5dor och f\u00e4rgl\u00e5dor f\u00f6r att m\u00f6ta gr\u00e4ns\u00f6verskridande logistik och detaljhandelsbehov.<\/li>\n<li><strong>Kvalitets- och certifieringsgaranti<\/strong>\u00a0Fodermaterialet uppfyller medicinska kvalitetsstandarder (YY\/T 0114) och l\u00e5dkroppen klarar temperatur- och fuktighetscykeltestet -25 \u2103 till 50 \u2103 f\u00f6r att s\u00e4kerst\u00e4lla global transportstabilitet. Den st\u00f6der CE-certifiering och milj\u00f6v\u00e4nlig bl\u00e4ckutskrift och uppfyller kraven f\u00f6r marknadstilltr\u00e4de i Europa och USA.<\/li>\n<\/ol>\n<h2 id=\"-v-technical-parameters-and-service-process-\"><strong>5. Tekniska parametrar och serviceprocess<\/strong><\/h2>\n<table>\n<thead>\n<tr>\n<th>Projekt<\/th>\n<th>Parametrar\/Tj\u00e4nstedetaljer<\/th>\n<\/tr>\n<\/thead>\n<tbody>\n<tr>\n<td><strong>Typ av l\u00e5da<\/strong><\/td>\n<td>Topp- och bottenlock (anpassningsbar l\u00e5dtyp, f\u00f6nstertyp och andra varianter)<\/td>\n<\/tr>\n<tr>\n<td><strong>Material<\/strong><\/td>\n<td>157G bestruket papper + 1200GSM gr\u00e5 kartong, matt film p\u00e5 ytan<\/td>\n<\/tr>\n<tr>\n<td><strong>Tryckprocessen<\/strong><\/td>\n<td>Offsettryck i fyra f\u00e4rger + delvis UV-\/varmst\u00e4mpling, Pantone-f\u00e4rgmatchning<\/td>\n<\/tr>\n<tr>\n<td><strong>Leveranscykel<\/strong><\/td>\n<td>3-5 dagar f\u00f6r prover, 7-15 dagar f\u00f6r massproduktion (snabb leverans st\u00f6ds)<\/td>\n<\/tr>\n<tr>\n<td><strong>Logistik F\u00f6rpackningar<\/strong><\/td>\n<td>Oberoende OPP-p\u00e5se + st\u00f6ts\u00e4ker honungskakakartong, st\u00f6d DHL \/ FedEx direktleverans<\/td>\n<\/tr>\n<\/tbody>\n<\/table>","protected":false},"excerpt":{"rendered":"<p>L\u00e5dtypen med lock och botten \u00e4r separerad och \u00f6ppnings- och st\u00e4ngningsmetoden \u00e4r enkel och bekv\u00e4m, vilket ger produkten en unik ritual och g\u00f6r den l\u00e4tt att anv\u00e4nda.<\/p>","protected":false},"featured_media":341,"template":"","meta":{"_kad_post_transparent":"default","_kad_post_title":"","_kad_post_layout":"default","_kad_post_sidebar_id":"","_kad_post_content_style":"default","_kad_post_vertical_padding":"default","_kad_post_feature":"","_kad_post_feature_position":"","_kad_post_header":false,"_kad_post_footer":false,"_kad_post_classname":""},"product_brand":[],"product_cat":[15,19,17],"product_tag":[108,109,110],"class_list":{"0":"post-338","1":"product","2":"type-product","3":"status-publish","4":"has-post-thumbnail","6":"product_cat-red-light-therapy","7":"product_cat-red-light-therapy-stand","8":"product_cat-services","9":"product_tag-custom-tempered-glass-packaging","10":"product_tag-screen-protector-packaging-box","11":"product_tag-screen-protector-packaging-factory","13":"first","14":"instock","15":"shipping-taxable","16":"product-type-simple","17":"entry","18":"content-bg","19":"loop-entry"},"_links":{"self":[{"href":"https:\/\/red-lighttherapy.com\/sv\/wp-json\/wp\/v2\/product\/338","targetHints":{"allow":["GET"]}}],"collection":[{"href":"https:\/\/red-lighttherapy.com\/sv\/wp-json\/wp\/v2\/product"}],"about":[{"href":"https:\/\/red-lighttherapy.com\/sv\/wp-json\/wp\/v2\/types\/product"}],"wp:featuredmedia":[{"embeddable":true,"href":"https:\/\/red-lighttherapy.com\/sv\/wp-json\/wp\/v2\/media\/341"}],"wp:attachment":[{"href":"https:\/\/red-lighttherapy.com\/sv\/wp-json\/wp\/v2\/media?parent=338"}],"wp:term":[{"taxonomy":"product_brand","embeddable":true,"href":"https:\/\/red-lighttherapy.com\/sv\/wp-json\/wp\/v2\/product_brand?post=338"},{"taxonomy":"product_cat","embeddable":true,"href":"https:\/\/red-lighttherapy.com\/sv\/wp-json\/wp\/v2\/product_cat?post=338"},{"taxonomy":"product_tag","embeddable":true,"href":"https:\/\/red-lighttherapy.com\/sv\/wp-json\/wp\/v2\/product_tag?post=338"}],"curies":[{"name":"wp","href":"https:\/\/api.w.org\/{rel}","templated":true}]}}