{"id":332,"date":"2025-04-11T02:59:08","date_gmt":"2025-04-11T02:59:08","guid":{"rendered":"https:\/\/red-lighttherapy.com\/?post_type=product&#038;p=332"},"modified":"2025-04-11T03:20:51","modified_gmt":"2025-04-11T03:20:51","slug":"oral-irrigator-dental-water-flosser-magnetic-closure-box","status":"publish","type":"product","link":"https:\/\/red-lighttherapy.com\/sv\/oral-irrigator-dental-water-flosser-magnetic-closure-box\/","title":{"rendered":"Munsk\u00f6ljare Dental vattenflosser Magnetisk f\u00f6rslutningsl\u00e5da"},"content":{"rendered":"<h2 id=\"-oral-irrigator-and-dental-flosser-magnetic-box-product-description-\"><strong>Produktbeskrivning f\u00f6r magnetl\u00e5da med munsk\u00f6ljare och tandtr\u00e5d<\/strong><\/h2>\n<h2 id=\"-i-packaging-design-and-structure-\"><strong>1. F\u00f6rpackningens design och struktur<\/strong><\/h2>\n<ol>\n<li><strong>Material och b\u00e4rf\u00f6rm\u00e5ga<\/strong>\u00a0Med 157G bestruket papper som ytpapper, kombinerat med 1200GSM h\u00f6gh\u00e5llfast gr\u00e5 kartongbas, bildas en stabil l\u00e5dstruktur som t\u00e5l extrudering och vibrationer vid daglig anv\u00e4ndning, vilket s\u00e4kerst\u00e4ller korrekt fixering av precisionsinstrument som inbyggda tandtr\u00e5dar och irrigatorer. L\u00e5dans tryckh\u00e5llfasthet har testats till 50 kg statiskt tryck utan deformation, vilket uppfyller h\u00e5llbarhetskraven f\u00f6r resor och medicinska scenarier.<\/li>\n<li><strong>Utseende och varum\u00e4rkespresentation<\/strong>\u00a0Med ljusa f\u00e4rger (t.ex. mintgr\u00f6nt och ljus korall) som bas anv\u00e4nds toner med l\u00e5g m\u00e4ttnad f\u00f6r att skapa en djup k\u00e4nsla av lyx, samtidigt som varum\u00e4rkeslogotypen tydligt presenteras. Ytlamineringsprocessen f\u00f6rb\u00e4ttrar antifouling- och repskyddsprestandan. Det har verifierats i laboratoriet att det inte f\u00f6rekommer n\u00e5gon krympning eller deformation vid f\u00f6rvaring i en konstant temperatur p\u00e5 40\u00b0C i 72 timmar, med h\u00e4nsyn tagen till b\u00e5de estetik och funktionalitet.<\/li>\n<li><strong>Magnetisk \u00f6ppning och st\u00e4ngning samt k\u00e4nsla av ceremoni<\/strong>\u00a0Den bokformade magnetl\u00e5dans design, \u00f6ppnings- och st\u00e4ngningsd\u00e4mpningskoefficienten \u00e4r ergonomiskt optimerad till 0,3N och kan man\u00f6vreras smidigt med en hand. Den magnetiska strukturen \u00e4r exakt inriktad och passformen \u00e4r \u00b10,1 mm n\u00e4r den \u00e4r st\u00e4ngd, vilket ger \u00f6ppnings\u00e5tg\u00e4rden en h\u00f6gtidlig k\u00e4nsla av ceremoni, som passar den professionella tonen f\u00f6r medicinska produkter.<\/li>\n<\/ol>\n<h2 id=\"-second-customized-function-adaptation-\"><strong>2. Anpassning av skr\u00e4ddarsydda funktioner<\/strong><\/h2>\n<ol>\n<li><strong>Flexibilitet i fr\u00e5ga om l\u00e5dtyp och tryck<\/strong>\u00a0St\u00f6der flera l\u00e5ddesign (s\u00e5som oblat, U-formad sp\u00e5rstruktur), anpassning till 30 ml-500 ml olika specifikationer av orala irrigatorer och oberoende f\u00f6rpackad tandtr\u00e5d. Den tryckta layouten kan anpassas med medicinska logotyper, bruksanvisningar eller varum\u00e4rkeskulturella element f\u00f6r att p\u00e5 ett korrekt s\u00e4tt f\u00f6rmedla produktegenskaper och professionell information.<\/li>\n<li><strong>Inre st\u00f6dmaterial och uppgradering av textur<\/strong>\u00a0Tillhandah\u00e5lla EVA-flockning, silkesduk, svamp och andra materialfoderalternativ:<\/li>\n<li><strong>EVA-flockning<\/strong>: utm\u00e4rkt st\u00f6ts\u00e4ker prestanda, l\u00e4mplig f\u00f6r precisionssk\u00f6ljning av huvudskydd;<\/li>\n<li><strong>Foder av silkestyg<\/strong>: delikat ber\u00f6ring, f\u00f6rb\u00e4ttrar den avancerade v\u00e5rdupplevelsen;<\/li>\n<li><strong>Skiktning av kartong<\/strong>: kan delas in i skiljev\u00e4ggar f\u00f6r f\u00f6rvaring av bevattningsmaskiner och utbytesmunstycken f\u00f6r att optimera utrymmesanv\u00e4ndningen.<\/li>\n<\/ol>\n<h2 id=\"-three-scenario-application-and-detail-optimization-\"><strong>3. Till\u00e4mpning av scenarier och detaljoptimering<\/strong><\/h2>\n<ol>\n<li><strong>Anpassning av mobila scenarier<\/strong>\u00a0L\u00e5dans tjocklek \u00e4r kontrollerad till 1,8 cm, vilket g\u00f6r att den l\u00e4tt kan stoppas i en skjortficka eller en handbagagev\u00e4ska. Den totala vikten efter att ha laddat 50 oberoende tandtr\u00e5dar motsvarar endast tv\u00e5 smartphones, och b\u00e4rbarheten \u00e4r enast\u00e5ende.<\/li>\n<li><strong>S\u00e4kerhets- och hygiengaranti<\/strong>\u00a0Alla fodermaterial uppfyller medicinska standarder (t.ex. YY\/T 0114, GB18457) f\u00f6r att undvika deformation vid h\u00f6ga temperaturer och risker med kemiska rester. L\u00e5dans kant \u00e4r rundad och greppkomforten f\u00f6rb\u00e4ttras med 18%, vilket minskar sannolikheten f\u00f6r oavsiktlig skada under drift.<\/li>\n<li><strong>Intelligent detaljutformning<\/strong>\u00a0Den inbyggda mikrospegeln p\u00e5 locket (3 cm optimering av betraktningsvinkeln) g\u00f6r det m\u00f6jligt f\u00f6r anv\u00e4ndare att utf\u00f6ra munv\u00e5rd och grooming samtidigt, och 17 vinkeljusteringar s\u00e4kerst\u00e4ller b\u00e4sta m\u00f6jliga anv\u00e4ndarupplevelse.<\/li>\n<\/ol>","protected":false},"excerpt":{"rendered":"<p>Denna magnetiska f\u00f6rslutningsl\u00e5da \u00e4r l\u00e4tt att \u00f6ppna och st\u00e4nga. Den anv\u00e4nder 157GSM styv kartong och 1200GSM gr\u00e5 konstkartong f\u00f6r att g\u00f6ra l\u00e5dans struktur och skydda dina produkter fr\u00e5n skador under transport.<\/p>","protected":false},"featured_media":335,"template":"","meta":{"_kad_post_transparent":"default","_kad_post_title":"","_kad_post_layout":"default","_kad_post_sidebar_id":"","_kad_post_content_style":"default","_kad_post_vertical_padding":"default","_kad_post_feature":"","_kad_post_feature_position":"","_kad_post_header":false,"_kad_post_footer":false,"_kad_post_classname":""},"product_brand":[],"product_cat":[15,28,17],"product_tag":[106,105,107],"class_list":{"0":"post-332","1":"product","2":"type-product","3":"status-publish","4":"has-post-thumbnail","6":"product_cat-red-light-therapy","7":"product_cat-customize","8":"product_cat-services","9":"product_tag-dental-water-flosser-box","10":"product_tag-oral-irrigator-box","11":"product_tag-oral-irrigator-magnetic-closure-box","13":"first","14":"instock","15":"shipping-taxable","16":"product-type-simple","17":"entry","18":"content-bg","19":"loop-entry"},"_links":{"self":[{"href":"https:\/\/red-lighttherapy.com\/sv\/wp-json\/wp\/v2\/product\/332","targetHints":{"allow":["GET"]}}],"collection":[{"href":"https:\/\/red-lighttherapy.com\/sv\/wp-json\/wp\/v2\/product"}],"about":[{"href":"https:\/\/red-lighttherapy.com\/sv\/wp-json\/wp\/v2\/types\/product"}],"wp:featuredmedia":[{"embeddable":true,"href":"https:\/\/red-lighttherapy.com\/sv\/wp-json\/wp\/v2\/media\/335"}],"wp:attachment":[{"href":"https:\/\/red-lighttherapy.com\/sv\/wp-json\/wp\/v2\/media?parent=332"}],"wp:term":[{"taxonomy":"product_brand","embeddable":true,"href":"https:\/\/red-lighttherapy.com\/sv\/wp-json\/wp\/v2\/product_brand?post=332"},{"taxonomy":"product_cat","embeddable":true,"href":"https:\/\/red-lighttherapy.com\/sv\/wp-json\/wp\/v2\/product_cat?post=332"},{"taxonomy":"product_tag","embeddable":true,"href":"https:\/\/red-lighttherapy.com\/sv\/wp-json\/wp\/v2\/product_tag?post=332"}],"curies":[{"name":"wp","href":"https:\/\/api.w.org\/{rel}","templated":true}]}}