{"id":326,"date":"2025-04-11T02:38:38","date_gmt":"2025-04-11T02:38:38","guid":{"rendered":"https:\/\/red-lighttherapy.com\/?post_type=product&#038;p=326"},"modified":"2025-04-11T02:58:59","modified_gmt":"2025-04-11T02:58:59","slug":"custom-kraft-paper-eyeglasses-glasses-drawer-box-wholesale","status":"publish","type":"product","link":"https:\/\/red-lighttherapy.com\/sv\/custom-kraft-paper-eyeglasses-glasses-drawer-box-wholesale\/","title":{"rendered":"Anpassad Kraftpapper glas\u00f6gon glas\u00f6gon l\u00e5da grossist"},"content":{"rendered":"<h3 id=\"-customized-kraft-paper-glasses-drawer-box-wholesale-product-description-\"><strong>Anpassad kraftpapper glas\u00f6gon l\u00e5da grossist produktbeskrivning<\/strong><\/h3>\n<h2 id=\"-1-innovative-triangular-shape-to-create-brand-visual-symbols-\"><strong>1. Innovativ triangul\u00e4r form f\u00f6r att skapa visuella varum\u00e4rkessymboler<\/strong><\/h2>\n<p>Den h\u00e4r glas\u00f6gonl\u00e5dan har en unik triangul\u00e4r tredimensionell struktur som bryter mot den traditionella fyrkantiga l\u00e5dans monotona design och ger produkten en stark igenk\u00e4nning och visuell effekt med geometrisk estetik. Den triangul\u00e4ra l\u00e5dans \u00f6ppnings- och st\u00e4ngningsdesign optimerar inte bara utrymmesanv\u00e4ndningen utan f\u00f6rmedlar ocks\u00e5 en k\u00e4nsla av modernt mode genom skarpa linjer och symmetriska kanter, vilket hj\u00e4lper varum\u00e4rket att sticka ut fr\u00e5n liknande f\u00f6rpackningar och bilda en differentierad minnespunkt.<\/p>\n<h2 id=\"-2-environmentally-friendly-materials-practicing-the-concept-of-sustainable-development-\"><strong>2. Milj\u00f6v\u00e4nliga material som till\u00e4mpar begreppet h\u00e5llbar utveckling<\/strong><\/h2>\n<p>L\u00e5dans stomme best\u00e5r av 120 g h\u00f6gh\u00e5llfast kraftpapper kombinerat med foder av gr\u00e5 kartong. J\u00e4mf\u00f6rt med traditionellt bestruket papper kan dess naturliga tr\u00e4fiberkomponenter snabbt brytas ned och det finns inga skadliga tillsatser som fluorescerande medel i produktionsprocessen. Kraftpapper har b\u00e5de slitstyrka och tryckbest\u00e4ndighet, vilket effektivt skyddar glas\u00f6gon fr\u00e5n kollisioner, samtidigt som det uppfyller internationella milj\u00f6standarder och tillgodoser konsumenternas br\u00e5dskande behov av gr\u00f6na f\u00f6rpackningar.<\/p>\n<h2 id=\"-3-printing-with-soybean-ink-to-achieve-environmental-protection-throughout-the-life-cycle-\"><strong>3. Tryck med sojab\u00f6nsf\u00e4rg f\u00f6r att uppn\u00e5 milj\u00f6skydd under hela livscykeln<\/strong><\/h2>\n<p>I tryckprocessen anv\u00e4nds sojab\u00f6nsbl\u00e4ck (SOYBEAN OIL INK), vars r\u00e5material \u00e4r f\u00f6rnybar sojab\u00f6nsolja. Efter nedbrytning kan det integreras helt i den naturliga milj\u00f6n utan rester av flyktiga organiska f\u00f6roreningar (VOC). Bl\u00e4cket \u00e4r ljust och f\u00e4rgstabilt, st\u00f6der m\u00f6nstertryck med h\u00f6g precision och deinking-effektiviteten \u00e4r h\u00f6gre n\u00e4r returpapper \u00e5tervinns, vilket ytterligare minskar resursavfallet.<\/p>\n<h2 id=\"-4-multi-field-adaptation-empowering-high-end-product-packaging-\"><strong>4. Multi-field anpassning, bemyndigande av avancerad produktf\u00f6rpackning<\/strong><\/h2>\n<p>Den triangul\u00e4ra l\u00e5dan, med sin avantgardistiska design och funktionella kompatibilitet, \u00e4r l\u00e4mplig f\u00f6r:<\/p>\n<ul>\n<li><strong>Modeaccessoarer<\/strong>: s\u00e5som solglas\u00f6gon, smycken etc., vilket framh\u00e4ver produktens l\u00e4tta lyxiga ton;<\/li>\n<li><strong>Trendiga leksaker<\/strong>: Tillhandah\u00e5ller ett unikt visningsutrymme f\u00f6r figurer i begr\u00e4nsad upplaga;<\/li>\n<li><strong>Avancerat brevpapper<\/strong>: Butikspennor och konstverktyg f\u00f6r att f\u00f6rb\u00e4ttra varum\u00e4rkets struktur. Dess flexibla applikationsscenarier kan t\u00e4cka hela l\u00e4nkbehovet fr\u00e5n detaljhandel till presentutdelning.<\/li>\n<\/ul>\n<h2 id=\"-5-exquisite-accessory-details-to-enhance-brand-aesthetic-expression-\"><strong>5. Uts\u00f6kta tillbeh\u00f6rsdetaljer f\u00f6r att f\u00f6rb\u00e4ttra varum\u00e4rkets estetiska uttryck<\/strong><\/h2>\n<p>L\u00e5dans topp \u00e4r utrustad med en dragring i satinband, som st\u00f6der skr\u00e4ddarsydd exklusiv f\u00e4rgmatchning eller varmst\u00e4mplad LOGO, vilket ger en k\u00e4nsla av ceremoni under \u00f6ppningsprocessen. L\u00e5dsp\u00e5ret har en magnetisk eller sn\u00e4ppdesign, med en inre flanelldyna f\u00f6r att s\u00e4kerst\u00e4lla smidig dragning och st\u00f6ts\u00e4ker och rept\u00e5lig, med h\u00e4nsyn till praktisk och visuell \u00f6verklagande.<\/p>\n<h2 id=\"-6-full-dimensional-customization-service-to-meet-personalized-needs-\"><strong>6. Fulldimensionell anpassningstj\u00e4nst f\u00f6r att m\u00f6ta personliga behov<\/strong><\/h2>\n<p>Tillhandah\u00e5lla en helhetsl\u00f6sning f\u00f6r kundanpassning och st\u00f6dja flexibel justering av f\u00f6ljande parametrar:<\/p>\n<ul>\n<li><strong>Typ av l\u00e5da<\/strong>: F\u00f6rutom den triangul\u00e4ra standardl\u00e5dmodellen kan den ut\u00f6kas till skiljev\u00e4ggar i flera lager eller specialformade strukturer;<\/li>\n<li><strong>Material<\/strong>: Valfritt matt\/gl\u00e4nsande kraftpapper eller vattent\u00e4t kompositbel\u00e4ggning (milj\u00f6v\u00e4nlig);<\/li>\n<li><strong>Tryckning<\/strong>: St\u00f6der varmst\u00e4mpling, silketryck, pr\u00e4gling och andra processer och \u00e4r l\u00e4mpligt f\u00f6r VI-system f\u00f6r varum\u00e4rken;<\/li>\n<li><strong>Storlek<\/strong>: T\u00e4cker behoven hos displayl\u00e5dor med enstaka glas till displayl\u00e5dor med flera rutn\u00e4t och st\u00f6der utveckling av icke-standardiserade storlekar.<\/li>\n<\/ul>\n<h2 id=\"-technical-parameters-and-delivery-guarantee-\"><strong>Tekniska parametrar och leveransgaranti<\/strong><\/h2>\n<ul>\n<li><strong>Grundstorlek<\/strong>: 160-240 mm l\u00e5ng \u00d7 66-120 mm bred \u00d7 55-120 mm h\u00f6g (justerbar);<\/li>\n<li><strong>Minsta orderkvantitet<\/strong>: 500 stycken, st\u00f6d f\u00f6r verifiering av provtryckning av sm\u00e5 partier;<\/li>\n<li><strong>Produktionscykel<\/strong>: 7-15 dagar (justeras beroende p\u00e5 hur komplex anpassningen \u00e4r);<\/li>\n<li><strong>Standarder f\u00f6r kvalitetsinspektion<\/strong>: Godk\u00e4nt milj\u00f6skyddssystem enligt ISO 14001 och tryckh\u00e5llfasthetstest f\u00f6r transport.<\/li>\n<\/ul>\n<p><strong>Samarbetsv\u00e4rde<\/strong>: Genom kombinationen av milj\u00f6v\u00e4nliga material, innovativ design och djup anpassning kan den h\u00e4r produkten hj\u00e4lpa varum\u00e4rken att minska sitt koldioxidavtryck, samtidigt som den f\u00f6rb\u00e4ttrar terminalens konsumentupplevelse med f\u00f6rpackningar av h\u00f6gt v\u00e4rde och uppn\u00e5r en win-win-situation med kommersiellt v\u00e4rde och socialt ansvar.<\/p>","protected":false},"excerpt":{"rendered":"<p>L\u00e5dan har en unik triangul\u00e4r pappersform som bryter mot den konventionella fyrkantiga l\u00e5dformen, vilket g\u00f6r hela l\u00e5dan och det relaterade varum\u00e4rket p\u00e5 l\u00e5dan mycket igenk\u00e4nnligt och visuellt effektfullt<\/p>","protected":false},"featured_media":329,"template":"","meta":{"_kad_post_transparent":"default","_kad_post_title":"","_kad_post_layout":"default","_kad_post_sidebar_id":"","_kad_post_content_style":"default","_kad_post_vertical_padding":"default","_kad_post_feature":"","_kad_post_feature_position":"","_kad_post_header":false,"_kad_post_footer":false,"_kad_post_classname":""},"product_brand":[],"product_cat":[15,20,17],"product_tag":[104,102,103],"class_list":{"0":"post-326","1":"product","2":"type-product","3":"status-publish","4":"has-post-thumbnail","6":"product_cat-red-light-therapy","7":"product_cat-led-face-light-therapy","8":"product_cat-services","9":"product_tag-custom-eyeglasses-box-wholesale","10":"product_tag-eyeglasses-drawer-box","11":"product_tag-glasses-drawer-box","13":"first","14":"instock","15":"shipping-taxable","16":"product-type-simple","17":"entry","18":"content-bg","19":"loop-entry"},"_links":{"self":[{"href":"https:\/\/red-lighttherapy.com\/sv\/wp-json\/wp\/v2\/product\/326","targetHints":{"allow":["GET"]}}],"collection":[{"href":"https:\/\/red-lighttherapy.com\/sv\/wp-json\/wp\/v2\/product"}],"about":[{"href":"https:\/\/red-lighttherapy.com\/sv\/wp-json\/wp\/v2\/types\/product"}],"wp:featuredmedia":[{"embeddable":true,"href":"https:\/\/red-lighttherapy.com\/sv\/wp-json\/wp\/v2\/media\/329"}],"wp:attachment":[{"href":"https:\/\/red-lighttherapy.com\/sv\/wp-json\/wp\/v2\/media?parent=326"}],"wp:term":[{"taxonomy":"product_brand","embeddable":true,"href":"https:\/\/red-lighttherapy.com\/sv\/wp-json\/wp\/v2\/product_brand?post=326"},{"taxonomy":"product_cat","embeddable":true,"href":"https:\/\/red-lighttherapy.com\/sv\/wp-json\/wp\/v2\/product_cat?post=326"},{"taxonomy":"product_tag","embeddable":true,"href":"https:\/\/red-lighttherapy.com\/sv\/wp-json\/wp\/v2\/product_tag?post=326"}],"curies":[{"name":"wp","href":"https:\/\/api.w.org\/{rel}","templated":true}]}}