{"id":314,"date":"2025-04-11T02:01:19","date_gmt":"2025-04-11T02:01:19","guid":{"rendered":"https:\/\/red-lighttherapy.com\/?post_type=product&#038;p=314"},"modified":"2025-04-11T02:38:29","modified_gmt":"2025-04-11T02:38:29","slug":"custom-jewelry-drawer-style-rigid-packaging-boxes-wholesale","status":"publish","type":"product","link":"https:\/\/red-lighttherapy.com\/sv\/custom-jewelry-drawer-style-rigid-packaging-boxes-wholesale\/","title":{"rendered":"Anpassade smyckesl\u00e5dor i stil med styva f\u00f6rpackningsl\u00e5dor Partihandel"},"content":{"rendered":"<h2 id=\"-customized-jewelry-drawer-style-hard-packaging-box-product-description-\">Anpassade smyckesl\u00e5dor i stil med styva f\u00f6rpackningsl\u00e5dor Partihandel<\/h2>\n<h2 id=\"-i-design-concept-dual-presentation-of-simple-aesthetics-and-ritual-sense-\"><strong>1. Designkoncept: dubbel presentation av enkel estetik och rituell k\u00e4nsla<\/strong><\/h2>\n<ol>\n<li><strong>Rent svart matt textur<\/strong>\u00a0Anv\u00e4nd rent svart l\u00e4derfyllt specialpapper som ytterl\u00e5dans material, och matt ytbehandling f\u00f6r att undvika reflekterande st\u00f6rningar, vilket skapar en\u00a0<strong>l\u00e5gm\u00e4ld lyx<\/strong>\u00a0visuell effekt. Den svarta basen matchas med en minimalistisk linjedesign f\u00f6r att st\u00e4rka varum\u00e4rkets\u00a0<strong>h\u00f6gklassig positionering<\/strong>som kontrasterar mot smyckenas glans och framh\u00e4ver produktens k\u00e4rnv\u00e4rde.<\/li>\n<li><strong>Design f\u00f6r utdragbar \u00f6ppning<\/strong>\u00a0Den traditionella l\u00e5dstrukturen med himmel och jord har \u00f6vergivits och den utdragbara l\u00e5ddesignen f\u00f6rst\u00e4rker k\u00e4nslan av ritual genom en\u00a0<strong>erfarenhet av progressiv box\u00f6ppning<\/strong>. Utdragsprocessen \u00e5tf\u00f6ljs av en silkeslen d\u00e4mpningsk\u00e4nsla, vilket ger anv\u00e4ndarna den psykologiska f\u00f6rv\u00e4ntningen att \"utforska skatter\". Den inre l\u00e5dan och den yttre ramen \u00e4r exakt ihopkn\u00e4ppta f\u00f6r att s\u00e4kerst\u00e4lla smidig utdragning utan skakningar, vilket f\u00f6rb\u00e4ttrar\u00a0<strong>avancerad k\u00e4nsla<\/strong>\u00a0av anv\u00e4ndarupplevelsen.<\/li>\n<\/ol>\n<h2 id=\"-second-material-and-structure-taking-into-account-both-protection-and-uniqueness-\"><strong>2. Material och struktur: med h\u00e4nsyn till b\u00e5de skydd och unikhet<\/strong><\/h2>\n<ol>\n<li><strong>H\u00f6gh\u00e5llfast kompositmaterial<\/strong><\/li>\n<li><strong>120 g l\u00e4derfyllt specialpapper<\/strong>: Ytan k\u00e4nns lika k\u00e4nslig som l\u00e4der, med slitstarka och antifouling-egenskaper, l\u00e4mplig f\u00f6r l\u00e5ngvarig lagring och transport.<\/li>\n<li><strong>1200GSM gr\u00e5 kartong<\/strong>: Gr\u00e5 kartong med h\u00f6g densitet ger\u00a0<strong>superstarkt st\u00f6d<\/strong>och l\u00e5dkroppens kompressionsmotst\u00e5nd \u00e4r mer \u00e4n 2 g\u00e5nger industristandarden, vilket effektivt motverkar kollision och extrudering under transport.<\/li>\n<li><strong>Modul\u00e4r strukturell design<\/strong>\u00a0L\u00e5dkroppen har en delad struktur som st\u00f6der\u00a0<strong>flexibel anpassning av storlek<\/strong>\u00a0(st\u00f6d f\u00f6r minst 10 cm\u00b3 till h\u00f6gst 50 cm\u00b3). Fodret kan anpassas med EVA-flanellsp\u00e5r eller justerbara fack beroende p\u00e5 smyckenas form, vilket passar f\u00f6r olika f\u00f6rvaringsbehov som ringar, halsband och \u00f6rh\u00e4ngen.<\/li>\n<\/ol>\n<h2 id=\"-iii-craftsmanship-details-exquisite-touch-and-brand-enhancement-\"><strong>3. Hantverksdetaljer: uts\u00f6kt touch och varum\u00e4rkesf\u00f6rst\u00e4rkning<\/strong><\/h2>\n<ol>\n<li><strong>Pr\u00e4glat hantverk och tillbeh\u00f6r i form av band<\/strong><\/li>\n<li><strong>Tredimensionellt pr\u00e4glat LOGO\/m\u00f6nster<\/strong>: Genom precisionsformpressning presenteras varum\u00e4rkeslogotypen eller det anpassade m\u00f6nstret p\u00e5 locket eller sidan av l\u00e5dan, som har en tredimensionell touch och rika visuella lager.<\/li>\n<li><strong>Dragring f\u00f6r band och metalltillbeh\u00f6r<\/strong>: L\u00e5dans fr\u00e4mre \u00e4nde \u00e4r matchad med ett satinband eller en metalldragring i samma f\u00e4rg f\u00f6r att g\u00f6ra det l\u00e4ttare att \u00f6ppna l\u00e5dan och\u00a0<strong>visuell attraktionskraft<\/strong>; bandet kan anpassas med varmst\u00e4mpling av varum\u00e4rkets f\u00e4rg eller text f\u00f6r att \u00f6ka varum\u00e4rkesigenk\u00e4nningen.<\/li>\n<li><strong>Milj\u00f6skydd och h\u00e5llbarhet<\/strong>\u00a0B\u00e5de l\u00e4derpapperet och den gr\u00e5 kartongen \u00e4r FSC-certifierade och uppfyller\u00a0<strong>standarder f\u00f6r milj\u00f6skydd<\/strong>; l\u00e5dan \u00e4r bunden med lim av livsmedelskvalitet, som inte har n\u00e5gon irriterande lukt och garanterar s\u00e4kerheten f\u00f6r f\u00f6rvaring av smycken.<\/li>\n<\/ol>\n<h2 id=\"-iv-customized-service-full-process-personalized-solution-\"><strong>4. Anpassad service: personlig l\u00f6sning f\u00f6r hela processen<\/strong><\/h2>\n<ol>\n<li><strong>F\u00f6rdjupat designst\u00f6d<\/strong><\/li>\n<li>Tillhandah\u00e5lla\u00a0<strong>3D-modellering och korrekturl\u00e4sning<\/strong>\u00a0service kan kunderna delta i den detaljerade justeringen av l\u00e5dans typ, m\u00f6nster och foderstruktur f\u00f6r att s\u00e4kerst\u00e4lla att design\u00e5terst\u00e4llningsgraden n\u00e5r 99%.<\/li>\n<li>St\u00f6d f\u00f6r\u00a0<strong>20+ ytbehandlingar<\/strong>\u00a0s\u00e5som varmst\u00e4mpling, UV, lasergravyr etc. f\u00f6r att m\u00f6ta olika stilkrav (s\u00e5som ljusa lyxiga m\u00f6rka m\u00f6nster, aurora laser etc.).<\/li>\n<li><strong>Massproduktion och logistikgaranti<\/strong><\/li>\n<li>Minsta orderkvantitet\u00a0<strong>500<\/strong>, korrekturcykel 3-5 dagar, massproduktionscykel 7-14 dagar.<\/li>\n<li>St\u00f6dja SF Express\/Deppon Logistics i hela landet, tillhandah\u00e5lla\u00a0<strong>ers\u00e4ttning f\u00f6r skada<\/strong>\u00a0service f\u00f6r att s\u00e4kerst\u00e4lla en problemfri leverans.<\/li>\n<\/ol>\n<h2 id=\"-v-application-scenarios-and-brand-value-\"><strong>5. Till\u00e4mpningsscenarier och varum\u00e4rkesv\u00e4rde<\/strong><\/h2>\n<ul>\n<li><strong>Till\u00e4mpliga scenarier<\/strong>: smycken m\u00e4rkesbutiker, high-end presentanpassning, lyxiga gemensamma f\u00f6rpackningar, br\u00f6llop smycken upps\u00e4ttningar, etc.<\/li>\n<li><strong>St\u00e4rkande av varum\u00e4rket<\/strong>: Genom den\u00a0<strong>visuell enhetlighet<\/strong>\u00a0och\u00a0<strong>taktila minnespunkter<\/strong> av f\u00f6rpackningen, st\u00e4rka konsumenternas uppfattning om varum\u00e4rkets \"uts\u00f6kta, professionella och milj\u00f6v\u00e4nliga\" och \u00f6ka \u00e5terk\u00f6psfrekvensen och den sociala kommunikationspotentialen<\/li>\n<\/ul>\n<p>Denna f\u00f6rpackning \u00e4r inte bara en beh\u00e5llare utan ocks\u00e5 en b\u00e4rare av varum\u00e4rkesber\u00e4ttelser och en ber\u00f6ringspunkt f\u00f6r anv\u00e4ndarnas k\u00e4nslor, vilket hj\u00e4lper dig att sticka ut p\u00e5 smyckesmarknaden.<\/p>","protected":false},"excerpt":{"rendered":"<p>Denna pappersl\u00e5da f\u00f6r smyckesl\u00e5dor har en mer visuell inverkan och en k\u00e4nsla av ritual \u00e4n den traditionella \u00f6ppningsmetoden f\u00f6r l\u00e5dor. LOGOTYPEN har ett pr\u00e4glat hantverk, vilket ger en k\u00e4nsla av visuell f\u00f6rfining och en rik taktil upplevelse.<\/p>","protected":false},"featured_media":316,"template":"","meta":{"_kad_post_transparent":"default","_kad_post_title":"","_kad_post_layout":"default","_kad_post_sidebar_id":"","_kad_post_content_style":"default","_kad_post_vertical_padding":"default","_kad_post_feature":"","_kad_post_feature_position":"","_kad_post_header":false,"_kad_post_footer":false,"_kad_post_classname":""},"product_brand":[],"product_cat":[15,20,17],"product_tag":[101,100,99],"class_list":{"0":"post-314","1":"product","2":"type-product","3":"status-publish","4":"has-post-thumbnail","6":"product_cat-red-light-therapy","7":"product_cat-led-face-light-therapy","8":"product_cat-services","9":"product_tag-custom-boxes-wholesale","10":"product_tag-jewelry-packaging-boxes","11":"product_tag-jewelry-rigid-boxes","13":"first","14":"instock","15":"shipping-taxable","16":"product-type-simple","17":"entry","18":"content-bg","19":"loop-entry"},"_links":{"self":[{"href":"https:\/\/red-lighttherapy.com\/sv\/wp-json\/wp\/v2\/product\/314","targetHints":{"allow":["GET"]}}],"collection":[{"href":"https:\/\/red-lighttherapy.com\/sv\/wp-json\/wp\/v2\/product"}],"about":[{"href":"https:\/\/red-lighttherapy.com\/sv\/wp-json\/wp\/v2\/types\/product"}],"wp:featuredmedia":[{"embeddable":true,"href":"https:\/\/red-lighttherapy.com\/sv\/wp-json\/wp\/v2\/media\/316"}],"wp:attachment":[{"href":"https:\/\/red-lighttherapy.com\/sv\/wp-json\/wp\/v2\/media?parent=314"}],"wp:term":[{"taxonomy":"product_brand","embeddable":true,"href":"https:\/\/red-lighttherapy.com\/sv\/wp-json\/wp\/v2\/product_brand?post=314"},{"taxonomy":"product_cat","embeddable":true,"href":"https:\/\/red-lighttherapy.com\/sv\/wp-json\/wp\/v2\/product_cat?post=314"},{"taxonomy":"product_tag","embeddable":true,"href":"https:\/\/red-lighttherapy.com\/sv\/wp-json\/wp\/v2\/product_tag?post=314"}],"curies":[{"name":"wp","href":"https:\/\/api.w.org\/{rel}","templated":true}]}}