{"id":308,"date":"2025-04-11T01:44:45","date_gmt":"2025-04-11T01:44:45","guid":{"rendered":"https:\/\/red-lighttherapy.com\/?post_type=product&#038;p=308"},"modified":"2025-04-11T02:01:12","modified_gmt":"2025-04-11T02:01:12","slug":"premium-quality-custom-tea-packaging-pouches-boxes-wholesale","status":"publish","type":"product","link":"https:\/\/red-lighttherapy.com\/sv\/premium-quality-custom-tea-packaging-pouches-boxes-wholesale\/","title":{"rendered":"Anpassade tef\u00f6rpackningsp\u00e5sar av h\u00f6gsta kvalitet L\u00e5dor Partihandel"},"content":{"rendered":"<h2 id=\"-high-end-customized-tea-gift-box-a-packaging-solution-that-combines-traditional-aesthetics-with-modern-practicality-\"><strong>Anpassade tef\u00f6rpackningar med p\u00e5sar och l\u00e5dor av h\u00f6gsta kvalitet - en f\u00f6rpackningsl\u00f6sning som kombinerar traditionell estetik med modern funktionalitet<\/strong><\/h2>\n<h2 id=\"-1-core-material-a-perfect-balance-between-environmental-protection-and-pressure-resistance-\"><strong>1. K\u00e4rnmaterial: en perfekt balans mellan milj\u00f6skydd och tryckbest\u00e4ndighet<\/strong><\/h2>\n<p>Denna tef\u00f6rpackningsl\u00e5da har en\u00a0<strong>konstruktion av dubbelskiktad kompositstruktur\u00a0<\/strong>: det yttre skiktet \u00e4r\u00a0<strong>FSC-certifierad r\u00f6d kartong\u00a0<\/strong>och det inre lagret \u00e4r kompletterat med\u00a0<strong>gr\u00e5 kartong med h\u00f6g densitet\u00a0<\/strong>vilket inneb\u00e4r ett dubbelt genombrott n\u00e4r det g\u00e4ller milj\u00f6skydd och funktionalitet.<\/p>\n<ul>\n<li><strong>Milj\u00f6certifiering\u00a0<\/strong>: Godk\u00e4nd SGS-testning och EN71-s\u00e4kerhetsstandarder, med ren tr\u00e4massa och f\u00e4rg\u00e4mnen av livsmedelskvalitet f\u00f6r att s\u00e4kerst\u00e4lla direktkontakt med teblad.<\/li>\n<li><strong>Kompressionsmotst\u00e5nd\u00a0<\/strong>: Enligt laboratorietester kan l\u00e5dan b\u00e4ra 15 kg utan att deformeras och dess antiseismiska prestanda \u00e4r 30% b\u00e4ttre \u00e4n industristandarden (data fr\u00e5n vitboken fr\u00e5n Packaging Industry Association).<\/li>\n<li><strong>Detaljbearbetning\u00a0<\/strong>: Ytan \u00e4r t\u00e4ckt med matt filmteknik, som har en k\u00e4nslig touch och anti-fingeravtrycksrester, vilket f\u00f6rb\u00e4ttrar den avancerade strukturen.<\/li>\n<\/ul>\n<h2 id=\"-ii-humanized-design-innovative-experience-of-pull-out-opening-and-closing-\"><strong>2. Humaniserad design: innovativ upplevelse av utdragbar \u00f6ppning och st\u00e4ngning<\/strong><\/h2>\n<p>Antagande\u00a0<strong>system f\u00f6r utdragning av gravitationsk\u00e4rna<\/strong>g\u00f6r det m\u00f6jligt att \"\u00f6ppna med ett lyft och st\u00e4nga med ett tryck\":<\/p>\n<ul>\n<li><strong>Uppgraderad k\u00e4nsla av ceremoni<\/strong>: 3 mm d\u00e4mpningsdesign g\u00f6r utdragsprocessen som att \u00f6ppna en v\u00e4rdefull bok, vilket f\u00f6rb\u00e4ttrar konsumenternas interaktiva upplevelse.<\/li>\n<li><strong>Stabil struktur<\/strong>: Sp\u00e5ret antar 45 \u00b0 lutande f\u00f6rst\u00e4rkningsteknik och det f\u00f6rblir smidigt som tidigare efter 5000 \u00f6ppnings- och st\u00e4ngningstester (i linje med GB \/ T 4857-standarden).<\/li>\n<li><strong>Optimering av utrymme<\/strong>: L\u00e5dans djup \u00e4r 20% mindre \u00e4n f\u00f6r den traditionella clamshell-typen, vilket \u00e4r mer l\u00e4mpligt f\u00f6r stormarknadsvisning och lagerh\u00e5llning och transport.<\/li>\n<\/ul>\n<h2 id=\"-iii-visual-communication-modern-expression-of-oriental-aesthetics-\"><strong>3. Visuell kommunikation: ett modernt uttryck f\u00f6r orientalisk estetik<\/strong><\/h2>\n<p><strong>Designspr\u00e5k<\/strong>\u00a0har \"less is more\" som k\u00e4rnkoncept:<\/p>\n<ul>\n<li><strong>F\u00e4rgsystem<\/strong>: Huvudf\u00e4rgen \u00e4r\u00a0<strong>F\u00f6rbjudna stadens r\u00f6da v\u00e4gg (Pantone 18-1663TPX)<\/strong>, som symboliserar v\u00e4rdighet och lyckobringande. Det har verifierats genom f\u00e4rgpsykologi att det kan \u00f6ka viljan att k\u00f6pa g\u00e5vor med 32%.<\/li>\n<li><strong>Visuellt fokus<\/strong>: 2 mm varmst\u00e4mplad matt guldlogotyp med centrerad design, kombinerad med 0,3 mm ultrafin konkav ram, \u00f6kar varum\u00e4rkesigenk\u00e4nningen med 57% (data fr\u00e5n unders\u00f6kningen China Packaging Design Association).<\/li>\n<li><strong>Kulturella symboler<\/strong>: Valfritt 24 soltermer heta st\u00e4mplingsm\u00f6nster eller Tea Horse Ancient Road reliefhantverk f\u00f6r att f\u00f6rdjupa kulturella attribut.<\/li>\n<\/ul>\n<h2 id=\"-fourth-lining-protection-dual-upgrade-of-function-and-aesthetics-\"><strong>4. Foderskydd: dubbel uppgradering av funktion och estetik<\/strong><\/h2>\n<p>Innovativ\u00a0<strong>trestegs buffertsystem<\/strong>\u00a0garanterar teets s\u00e4kerhet:<\/p>\n<ol>\n<li><strong>F\u00f6rsta skyddslagret<\/strong>: 2 mm inre st\u00f6d av svart EVA-skum, godk\u00e4nd enligt ISTA 3A-standarden f\u00f6r transporttest<\/li>\n<li><strong>Stabilitet i mellanskiktet<\/strong>: v\u00e5gig kartongv\u00e4gg, effektivt dispergerar yttre kraftp\u00e5verkan<\/li>\n<li><strong>St\u00f6d f\u00f6r bottenlager<\/strong>: svavelsyrapapper av livsmedelskvalitet \u00e4r oberoende f\u00f6rpackat, med en fukts\u00e4ker hastighet p\u00e5 98,7%\u00a0<em>Obs: Det svarta kartongfodret \u00e4r kalibrerat med LAB-kolorimeter, vilket kan \u00f6ka teets f\u00e4rgkontrast med 41%<\/em><\/li>\n<\/ol>\n<h2 id=\"-five-flexible-customization-adapt-to-full-scene-needs-\"><strong>5. Flexibel anpassning: anpassa dig till fulla scenbehov<\/strong><\/h2>\n<p>Vi tillhandah\u00e5ller\u00a0<strong>tj\u00e4nster f\u00f6r modul\u00e4r anpassning<\/strong>:<\/p>\n<ul>\n<li><strong>Anpassning av storlek<\/strong>: st\u00f6d 50g-5kg full specifikationst\u00e4ckning, specialbox typ 3D-provningscykel \u00e4r bara 24 timmar<\/li>\n<li><strong>Funktionsexpansion<\/strong>: valfritt NFC-chip mot f\u00f6rfalskning, lager\/AR-skanningsf\u00f6nster och andra intelligenta moduler<\/li>\n<li><strong>Merv\u00e4rdesskapande tj\u00e4nster<\/strong>: kostnadsfritt paket med marknadsf\u00f6ringsmaterial f\u00f6r scenen (inklusive kort videomanus f\u00f6r uppackning, mall f\u00f6r detaljsida f\u00f6r e-handel)<\/li>\n<\/ul>\n<h2 id=\"-cooperation-process-\"><strong>Samarbetsprocess<\/strong><\/h2>\n<ol>\n<li><strong>Bekr\u00e4ftelse av krav<\/strong>: Ange krav p\u00e5 produktstorlek\/scenplacering\/kulturellt element<\/li>\n<li><strong>L\u00f6sningsutg\u00e5ng<\/strong>: Tillhandah\u00e5lla 3 upps\u00e4ttningar designf\u00f6rslag inom 3 arbetsdagar<\/li>\n<li><strong>Bekr\u00e4ftelse av korrekturl\u00e4sning<\/strong>: St\u00f6d f\u00f6r dubbel verifiering av fysisk\/3D-modell<\/li>\n<li><strong>Massproduktion<\/strong>: Minsta best\u00e4llning p\u00e5 1.000 stycken, st\u00f6d f\u00f6r direkt leverans fr\u00e5n tre lager i \u00f6stra Kina \/ s\u00f6dra Kina \/ sydv\u00e4stra Kina<\/li>\n<\/ol>","protected":false},"excerpt":{"rendered":"<p>Den h\u00e4r l\u00e5dan har en klassisk design med pappersl\u00e5dor som \u00f6ppnas och st\u00e4ngs. Den \u00e4r tillverkad av r\u00f6d styv kartong och gr\u00e5 konstkartong, som \u00e4r h\u00e5llbara och milj\u00f6v\u00e4nliga material som kan skydda produkterna i l\u00e5dan.<\/p>","protected":false},"featured_media":311,"template":"","meta":{"_kad_post_transparent":"default","_kad_post_title":"","_kad_post_layout":"default","_kad_post_sidebar_id":"","_kad_post_content_style":"default","_kad_post_vertical_padding":"default","_kad_post_feature":"","_kad_post_feature_position":"","_kad_post_header":false,"_kad_post_footer":false,"_kad_post_classname":""},"product_brand":[],"product_cat":[15,20,17],"product_tag":[98,96,97],"class_list":{"0":"post-308","1":"product","2":"type-product","3":"status-publish","4":"has-post-thumbnail","6":"product_cat-red-light-therapy","7":"product_cat-led-face-light-therapy","8":"product_cat-services","9":"product_tag-custom-tea-packaging-wholesale","10":"product_tag-tea-packaging-boxes","11":"product_tag-tea-pouches-boxes","13":"first","14":"instock","15":"shipping-taxable","16":"product-type-simple","17":"entry","18":"content-bg","19":"loop-entry"},"_links":{"self":[{"href":"https:\/\/red-lighttherapy.com\/sv\/wp-json\/wp\/v2\/product\/308","targetHints":{"allow":["GET"]}}],"collection":[{"href":"https:\/\/red-lighttherapy.com\/sv\/wp-json\/wp\/v2\/product"}],"about":[{"href":"https:\/\/red-lighttherapy.com\/sv\/wp-json\/wp\/v2\/types\/product"}],"wp:featuredmedia":[{"embeddable":true,"href":"https:\/\/red-lighttherapy.com\/sv\/wp-json\/wp\/v2\/media\/311"}],"wp:attachment":[{"href":"https:\/\/red-lighttherapy.com\/sv\/wp-json\/wp\/v2\/media?parent=308"}],"wp:term":[{"taxonomy":"product_brand","embeddable":true,"href":"https:\/\/red-lighttherapy.com\/sv\/wp-json\/wp\/v2\/product_brand?post=308"},{"taxonomy":"product_cat","embeddable":true,"href":"https:\/\/red-lighttherapy.com\/sv\/wp-json\/wp\/v2\/product_cat?post=308"},{"taxonomy":"product_tag","embeddable":true,"href":"https:\/\/red-lighttherapy.com\/sv\/wp-json\/wp\/v2\/product_tag?post=308"}],"curies":[{"name":"wp","href":"https:\/\/api.w.org\/{rel}","templated":true}]}}