{"id":302,"date":"2025-04-10T14:48:23","date_gmt":"2025-04-10T14:48:23","guid":{"rendered":"https:\/\/red-lighttherapy.com\/?post_type=product&#038;p=302"},"modified":"2025-04-11T01:44:37","modified_gmt":"2025-04-11T01:44:37","slug":"custom-triangular-packaging-rigid-boxes-wholesale-with-logo","status":"publish","type":"product","link":"https:\/\/red-lighttherapy.com\/sv\/custom-triangular-packaging-rigid-boxes-wholesale-with-logo\/","title":{"rendered":"Anpassade triangul\u00e4ra f\u00f6rpackningar styva l\u00e5dor grossist med logotyp"},"content":{"rendered":"<h2 id=\"customized-triangular-packaging-hard-box-products\">Anpassade triangul\u00e4ra f\u00f6rpackningar styva l\u00e5dor grossist med logotyp<\/h2>\n<h2 id=\"-1-unique-design-subverting-traditional-visual-experience-\"><strong>1. Unik design, undergr\u00e4ver traditionell visuell upplevelse<\/strong><\/h2>\n<p>Denna f\u00f6rpackningsl\u00e5da har en innovativ triangul\u00e4r tredimensionell struktur som bryter begr\u00e4nsningarna f\u00f6r konventionella fyrkantiga l\u00e5dor och anv\u00e4nder geometrisk estetik f\u00f6r att f\u00f6rb\u00e4ttra varum\u00e4rkesigenk\u00e4nningen och den visuella effekten.<\/p>\n<h2 id=\"-2-minimalist-aesthetic-design-strengthening-brand-memory-\"><strong>2. Minimalistisk estetisk design, st\u00e4rker varum\u00e4rkesminnet<\/strong><\/h2>\n<p>F\u00f6rpackningen \u00e4r baserad p\u00e5 klassiska svarta och vita f\u00e4rger. Hela kroppen \u00e4r tillverkad av ren svart kartong med 1200g ensidig svart och gr\u00e5 kartongmontering. Den har en k\u00e4nslig touch och tjock konsistens, vilket perfekt bibeh\u00e5ller den tredimensionella formen p\u00e5 den triangul\u00e4ra h\u00e5rda l\u00e5dan. L\u00e5dans yta \u00e4r utsmyckad med vit varum\u00e4rkestext eller grafik, vilket bildar en stark visuell kontrast, som \u00e4r enkel och atmosf\u00e4risk samtidigt som den f\u00f6rmedlar varum\u00e4rkets avancerade ton. Logodelen anv\u00e4nder varmst\u00e4mplingsteknik f\u00f6r att f\u00f6rb\u00e4ttra strukturen genom metallisk lyster. Den kan ocks\u00e5 anpassas p\u00e5 beg\u00e4ran f\u00f6r lokal UV, pr\u00e4gling, matt och andra processer f\u00f6r att m\u00f6ta de olika varum\u00e4rkesuttrycksbehoven.<\/p>\n<h2 id=\"-3-environmentally-friendly-materials-and-craftsmanship-taking-into-account-both-quality-and-sustainability-\"><strong>3. Milj\u00f6v\u00e4nliga material och milj\u00f6v\u00e4nligt hantverk, med h\u00e4nsyn till b\u00e5de kvalitet och h\u00e5llbarhet<\/strong><\/h2>\n<ul>\n<li><strong>Huvudmaterial<\/strong>: V\u00e4lj milj\u00f6v\u00e4nlig svart kartong med neutral tr\u00e4massa, med ett neutralt PH-v\u00e4rde, 100% \u00e5tervinningsbar och i linje med internationella milj\u00f6standarder; 1200 g h\u00f6gdensitetsgr\u00e5 kartongfoder s\u00e4kerst\u00e4ller att l\u00e5dan \u00e4r robust och h\u00e5llbar.<\/li>\n<li><strong>Hantverk<\/strong>: Ytan kan valfritt bel\u00e4ggas med ljus film \/ underfilm, pr\u00e4glad etc. f\u00f6r att f\u00f6rb\u00e4ttra vattent\u00e4t och antifoulingprestanda; varmst\u00e4mpling, UV och andra processer anv\u00e4nder alla giftfria och milj\u00f6v\u00e4nliga bl\u00e4ck och klarar SGS-certifiering.<\/li>\n<\/ul>\n<h2 id=\"-4-customized-inner-support-solution-precise-adaptation-to-product-protection-\"><strong>4. Skr\u00e4ddarsydd l\u00f6sning f\u00f6r inre st\u00f6d, exakt anpassning till produktskydd<\/strong><\/h2>\n<p>Enligt kundprodukternas egenskaper tillhandah\u00e5ller vi en m\u00e4ngd olika milj\u00f6v\u00e4nliga inre st\u00f6dmaterial som svamp, EVA, p\u00e4rlbomull etc. och uppn\u00e5r en perfekt passform med produktformen genom exakt form\u00f6ppning f\u00f6r att f\u00f6rhindra transportskakning. Det inre st\u00f6det kan utformas som en sektionsstruktur, blistertyp eller mjuk foderstruktur, l\u00e4mplig f\u00f6r olika kategorier som smycken, elektroniska tillbeh\u00f6r och precisionsinstrument.<\/p>\n<h2 id=\"-5-wide-application-fields-and-brand-empowerment-\"><strong>5. Breda anv\u00e4ndningsomr\u00e5den och st\u00e4rkt varum\u00e4rke<\/strong><\/h2>\n<p>Denna triangul\u00e4ra f\u00f6rpackningsl\u00e5da \u00e4r avsedd f\u00f6r produkter med h\u00f6gt f\u00f6r\u00e4dlingsv\u00e4rde och t\u00e4cker f\u00f6ljande branscher:<\/p>\n<ul>\n<li><strong>Modeaccessoarer<\/strong>: s\u00e5som l\u00e4tta lyxsmycken och designsmycken, som framh\u00e4ver den konstn\u00e4rliga tonen.<\/li>\n<li><strong>Trendiga leksaker<\/strong>: s\u00e5som blindboxar och figurer, som attraherar unga konsumentgrupper genom unika former.<\/li>\n<li><strong>Avancerat brevpapper<\/strong>: som pennor i begr\u00e4nsad upplaga och anteckningsb\u00f6cker f\u00f6r konst, vilket f\u00f6rh\u00f6jer g\u00e5vans attribut.<\/li>\n<li><strong>Mat\/te<\/strong>: kan matchas med varmst\u00e4mplingsteknik och fukts\u00e4kert foder, l\u00e4mpligt f\u00f6r presentf\u00f6rpackningar f\u00f6r semester.<\/li>\n<\/ul>\n<h2 id=\"-6-leading-enterprise-strength-guarantee-full-link-service-support-\"><strong>6. Ledande f\u00f6retagsstyrka garanti, full-link service support<\/strong><\/h2>\n<p>Som ett ledande f\u00f6retag inom tryck- och f\u00f6rpackningsindustrin har vi betj\u00e4nat mer \u00e4n 2 500 inhemska och utl\u00e4ndska varum\u00e4rken och erbjuder f\u00f6ljande k\u00e4rnf\u00f6rdelar:<\/p>\n<ul>\n<li><strong>Flexibel produktion<\/strong>: st\u00f6d 500 stycken av minsta order, daglig produktionskapacitet p\u00e5 miljoner, f\u00f6r att m\u00f6ta behoven hos br\u00e5dskande order.<\/li>\n<li><strong>Fullst\u00e4ndig processervice<\/strong>: fr\u00e5n optimering av designutkast (st\u00f6d f\u00f6r AI\/CDR\/AI-format), korrekturbekr\u00e4ftelse till massproduktion, 7-14 dagar med extremt snabb leverans.<\/li>\n<li><strong>Garanti efter f\u00f6rs\u00e4ljning<\/strong>: Erbjuda skadeers\u00e4ttning, logistiksp\u00e5rning och lagerhanteringstj\u00e4nster, och svarstiden efter f\u00f6rs\u00e4ljning \u00e4r mindre \u00e4n 24 timmar.<\/li>\n<\/ul>\n<h2 id=\"-technical-parameters-\"><strong>Tekniska parametrar<\/strong><\/h2>\n<table>\n<thead>\n<tr>\n<th>Projekt<\/th>\n<th>Specifikationer<\/th>\n<\/tr>\n<\/thead>\n<tbody>\n<tr>\n<td>Material<\/td>\n<td>Milj\u00f6v\u00e4nlig svart kartong + 1200g enkelh\u00e4ftande svartgr\u00e5 kartong<\/td>\n<\/tr>\n<tr>\n<td>Process<\/td>\n<td>Varmst\u00e4mpling folie \/ Spot UV \/ pr\u00e4gling \/ laminering (tillval)<\/td>\n<\/tr>\n<tr>\n<td>Storlek<\/td>\n<td>St\u00f6d f\u00f6r anpassning av 1-100 cm<\/td>\n<\/tr>\n<tr>\n<td>Minsta orderkvantitet<\/td>\n<td>500 stycken<\/td>\n<\/tr>\n<tr>\n<td>Leveranscykel<\/td>\n<td>7-14 dagar (justeras beroende p\u00e5 hur komplicerad processen \u00e4r)<\/td>\n<\/tr>\n<\/tbody>\n<\/table>\n<h2 id=\"-cooperation-process-\"><strong>Samarbetsprocess<\/strong><\/h2>\n<ol>\n<li><strong>Bekr\u00e4ftelse av efterfr\u00e5gan<\/strong>: Ange produktstorlek, designf\u00f6rslag och processkrav.<\/li>\n<li><strong>Korrekturl\u00e4sning<\/strong>: Leverera fysiska provl\u00e5dor inom 3-5 arbetsdagar.<\/li>\n<li><strong>Massproduktion<\/strong>: Starta produktionen efter f\u00f6rskottsbetalning och \u00f6vervaka kvalitetskontrollen under hela processen.<\/li>\n<li><strong>Leverans av logistik<\/strong>: St\u00f6dja globala transporter och tillhandah\u00e5lla st\u00f6ts\u00e4kra f\u00f6rpackningsl\u00f6sningar.<\/li>\n<\/ol>","protected":false},"excerpt":{"rendered":"<p>Denna l\u00e5da har en unik triangul\u00e4r form som bryter mot den konventionella fyrkantiga l\u00e5dformen. Den \u00f6vre och nedre l\u00e5dan \u00e4r l\u00e4tt att \u00f6ppna och st\u00e4nga, vilket f\u00f6rh\u00f6jer upplevelsen av att packa upp<\/p>","protected":false},"featured_media":305,"template":"","meta":{"_kad_post_transparent":"default","_kad_post_title":"","_kad_post_layout":"default","_kad_post_sidebar_id":"","_kad_post_content_style":"default","_kad_post_vertical_padding":"default","_kad_post_feature":"","_kad_post_feature_position":"","_kad_post_header":false,"_kad_post_footer":false,"_kad_post_classname":""},"product_brand":[],"product_cat":[15,19,17],"product_tag":[95,93,94],"class_list":{"0":"post-302","1":"product","2":"type-product","3":"status-publish","4":"has-post-thumbnail","6":"product_cat-red-light-therapy","7":"product_cat-red-light-therapy-stand","8":"product_cat-services","9":"product_tag-triangular-boxes-wholesale","10":"product_tag-triangular-packaging-boxes","11":"product_tag-triangular-rigid-boxes","13":"first","14":"instock","15":"shipping-taxable","16":"product-type-simple","17":"entry","18":"content-bg","19":"loop-entry"},"_links":{"self":[{"href":"https:\/\/red-lighttherapy.com\/sv\/wp-json\/wp\/v2\/product\/302","targetHints":{"allow":["GET"]}}],"collection":[{"href":"https:\/\/red-lighttherapy.com\/sv\/wp-json\/wp\/v2\/product"}],"about":[{"href":"https:\/\/red-lighttherapy.com\/sv\/wp-json\/wp\/v2\/types\/product"}],"wp:featuredmedia":[{"embeddable":true,"href":"https:\/\/red-lighttherapy.com\/sv\/wp-json\/wp\/v2\/media\/305"}],"wp:attachment":[{"href":"https:\/\/red-lighttherapy.com\/sv\/wp-json\/wp\/v2\/media?parent=302"}],"wp:term":[{"taxonomy":"product_brand","embeddable":true,"href":"https:\/\/red-lighttherapy.com\/sv\/wp-json\/wp\/v2\/product_brand?post=302"},{"taxonomy":"product_cat","embeddable":true,"href":"https:\/\/red-lighttherapy.com\/sv\/wp-json\/wp\/v2\/product_cat?post=302"},{"taxonomy":"product_tag","embeddable":true,"href":"https:\/\/red-lighttherapy.com\/sv\/wp-json\/wp\/v2\/product_tag?post=302"}],"curies":[{"name":"wp","href":"https:\/\/api.w.org\/{rel}","templated":true}]}}