{"id":296,"date":"2025-04-10T14:37:20","date_gmt":"2025-04-10T14:37:20","guid":{"rendered":"https:\/\/red-lighttherapy.com\/?post_type=product&#038;p=296"},"modified":"2025-04-10T14:47:44","modified_gmt":"2025-04-10T14:47:44","slug":"wholesale-perfume-cosmetic-packaging-gift-boxes-supplier","status":"publish","type":"product","link":"https:\/\/red-lighttherapy.com\/sv\/wholesale-perfume-cosmetic-packaging-gift-boxes-supplier\/","title":{"rendered":"Partihandel parfym kosmetisk f\u00f6rpackning presentaskar leverant\u00f6r"},"content":{"rendered":"<h3 id=\"product-description-of-perfume-and-cosmetics-gift-box-with-top-and-bottom-cover\">Partihandel parfym kosmetisk f\u00f6rpackning presentaskar leverant\u00f6r<\/h3>\n<h2 id=\"-1-top-and-bottom-cover-box-design-combining-practicality-and-aesthetic-value-\"><strong>1. Design med topp- och bottenl\u00e5da som kombinerar praktiska och estetiska v\u00e4rden<\/strong><\/h2>\n<p>Denna presentf\u00f6rpackning antar den klassiska l\u00e5dtypen med topp- och bottenlock, med en enkel och stabil struktur. Topplocket och bottenl\u00e5dan \u00e4r anslutna med exakt plug-in eller magnetisk sugning, vilket \u00e4r bekv\u00e4mt att \u00f6ppna och st\u00e4nga och fullt av rituell k\u00e4nsla.<\/p>\n<h2 id=\"-2-high-standard-material-combination-taking-into-account-both-protection-and-texture-\"><strong>2. Materialkombination av h\u00f6g standard, med h\u00e4nsyn tagen till b\u00e5de skydd och struktur<\/strong><\/h2>\n<ul>\n<li><strong>Ytterboxens material<\/strong>: 157g bestruket papperslaminering + 1200G gr\u00e5 kartong v\u00e4ljs, som har h\u00f6g styvhet och stark tryckmotst\u00e5nd, effektivt kan motst\u00e5 kollision och extrudering under transport och s\u00e4kerst\u00e4lla s\u00e4kerheten f\u00f6r interna produkter.<\/li>\n<li><strong>Design f\u00f6r innerbox<\/strong>: Ytan p\u00e5 innerl\u00e5dan har en process med silverflash-effekt, kombinerad med screentryck eller djuptrycksteknik, som ger metallisk lyster och k\u00e4nslig ber\u00f6ring, vilket \u00f6kar lyxen i den totala f\u00f6rpackningen.<\/li>\n<\/ul>\n<h2 id=\"-3-high-end-craft-details-creating-a-dual-visual-and-tactile-experience-\"><strong>3. Avancerade hantverksdetaljer som skapar en dubbel visuell och taktil upplevelse<\/strong><\/h2>\n<ul>\n<li><strong>Pr\u00e4glat hantverk<\/strong>: Ytan p\u00e5 den yttre l\u00e5dan \u00e4r formad med m\u00f6nster eller varum\u00e4rkeslogotyper genom tredimensionell pr\u00e4glingsteknik f\u00f6r att f\u00f6rb\u00e4ttra visuell f\u00f6rfining och taktil skiktning.<\/li>\n<li><strong>Varmt silver och partiell UV<\/strong>: Logotypen och texten p\u00e5 l\u00e5dans yta \u00e4r varm silver, med partiell UV-lackt\u00e4ckning, som bildar en matt och blank kontrast, vilket ytterligare lyfter fram varum\u00e4rkestonen och produktkvaliteten.<\/li>\n<\/ul>\n<h2 id=\"-4-customized-lining-structure-all-round-product-protection-\"><strong>4. Anpassad foderstruktur, allsidigt produktskydd<\/strong><\/h2>\n<p>Det inre facket \u00e4r tillverkat av svart EVA-material, med mjuk sammet p\u00e5 ytan, som inte bara kan fixa parfymflaskor eller kosmetika, utan ocks\u00e5 buffra vibrationer och f\u00f6rhindra repor. Den st\u00f6der personlig anpassning och kan ers\u00e4ttas med skum med h\u00f6g densitet, flockning eller nedbrytbara material enligt kundens behov f\u00f6r att anpassa sig till olika produkters form och skyddsbehov.<\/p>\n<h2 id=\"-5-simple-aesthetic-design-conveying-the-high-end-image-of-the-brand-\"><strong>5. Enkel estetisk design som f\u00f6rmedlar varum\u00e4rkets avancerade image<\/strong><\/h2>\n<p>Den \u00f6vergripande f\u00f6rpackningen \u00e4r huvudsakligen svart och silver, med en enkel varum\u00e4rkeslogotyp och textlayout, vilket skapar en avancerad, modern och professionell visuell stil. Formspr\u00e5ket f\u00f6ljer principen \"less is more\" och f\u00f6rst\u00e4rker varum\u00e4rkesigenk\u00e4nningen genom f\u00e4rgkontrast och blank bearbetning.<\/p>\n<h2 id=\"-6-personalized-customization-service-to-meet-diverse-needs-\"><strong>6. Personlig anpassningstj\u00e4nst f\u00f6r att m\u00f6ta olika behov<\/strong><\/h2>\n<p>Vi erbjuder kundanpassade tj\u00e4nster fr\u00e5n design till produktion:<\/p>\n<ul>\n<li><strong>Strukturell innovation<\/strong>: St\u00f6der midjeexponerade, snedst\u00e4llda, akryltransparenta lock och andra typer av derivatl\u00e5dor med topp- och bottenlock, och kan kombineras med kreativa strukturer som rotation och belysning f\u00f6r att \u00f6ka interaktiviteten.<\/li>\n<li><strong>Flexibel process<\/strong>: St\u00f6der offsettryck, gravyrtryck, varmst\u00e4mpling, screentryck och andra processkombinationer f\u00f6r att tillgodose behoven hos personliga best\u00e4llningar av sm\u00e5 partier.<\/li>\n<li><strong>Anpassning av varum\u00e4rke<\/strong>: Exakt f\u00e4rghantering kan utf\u00f6ras enligt kundens varum\u00e4rkesf\u00e4rgkort f\u00f6r att s\u00e4kerst\u00e4lla att utskriftseffekten \u00e4r mycket f\u00f6renlig med varum\u00e4rkesstandarden.<\/li>\n<\/ul>\n<h2 id=\"-7-large-scale-production-capacity-to-ensure-quality-and-delivery-\"><strong>7. Storskalig produktionskapacitet f\u00f6r att s\u00e4kerst\u00e4lla kvalitet och leverans<\/strong><\/h2>\n<p>Fabriken t\u00e4cker en yta p\u00e5 5.320 kvadratmeter och har 16 \u00e5rs professionell produktionserfarenhet. Den \u00e4r utrustad med automatiserade produktionslinjer och avancerad tryckutrustning (t.ex. offsettryckmaskiner och UV-tryckmaskiner). Genom standardiserade processer och strikta kvalitetsinspektionssystem uppn\u00e5s en daglig produktion p\u00e5 mer \u00e4n 100 000 stycken f\u00f6r att s\u00e4kerst\u00e4lla stabil leverans och kvalitetskonsistens av stora volymbest\u00e4llningar.<\/p>\n<h2 id=\"-advantages-of-cooperation-\"><strong>F\u00f6rdelar med samarbete<\/strong>:<\/h2>\n<ul>\n<li><strong>Kostnadsoptimering<\/strong>: F\u00f6rse kunderna med kostnadseffektiva l\u00f6sningar genom storskalig upphandling och optimering av produktionsprocessen.<\/li>\n<li><strong>Koncept f\u00f6r milj\u00f6skydd<\/strong>: Valfria milj\u00f6v\u00e4nliga material (t.ex. \u00e5tervunnen kartong, nedbrytbar EVA) f\u00f6r att svara mot trenden med h\u00e5llbar utveckling.<\/li>\n<li><strong>Support efter f\u00f6rs\u00e4ljning<\/strong>: Tillhandah\u00e5lla fullst\u00e4ndiga processtj\u00e4nster s\u00e5som granskning av designutkast, korrekturbekr\u00e4ftelse, logistiksp\u00e5rning etc. och lova retur- och utbytesgaranti f\u00f6r kvalitetsproblem.<\/li>\n<\/ul>","protected":false},"excerpt":{"rendered":"<p>Denna l\u00e5da \u00e4r en topp- och bottenl\u00e5da med en enkel och elegant struktur, l\u00e4tt att \u00f6ppna och st\u00e4nga, och pr\u00e4glat hantverk, vilket ger en k\u00e4nsla av visuell f\u00f6rfining och en rik taktil upplevelse.<\/p>","protected":false},"featured_media":298,"template":"","meta":{"_kad_post_transparent":"default","_kad_post_title":"","_kad_post_layout":"default","_kad_post_sidebar_id":"","_kad_post_content_style":"default","_kad_post_vertical_padding":"default","_kad_post_feature":"","_kad_post_feature_position":"","_kad_post_header":false,"_kad_post_footer":false,"_kad_post_classname":""},"product_brand":[],"product_cat":[15,28,19,17],"product_tag":[91,90,92],"class_list":{"0":"post-296","1":"product","2":"type-product","3":"status-publish","4":"has-post-thumbnail","6":"product_cat-red-light-therapy","7":"product_cat-customize","8":"product_cat-red-light-therapy-stand","9":"product_cat-services","10":"product_tag-cosmetic-packaging-supplier","11":"product_tag-perfume-boxes","12":"product_tag-perfume-cosmetic-gift-boxes","14":"first","15":"instock","16":"shipping-taxable","17":"product-type-simple","18":"entry","19":"content-bg","20":"loop-entry"},"_links":{"self":[{"href":"https:\/\/red-lighttherapy.com\/sv\/wp-json\/wp\/v2\/product\/296","targetHints":{"allow":["GET"]}}],"collection":[{"href":"https:\/\/red-lighttherapy.com\/sv\/wp-json\/wp\/v2\/product"}],"about":[{"href":"https:\/\/red-lighttherapy.com\/sv\/wp-json\/wp\/v2\/types\/product"}],"wp:featuredmedia":[{"embeddable":true,"href":"https:\/\/red-lighttherapy.com\/sv\/wp-json\/wp\/v2\/media\/298"}],"wp:attachment":[{"href":"https:\/\/red-lighttherapy.com\/sv\/wp-json\/wp\/v2\/media?parent=296"}],"wp:term":[{"taxonomy":"product_brand","embeddable":true,"href":"https:\/\/red-lighttherapy.com\/sv\/wp-json\/wp\/v2\/product_brand?post=296"},{"taxonomy":"product_cat","embeddable":true,"href":"https:\/\/red-lighttherapy.com\/sv\/wp-json\/wp\/v2\/product_cat?post=296"},{"taxonomy":"product_tag","embeddable":true,"href":"https:\/\/red-lighttherapy.com\/sv\/wp-json\/wp\/v2\/product_tag?post=296"}],"curies":[{"name":"wp","href":"https:\/\/api.w.org\/{rel}","templated":true}]}}