{"id":290,"date":"2025-04-10T14:24:46","date_gmt":"2025-04-10T14:24:46","guid":{"rendered":"https:\/\/red-lighttherapy.com\/?post_type=product&#038;p=290"},"modified":"2025-04-10T14:37:11","modified_gmt":"2025-04-10T14:37:11","slug":"custom-beauty-cosmetics-eyelash-serum-packaging-box-oem-odm","status":"publish","type":"product","link":"https:\/\/red-lighttherapy.com\/sv\/custom-beauty-cosmetics-eyelash-serum-packaging-box-oem-odm\/","title":{"rendered":"Anpassad sk\u00f6nhetskosmetik \u00f6gonfransserumf\u00f6rpackningsl\u00e5da OEM ODM"},"content":{"rendered":"<h2 id=\"obsidian-luxury-series-magnetic-book-shaped-eyelash-essence-gift-box-oem-odm-customized-version-\">Anpassad sk\u00f6nhetskosmetik \u00f6gonfransserumf\u00f6rpackningsl\u00e5da OEM ODM<\/h2>\n<h2 id=\"-core-parameters-and-technical-specifications-\"><strong>K\u00e4rnparametrar och tekniska specifikationer<\/strong><\/h2>\n<ol>\n<li><strong>Material och struktur<\/strong><\/li>\n<li><strong>Ytpapper<\/strong>: Utvalda 157G h\u00f6gblankt bestruket papper, med matt film p\u00e5 ytan, k\u00e4nslig touch och slitstark och antifouling.<\/li>\n<li><strong>Substrat<\/strong>: Anta 1200GSM h\u00f6gdensitetsgr\u00e5 kartong, bearbetad genom depressionsprocess f\u00f6r att s\u00e4kerst\u00e4lla l\u00e5dkroppens planhet och \u00f6ka tryckh\u00e5llfastheten med 30%, vilket perfekt st\u00f6der produkten och f\u00f6rhindrar deformation under transport.<\/li>\n<li><strong>Magnetiskt sugsystem<\/strong>: Inbyggd NdFeB stark magnet, sugkraften \u00e4r exakt 0,8-1,2N, \u00f6ppnar och st\u00e4nger smidigt och st\u00e4nger ordentligt, vilket ger en k\u00e4nsla av ritual n\u00e4r du \u00f6ppnar l\u00e5dan.<\/li>\n<li><strong>Utseende, design och hantverksskicklighet<\/strong><\/li>\n<li><strong>F\u00e4rgton<\/strong>: Ren svart matt bakgrund, djup obsidianstruktur uppn\u00e5dd genom spotf\u00e4rgstryckteknik, matchad med varum\u00e4rkeslogotypens heta silver (Pantone 877C spotf\u00e4rg) och hett r\u00f6tt guld (Pantone 871C spotf\u00e4rg) teknik, den metalliska lysterkontrasten \u00e4r skarp och den visuella effekten \u00e4r stark.<\/li>\n<li><strong>Noggrannhet vid varmst\u00e4mpling<\/strong>: \u22640,1 mm fel, st\u00f6dja flerniv\u00e5 tredimensionell varm st\u00e4mplingseffekt, till exempel varum\u00e4rket LOGO antar pr\u00e4glad hett silver + platt hett r\u00f6tt guld superpositionsprocess f\u00f6r att markera den tredimensionella niv\u00e5n.<\/li>\n<li><strong>L\u00e5dtyp och funktionell design<\/strong><\/li>\n<li><strong>Struktur av boktyp<\/strong>: Topp- och bottenskyddets flip-top-design, \u00f6ppningsvinkeln f\u00f6r l\u00e5dans lock \u00e4r \u2265150 \u00b0 och displayytan maximeras; den inre l\u00e5dan \u00e4r inb\u00e4ddad med ett djup p\u00e5 5 mm f\u00f6r att f\u00f6rhindra att essensflaskan skakar.<\/li>\n<li><strong>Anpassning av tryckning<\/strong>: St\u00f6der CMYK fyrf\u00e4rgstryck, spotf\u00e4rg Pantone f\u00e4rgnummermatchning och UV-lokal lack, och kan flexibelt skriva ut varum\u00e4rkesber\u00e4ttelser, ingrediensbeskrivningar eller konstillustrationer, l\u00e4mpliga f\u00f6r semesterbegr\u00e4nsade utg\u00e5vor, gemensamma modeller och andra flera teman.<\/li>\n<li><strong>Konfigurationsplan f\u00f6r innerfacket<\/strong><\/li>\n<li><strong>Materialalternativ<\/strong>:<\/li>\n<li><strong>EVA-flockning<\/strong>: 3mm tjocklek, svart kort flockning p\u00e5 ytan, halkfri och st\u00f6tt\u00e5lig med lyxig touch.<\/li>\n<li><strong>Foder av silkestyg<\/strong>: 100% mullb\u00e4rssilkestyg, valfri vinr\u00f6d\/m\u00f6rkgr\u00f6n\/champagnef\u00e4rg, med handplockad teknik, vilket framh\u00e4ver high-end positionering.<\/li>\n<li><strong>Milj\u00f6v\u00e4nligt pappersmagasin<\/strong>: Nedbrytbart gr\u00e5tt kortstansning, st\u00f6d f\u00f6r enkelflaska \/ dubbelflaska kortplatsdesign, l\u00e4mplig f\u00f6r 15-30 ml olika specifikationer f\u00f6r essensflaska.<\/li>\n<li><strong>Funktionsexpansion<\/strong>: Kan integrera osynliga l\u00e5dor och skiktade strukturer f\u00f6r att rymma instruktioner, mascaraborstar och andra tillbeh\u00f6r.<\/li>\n<\/ol>\n<h2 id=\"-customized-service-advantages-\"><strong>F\u00f6rdelar med kundanpassad service<\/strong><\/h2>\n<ul>\n<li><strong>Anpassning av design<\/strong>: Tillhandah\u00e5lla 8+ grundl\u00e4ggande l\u00e5dbibliotek som bokformade l\u00e5dor, topp- och bottenskydd, l\u00e5dtyp etc., st\u00f6dja specialformad stansning (t.ex. b\u00f6jda h\u00f6rn, ih\u00e5liga f\u00f6nster) och ytprocesskombinationer (pr\u00e4gling + varmst\u00e4mpling + silkessk\u00e4rm).<\/li>\n<li><strong>Produktionscykel<\/strong>: 5-7 dagar f\u00f6r provtillverkning, 15-20 dagar f\u00f6r leverans av massproduktion (1000-5000 upps\u00e4ttningar minsta best\u00e4llning), vilket st\u00f6der flexibel produktion av sm\u00e5 satser.<\/li>\n<li><strong>Milj\u00f6certifiering<\/strong>: Godk\u00e4nd FSC-skogscertifiering, materialet i innerfacket uppfyller REACH- och RoHS-standarderna och en koldioxidavtrycksrapport kan tillhandah\u00e5llas.<\/li>\n<\/ul>\n<h2 id=\"-application-scenarios-and-value-enhancement-\"><strong>Till\u00e4mpningsscenarier och v\u00e4rdef\u00f6rb\u00e4ttring<\/strong><\/h2>\n<ul>\n<li><strong>Varum\u00e4rkets image<\/strong>: Genom svart och guld estetik och magnetisk \u00f6ppning och st\u00e4ngning interaktiv design, st\u00e4rka varum\u00e4rket ton av \"professionell, avancerad och uts\u00f6kt\", och f\u00f6rb\u00e4ttra unboxing erfarenhet och anv\u00e4ndarens minnespunkter.<\/li>\n<li><strong>St\u00e4rkt marknadsf\u00f6ring<\/strong>: St\u00f6d QR-kod varmst\u00e4mpling, AR interaktiv lagerutskrift, l\u00e4nka digitalt inneh\u00e5ll online och uppn\u00e5 produkt- och effektintegration.<\/li>\n<\/ul>\n<h2 id=\"-service-commitment-\"><strong>Service\u00e5tagande<\/strong><\/h2>\n<p>Ge ODM-st\u00f6d f\u00f6r hela processen fr\u00e5n strukturell design, materialval till processimplementering, se till att varje l\u00e4nk \u00e4r djupt i linje med varum\u00e4rkets DNA, vilket hj\u00e4lper produkten att sticka ut p\u00e5 den avancerade sk\u00f6nhetsmarknaden.<\/p>","protected":false},"excerpt":{"rendered":"<p>Denna l\u00e5da med magnetisk st\u00e4ngning har en h\u00f6gtidlig \u00f6ppnings- och st\u00e4ngningsmetod. Det uts\u00f6kta hantverket med varmst\u00e4mpling i silver och r\u00f6tt guld ger en unik charm och enast\u00e5ende stil.<\/p>","protected":false},"featured_media":292,"template":"","meta":{"_kad_post_transparent":"default","_kad_post_title":"","_kad_post_layout":"default","_kad_post_sidebar_id":"","_kad_post_content_style":"default","_kad_post_vertical_padding":"default","_kad_post_feature":"","_kad_post_feature_position":"","_kad_post_header":false,"_kad_post_footer":false,"_kad_post_classname":""},"product_brand":[],"product_cat":[15,28,17],"product_tag":[87,89,88],"class_list":{"0":"post-290","1":"product","2":"type-product","3":"status-publish","4":"has-post-thumbnail","6":"product_cat-red-light-therapy","7":"product_cat-customize","8":"product_cat-services","9":"product_tag-custom-beauty-packaging","10":"product_tag-custom-cosmetics-packaging","11":"product_tag-eyelash-serum-packaging-box","13":"first","14":"instock","15":"shipping-taxable","16":"product-type-simple","17":"entry","18":"content-bg","19":"loop-entry"},"_links":{"self":[{"href":"https:\/\/red-lighttherapy.com\/sv\/wp-json\/wp\/v2\/product\/290","targetHints":{"allow":["GET"]}}],"collection":[{"href":"https:\/\/red-lighttherapy.com\/sv\/wp-json\/wp\/v2\/product"}],"about":[{"href":"https:\/\/red-lighttherapy.com\/sv\/wp-json\/wp\/v2\/types\/product"}],"wp:featuredmedia":[{"embeddable":true,"href":"https:\/\/red-lighttherapy.com\/sv\/wp-json\/wp\/v2\/media\/292"}],"wp:attachment":[{"href":"https:\/\/red-lighttherapy.com\/sv\/wp-json\/wp\/v2\/media?parent=290"}],"wp:term":[{"taxonomy":"product_brand","embeddable":true,"href":"https:\/\/red-lighttherapy.com\/sv\/wp-json\/wp\/v2\/product_brand?post=290"},{"taxonomy":"product_cat","embeddable":true,"href":"https:\/\/red-lighttherapy.com\/sv\/wp-json\/wp\/v2\/product_cat?post=290"},{"taxonomy":"product_tag","embeddable":true,"href":"https:\/\/red-lighttherapy.com\/sv\/wp-json\/wp\/v2\/product_tag?post=290"}],"curies":[{"name":"wp","href":"https:\/\/api.w.org\/{rel}","templated":true}]}}