{"id":284,"date":"2025-04-10T14:14:31","date_gmt":"2025-04-10T14:14:31","guid":{"rendered":"https:\/\/red-lighttherapy.com\/?post_type=product&#038;p=284"},"modified":"2025-04-10T14:24:36","modified_gmt":"2025-04-10T14:24:36","slug":"wholesale-custom-cosmetic-essential-oil-packaging-boxes","status":"publish","type":"product","link":"https:\/\/red-lighttherapy.com\/sv\/wholesale-custom-cosmetic-essential-oil-packaging-boxes\/","title":{"rendered":"Grossistanpassade f\u00f6rpackningsl\u00e5dor f\u00f6r kosmetisk eterisk olja"},"content":{"rendered":"<h3 id=\"high-end-customized-cosmetic-essential-oil-packaging-box-a-comprehensive-solution-that-integrates-craft-aesthetics-and-functionality\">Grossistanpassade f\u00f6rpackningsl\u00e5dor f\u00f6r kosmetiska eteriska oljor - en helt\u00e4ckande l\u00f6sning som integrerar hantverksestetik och funktionalitet<\/h3>\n<h2 id=\"-i-visual-core-the-ultimate-collision-of-single-black-printing-and-hot-stamping-technology-\"><strong>1. Visuell k\u00e4rna: den ultimata kollisionen mellan enkel svart tryckning och varm st\u00e4mplingsteknik<\/strong><\/h2>\n<ol>\n<li><strong>Enbart svart tryck<\/strong>: Med hj\u00e4lp av C0\/M0\/Y0\/K100 ren svart bl\u00e4ckteknik presenterar den en djup bakgrundsf\u00e4rg med k\u00e4nslig trycknoggrannhet, undviker risken f\u00f6r fyrf\u00e4rgs\u00f6vertrycksfel och s\u00e4kerst\u00e4ller att kanterna p\u00e5 LOGO och text \u00e4r skarpa och tydliga. Den svarta bakgrunden \u00e4r lika mystisk som natten och tillf\u00f6r en avancerad och stabil visuell ton till varum\u00e4rket, samtidigt som den minimalistiska estetiken i varum\u00e4rkeslogotypen st\u00e4rks genom blank design.<\/li>\n<li><strong>Teknik f\u00f6r varm st\u00e4mpling<\/strong>: LOGOTYPEN anv\u00e4nder 24K guldfolie varmst\u00e4mplingsteknik, som \u00e4r exakt f\u00e4st vid l\u00e5dans yta genom h\u00f6gtemperaturpr\u00e4gling, och metallglansen bildar en stark kontrast till den svarta mattan. Det varma st\u00e4mplingsskiktet \u00e4r 0,1 mm tjockt, slitstarkt och oxidationsbest\u00e4ndigt och ger en dynamisk streamer-effekt under ljusbrytning, vilket framh\u00e4ver varum\u00e4rkets lyxiga struktur.<\/li>\n<\/ol>\n<h2 id=\"-second-structural-innovation-sky-and-earth-box-and-ritual-opening-and-closing-design-\"><strong>2. Strukturell innovation: himmel- och jordl\u00e5da och rituell \u00f6ppnings- och st\u00e4ngningsdesign<\/strong><\/h2>\n<ol>\n<li><strong>Boxstruktur f\u00f6r himmel och jord<\/strong>: Det \u00f6vre locket (himlen) och bottenl\u00e5dan (marken) \u00e4r oberoende formade, med en mark-till-himmel-design, inb\u00e4ddad med ett 1,2 mm tjockt 1200GSM gr\u00e5tt kartongunderlag, med en tryckh\u00e5llfasthet p\u00e5 50 kg \/ \u33a1, vilket s\u00e4kerst\u00e4ller slagmotst\u00e5nd under transport. Kanten p\u00e5 l\u00e5dkroppen bearbetas med en 5 mm avfasningsprocess, och \u00f6ppningen och st\u00e4ngningen \u00e4r smidig och utan fastk\u00f6rning.<\/li>\n<li><strong>Rutn\u00e4tets textur och rituella k\u00e4nsla<\/strong>: L\u00e5dans yta \u00e4r integrerad med geometriska reliefgaller, med ett djup p\u00e5 0,3 mm, och en tredimensionell touch uppn\u00e5s genom formst\u00e4mpling; den magnetiska \u00f6ppnings- och st\u00e4ngningsstrukturen (magnetisk kraft \u22651,2N) matchas med en dold banddragring, med h\u00e4nsyn till praktisk och unboxing ritual k\u00e4nsla.<\/li>\n<\/ol>\n<h2 id=\"-third-material-and-adaptation-dual-guarantee-of-performance-and-aesthetics-\"><strong>3. Material och anpassning: dubbel garanti f\u00f6r prestanda och estetik<\/strong><\/h2>\n<ol>\n<li><strong>Ytterboxens material<\/strong>:<\/li>\n<li><strong>Ansiktspapper<\/strong>: 157G dubbelt kopparpapper, ytan \u00e4r matt oljad, k\u00e4nslig ber\u00f6ring och anti-fingeravtryck.<\/li>\n<li><strong>Innerfoder<\/strong>: 1200GSM gr\u00e5 kartong, densitet 0,92g\/cm\u00b3, lastb\u00e4rande prestanda \u00e4r 30% b\u00e4ttre \u00e4n vanlig kartong.<\/li>\n<li><strong>Skr\u00e4ddarsydd l\u00f6sning f\u00f6r innerfack<\/strong>:<\/li>\n<li><strong>Materialalternativ<\/strong>: Flock (0,5 mm kort lugg, tillval vinr\u00f6tt\/m\u00f6rkgr\u00f6nt), kartong (350G dubbel vit kartong), silkesduk (silkesjacquard).<\/li>\n<li><strong>Funktionell design<\/strong>: Innerfacket av EVA-skum (densitet 38D-60D) \u00e4r exakt slitsat, l\u00e4mpligt f\u00f6r 5-100 ml eteriska oljeflaskor, och den anti-seismiska prestandan har klarat ISTA 3A certifiering.<\/li>\n<\/ol>\n<h2 id=\"-fourth-flexible-customization-various-box-types-and-printing-adaptation-\"><strong>4. Flexibel anpassning: olika l\u00e5dtyper och utskriftsanpassning<\/strong><\/h2>\n<ol>\n<li><strong>Bibliotek av l\u00e5dtyp<\/strong>: Ger 8 grundl\u00e4ggande l\u00e5dtyper som topp- och bottenlock, l\u00e5dtyp, bokformade l\u00e5dor etc., st\u00f6der specialformad sk\u00e4rning (t.ex. sexkantiga och b\u00f6jda f\u00f6nster\u00f6ppningar) och \u00e4r l\u00e4mplig f\u00f6r aff\u00e4rsg\u00e5vor, detaljhandelsdisplayer och andra scenarier.<\/li>\n<li><strong>Layout f\u00f6r tryckning<\/strong>: St\u00f6der flera processkombinationer som spotf\u00e4rg Pantone-f\u00e4rg, partiell UV, pr\u00e4gling etc., med en minsta orderkvantitet p\u00e5 500 stycken per batch och en korrekturcykel p\u00e5 3-5 dagar, vilket uppfyller behoven av snabb iteration som begr\u00e4nsade utg\u00e5vor f\u00f6r semester och co-branded artiklar.<\/li>\n<\/ol>\n<h2 id=\"-v-quality-commitment-and-value-added-services-\"><strong>5. Kvalitets\u00e5tagande och merv\u00e4rdestj\u00e4nster<\/strong><\/h2>\n<ul>\n<li><strong>Standard f\u00f6r kvalitetskontroll<\/strong>: Godk\u00e4nd SGS milj\u00f6certifiering (tungmetall- och migrationsdetektering), st\u00f6der 48-timmars temperatur- och fuktbest\u00e4ndighetstest (-20 \u2103 ~ 60 \u2103 cykel).<\/li>\n<li><strong>Service l\u00e4nk<\/strong>: Erbjuder en one-stop-l\u00f6sning f\u00f6r provtryckning av 3D-modeller, lagerh\u00e5llning och distribution samt gr\u00e4ns\u00f6verskridande logistik (DDP\/DDU), med en minsta orderkvantitet p\u00e5 500 stycken och en leveranscykel p\u00e5 7-14 dagar.<\/li>\n<\/ul>","protected":false},"excerpt":{"rendered":"<p>Den unika rutn\u00e4tsdesignen p\u00e5 locket och bottenl\u00e5dan kombineras med en ceremoniell \u00f6ppnings- och st\u00e4ngningsmetod, som \u00e4r b\u00e5de distinkt och bekv\u00e4m att anv\u00e4nda.<\/p>","protected":false},"featured_media":289,"template":"","meta":{"_kad_post_transparent":"default","_kad_post_title":"","_kad_post_layout":"default","_kad_post_sidebar_id":"","_kad_post_content_style":"default","_kad_post_vertical_padding":"default","_kad_post_feature":"","_kad_post_feature_position":"","_kad_post_header":false,"_kad_post_footer":false,"_kad_post_classname":""},"product_brand":[],"product_cat":[15,28,19,17],"product_tag":[85,86,80],"class_list":{"0":"post-284","1":"product","2":"type-product","3":"status-publish","4":"has-post-thumbnail","6":"product_cat-red-light-therapy","7":"product_cat-customize","8":"product_cat-red-light-therapy-stand","9":"product_cat-services","10":"product_tag-cosmetic-packaging","11":"product_tag-custom-cosmetic-essential-oil-packaging","12":"product_tag-essential-oil-packaging","14":"first","15":"instock","16":"shipping-taxable","17":"product-type-simple","18":"entry","19":"content-bg","20":"loop-entry"},"_links":{"self":[{"href":"https:\/\/red-lighttherapy.com\/sv\/wp-json\/wp\/v2\/product\/284","targetHints":{"allow":["GET"]}}],"collection":[{"href":"https:\/\/red-lighttherapy.com\/sv\/wp-json\/wp\/v2\/product"}],"about":[{"href":"https:\/\/red-lighttherapy.com\/sv\/wp-json\/wp\/v2\/types\/product"}],"wp:featuredmedia":[{"embeddable":true,"href":"https:\/\/red-lighttherapy.com\/sv\/wp-json\/wp\/v2\/media\/289"}],"wp:attachment":[{"href":"https:\/\/red-lighttherapy.com\/sv\/wp-json\/wp\/v2\/media?parent=284"}],"wp:term":[{"taxonomy":"product_brand","embeddable":true,"href":"https:\/\/red-lighttherapy.com\/sv\/wp-json\/wp\/v2\/product_brand?post=284"},{"taxonomy":"product_cat","embeddable":true,"href":"https:\/\/red-lighttherapy.com\/sv\/wp-json\/wp\/v2\/product_cat?post=284"},{"taxonomy":"product_tag","embeddable":true,"href":"https:\/\/red-lighttherapy.com\/sv\/wp-json\/wp\/v2\/product_tag?post=284"}],"curies":[{"name":"wp","href":"https:\/\/api.w.org\/{rel}","templated":true}]}}