{"id":278,"date":"2025-04-10T14:03:32","date_gmt":"2025-04-10T14:03:32","guid":{"rendered":"https:\/\/red-lighttherapy.com\/?post_type=product&#038;p=278"},"modified":"2025-04-10T14:14:16","modified_gmt":"2025-04-10T14:14:16","slug":"custom-printed-logo-essential-oil-box-packaging-wholesale","status":"publish","type":"product","link":"https:\/\/red-lighttherapy.com\/sv\/custom-printed-logo-essential-oil-box-packaging-wholesale\/","title":{"rendered":"Anpassad tryckt logotyp eterisk oljel\u00e5da F\u00f6rpackning grossist"},"content":{"rendered":"<h2 id=\"-customized-printed-logo-essential-oil-box-packaging-wholesale-product-description-\">Anpassad tryckt logotyp eterisk oljel\u00e5da F\u00f6rpackning grossist<\/h2>\n<h2 id=\"-i-visual-aesthetics-and-craft-design-\"><strong>1. Visuell estetik och hantverksm\u00e4ssig design<\/strong><\/h2>\n<ol>\n<li><strong>Avancerad estetik f\u00f6r svarta toner<\/strong>\u00a0Med djupsvart som huvudf\u00e4rg, i kombination med matt och lokal ljusbehandling, presenteras den l\u00e5gm\u00e4lda och lyxiga visuella effekten genom ljus- och skuggbrytning. UV-processen i fullversion t\u00e4cker l\u00e5dans kropp f\u00f6r att f\u00f6rb\u00e4ttra ytans slitstyrka och glans. Samtidigt som den svarta lugna tonen bibeh\u00e5lls ger det f\u00f6rpackningen dynamiska ljus- och skuggniv\u00e5er, vilket avsev\u00e4rt f\u00f6rb\u00e4ttrar varum\u00e4rkesigenk\u00e4nningen.<\/li>\n<li><strong>Pr\u00e4glad varm st\u00e4mplingsprocess LOGO<\/strong>\u00a0LOGOTYPEN antar den pr\u00e4glade heta st\u00e4mplingsprocessen och bildar en tredimensionell konkav och konvex struktur genom h\u00f6gprecisionsformad varmpressning, \u00f6verlagrad med metallfolie (valfritt guld, ros\u00e9guld eller laserf\u00e4rgad guld), som \u00e4r k\u00e4nslig vid ber\u00f6ring och visuellt lysande. Denna process st\u00e4rker inte bara varum\u00e4rkestonen utan kan ocks\u00e5 anv\u00e4ndas som ett f\u00f6rfalskningsm\u00e4rke f\u00f6r att \u00f6ka produktens premiumutrymme.<\/li>\n<\/ol>\n<h2 id=\"-second-structural-design-and-material-guarantee-\"><strong>2. Strukturell utformning och materialgaranti<\/strong><\/h2>\n<ol>\n<li><strong>Tre-i-ett-l\u00e5da f\u00f6r himmel och jord<\/strong><\/li>\n<li><strong>Ytterkartong med atmosf\u00e4risk \u00f6ppning och st\u00e4ngning<\/strong>: Himlen och jordens t\u00e4ckstruktur \u00e4r utformad i form av \"himlen som t\u00e4cker jorden\". Den yttre l\u00e5dan antar 1200GSM h\u00f6gdensitetsgr\u00e5 br\u00e4da med en tjocklek p\u00e5 1,3 mm, h\u00f6g h\u00e5rdhet och stark tryckmotst\u00e5nd. Det \u00e4r naturligt smidigt n\u00e4r du \u00f6ppnar och st\u00e4nger, och k\u00e4nslan av ritual att \u00f6ppna locket \u00e4r full.<\/li>\n<li><strong>Innerboxen fokuserar p\u00e5 displayen<\/strong>: Det inre st\u00f6det anv\u00e4nder 157G bestruket papper monterat p\u00e5 gr\u00e5 kartong med matt film p\u00e5 ytan. Produkten \u00e4r centrerad och matchad med anpassat foder (EVA, flanell eller transparent akrylf\u00e4ste som tillval) f\u00f6r att s\u00e4kerst\u00e4lla att flaskan med eterisk olja \u00e4r stabil och det visuella fokuset koncentreras.<\/li>\n<li><strong>Matchning av vetenskapligt material<\/strong><\/li>\n<li><strong>157G bestruket papper<\/strong>: H\u00f6g f\u00e4rg\u00e5tergivning, l\u00e4mplig f\u00f6r fyrf\u00e4rgstryck och anpassning av spotf\u00e4rger, Pantone-f\u00e4rgnummer matchar exakt varum\u00e4rkesvisionen.<\/li>\n<li><strong>1200GSM gr\u00e5 kartong<\/strong>: Utm\u00e4rkt b\u00e4rande prestanda, t\u00e5l st\u00f6tar vid l\u00e5ngv\u00e4ga transporter, daglig produktion n\u00e5r 100 000 stycken och st\u00f6der storskalig anpassning.<\/li>\n<\/ol>\n<h2 id=\"-three-diversified-adaptation-solutions-\"><strong>3. Diversifierade l\u00f6sningar f\u00f6r anpassning<\/strong><\/h2>\n<ol>\n<li><strong>Flexibel anpassning av boxens typ och stil<\/strong><\/li>\n<li><strong>Val av typ av l\u00e5da<\/strong>: F\u00f6rutom de \u00f6vre och nedre skydden kan l\u00e5dl\u00e5dor, bokformade l\u00e5dor, specialformade l\u00e5dor och andra strukturer tillhandah\u00e5llas f\u00f6r att tillgodose behoven i olika scenarier (t.ex. e-handelstransport, offlinevisning).<\/li>\n<li><strong>F\u00f6rl\u00e4ngning av design<\/strong>: St\u00f6der en m\u00e4ngd olika stilar som minimalism, nationell stil, abstrakt konst etc. L\u00e5dans yta kan kombineras med f\u00f6nsterdesign (transparent PVC-f\u00f6nster), varm silverpr\u00e4glad textur eller \u00f6verlagrade AR-interaktiva element f\u00f6r att f\u00f6rb\u00e4ttra konsumentupplevelsen.<\/li>\n<li><strong>Funktionell uppgradering av innerfodret<\/strong><\/li>\n<li><strong>Lagring i lager<\/strong>: F\u00f6r eteriska oljeset med flera flaskor kan den inre l\u00e5dan utformas med en utdragbar skiktad struktur, med tillbeh\u00f6r som band och magnetiska sp\u00e4nnen f\u00f6r att f\u00f6rb\u00e4ttra praktisk och rituell k\u00e4nsla.<\/li>\n<li><strong>Milj\u00f6v\u00e4nlig anpassning<\/strong>: Tillhandah\u00e5lla alternativ f\u00f6r nedbrytbar gr\u00e5 kartong och vattenbaserad UV-lackering, uppfylla EU:s milj\u00f6standarder och bidra till gr\u00e4ns\u00f6verskridande export.<\/li>\n<\/ol>\n<h2 id=\"-fourth-service-and-value-empowerment-\"><strong>4. Service och v\u00e4rdef\u00f6rst\u00e4rkning<\/strong><\/h2>\n<ol>\n<li><strong>L\u00f6sning med en enda kontaktpunkt<\/strong><\/li>\n<li><strong>St\u00f6d f\u00f6r korrekturl\u00e4sning<\/strong>: Gratis 3D-modellering och fysiska prover tillhandah\u00e5lls, och anpassade manuskript eller designersamarbete st\u00f6ds f\u00f6r att s\u00e4kerst\u00e4lla korrekt designimplementering.<\/li>\n<li><strong>Batch F\u00f6rdel<\/strong>: 500 stycken minsta best\u00e4llning, 15-dagars leveranscykel, st\u00f6d LOGO-tryck, varmst\u00e4mpling, UV och annan blandad batchproduktion, kostnadskontrollerbar.<\/li>\n<li><strong>F\u00f6rb\u00e4ttring av varum\u00e4rkets v\u00e4rde<\/strong>\u00a0Leverera varum\u00e4rkesber\u00e4ttelser genom f\u00f6rpackningar, till exempel: svart UV-bakgrund kan integreras i IP-illustrationer f\u00f6r varum\u00e4rket, varmst\u00e4mpling av LOGO och pr\u00e4glad struktur bildar visuella minnespunkter, vilket g\u00f6r att produkten sticker ut i hylldisplayen och konsumenterna sprider den spontant efter uppackning.<\/li>\n<\/ol>","protected":false},"excerpt":{"rendered":"<p>L\u00e5dtypen med topp och botten antar strukturen f\u00f6r topp- och bottenlock, som \u00e4r l\u00e4tt att \u00f6ppna och st\u00e4nga och har en k\u00e4nsla av att \u00f6ppna locket. Hela l\u00e5dkroppen odlas noggrant med UV-teknik med full platta f\u00f6r att visa varum\u00e4rkesigenk\u00e4nningen. Samtidigt l\u00e4ggs LOGO till med pr\u00e4glad varmst\u00e4mplingsteknik f\u00f6r att st\u00e4rka varum\u00e4rkestonen.<\/p>","protected":false},"featured_media":281,"template":"","meta":{"_kad_post_transparent":"default","_kad_post_title":"","_kad_post_layout":"default","_kad_post_sidebar_id":"","_kad_post_content_style":"default","_kad_post_vertical_padding":"default","_kad_post_feature":"","_kad_post_feature_position":"","_kad_post_header":false,"_kad_post_footer":false,"_kad_post_classname":""},"product_brand":[],"product_cat":[15,28,19,17],"product_tag":[83,80,84],"class_list":{"0":"post-278","1":"product","2":"type-product","3":"status-publish","4":"has-post-thumbnail","6":"product_cat-red-light-therapy","7":"product_cat-customize","8":"product_cat-red-light-therapy-stand","9":"product_cat-services","10":"product_tag-custom-essential-oil-box","11":"product_tag-essential-oil-packaging","12":"product_tag-essential-oil-packaging-wholesale","14":"first","15":"instock","16":"shipping-taxable","17":"product-type-simple","18":"entry","19":"content-bg","20":"loop-entry"},"_links":{"self":[{"href":"https:\/\/red-lighttherapy.com\/sv\/wp-json\/wp\/v2\/product\/278","targetHints":{"allow":["GET"]}}],"collection":[{"href":"https:\/\/red-lighttherapy.com\/sv\/wp-json\/wp\/v2\/product"}],"about":[{"href":"https:\/\/red-lighttherapy.com\/sv\/wp-json\/wp\/v2\/types\/product"}],"wp:featuredmedia":[{"embeddable":true,"href":"https:\/\/red-lighttherapy.com\/sv\/wp-json\/wp\/v2\/media\/281"}],"wp:attachment":[{"href":"https:\/\/red-lighttherapy.com\/sv\/wp-json\/wp\/v2\/media?parent=278"}],"wp:term":[{"taxonomy":"product_brand","embeddable":true,"href":"https:\/\/red-lighttherapy.com\/sv\/wp-json\/wp\/v2\/product_brand?post=278"},{"taxonomy":"product_cat","embeddable":true,"href":"https:\/\/red-lighttherapy.com\/sv\/wp-json\/wp\/v2\/product_cat?post=278"},{"taxonomy":"product_tag","embeddable":true,"href":"https:\/\/red-lighttherapy.com\/sv\/wp-json\/wp\/v2\/product_tag?post=278"}],"curies":[{"name":"wp","href":"https:\/\/api.w.org\/{rel}","templated":true}]}}