{"id":271,"date":"2025-04-10T13:51:25","date_gmt":"2025-04-10T13:51:25","guid":{"rendered":"https:\/\/red-lighttherapy.com\/?post_type=product&#038;p=271"},"modified":"2025-04-10T14:03:24","modified_gmt":"2025-04-10T14:03:24","slug":"custom-essential-oil-aromatherapy-gift-sets-boxes-packaging","status":"publish","type":"product","link":"https:\/\/red-lighttherapy.com\/sv\/custom-essential-oil-aromatherapy-gift-sets-boxes-packaging\/","title":{"rendered":"Anpassad eterisk olja Aromaterapi Presentupps\u00e4ttningar L\u00e5dor F\u00f6rpackning"},"content":{"rendered":"<h2 id=\"-customized-essential-oil-aromatherapy-gift-set-box-packaging-product-description-\">Anpassad eterisk olja Aromaterapi Presentupps\u00e4ttningar L\u00e5dor F\u00f6rpackning<\/h2>\n<h2 id=\"-1-single-black-printing-design-the-fusion-of-simple-aesthetics-and-brand-personality-\"><strong>1. Enkel svart tryckdesign: sammansm\u00e4ltningen av enkel estetik och varum\u00e4rkespersonlighet<\/strong><\/h2>\n<p>Den minimalistiska estetiken, som bygger p\u00e5 tryckteknik med en enda svart f\u00e4rg, ger en k\u00e4nsla av lyx och mystik. Genom kombinationen av ljusa och m\u00f6rka gradienter och matt textur bildas ett djupt visuellt lager p\u00e5 l\u00e5dans yta, som stj\u00e4rnorna i natten, som avsl\u00f6jar lyx p\u00e5 ett l\u00e5gm\u00e4lt s\u00e4tt. Varum\u00e4rkets LOGO presenteras med en h\u00f6gprecisions varmst\u00e4mplingsprocess och den tredimensionella k\u00e4nslan f\u00f6rst\u00e4rks av lokal UV- eller konkav och konvex pr\u00e4gling, vilket inte bara framh\u00e4ver varum\u00e4rkesigenk\u00e4nningen utan ocks\u00e5 bildar en skarp kontrast till den enda svarta bakgrunden och f\u00f6rmedlar en \u00e5terh\u00e5llsam och djupg\u00e5ende varum\u00e4rkeston.<\/p>\n<h2 id=\"-2-elegant-hot-stamping-motto-the-finishing-touch-of-the-brand-spirit-\"><strong>2. Elegant varmst\u00e4mpling motto: den sista touchen av varum\u00e4rkesandan<\/strong><\/h2>\n<p>Varum\u00e4rkets motto antar varmst\u00e4mplingsteknik, med 24K guldfolie eller ros\u00e9guldfolie som b\u00e4rare, textraderna \u00e4r sl\u00e4ta och k\u00e4nsliga, och den gyllene lystern och den enda svarta bakgrunden kompletterar varandra, precis som en ljus galax i den m\u00f6rka natten. Den heta st\u00e4mplingspositionen kan anpassas i mitten eller sidan av l\u00e5dans lock, och med mikropr\u00e4glingsf\u00f6rfarandet \u00e4r fingertoppsber\u00f6ringen tredimensionell och full av rituell k\u00e4nsla, vilket f\u00f6rmedlar varum\u00e4rkets k\u00e4rnv\u00e4rde \"l\u00e5gm\u00e4ld och extraordin\u00e4r\".<\/p>\n<h2 id=\"-3-book-magnetic-box-structure-opening-and-closing-with-a-sense-of-ritual-both-innovative-and-practical-\"><strong>3. Bokmagnetisk l\u00e5dstruktur: \u00f6ppning och st\u00e4ngning med en k\u00e4nsla av ritual, b\u00e5de innovativ och praktisk<\/strong><\/h2>\n<p>Med den magnetiska bokformade l\u00e5ddesignen adsorberas l\u00e5dans lock och bottenl\u00e5da exakt av inb\u00e4ddade magneter, och \u00f6ppningen och st\u00e4ngningen \u00e5tf\u00f6ljs av ett skarpt \"klick\" -ljud, vilket ger anv\u00e4ndarna en \u00e4del upplevelse av att \u00f6ppna presentf\u00f6rpackningen. L\u00e5dans form har snygga linjer och rundade kanter, vilket \u00e4r ergonomiskt och undviker slitage under transport. Den magnetiska sugstyrkan \u00e4r justerbar f\u00f6r att uppfylla olika storlekskrav, vilket s\u00e4kerst\u00e4ller stabiliteten i st\u00e4ngningen och bekv\u00e4mligheten med att \u00f6ppna.<\/p>\n<h2 id=\"-4-material-combination-dual-guarantee-of-stability-and-texture-\"><strong>4. Materialkombination: dubbel garanti f\u00f6r stabilitet och struktur<\/strong><\/h2>\n<ul>\n<li><strong>Ytterboxens material<\/strong>:<\/li>\n<li><strong>Yta<\/strong>: 157G bestruket papper, tjocklek p\u00e5 cirka 0,16 mm, papperet \u00e4r k\u00e4nsligt och smidigt, f\u00e4rgen \u00e4r full och det \u00e4r l\u00e4mpligt f\u00f6r det skiktade uttrycket f\u00f6r enkel svart utskrift.<\/li>\n<li><strong>Struktur p\u00e5 innerfodret<\/strong>: 1200GSM gr\u00e5 kartong, h\u00f6g densitet, starkt tryckmotst\u00e5nd, kan b\u00e4ra \u00f6mt\u00e5liga f\u00f6rem\u00e5l som eteriska oljeflaskor och s\u00e4kerst\u00e4lla ingen deformation under transporten.<\/li>\n<li><strong>Processdetaljer<\/strong>: Gr\u00e5 kartong och bestruket papper \u00e4r bundna med milj\u00f6v\u00e4nligt vattenbaserat lim och kanterna \u00e4r f\u00e5llade, gradfria och slitstarka.<\/li>\n<\/ul>\n<h2 id=\"-5-diversified-box-types-adapt-to-different-scenes-and-design-styles-\"><strong>5. Diversifierade l\u00e5dtyper: Anpassa till olika scener och designstilar<\/strong><\/h2>\n<p>Tillhandah\u00e5lla en m\u00e4ngd olika typer av l\u00e5dor, inklusive:<\/p>\n<ul>\n<li><strong>Huvud- och bottenl\u00e5da<\/strong>: Klassisk och st\u00e4mningsfull, l\u00e4mplig f\u00f6r aff\u00e4rsg\u00e5vor.<\/li>\n<li><strong>L\u00e5da av l\u00e5dtyp<\/strong>: En kombination av mystik och n\u00f6je, l\u00e4mplig f\u00f6r aromaterapiset i begr\u00e4nsad upplaga.<\/li>\n<li><strong>Specialformad sk\u00e4rl\u00e5da<\/strong>: S\u00e5som sexkantig, b\u00e5ge etc., f\u00f6r att m\u00f6ta behoven av konstn\u00e4rlig design. L\u00e5dtypen st\u00f6der helsidestryck, som kan matchas med bl\u00e4ckm\u00e5lning, geometriska m\u00f6nster eller minimalistiska linjer, och ekar flexibelt varum\u00e4rkets visuella spr\u00e5k.<\/li>\n<\/ul>\n<h2 id=\"-6-inner-tray-adaptation-solution-balance-between-ritual-and-functionality-\"><strong>6. L\u00f6sning f\u00f6r anpassning av innerfacket: balans mellan ritual och funktionalitet<\/strong><\/h2>\n<ul>\n<li><strong>Val av material<\/strong>:<\/li>\n<li><strong>Flockad innerbricka<\/strong>: mjuk och k\u00e4nslig ber\u00f6ring, st\u00f6td\u00e4mpning och halkfri, l\u00e4mplig f\u00f6r eteriska oljor i glasflaska.<\/li>\n<li><strong>Foder av silkestyg<\/strong>: matt silkesyta med m\u00f6rkt m\u00f6nsterbroderi, f\u00f6rst\u00e4rker den visuella effekten n\u00e4r du \u00f6ppnar l\u00e5dan.<\/li>\n<li><strong>Skiktning av kartong<\/strong>: anpassningsbar bikakestruktur eller skiljev\u00e4gg av slits-typ, exakt produktfixering.<\/li>\n<li><strong>F\u00e4rg och textur<\/strong>: tillhandah\u00e5lla svart, gr\u00e5tt, vinr\u00f6tt och andra f\u00e4rger, st\u00f6dja flockning och varmst\u00e4mplingsteknikkombination, f\u00f6rb\u00e4ttra den \u00f6vergripande k\u00e4nslan av lyx.<\/li>\n<\/ul>\n<h2 id=\"-7-customized-service-full-process-support-from-design-to-implementation-\"><strong>7. Kundanpassad service: fullt processt\u00f6d fr\u00e5n design till implementering<\/strong><\/h2>\n<ul>\n<li><strong>Anpassning av design<\/strong>: enligt produktstorlek, stil och budget, tillhandah\u00e5lla 1 till 1-l\u00e5dtyp l\u00f6sningsoptimering f\u00f6r att s\u00e4kerst\u00e4lla att f\u00f6rpackningen \u00e4r mycket f\u00f6renlig med produktens temperament.<\/li>\n<li><strong>Milj\u00f6certifiering<\/strong>: materialet uppfyller FSC-certifiering och RoHS-standarder och st\u00f6der nedbrytbara alternativ.<\/li>\n<li><strong>Garanti f\u00f6r provtryckning<\/strong>: Tillhandah\u00e5lla fysiska provl\u00e5dor inom 3-5 arbetsdagar, st\u00f6dja finjustering av detaljer tills kunderna \u00e4r n\u00f6jda.<\/li>\n<\/ul>\n<h2 id=\"-conclusion-\"><strong>Slutsats<\/strong><\/h2>\n<p>Denna skr\u00e4ddarsydda presentf\u00f6rpackning f\u00f6r aromaterapi med eterisk olja, med en enda svart estetik som grundton, tolkar det centrala designkonceptet \"mysterium, high-end och rituell k\u00e4nsla\" genom en innovativ kombination av material, hantverk och struktur. Fr\u00e5n den taktila upplevelsen av magnetisk \u00f6ppning och st\u00e4ngning till den visuella effekten av varmst\u00e4mplad text har varje detalj noggrant \u00f6verv\u00e4gts, med m\u00e5let att skapa en unik minnespunkt f\u00f6r varum\u00e4rket, samtidigt som man skapar en fulldimensionell trevlig upplevelse f\u00f6r konsumenterna fr\u00e5n uppackning till anv\u00e4ndning.<\/p>","protected":false},"excerpt":{"rendered":"<p>Bokens magnetiska st\u00e4ngningsl\u00e5da har en ceremoniell \u00f6ppnings- och st\u00e4ngningsmetod, och den enda svarta tryckeffekten visar avancerad och mystisk, samtidigt som den lyfter fram varum\u00e4rkets personliga LOGO<\/p>","protected":false},"featured_media":274,"template":"","meta":{"_kad_post_transparent":"default","_kad_post_title":"","_kad_post_layout":"default","_kad_post_sidebar_id":"","_kad_post_content_style":"default","_kad_post_vertical_padding":"default","_kad_post_feature":"","_kad_post_feature_position":"","_kad_post_header":false,"_kad_post_footer":false,"_kad_post_classname":""},"product_brand":[],"product_cat":[15,28,17],"product_tag":[81,82,80],"class_list":{"0":"post-271","1":"product","2":"type-product","3":"status-publish","4":"has-post-thumbnail","6":"product_cat-red-light-therapy","7":"product_cat-customize","8":"product_cat-services","9":"product_tag-aromatherapy-gift-sets-boxes","10":"product_tag-custom-gift-sets-boxes-packaging","11":"product_tag-essential-oil-packaging","13":"first","14":"instock","15":"shipping-taxable","16":"product-type-simple","17":"entry","18":"content-bg","19":"loop-entry"},"_links":{"self":[{"href":"https:\/\/red-lighttherapy.com\/sv\/wp-json\/wp\/v2\/product\/271","targetHints":{"allow":["GET"]}}],"collection":[{"href":"https:\/\/red-lighttherapy.com\/sv\/wp-json\/wp\/v2\/product"}],"about":[{"href":"https:\/\/red-lighttherapy.com\/sv\/wp-json\/wp\/v2\/types\/product"}],"wp:featuredmedia":[{"embeddable":true,"href":"https:\/\/red-lighttherapy.com\/sv\/wp-json\/wp\/v2\/media\/274"}],"wp:attachment":[{"href":"https:\/\/red-lighttherapy.com\/sv\/wp-json\/wp\/v2\/media?parent=271"}],"wp:term":[{"taxonomy":"product_brand","embeddable":true,"href":"https:\/\/red-lighttherapy.com\/sv\/wp-json\/wp\/v2\/product_brand?post=271"},{"taxonomy":"product_cat","embeddable":true,"href":"https:\/\/red-lighttherapy.com\/sv\/wp-json\/wp\/v2\/product_cat?post=271"},{"taxonomy":"product_tag","embeddable":true,"href":"https:\/\/red-lighttherapy.com\/sv\/wp-json\/wp\/v2\/product_tag?post=271"}],"curies":[{"name":"wp","href":"https:\/\/api.w.org\/{rel}","templated":true}]}}