{"id":260,"date":"2025-04-10T13:18:48","date_gmt":"2025-04-10T13:18:48","guid":{"rendered":"https:\/\/red-lighttherapy.com\/?post_type=product&#038;p=260"},"modified":"2025-04-10T13:51:14","modified_gmt":"2025-04-10T13:51:14","slug":"luxury-customized-weed-cbd-oil-packaging-gift-box-wholesale","status":"publish","type":"product","link":"https:\/\/red-lighttherapy.com\/sv\/luxury-customized-weed-cbd-oil-packaging-gift-box-wholesale\/","title":{"rendered":"Lyx anpassad Weed CBD-olja F\u00f6rpackning Presentask Partihandel"},"content":{"rendered":"<h3 id=\"luxury-customized-hemp-cbd-oil-packaging-gift-box-wholesale\">Lyx anpassad hampa Weed CBD olja f\u00f6rpackning presentf\u00f6rpackning grossist<\/h3>\n<h2 id=\"-1-high-end-visual-design-single-black-printing-and-stylized-patterns-\"><strong>1. Avancerad visuell design: svart tryck och stiliserade m\u00f6nster<\/strong><\/h2>\n<ul>\n<li><strong>Svart tryckning i en enda process<\/strong>: Med hj\u00e4lp av monokrom svart (Pantone Black) tryckteknik, den ljusa och m\u00f6rka kontrasten och de k\u00e4nsliga linjerna beskriver en k\u00e4nsla av enkelhet och lyx, vilket skapar en djup och avancerad visuell effekt.<\/li>\n<li><strong>Svartvit estetik<\/strong>: Med klassiskt svartvitt som huvudton, kombinerat med en m\u00e4ngd olika m\u00f6nsterdesigner som geometriska texturer, abstrakt konst eller minimalistiska varum\u00e4rkeslogotyper, \u00e5terspeglar det inte bara varum\u00e4rkets struktur utan ger ocks\u00e5 varje presentf\u00f6rpackning en unik stil f\u00f6r att m\u00f6ta behoven hos olika konsumentscenarier (t.ex. medicinsk, g\u00e5vor och avancerad detaljhandel).<\/li>\n<\/ul>\n<h2 id=\"-2-innovative-magnetic-box-structure-function-and-experience-upgrade-\"><strong>2. Innovativ magnetisk boxstruktur: uppgradering av funktion och erfarenhet<\/strong><\/h2>\n<ul>\n<li><strong>Magnetiskt sp\u00e4nne p\u00e5 sidan<\/strong>: L\u00e5dans sida \u00e4r utrustad med ett magnetiskt sp\u00e4nne, som ger en annan \u00f6ppnings- och st\u00e4ngningsupplevelse \u00e4n traditionella f\u00f6rpackningar. Den \u00e4r stabil och p\u00e5litlig n\u00e4r den \u00e4r st\u00e4ngd och elegant och smidig n\u00e4r den \u00f6ppnas, vilket \u00f6kar anv\u00e4ndarens k\u00e4nsla av ritual i interaktionen.<\/li>\n<li><strong>Konstruktion av strukturell f\u00f6rst\u00e4rkning<\/strong>: Kombinerat med 1200GSM h\u00f6gh\u00e5llfast gr\u00e5 kartongbas s\u00e4kerst\u00e4ller det l\u00e5dkroppens kompressionsmotst\u00e5nd och h\u00e5llbarhet och skyddar den inre CBD-oljeflaskan fr\u00e5n yttre p\u00e5verkan under transport eller lagring.<\/li>\n<\/ul>\n<h2 id=\"-3-customized-materials-and-craftsmanship-\"><strong>3. Kundanpassade material och hantverksskicklighet<\/strong><\/h2>\n<ul>\n<li><strong>Materialkombination av h\u00f6g kvalitet<\/strong>: Det yttre lagret anv\u00e4nder 157G bestruket papper, och ytan \u00e4r t\u00e4ckt med matt film eller partiell UV-process f\u00f6r att f\u00f6rb\u00e4ttra ber\u00f6rings- och antifoulingegenskaperna; det inre lagret matchas med 1200GSM gr\u00e5 kartong, med h\u00e4nsyn till h\u00e5rdhet och milj\u00f6skyddsegenskaper (\u00e5tervinningsbar).<\/li>\n<li><strong>Hantverksdetaljer<\/strong>: St\u00f6der ytterligare processer som pr\u00e4gling, varmst\u00e4mpling och silketryck f\u00f6r att ytterligare framh\u00e4va den tredimensionella och lyxiga k\u00e4nslan hos varum\u00e4rkeslogotyper eller m\u00f6nster.<\/li>\n<\/ul>\n<h2 id=\"-4-flexible-box-type-and-differentiated-design-\"><strong>4. Flexibel boxtyp och differentierad design<\/strong><\/h2>\n<ul>\n<li><strong>Anpassning av boxtyp<\/strong>: Erbjuder en m\u00e4ngd olika typer av l\u00e5dor, t.ex. topp- och bottenlock, bokformade l\u00e5dor, l\u00e5dl\u00e5dor etc. Storleken och \u00f6ppnings- och st\u00e4ngningsmetoderna kan justeras efter behov f\u00f6r att m\u00f6ta olika positioneringar fr\u00e5n b\u00e4rbar liten kapacitet till lyxiga g\u00e5vor.<\/li>\n<li><strong>Differentieringsl\u00f6sning<\/strong>: Genom modul\u00e4r design kan kunderna integrera VI-element fr\u00e5n varum\u00e4rket (t.ex. LOGO, slogan) i kombination med differentierade strukturer (t.ex. skiktad innerbricka, transparent f\u00f6nster) f\u00f6r att f\u00f6rb\u00e4ttra produktigenk\u00e4nningen och konsumentupplevelsen.<\/li>\n<\/ul>\n<h2 id=\"-5-multifunctional-inner-tray-adaptation-solution-\"><strong>5. Multifunktionell l\u00f6sning f\u00f6r anpassning av innerfacket<\/strong><\/h2>\n<ul>\n<li><strong>Diversifierade material f\u00f6r innerbrickor<\/strong>:<\/li>\n<li><strong>EVA-foder<\/strong>: L\u00e4mplig f\u00f6r CBD-glasflaskor med h\u00f6gt v\u00e4rde, flaskans kropp fixeras av anpassade sp\u00e5r, st\u00f6ts\u00e4ker och fallskyddande.<\/li>\n<li><strong>Flockat innerfack<\/strong>: F\u00f6rb\u00e4ttra lyxen av ber\u00f6ring, l\u00e4mplig f\u00f6r avancerade present scener.<\/li>\n<li><strong>Gjutning av nedbrytbar massa<\/strong>: Milj\u00f6v\u00e4nligt alternativ, i linje med konceptet f\u00f6r h\u00e5llbart varum\u00e4rke.<\/li>\n<li><strong>Funktionell zonindelning<\/strong>: St\u00f6der lager- och rutn\u00e4tslayout, kompatibel med CBD-oljeflaskor, droppare, manualer och andra tillbeh\u00f6rsf\u00f6rvaringsbehov, med h\u00e4nsyn till b\u00e5de sk\u00f6nhet och praktiska egenskaper.<\/li>\n<\/ul>\n<h2 id=\"-6-one-stop-customization-service-and-quality-assurance-\"><strong>6. One-stop anpassningstj\u00e4nst och kvalitetss\u00e4kring<\/strong><\/h2>\n<ul>\n<li><strong>Fullt processt\u00f6d fr\u00e5n design till produktion<\/strong>: Tillhandah\u00e5lla 3D-modellering och korrekturtj\u00e4nster f\u00f6r att s\u00e4kerst\u00e4lla att designeffekten \u00f6verensst\u00e4mmer med den faktiska produkten, och prover kan levereras p\u00e5 s\u00e5 lite som 3-5 dagar.<\/li>\n<li><strong>Massproduktion och logistik<\/strong>: Den m\u00e5natliga produktionskapaciteten uppg\u00e5r till miljontals och f\u00f6rpackningen best\u00e5r av specialanpassade masterboxar f\u00f6r f\u00f6rst\u00e4rkt transport, som t\u00e4cker flera hamnar s\u00e5som Ningbo och Shanghai f\u00f6r export.<\/li>\n<\/ul>\n<h2 id=\"-summary-of-product-advantages-\"><strong>Sammanfattning av produktf\u00f6rdelar<\/strong>:<\/h2>\n<ul>\n<li><strong>H\u00f6gklassig positionering<\/strong>: Genom enkel svart tryckning och magnetisk sugstruktur skapar den en f\u00f6rpackningstextur p\u00e5 lyxniv\u00e5.<\/li>\n<li><strong>S\u00e4kerhet och efterlevnad<\/strong>: Materialet uppfyller internationella milj\u00f6standarder (t.ex. \u00e5tervinningsbar gr\u00e5 kartong), och etikettinformationen kan anpassas enligt f\u00f6reskrifterna.<\/li>\n<li><strong>Flexibel anpassning<\/strong>: Fr\u00e5n l\u00e5dform till innerbricka, det uppfyller helt varum\u00e4rkets differentieringsbehov och hj\u00e4lper till att f\u00f6rb\u00e4ttra marknadens konkurrenskraft.<\/li>\n<\/ul>","protected":false},"excerpt":{"rendered":"<p>Denna magnetiska st\u00e4ngningsl\u00e5da har ett sp\u00e4nne p\u00e5 sidan, och omkopplingsmetoden \u00e4r ny och unik, vilket g\u00f6r att den \u00f6vergripande strukturen och fastheten i l\u00e5dan f\u00f6rb\u00e4ttras b\u00e4ttre.<\/p>","protected":false},"featured_media":265,"template":"","meta":{"_kad_post_transparent":"default","_kad_post_title":"","_kad_post_layout":"default","_kad_post_sidebar_id":"","_kad_post_content_style":"default","_kad_post_vertical_padding":"default","_kad_post_feature":"","_kad_post_feature_position":"","_kad_post_header":false,"_kad_post_footer":false,"_kad_post_classname":""},"product_brand":[],"product_cat":[15,17],"product_tag":[78,77,79],"class_list":{"0":"post-260","1":"product","2":"type-product","3":"status-publish","4":"has-post-thumbnail","6":"product_cat-red-light-therapy","7":"product_cat-services","8":"product_tag-cbd-oil-packaging-box","9":"product_tag-customized-weed-packaging","10":"product_tag-weed-cbd-oil-packaging-wholesale","12":"first","13":"instock","14":"shipping-taxable","15":"product-type-simple","16":"entry","17":"content-bg","18":"loop-entry"},"_links":{"self":[{"href":"https:\/\/red-lighttherapy.com\/sv\/wp-json\/wp\/v2\/product\/260","targetHints":{"allow":["GET"]}}],"collection":[{"href":"https:\/\/red-lighttherapy.com\/sv\/wp-json\/wp\/v2\/product"}],"about":[{"href":"https:\/\/red-lighttherapy.com\/sv\/wp-json\/wp\/v2\/types\/product"}],"wp:featuredmedia":[{"embeddable":true,"href":"https:\/\/red-lighttherapy.com\/sv\/wp-json\/wp\/v2\/media\/265"}],"wp:attachment":[{"href":"https:\/\/red-lighttherapy.com\/sv\/wp-json\/wp\/v2\/media?parent=260"}],"wp:term":[{"taxonomy":"product_brand","embeddable":true,"href":"https:\/\/red-lighttherapy.com\/sv\/wp-json\/wp\/v2\/product_brand?post=260"},{"taxonomy":"product_cat","embeddable":true,"href":"https:\/\/red-lighttherapy.com\/sv\/wp-json\/wp\/v2\/product_cat?post=260"},{"taxonomy":"product_tag","embeddable":true,"href":"https:\/\/red-lighttherapy.com\/sv\/wp-json\/wp\/v2\/product_tag?post=260"}],"curies":[{"name":"wp","href":"https:\/\/api.w.org\/{rel}","templated":true}]}}