{"id":254,"date":"2025-04-10T13:05:03","date_gmt":"2025-04-10T13:05:03","guid":{"rendered":"https:\/\/red-lighttherapy.com\/?post_type=product&#038;p=254"},"modified":"2025-04-10T13:36:07","modified_gmt":"2025-04-10T13:36:07","slug":"magnetic-closure-saw-blade-rigid-gift-packaging-box-factory","status":"publish","type":"product","link":"https:\/\/red-lighttherapy.com\/sv\/magnetic-closure-saw-blade-rigid-gift-packaging-box-factory\/","title":{"rendered":"Magnetisk st\u00e4ngning S\u00e5gblad styv presentf\u00f6rpackning Box Factory"},"content":{"rendered":"<h3 id=\"magnetic-sealed-saw-blade-hard-gift-packaging-box\">Magnetisk f\u00f6rseglad s\u00e5gklinga H\u00e5rd presentf\u00f6rpackning L\u00e5da<\/h3>\n<h2 id=\"-i-core-materials-and-crafts-\"><strong>1. K\u00e4rnmaterial och hantverk<\/strong><\/h2>\n<ol>\n<li><strong>H\u00f6gkvalitativt materialval<\/strong>: Produkten anv\u00e4nder\u00a0<strong>157g bestruket papper<\/strong>\u00a0som ytmonteringspapper, kombinerat med\u00a0<strong>1200g gr\u00e5 kartong med h\u00f6g densitet<\/strong>\u00a0som bel\u00e4ggningssubstrat. Ytan p\u00e5 det bestrukna papperet bearbetas genom\u00a0<strong>tryckprocess med fyra f\u00e4rger<\/strong>, med h\u00f6g f\u00e4rg\u00e5tergivning, m\u00e4ttnad och ljusstyrka, och t\u00e4ckt med matt film f\u00f6r att f\u00f6rb\u00e4ttra slitstyrka och rept\u00e5lighet; den gr\u00e5 br\u00e4dan har utm\u00e4rkt kompressionsmotst\u00e5nd och planhet, t\u00e5l transportchock och s\u00e4kerst\u00e4ller att l\u00e5dkroppen inte deformeras under l\u00e5ng tid.<\/li>\n<li><strong>Strukturell design av industriell kvalitet<\/strong>: Den\u00a0<strong>flip-top boxstruktur<\/strong>\u00a0och l\u00e5dans lock \u00f6ppnas och st\u00e4ngs bekv\u00e4mt med hj\u00e4lp av en magnetisk t\u00e4tningsanordning. Den \u00e4r t\u00e4t och stabil n\u00e4r den \u00e4r st\u00e4ngd, och\u00a0<strong>anpassad konturmodell<\/strong>\u00a0bildad av \u00f6verlagringen av den inre gr\u00e5 br\u00e4dan fixerar s\u00e5gbladet noggrant f\u00f6r att undvika skakning. Den \u00f6vergripande strukturen tar h\u00e4nsyn till b\u00e5de visning och skydd, l\u00e4mplig f\u00f6r visning p\u00e5 hyllor eller som presentf\u00f6rpackning.<\/li>\n<\/ol>\n<h2 id=\"-ii-visual-design-and-functional-features-\"><strong>2. Visuell design och funktionella egenskaper<\/strong><\/h2>\n<ol>\n<li><strong>Tematiskt utseende<\/strong>:<\/li>\n<li>Huvudf\u00e4rgen \u00e4r\u00a0<strong>matt svart<\/strong>, med\u00a0<strong>vitt s\u00e5gtandsm\u00f6nster<\/strong>\u00a0och\u00a0<strong>fluorescerande gr\u00f6n varum\u00e4rkeslogotyp<\/strong>och bildar en stark visuell effekt i industriell stil. Omslagsm\u00f6nstret \u00e5terskapar s\u00e5gbladets sk\u00e4rdynamik genom vektorlinjer, vilket intuitivt f\u00f6rmedlar produktens syfte.<\/li>\n<li>Designen omfattar de\u00a0<strong>minimalism<\/strong>\u00a0koncept, utan \u00f6verfl\u00f6diga dekorativa element, som framh\u00e4ver egenskaperna hos professionella verktyg och samtidigt f\u00f6rb\u00e4ttrar varum\u00e4rkesigenk\u00e4nningen.<\/li>\n<li><strong>Optimering av foder<\/strong>: Den inre h\u00e5ligheten anv\u00e4nder\u00a0<strong>3-4 lager av gr\u00e5 kartong \u00f6verlagrade sk\u00e4rning<\/strong>och anv\u00e4nder CNC-stansningsteknik f\u00f6r att forma sp\u00e5ret som passar s\u00e5gbladets form f\u00f6r att ge ett allsidigt buffertskydd. Det vita fodret kontrasterar mot den svarta l\u00e5dan, vilket f\u00f6rst\u00e4rker k\u00e4nslan av ceremoni n\u00e4r produkten tas ut.<\/li>\n<\/ol>\n<h2 id=\"-three-customized-services-and-production-guarantee-\"><strong>3. Anpassade tj\u00e4nster och produktionsgaranti<\/strong><\/h2>\n<ol>\n<li><strong>Flexibelt anpassningsschema<\/strong>:<\/li>\n<li>St\u00f6d\u00a0<strong>justering av storlek<\/strong>\u00a0(anpassas till s\u00e5gblad med olika specifikationer),\u00a0<strong>omdesign av m\u00f6nster<\/strong>\u00a0(utbytbar LOGO, text och grafiska element),\u00a0<strong>materialuppgradering<\/strong>\u00a0(t.ex. ers\u00e4tta med specialpapper eller l\u00e4gga till varmst\u00e4mplingsprocess).<\/li>\n<li>Tillhandah\u00e5lla\u00a0<strong>EPE p\u00e4rla bomull<\/strong>\u00a0eller\u00a0<strong>blistertr\u00e5g<\/strong>\u00a0och andra bufferttillbeh\u00f6r f\u00f6r att m\u00f6ta behoven hos avancerade presentf\u00f6rpackningar.<\/li>\n<li><strong>Fullst\u00e4ndig kvalitetskontroll och leverans<\/strong>:<\/li>\n<li>Anta\u00a0<strong>helautomatisk stansmaskin<\/strong>\u00a0och\u00a0<strong>h\u00f6ghastighets fyrf\u00e4rgstryckmaskin<\/strong>, med en genomsnittlig daglig produktionskapacitet p\u00e5 10 000 stycken, som st\u00f6der 7-10 dagars leverans av br\u00e5dskande best\u00e4llningar.<\/li>\n<li>Implementera\u00a0<strong>kvalitetsinspektionssystem p\u00e5 tre niv\u00e5er<\/strong>: inspektion av r\u00e5varulager (fukthalt i gr\u00e5 kartong \u22648%), platthetstest f\u00f6r halvfabrikat, kompressions- och falltest f\u00f6r f\u00e4rdig produkt.<\/li>\n<\/ol>\n<h2 id=\"-fourth-application-scenarios-and-competitive-advantages-\"><strong>4. Till\u00e4mpningsscenarier och konkurrensf\u00f6rdelar<\/strong><\/h2>\n<ol>\n<li><strong>Till\u00e4mpliga omr\u00e5den<\/strong>: Utformad speciellt f\u00f6r\u00a0<strong>varum\u00e4rken f\u00f6r s\u00e5gklingor av industriell kvalitet<\/strong>,\u00a0<strong>presentf\u00f6rpackningar f\u00f6r h\u00e5rdvaruverktyg<\/strong>\u00a0och\u00a0<strong>tillbeh\u00f6r till avancerad mekanisk utrustning<\/strong>, l\u00e4mplig f\u00f6r stormarknadsdisplay, e-handelstransport, utst\u00e4llningsg\u00e5vor och andra scenarier.<\/li>\n<li><strong>Centrala f\u00f6rdelar<\/strong>:<\/li>\n<li><strong>Differentierad design<\/strong>: Kombinerar funktionalitet och estetik och bryter mot stereotypen f\u00f6r traditionella verktygsf\u00f6rpackningar.<\/li>\n<li><strong>Efterlevnad av milj\u00f6lagstiftningen<\/strong>: B\u00e5de gr\u00e5 kartong och bestruket papper uppfyller FSC-certifiering och st\u00f6der \u00e5tervinning.<\/li>\n<li><strong>Service fr\u00e5n en enda kontaktpunkt<\/strong>: Fr\u00e5n designutkast till f\u00e4rdig produktf\u00f6rpackning tillhandah\u00e5ller vi full processt\u00f6d f\u00f6r korrektur, produktion och logistik.<\/li>\n<\/ol>\n<h2 id=\"-technical-parameters-example-\"><strong>Tekniska parametrar<\/strong>\u00a0(exempel)<\/h2>\n<table>\n<thead>\n<tr>\n<th>F\u00f6rem\u00e5l<\/th>\n<th>Standardv\u00e4rde<\/th>\n<\/tr>\n<\/thead>\n<tbody>\n<tr>\n<td>Vikt f\u00f6r gr\u00e5 kartong<\/td>\n<td>1200g (\u00b15%)<\/td>\n<\/tr>\n<tr>\n<td>Tryck p\u00e5 ytan<\/td>\n<td>CMYK + matt laminering<\/td>\n<\/tr>\n<tr>\n<td>Lastb\u00e4rande kapacitet<\/td>\n<td>Statiskt tryckmotst\u00e5nd \u226550 kg<\/td>\n<\/tr>\n<tr>\n<td>Leveranscykel<\/td>\n<td>Vanliga best\u00e4llningar 7-14 dagar<\/td>\n<\/tr>\n<\/tbody>\n<\/table>","protected":false},"excerpt":{"rendered":"<p>L\u00e5ddesignen f\u00f6r denna s\u00e5gbladsl\u00e5da \u00e4r en magnetisk st\u00e4ngningsl\u00e5da. Utseendet \u00e4r baserat p\u00e5 s\u00e5gbladselementet som k\u00e4rninneh\u00e5ll. Omslaget \u00e4r tryckt med ett s\u00e5gbladsm\u00f6nster, vilket f\u00f6rmedlar produktens syfte mer intuitivt.<\/p>","protected":false},"featured_media":255,"template":"","meta":{"_kad_post_transparent":"default","_kad_post_title":"","_kad_post_layout":"default","_kad_post_sidebar_id":"","_kad_post_content_style":"default","_kad_post_vertical_padding":"default","_kad_post_feature":"","_kad_post_feature_position":"","_kad_post_header":false,"_kad_post_footer":false,"_kad_post_classname":""},"product_brand":[],"product_cat":[15,17],"product_tag":[76,75,74],"class_list":{"0":"post-254","1":"product","2":"type-product","3":"status-publish","4":"has-post-thumbnail","6":"product_cat-red-light-therapy","7":"product_cat-services","8":"product_tag-magnetic-closure-saw-blade-box","9":"product_tag-saw-blade-packaging-box-factory","10":"product_tag-saw-blade-rigid-box","12":"first","13":"instock","14":"shipping-taxable","15":"product-type-simple","16":"entry","17":"content-bg","18":"loop-entry"},"_links":{"self":[{"href":"https:\/\/red-lighttherapy.com\/sv\/wp-json\/wp\/v2\/product\/254","targetHints":{"allow":["GET"]}}],"collection":[{"href":"https:\/\/red-lighttherapy.com\/sv\/wp-json\/wp\/v2\/product"}],"about":[{"href":"https:\/\/red-lighttherapy.com\/sv\/wp-json\/wp\/v2\/types\/product"}],"wp:featuredmedia":[{"embeddable":true,"href":"https:\/\/red-lighttherapy.com\/sv\/wp-json\/wp\/v2\/media\/255"}],"wp:attachment":[{"href":"https:\/\/red-lighttherapy.com\/sv\/wp-json\/wp\/v2\/media?parent=254"}],"wp:term":[{"taxonomy":"product_brand","embeddable":true,"href":"https:\/\/red-lighttherapy.com\/sv\/wp-json\/wp\/v2\/product_brand?post=254"},{"taxonomy":"product_cat","embeddable":true,"href":"https:\/\/red-lighttherapy.com\/sv\/wp-json\/wp\/v2\/product_cat?post=254"},{"taxonomy":"product_tag","embeddable":true,"href":"https:\/\/red-lighttherapy.com\/sv\/wp-json\/wp\/v2\/product_tag?post=254"}],"curies":[{"name":"wp","href":"https:\/\/api.w.org\/{rel}","templated":true}]}}