{"id":248,"date":"2025-04-10T12:46:08","date_gmt":"2025-04-10T12:46:08","guid":{"rendered":"https:\/\/red-lighttherapy.com\/?post_type=product&#038;p=248"},"modified":"2025-04-10T13:04:37","modified_gmt":"2025-04-10T13:04:37","slug":"luxury-food-tea-irregular-shaped-gift-packaging-box-suppliers","status":"publish","type":"product","link":"https:\/\/red-lighttherapy.com\/sv\/luxury-food-tea-irregular-shaped-gift-packaging-box-suppliers\/","title":{"rendered":"Lyxig mat Te Oregelbunden formad presentf\u00f6rpackning Box leverant\u00f6rer"},"content":{"rendered":"<h2 id=\"luxury-food-tea-shaped-gift-box\">Lyxig mat Te Oregelbunden formad presentf\u00f6rpackning Box leverant\u00f6rer<\/h2>\n<p>Som en innovativ ledare inom avancerade presentf\u00f6rpackningar str\u00e4var vi efter att integrera konstn\u00e4rlig estetik med praktiska funktioner, och lanserade\u00a0<strong>Serie \u00e5ttkantigt formade presentaskar f\u00f6r te<\/strong>, som \u00e4r speciellt utformad f\u00f6r exklusiva livsmedels- och tevarum\u00e4rken f\u00f6r att skapa f\u00f6rpackningsl\u00f6sningar med b\u00e5de igenk\u00e4nning och kvalitet. Nedan f\u00f6ljer de viktigaste f\u00f6rdelarna och tekniska detaljerna f\u00f6r produkten:<\/p>\n<h2 id=\"-1-material-and-structure-scientific-protection-stable-and-durable-\"><strong>1. Material och struktur: vetenskapligt skydd, stabilt och h\u00e5llbart<\/strong><\/h2>\n<ul>\n<li><strong>H\u00f6gh\u00e5llfast skelett av gr\u00e5 kartong<\/strong>: Gr\u00e5 kartong med h\u00f6g densitet anv\u00e4nds som den interna st\u00f6dstrukturen, i kombination med 300 g bestruket pappersbel\u00e4ggningsprocess, genom exakt stansning och indragningsteknik f\u00f6r att bilda en \u00e5ttkantig tredimensionell l\u00e5dform, tryckh\u00e5llfastheten \u00f6kas med 40%, vilket s\u00e4kerst\u00e4ller att l\u00e5dkroppen inte deformeras eller spricker under transporten.<\/li>\n<li><strong>Utformning av buffertfodring<\/strong>: Den interna konfigurationen \u00e4r en vit EVA gjuten innerbricka i ett stycke, som \u00e4r exakt anpassad till oberoende sm\u00e5f\u00f6rpackat te (t.ex. 5g\/8g te i p\u00e5sar) genom den partitionerade kortplatsen, i kombination med den v\u00e5giga buffertstrukturen, absorberar effektivt transportvibrationer och undviker produktf\u00f6rskjutning eller kollisionsskador.<\/li>\n<\/ul>\n<h2 id=\"-ii-innovative-design-fusion-of-geometric-aesthetics-and-cultural-symbols-\"><strong>2. Innovativ design: fusion av geometrisk estetik och kulturella symboler<\/strong><\/h2>\n<ul>\n<li><strong>Oktagonal specialformad l\u00e5da<\/strong>: Genom att bryta igenom den traditionella fyrkantiga l\u00e5dformen, med \u00e5ttkantig geometrisk struktur som k\u00e4rndesignspr\u00e5k, \u00e4r de vinklade linjerna b\u00e5de h\u00e5rda och mjuka, vilket inte bara ekar den lovande betydelsen av \"rikedom fr\u00e5n alla h\u00e5ll\" i traditionell kultur, utan ocks\u00e5 ger moderna minimalistiska estetiska egenskaper, och hyllans displayigenk\u00e4nning \u00f6kar med 60%.<\/li>\n<li><strong>Visuellt system f\u00f6r f\u00e4rg<\/strong>: Huvudf\u00e4rgen \u00e4r ren matt vit, som symboliserar teets naturliga renhet; matt r\u00f6da linjer anv\u00e4nds f\u00f6r att skissera konturerna, och den lokala heta st\u00e4mplingsprocessen anv\u00e4nds f\u00f6r att presentera traditionella m\u00f6nster som molnm\u00f6nster och chevronm\u00f6nster, som bildar en r\u00f6d-guld-vit tref\u00e4rgskontrast, som kombinerar orientalisk elegans och internationell modek\u00e4nsla.<\/li>\n<\/ul>\n<h2 id=\"-iii-process-details-seiko-quality-sensory-upgrade-\"><strong>3. Detaljer om processen: Seiko-kvalitet, sensorisk uppgradering<\/strong><\/h2>\n<ul>\n<li><strong>H\u00f6guppl\u00f6sande tryckteknik<\/strong>: Femf\u00e4rgsoffsettryck i kombination med lokal UV-teknik anv\u00e4nds f\u00f6r att uppn\u00e5 en f\u00e4rg\u00e5tergivning av 98% av m\u00f6nstret. Guldelementen presenteras med en tredimensionell lyster genom kallst\u00e4mpling eller sjuf\u00e4rgspulverteknik. Kantnoggrannhetsfelet \u00e4r \u22640,1 mm, vilket eliminerar defekter som \u00f6verfl\u00f6d och grader.<\/li>\n<li><strong>Ytstrukturbehandling<\/strong>: Matt film eller taktil sammetsfilm appliceras f\u00f6r att f\u00f6rb\u00e4ttra slitstyrkan, och pr\u00e4glingsprocessen anv\u00e4nds f\u00f6r att f\u00f6rb\u00e4ttra den tredimensionella k\u00e4nslan av varum\u00e4rkets LOGO. N\u00e4r fingertopparna r\u00f6r vid den f\u00e5r den en delikat matt eller sammetslen textur, vilket ger en avancerad upplevelse fr\u00e5n syn till ber\u00f6ring.<\/li>\n<\/ul>\n<h2 id=\"-fourth-customized-service-in-depth-adaptation-to-brand-needs-\"><strong>4. Anpassad service: djupg\u00e5ende anpassning till varum\u00e4rkets behov<\/strong><\/h2>\n<ul>\n<li><strong>Flexibla m\u00e5tt f\u00f6r kundanpassning<\/strong>:<\/li>\n<li><strong>Justering av l\u00e5dtyp<\/strong>: St\u00f6der finjustering av \u00e5ttkantig vinkel (t.ex. 60\u00b0 spetsig vinkel eller 120\u00b0 trubbig vinkel), storleksexpansion (h\u00f6jd 50-300 mm kan anpassas) och \u00e4r l\u00e4mplig f\u00f6r teburkar eller livsmedelsf\u00f6rpackningar med olika specifikationer.<\/li>\n<li><strong>Visuell design<\/strong>: Ge varum\u00e4rkes LOGO varmst\u00e4mpling \/ silketryck, grafisk layoutoptimering, implantation av kulturelement (som kalligrafi-teckensnitt, regionala symboler) och 20 grundl\u00e4ggande layoutbibliotek kan snabbt anpassas till behov.<\/li>\n<li><strong>Serviceprocess med en enda kontaktpunkt<\/strong>: Fr\u00e5n 3D-modelleringsprovning, materialval till massproduktion, den f\u00f6rsta provbekr\u00e4ftelsen \u00e4r klar p\u00e5 15 dagar och den minsta orderkvantiteten p\u00e5 3 000 stycken levereras p\u00e5 30 dagar, vilket st\u00f6der global logistiksp\u00e5rning.<\/li>\n<\/ul>\n<h2 id=\"-v-quality-control-and-environmental-protection-strict-standards-sustainable-concept-\"><strong>5. Kvalitetskontroll och milj\u00f6skydd: Strikta standarder, h\u00e5llbart koncept<\/strong><\/h2>\n<ul>\n<li><strong>Kvalitetsinspektion i hela kedjan<\/strong>: Godk\u00e4nd ISO9001 kvalitetssystemcertifiering, 12 indikatorer s\u00e5som gr\u00e5 kartongdensitet (\u2265800g\/m\u00b3) och bestruket pappers spr\u00e4ngstyrka (\u2265400kPa) testas batch f\u00f6r batch f\u00f6r att s\u00e4kerst\u00e4lla \u00f6verensst\u00e4mmelse med s\u00e4kerhetsstandarder f\u00f6r livsmedelskvalitet.<\/li>\n<li><strong>Gr\u00f6nt produktionssystem<\/strong>: Genom att anv\u00e4nda FSC-certifierat milj\u00f6v\u00e4nligt papper och vattenbaserat bl\u00e4ck uppn\u00e5r produktionsprocessen nollutsl\u00e4pp av avloppsvatten, och presentf\u00f6rpackningen kan \u00e5tervinnas och brytas ned med en hastighet p\u00e5 \u00f6ver 90%, vilket hj\u00e4lper varum\u00e4rket att genomf\u00f6ra ESG-strategin.<\/li>\n<\/ul>\n<h2 id=\"application-scenarios-and-value-empowerment\">Applikationsscenarier och Value Empowerment<\/h2>\n<p>Denna serie presentf\u00f6rpackningar \u00e4r l\u00e4mplig f\u00f6r avancerade presentscenarier som Pu'er-te, rockte och v\u00e4rdefulla livsmedel, s\u00e4rskilt f\u00f6r\u00a0<strong>f\u00f6retagsg\u00e5vor, gemensamma varum\u00e4rken, begr\u00e4nsade upplagor f\u00f6r h\u00f6gtider<\/strong>\u00a0och andra marknadsf\u00f6ringsbehov. Genom differentierad \u00e5ttkantig design, kulturell symbolimplantation och skr\u00e4ddarsydda tj\u00e4nster hj\u00e4lper det varum\u00e4rken att etablera\u00a0<strong>\"igenk\u00e4nning med en enda blick\"<\/strong>\u00a0visuellt minne bland liknande konkurrerande produkter, och \u00f6ka produktens premiumutrymme med mer \u00e4n 30%.<\/p>","protected":false},"excerpt":{"rendered":"<p>Presentf\u00f6rpackningens form \u00e4r \u00e5ttkantig, med ett vitt foder p\u00e5 insidan och en skiljev\u00e4ggsstruktur, som passar perfekt f\u00f6r det lilla tepaketet och fixerar produktens position, vilket kombinerar praktik och sk\u00f6nhet.<\/p>","protected":false},"featured_media":250,"template":"","meta":{"_kad_post_transparent":"default","_kad_post_title":"","_kad_post_layout":"default","_kad_post_sidebar_id":"","_kad_post_content_style":"default","_kad_post_vertical_padding":"default","_kad_post_feature":"","_kad_post_feature_position":"","_kad_post_header":false,"_kad_post_footer":false,"_kad_post_classname":""},"product_brand":[],"product_cat":[15,17],"product_tag":[73,71,72],"class_list":{"0":"post-248","1":"product","2":"type-product","3":"status-publish","4":"has-post-thumbnail","6":"product_cat-red-light-therapy","7":"product_cat-services","8":"product_tag-food-tea-box-suppliers","9":"product_tag-food-tea-gift-packaging","10":"product_tag-luxury-food-gift-box","12":"first","13":"instock","14":"shipping-taxable","15":"product-type-simple","16":"entry","17":"content-bg","18":"loop-entry"},"_links":{"self":[{"href":"https:\/\/red-lighttherapy.com\/sv\/wp-json\/wp\/v2\/product\/248","targetHints":{"allow":["GET"]}}],"collection":[{"href":"https:\/\/red-lighttherapy.com\/sv\/wp-json\/wp\/v2\/product"}],"about":[{"href":"https:\/\/red-lighttherapy.com\/sv\/wp-json\/wp\/v2\/types\/product"}],"wp:featuredmedia":[{"embeddable":true,"href":"https:\/\/red-lighttherapy.com\/sv\/wp-json\/wp\/v2\/media\/250"}],"wp:attachment":[{"href":"https:\/\/red-lighttherapy.com\/sv\/wp-json\/wp\/v2\/media?parent=248"}],"wp:term":[{"taxonomy":"product_brand","embeddable":true,"href":"https:\/\/red-lighttherapy.com\/sv\/wp-json\/wp\/v2\/product_brand?post=248"},{"taxonomy":"product_cat","embeddable":true,"href":"https:\/\/red-lighttherapy.com\/sv\/wp-json\/wp\/v2\/product_cat?post=248"},{"taxonomy":"product_tag","embeddable":true,"href":"https:\/\/red-lighttherapy.com\/sv\/wp-json\/wp\/v2\/product_tag?post=248"}],"curies":[{"name":"wp","href":"https:\/\/api.w.org\/{rel}","templated":true}]}}