{"id":242,"date":"2025-04-10T12:32:25","date_gmt":"2025-04-10T12:32:25","guid":{"rendered":"https:\/\/red-lighttherapy.com\/?post_type=product&#038;p=242"},"modified":"2025-04-10T12:46:01","modified_gmt":"2025-04-10T12:46:01","slug":"china-double-door-open-gourmet-food-gift-box-suppliers","status":"publish","type":"product","link":"https:\/\/red-lighttherapy.com\/sv\/china-double-door-open-gourmet-food-gift-box-suppliers\/","title":{"rendered":"Kina Dubbeld\u00f6rr \u00f6ppen gourmetmat presentf\u00f6rpackning leverant\u00f6rer"},"content":{"rendered":"<h2 id=\"-double-door-open-liftable-food-gift-box\">Kina Dubbeld\u00f6rr \u00f6ppen gourmetmat presentf\u00f6rpackning leverant\u00f6rer<\/h2>\n<h2 id=\"-i-core-material-high-pressure-resistant-and-environmentally-friendly-substrate-\"><strong>1. K\u00e4rnmaterial: h\u00f6gtrycksbest\u00e4ndigt och milj\u00f6v\u00e4nligt substrat<\/strong><\/h2>\n<ol>\n<li><strong>Kombinationsstruktur av bestruket papper + dubbel gr\u00e5 kartong<\/strong><\/li>\n<li>Den yttre l\u00e5dan anv\u00e4nder 300 g h\u00f6gviktigt bestruket papper med matt filmteknik, med en sl\u00e4t och k\u00e4nslig yta och h\u00f6g f\u00e4rg\u00e5tergivning, och flocknings- \/ varmst\u00e4mplingsprocessen f\u00f6rb\u00e4ttrar ber\u00f6ringen och den visuella kvaliteten.<\/li>\n<li>Det inre lagret anv\u00e4nder 2,5 mm importerad dubbelgr\u00e5 kartong med en styvhet p\u00e5 mer \u00e4n 80 MPa, och tryckh\u00e5llfastheten \u00f6verstiger industristandarden med 30%, som t\u00e5l 50 kg vertikalt tryck under transport utan deformation.<\/li>\n<li>Materialet \u00e4r godk\u00e4nt enligt FSC:s milj\u00f6certifiering, \u00e4r \u00e5tervinningsbart och nedbrytbart och uppfyller kraven f\u00f6r livsmedelsgodk\u00e4nda f\u00f6rpackningss\u00e4kerhetsstandarder.<\/li>\n<\/ol>\n<h2 id=\"-ii-innovative-structure-double-door-flip-lift-design-\"><strong>2. Innovativ struktur: dubbeld\u00f6rr med flip lift-design<\/strong><\/h2>\n<ol>\n<li><strong>Magnetisk \u00f6ppning och st\u00e4ngning av dubbeld\u00f6rrar<\/strong><\/li>\n<li>Med en 180 \u00b0 dubbeld\u00f6rrstruktur, med ett inbyggt osynligt magnetiskt sp\u00e4nne, \u00e4r \u00f6ppningen och st\u00e4ngningen smidig och ljudl\u00f6s, och t\u00e4tningen efter st\u00e4ngning n\u00e5r IP54 dammt\u00e4t niv\u00e5.<\/li>\n<li><strong>Innerl\u00e5da med automatisk lyft<\/strong><\/li>\n<li>Inbyggd fj\u00e4der-\/v\u00e4xelanordning f\u00f6r l\u00e5ngsam lyftning, innerbrickan stiger med en j\u00e4mn hastighet p\u00e5 0,5 m\/s n\u00e4r den \u00f6ppnas, och med det ljusa EVA-fodret bildar den ett visuellt fokus i \"stand-style\", vilket f\u00f6rst\u00e4rker k\u00e4nslan av ceremoni vid uppackning.<\/li>\n<li>Det inre tr\u00e5get kan anpassas med skiktade moduler f\u00f6r att uppfylla behoven hos kombinationsf\u00f6rpackningar f\u00f6r flera kategorier, t.ex. kakor, torrvaror och vin.<\/li>\n<\/ol>\n<h2 id=\"-three-visual-design-black-and-gold-aesthetics-and-information-communication-\"><strong>3. Visuell design: estetik i svart och guld och informationsf\u00f6rmedling<\/strong><\/h2>\n<ol>\n<li><strong>Visuell huvudl\u00f6sning<\/strong><\/li>\n<li>Svart matt bakgrund med matm\u00f6nster med h\u00f6g m\u00e4ttnad (t.ex. orange-r\u00f6d paprika, gyllene shortbread), CMYK-f\u00e4rgt\u00e4ckningsgrad n\u00e5r 98%, vilket ger kontrasteffekten \"m\u00f6rk f\u00e4rg lugn + ljus f\u00e4rg i\u00f6gonfallande\".<\/li>\n<li>LOGOTYPEN anv\u00e4nder tredimensionell het silverteknik, och textinformationen anv\u00e4nder Pantone 872C metallf\u00e4rg, och brytningsindexet under starkt ljus \u00f6kar med 200%.<\/li>\n<li><strong>Presentation av f\u00f6rtroendef\u00f6rklaring<\/strong><\/li>\n<li>ISO22000, HACCP och andra certifieringslogotyper \u00e4r tryckta p\u00e5 en framtr\u00e4dande plats p\u00e5 framsidan och en QR-kod f\u00f6r sp\u00e5rbarhet mot f\u00f6rfalskning har lagts till p\u00e5 sidan. Skanna koden f\u00f6r att se produktionsbatch och kvalitetsinspektionsrapport.<\/li>\n<\/ol>\n<h2 id=\"-iv-lining-protection-intelligent-buffer-system-\"><strong>4. Skydd av foder: intelligent buffertsystem<\/strong><\/h2>\n<ol>\n<li><strong>Modul\u00e4r l\u00f6sning f\u00f6r foder<\/strong><\/li>\n<li>Grundversion: 1,5 mm p\u00e4rlbomull, ljusgr\u00e5tt foder, FDA-certifiering f\u00f6r kontakt med livsmedel, tv\u00e4ttbar och \u00e5teranv\u00e4ndbar.<\/li>\n<li>Uppgraderad version: 3D laserskuret minnesskum, f\u00f6rpressade sp\u00e5r enligt produktens form och seismiskt motst\u00e5nd n\u00e5r MIL-STD-810G milit\u00e4r standard.<\/li>\n<li><strong>Teknik f\u00f6r luktkontroll<\/strong><\/li>\n<li>Med mikropor\u00f6s syregenomsl\u00e4pplig struktur, med adsorptionsskikt av bambukol, visar 72-timmars slutet test att TVOC-utsl\u00e4ppet \u00e4r \u22640,05 mg\/m\u00b3.<\/li>\n<\/ol>\n<h2 id=\"-v-customized-service-full-link-flexible-production-\"><strong>5. Anpassad service: flexibel produktion med full l\u00e4nk<\/strong><\/h2>\n<ol>\n<li><strong>Personligt designst\u00f6d<\/strong><\/li>\n<li>Storleksintervallet str\u00e4cker sig fr\u00e5n 80\u00d780 mm till 600\u00d7400 mm, med st\u00f6d f\u00f6r \u00f6ver 20 olika l\u00e5dbibliotek, t.ex. specialformade l\u00e5dor och bokformade l\u00e5dor.<\/li>\n<li>Tillhandah\u00e5lla AI intelligent designsystem, som automatiskt kan generera 3D-renderingar efter att kunderna laddat upp material och leverera korrektur inom 48 timmar.<\/li>\n<li><strong>Skalad leveransf\u00f6rm\u00e5ga<\/strong><\/li>\n<li>16 \u00e5rs erfarenhet av tryckning, med sin egen 10 000\u33a1 intelligenta fabrik, en daglig produktionskapacitet p\u00e5 100 000 stycken och st\u00f6d f\u00f6r 500 000-500 000 flexibla best\u00e4llningar.<\/li>\n<li>Kvalitetskontroll av hela processen: fr\u00e5n r\u00e5varor som kommer in i fabriken till f\u00e4rdiga produkter som skickas, finns det 12 inspektionsnoder och f\u00e4rgskillnadskontrollen \u0394E\u22641.5.<\/li>\n<\/ol>\n<h2 id=\"-vi-value-added-service-brand-empowerment-solution-\"><strong>6. Merv\u00e4rdestj\u00e4nst: L\u00f6sning f\u00f6r att st\u00e4rka varum\u00e4rket<\/strong><\/h2>\n<ul>\n<li><strong>L\u00f6sning med en enda kontaktpunkt<\/strong>: Tillhandah\u00e5ller tj\u00e4nster f\u00f6r hela processen fr\u00e5n strukturell design, grafisk design, materialval till logistikdistribution och 7\u00d724 timmars exklusiv kundtj\u00e4nstsp\u00e5rning.<\/li>\n<li><strong>St\u00e4rkt marknadsf\u00f6ring<\/strong>: 1.000 skr\u00e4ddarsydda produktber\u00e4ttelsekort kommer att ges bort. Skanna QR-koden f\u00f6r att hoppa till varum\u00e4rkets mikrogalleria, vilket hj\u00e4lper till att konvertera privat dom\u00e4ntrafik.<\/li>\n<\/ul>","protected":false},"excerpt":{"rendered":"<p>Denna ovanligt formade l\u00e5da \u00e4r huvudsakligen svart, med ljusa matbilder, vilket har en stark visuell p\u00e5verkan. Framsidan \u00e4r tryckt med i\u00f6gonfallande ord som LOGO f\u00f6r att framh\u00e4va produktens egenskaper och kvalitet, och den \u00e4r ocks\u00e5 m\u00e4rkt med certifieringsm\u00e4rken f\u00f6r att \u00f6ka trov\u00e4rdigheten.<\/p>","protected":false},"featured_media":246,"template":"","meta":{"_kad_post_transparent":"default","_kad_post_title":"","_kad_post_layout":"default","_kad_post_sidebar_id":"","_kad_post_content_style":"default","_kad_post_vertical_padding":"default","_kad_post_feature":"","_kad_post_feature_position":"","_kad_post_header":false,"_kad_post_footer":false,"_kad_post_classname":""},"product_brand":[],"product_cat":[15,17],"product_tag":[70,69,68],"class_list":{"0":"post-242","1":"product","2":"type-product","3":"status-publish","4":"has-post-thumbnail","6":"product_cat-red-light-therapy","7":"product_cat-services","8":"product_tag-double-door-open-food-box","9":"product_tag-food-gift-box-suppliers","10":"product_tag-gourmet-food-gift-box","12":"first","13":"instock","14":"shipping-taxable","15":"product-type-simple","16":"entry","17":"content-bg","18":"loop-entry"},"_links":{"self":[{"href":"https:\/\/red-lighttherapy.com\/sv\/wp-json\/wp\/v2\/product\/242","targetHints":{"allow":["GET"]}}],"collection":[{"href":"https:\/\/red-lighttherapy.com\/sv\/wp-json\/wp\/v2\/product"}],"about":[{"href":"https:\/\/red-lighttherapy.com\/sv\/wp-json\/wp\/v2\/types\/product"}],"wp:featuredmedia":[{"embeddable":true,"href":"https:\/\/red-lighttherapy.com\/sv\/wp-json\/wp\/v2\/media\/246"}],"wp:attachment":[{"href":"https:\/\/red-lighttherapy.com\/sv\/wp-json\/wp\/v2\/media?parent=242"}],"wp:term":[{"taxonomy":"product_brand","embeddable":true,"href":"https:\/\/red-lighttherapy.com\/sv\/wp-json\/wp\/v2\/product_brand?post=242"},{"taxonomy":"product_cat","embeddable":true,"href":"https:\/\/red-lighttherapy.com\/sv\/wp-json\/wp\/v2\/product_cat?post=242"},{"taxonomy":"product_tag","embeddable":true,"href":"https:\/\/red-lighttherapy.com\/sv\/wp-json\/wp\/v2\/product_tag?post=242"}],"curies":[{"name":"wp","href":"https:\/\/api.w.org\/{rel}","templated":true}]}}