{"id":236,"date":"2025-04-10T12:21:10","date_gmt":"2025-04-10T12:21:10","guid":{"rendered":"https:\/\/red-lighttherapy.com\/?post_type=product&#038;p=236"},"modified":"2025-04-10T12:32:14","modified_gmt":"2025-04-10T12:32:14","slug":"custom-wine-spirit-liquor-paper-tube-packaging-box-wholesale","status":"publish","type":"product","link":"https:\/\/red-lighttherapy.com\/sv\/custom-wine-spirit-liquor-paper-tube-packaging-box-wholesale\/","title":{"rendered":"Anpassad vin sprit sprit pappersr\u00f6r f\u00f6rpackningsl\u00e5da grossist"},"content":{"rendered":"<h2 id=\"-customized-red-and-gold-curled-cylinder-packaging-box-for-wine-and-spirits-\"><strong>Anpassad r\u00f6d och guldrullad cylinderf\u00f6rpackningsl\u00e5da f\u00f6r vin och sprit<\/strong><\/h2>\n<h2 id=\"-core-product-design-\"><strong>Produktdesign f\u00f6r k\u00e4rnverksamheten<\/strong><\/h2>\n<ol>\n<li><strong>Material och struktur<\/strong><\/li>\n<li><strong>Milj\u00f6v\u00e4nligt ytmaterial av bestruket papper<\/strong>: Valt bestruket papper med en gramvikt p\u00e5 mer \u00e4n 200 g \/ m\u00b2 som ytmaterial, ytan \u00e4r sl\u00e4t och k\u00e4nslig, med utm\u00e4rkt tryckl\u00e4mplighet och kan exakt presentera processdetaljer som varmst\u00e4mpling och f\u00e4rgtryck. Cylinderkroppen antar en spiralformad curlingprocess och styvheten f\u00f6rb\u00e4ttras genom en flerskiktsmonteringsprocess f\u00f6r att s\u00e4kerst\u00e4lla att cylinderl\u00e5dan inte deformeras n\u00e4r den b\u00e4r vikt (en enda r\u00f6dvins-\/spritflaska), med h\u00e4nsyn till milj\u00f6skydd och h\u00e5llbarhet.<\/li>\n<li><strong>Lockig cylinder L\u00e5da Typ<\/strong>: Cylindrisk pappersr\u00f6rsstrukturdesign, sl\u00e4ta linjer utan kanter och h\u00f6rn, bekv\u00e4m \u00f6ppning och st\u00e4ngning upp och ner och god t\u00e4tning. Cylinderkroppens diameter och h\u00f6jd kan anpassas f\u00f6r att m\u00f6ta behoven hos 750 ml standardvinflaskor och specialformade flaskor.<\/li>\n<li><strong>Dekorationsteknik och visuell design<\/strong><\/li>\n<li><strong>Teknik f\u00f6r varm st\u00e4mpling<\/strong>: Med hj\u00e4lp av lokal UV-varmst\u00e4mplingsteknik \u00e4r radiella linjer eller vinstocksm\u00f6nster utformade p\u00e5 fatets huvuddel, matchade med varum\u00e4rkeslogotyp eller lovande m\u00f6nster, vilket f\u00f6rmedlar en festlig och lyxig atmosf\u00e4r, l\u00e4mplig f\u00f6r semesterg\u00e5vor, br\u00f6llopsbanketter och andra scener.<\/li>\n<li><strong>R\u00f6d och guld klassisk f\u00e4rgmatchning<\/strong>: Huvudf\u00e4rgen \u00e4r mycket m\u00e4ttad kinesisk r\u00f6d, matchad med varmst\u00e4mplingselement, och den visuella effekten f\u00f6rst\u00e4rks genom f\u00e4rgkontrast, vilket framh\u00e4ver produktens avancerade struktur och kulturella konnotation.<\/li>\n<li><strong>Intern skyddsstruktur<\/strong><\/li>\n<li><strong>Foder med guldram<\/strong>: Inbyggd 0,5 mm tjock guld EVA buffertram, t\u00e4tt passande flaskans kropp f\u00f6r att undvika repor under transport; ramens yta \u00e4r t\u00e4ckt med matt film, som framh\u00e4ver vinflaskans struktur p\u00e5 ett l\u00e5gm\u00e4lt s\u00e4tt. St\u00f6der uppgradering till flockfoder eller anpassad partitionsstruktur f\u00f6r att m\u00f6ta behoven hos kombinationsf\u00f6rpackningar med flera flaskor.<\/li>\n<\/ol>\n<h2 id=\"-advantages-of-customized-services-\"><strong>F\u00f6rdelar med kundanpassade tj\u00e4nster<\/strong><\/h2>\n<ol>\n<li><strong>Flexibla anpassningsm\u00f6jligheter<\/strong><\/li>\n<li><strong>M\u00f6nster och storlek<\/strong>: St\u00f6der fullf\u00e4rgstryck, partiell varmst\u00e4mpling, pr\u00e4gling och andra processer, som kan integreras i varum\u00e4rket VI, semesterteman eller konstn\u00e4rliga illustrationer; cylinderns h\u00f6jd- och diameterfel kontrolleras inom \u00b1 0,5 mm, vilket exakt matchar kundernas behov.<\/li>\n<li><strong>Materialuppgradering<\/strong>: Valfri guld- och silverkartong, specialpapper (t.ex. imiterat l\u00e4derkorn, touchfilm) kan anv\u00e4ndas f\u00f6r att f\u00f6rb\u00e4ttra strukturen, eller vattent\u00e4t bel\u00e4ggning kan l\u00e4ggas till f\u00f6r att f\u00f6rb\u00e4ttra anv\u00e4ndbarheten.<\/li>\n<li><strong>Produktions- och leveransgaranti<\/strong><\/li>\n<li><strong>Effektiv produktionskapacitet<\/strong>: Utrustad med helautomatisk rullformningsmaskin och produktionslinje f\u00f6r varmst\u00e4mpling n\u00e5r den dagliga produktionskapaciteten mer \u00e4n 10 000 000 PCS, st\u00f6der 500 PCS minsta best\u00e4llning och leveranscykeln f\u00f6r stora best\u00e4llningar f\u00f6rkortas till 7-10 arbetsdagar.<\/li>\n<li><strong>Service fr\u00e5n en enda kontaktpunkt<\/strong>: Fr\u00e5n 3D-modelleringsdesign, korrekturbekr\u00e4ftelse till massproduktion, uppf\u00f6ljning under hela processen, tillhandah\u00e5lla materialprovb\u00f6cker, processtestning och logistikf\u00f6rpackningsl\u00f6sningar f\u00f6r att s\u00e4kerst\u00e4lla b\u00e5de kvalitet och aktualitet.<\/li>\n<\/ol>\n<h2 id=\"-application-scenarios-and-competitiveness-\"><strong>Till\u00e4mpningsscenarier och konkurrenskraft<\/strong><\/h2>\n<ul>\n<li><strong>Anpassning av scenarier<\/strong>: Till\u00e4mplig p\u00e5 presentf\u00f6rpackningar som r\u00f6tt vin, sprit, avancerat te, dofter etc., med h\u00e4nsyn till flera scenarier som stormarknadsdisplay, e-handelstransport, varum\u00e4rkesflash-evenemang etc.<\/li>\n<li><strong>Milj\u00f6certifiering<\/strong>: Huvudmaterialet har klarat FSC-skogscertifieringen, uppfyller EU:s REACH-milj\u00f6skyddsstandarder f\u00f6r export och st\u00f6der gr\u00e4ns\u00f6verskridande leveranser.<\/li>\n<\/ul>","protected":false},"excerpt":{"rendered":"<p>Denna l\u00e5da \u00e4r en lockig pappersr\u00f6rsl\u00e5da med sl\u00e4ta linjer, l\u00e4tt att \u00f6ppna och st\u00e4nga, guldst\u00e4mplingsfolieteknik och radiell linjedekoration, som \u00e4r l\u00e4mplig f\u00f6r festivaler eller presentscener.<\/p>","protected":false},"featured_media":240,"template":"","meta":{"_kad_post_transparent":"default","_kad_post_title":"","_kad_post_layout":"default","_kad_post_sidebar_id":"","_kad_post_content_style":"default","_kad_post_vertical_padding":"default","_kad_post_feature":"","_kad_post_feature_position":"","_kad_post_header":false,"_kad_post_footer":false,"_kad_post_classname":""},"product_brand":[],"product_cat":[15,17],"product_tag":[67,66,65],"class_list":{"0":"post-236","1":"product","2":"type-product","3":"status-publish","4":"has-post-thumbnail","6":"product_cat-red-light-therapy","7":"product_cat-services","8":"product_tag-custom-wine-box-wholesale","9":"product_tag-spirit-liquor-paper-tube","10":"product_tag-wine-paper-tube-packaging","12":"first","13":"instock","14":"shipping-taxable","15":"product-type-simple","16":"entry","17":"content-bg","18":"loop-entry"},"_links":{"self":[{"href":"https:\/\/red-lighttherapy.com\/sv\/wp-json\/wp\/v2\/product\/236","targetHints":{"allow":["GET"]}}],"collection":[{"href":"https:\/\/red-lighttherapy.com\/sv\/wp-json\/wp\/v2\/product"}],"about":[{"href":"https:\/\/red-lighttherapy.com\/sv\/wp-json\/wp\/v2\/types\/product"}],"wp:featuredmedia":[{"embeddable":true,"href":"https:\/\/red-lighttherapy.com\/sv\/wp-json\/wp\/v2\/media\/240"}],"wp:attachment":[{"href":"https:\/\/red-lighttherapy.com\/sv\/wp-json\/wp\/v2\/media?parent=236"}],"wp:term":[{"taxonomy":"product_brand","embeddable":true,"href":"https:\/\/red-lighttherapy.com\/sv\/wp-json\/wp\/v2\/product_brand?post=236"},{"taxonomy":"product_cat","embeddable":true,"href":"https:\/\/red-lighttherapy.com\/sv\/wp-json\/wp\/v2\/product_cat?post=236"},{"taxonomy":"product_tag","embeddable":true,"href":"https:\/\/red-lighttherapy.com\/sv\/wp-json\/wp\/v2\/product_tag?post=236"}],"curies":[{"name":"wp","href":"https:\/\/api.w.org\/{rel}","templated":true}]}}