{"id":224,"date":"2025-04-10T11:54:03","date_gmt":"2025-04-10T11:54:03","guid":{"rendered":"https:\/\/red-lighttherapy.com\/?post_type=product&#038;p=224"},"modified":"2025-04-10T12:08:39","modified_gmt":"2025-04-10T12:08:39","slug":"high-quality-customized-jewelry-drawer-gift-box-wholesale","status":"publish","type":"product","link":"https:\/\/red-lighttherapy.com\/sv\/high-quality-customized-jewelry-drawer-gift-box-wholesale\/","title":{"rendered":"H\u00f6gkvalitativ anpassad smyckesl\u00e5da Presentask Partihandel"},"content":{"rendered":"<h2 id=\"-high-quality-custom-jewelry-drawer-gift-box-product-description-\"><strong>H\u00f6gkvalitativ anpassad smyckesl\u00e5da presentf\u00f6rpackning produktbeskrivning<\/strong><\/h2>\n<h2 id=\"-1-environmentally-friendly-materials-ingenious-choice-\"><strong>1. Milj\u00f6v\u00e4nliga material, genialiskt val<\/strong><\/h2>\n<p>Denna presentask f\u00f6r smyckesl\u00e5dor anv\u00e4nder\u00a0<strong>bestruket papper och enkel svartgr\u00e5 kartong<\/strong>\u00a0som k\u00e4rnmaterial, med h\u00e4nsyn tagen till b\u00e5de milj\u00f6skydd och h\u00e5llbarhet.<\/p>\n<ul>\n<li><strong>Bestruket papper<\/strong>: Ytan \u00e4r sl\u00e4t och k\u00e4nslig, och den h\u00f6ga glansen s\u00e4kerst\u00e4ller att tryckf\u00e4rgen \u00e4r full. Samtidigt har den utm\u00e4rkt rivmotst\u00e5nd och tryckmotst\u00e5nd, vilket ger ett solidt skydd f\u00f6r smycken.<\/li>\n<li><strong>Enkel svart gr\u00e5 tavla<\/strong>: Den bearbetas med milj\u00f6v\u00e4nlig teknik, har ingen irriterande lukt, uppfyller internationella milj\u00f6standarder (t.ex. RoHS), har b\u00e5de styvhet och deformationsmotst\u00e5nd och \u00e4r l\u00e4mplig f\u00f6r l\u00e5ngv\u00e4ga transport och l\u00e5ngvarig lagring.<\/li>\n<li><strong>Milj\u00f6certifiering<\/strong>: Alla material har klarat FSC-skogscertifiering och nedbrytbar testning, vilket hj\u00e4lper varum\u00e4rket att ut\u00f6va begreppet h\u00e5llbar utveckling.<\/li>\n<\/ul>\n<h2 id=\"-two-and-four-color-printing-technology-artistic-brand-expression-\"><strong>2. Och fyrf\u00e4rgstryckteknik, konstn\u00e4rligt varum\u00e4rkesuttryck<\/strong><\/h2>\n<p>Genom\u00a0<strong>teknik f\u00f6r fyrf\u00e4rgstryck (CMYK)<\/strong>, varum\u00e4rkets LOGO och visuella element \u00e4r noggrant \u00e5terst\u00e4llda, vilket ger presentf\u00f6rpackningen en konstn\u00e4rlig presentation:<\/p>\n<ul>\n<li><strong>H\u00f6guppl\u00f6sta utskrifter<\/strong>: 300 linjer \/ tum h\u00f6gprecisionspunkter anv\u00e4nds f\u00f6r att s\u00e4kerst\u00e4lla att kanterna p\u00e5 LOGO-teckensnittet \u00e4r skarpa och tydliga, detaljerna \u00e4r tydliga och f\u00e4rgskillnaden och kladdproblemen undviks.<\/li>\n<li><strong>F\u00e4rgprestanda<\/strong>: Genom \u00f6verlagring av cyan, magenta, gult och svart,\u00a0<strong>99% Pantone f\u00e4rgskala t\u00e4ckning<\/strong>\u00a0uppn\u00e5s, vilket exakt matchar varum\u00e4rkets VI-system och st\u00e4rker den visuella enheten.<\/li>\n<li><strong>Fontteknik i matt guld<\/strong>: Den svarta huvudf\u00e4rgen matchas med\u00a0<strong>delvis matt guld varm st\u00e4mpling<\/strong>och teckensnittet har en textur av frostad metall som bildar en ljus och m\u00f6rk kontrast till l\u00e5dans kropp och visar en lyxig stil p\u00e5 ett l\u00e5gm\u00e4lt s\u00e4tt.<\/li>\n<\/ul>\n<h2 id=\"-three-black-and-gold-aesthetic-design-creating-visual-memory-points-\"><strong>3. Estetisk design i svart och guld som skapar visuella minnespunkter<\/strong><\/h2>\n<p>Anv\u00e4nda\u00a0<strong>minimalistisk stil i svart och guld<\/strong>\u00a0som det centrala formspr\u00e5ket, skapar vi varum\u00e4rkesexklusiva estetiska symboler:<\/p>\n<ul>\n<li><strong>Matchning av huvudf\u00e4rg<\/strong>: Den klassiska svarta basen symboliserar stabilitet och mystik, och den mattgyllene LOGO-utsmyckningen f\u00f6rst\u00e4rker det visuella fokuset. F\u00e4rgkontrasten \u00e4r stark och skiktad.<\/li>\n<li><strong>Integration av varum\u00e4rkeslogotyp<\/strong>: LOGOTYPEN anv\u00e4nder inb\u00e4ddad reliefteknik eller tredimensionellt UV-tryck, som s\u00f6ml\u00f6st ansluter till l\u00e5dans kropp, f\u00f6rb\u00e4ttrar taktil och visuell igenk\u00e4nning och st\u00e4rker varum\u00e4rkesmedvetenheten.<\/li>\n<li><strong>Utdragbar interaktiv upplevelse<\/strong>: Det gyllene bandet dras smidigt och obehindrat, och \u00f6ppningsdesignen i l\u00e5dstil ger\u00a0<strong>en k\u00e4nsla av ritual f\u00f6r att \u00f6ppna l\u00e5dan<\/strong>som uppfyller de k\u00e4nslom\u00e4ssiga behoven av att \"samla\" och \"avsl\u00f6ja\" exklusiva smycken.<\/li>\n<\/ul>\n<h2 id=\"-four-multi-functional-lining-customization-all-round-protection-\"><strong>4. Anpassning av multifunktionellt foder, allroundskydd<\/strong><\/h2>\n<p>Tillhandah\u00e5lla diversifierade foderl\u00f6sningar f\u00f6r att tillgodose skyddsbehoven hos olika smyckeskategorier:<\/p>\n<ul>\n<li><strong>P\u00e4rlbomull<\/strong>: Mjuk och st\u00f6tt\u00e5lig, l\u00e4mplig f\u00f6r \u00f6mt\u00e5liga \u00e4delstenar, jade etc. f\u00f6r att minska vibrationsskador vid transport.<\/li>\n<li><strong>EVA-material<\/strong>: h\u00f6gdensitetsstruktur, slitstark och slagt\u00e5lig, l\u00e4mplig f\u00f6r fasts\u00e4ttning av metallsmycken och inlagda smycken.<\/li>\n<li><strong>Svampflockning<\/strong>: Ytan \u00e4r t\u00e4ckt med sammet eller satintyg, k\u00e4nslig touch, f\u00f6rb\u00e4ttrar sk\u00e4rmens estetik och f\u00f6rhindrar repor.<\/li>\n<li><strong>Skr\u00e4ddarsydda skiljev\u00e4ggar<\/strong>: St\u00f6der strukturella m\u00f6nster som fack, slitsar och inb\u00e4ddade l\u00e5dor, separerar halsband, ringar, \u00f6rh\u00e4ngen etc. p\u00e5 ett flexibelt s\u00e4tt och optimerar utrymmesutnyttjandet.<\/li>\n<\/ul>\n<h2 id=\"-v-large-scale-production-strength-one-stop-customization-service-\"><strong>5. Storskalig produktionsstyrka, one-stop anpassningstj\u00e4nst<\/strong><\/h2>\n<p>F\u00f6rlita sig p\u00e5\u00a0<strong>5.320 kvadratmeter intelligent verkstad<\/strong>\u00a0, tillhandah\u00e5lla effektiva och exakta kundanpassningsl\u00f6sningar:<\/p>\n<ul>\n<li><strong>Flexibel produktionskedja<\/strong>: Utrustad med 5-tons lasthissar och helautomatisk sk\u00e4rutrustning, st\u00f6der den flexibel acceptans av order fr\u00e5n 100 till 100.000 stycken och f\u00f6rkortar leveranscykeln med 30%.<\/li>\n<li><strong>F\u00f6rhandsgranskning av 3D-effekt<\/strong>: Genom virtuell modelleringsteknik presenteras l\u00e5dans struktur, materialstruktur och tryckeffekt i f\u00f6rv\u00e4g f\u00f6r att s\u00e4kerst\u00e4lla nollfel i designen.<\/li>\n<li><strong>Kvalitetskontroll<\/strong>: Implementera ISO 9001 kvalitetsstyrningssystem, varje sats av produkter genomg\u00e5r 12 strikta tester (inklusive b\u00e4rande test, fuktighetstolerans etc.), och den kvalificerade hastigheten n\u00e5r 99,8%.<\/li>\n<\/ul>\n<h2 id=\"-advantages-of-cooperation-\"><strong>F\u00f6rdelar med samarbete<\/strong>:<\/h2>\n<ul>\n<li><strong>Exklusivt designteam<\/strong>: Ge kreativt st\u00f6d fr\u00e5n konceptskiss till massproduktion och utforska varum\u00e4rkets kulturella element p\u00e5 djupet.<\/li>\n<li><strong>Kostnadsoptimering<\/strong>: Storskalig upphandling minskar enhetskostnaden, och fulla order f\u00e5r exklusiva rabatter och logistiksubventioner.<\/li>\n<li><strong>St\u00f6d f\u00f6r milj\u00f6certifiering<\/strong>: Hj\u00e4lpa kunderna att ans\u00f6ka om logotypen f\u00f6r gr\u00f6na f\u00f6rpackningar och f\u00f6rb\u00e4ttra varum\u00e4rkets image n\u00e4r det g\u00e4ller socialt ansvar.<\/li>\n<\/ul>","protected":false},"excerpt":{"rendered":"<p>Denna l\u00e5dpappersl\u00e5da \u00e4r huvudsakligen svart, med matt guldst\u00e4mpling av folieskrifter, som kompletterar varandra. F\u00e4rgkombinationen \u00e4r harmonisk och skiktad, vilket skapar en lyxig och elegant visuell effekt f\u00f6r konsumenterna.<\/p>","protected":false},"featured_media":228,"template":"","meta":{"_kad_post_transparent":"default","_kad_post_title":"","_kad_post_layout":"default","_kad_post_sidebar_id":"","_kad_post_content_style":"default","_kad_post_vertical_padding":"default","_kad_post_feature":"","_kad_post_feature_position":"","_kad_post_header":false,"_kad_post_footer":false,"_kad_post_classname":""},"product_brand":[],"product_cat":[15,20,17],"product_tag":[60,59,61],"class_list":{"0":"post-224","1":"product","2":"type-product","3":"status-publish","4":"has-post-thumbnail","6":"product_cat-red-light-therapy","7":"product_cat-led-face-light-therapy","8":"product_cat-services","9":"product_tag-customized-jewelry-gift-box","10":"product_tag-jewelry-drawer-box","11":"product_tag-jewelry-gift-box-wholesale","13":"first","14":"instock","15":"shipping-taxable","16":"product-type-simple","17":"entry","18":"content-bg","19":"loop-entry"},"_links":{"self":[{"href":"https:\/\/red-lighttherapy.com\/sv\/wp-json\/wp\/v2\/product\/224","targetHints":{"allow":["GET"]}}],"collection":[{"href":"https:\/\/red-lighttherapy.com\/sv\/wp-json\/wp\/v2\/product"}],"about":[{"href":"https:\/\/red-lighttherapy.com\/sv\/wp-json\/wp\/v2\/types\/product"}],"wp:featuredmedia":[{"embeddable":true,"href":"https:\/\/red-lighttherapy.com\/sv\/wp-json\/wp\/v2\/media\/228"}],"wp:attachment":[{"href":"https:\/\/red-lighttherapy.com\/sv\/wp-json\/wp\/v2\/media?parent=224"}],"wp:term":[{"taxonomy":"product_brand","embeddable":true,"href":"https:\/\/red-lighttherapy.com\/sv\/wp-json\/wp\/v2\/product_brand?post=224"},{"taxonomy":"product_cat","embeddable":true,"href":"https:\/\/red-lighttherapy.com\/sv\/wp-json\/wp\/v2\/product_cat?post=224"},{"taxonomy":"product_tag","embeddable":true,"href":"https:\/\/red-lighttherapy.com\/sv\/wp-json\/wp\/v2\/product_tag?post=224"}],"curies":[{"name":"wp","href":"https:\/\/api.w.org\/{rel}","templated":true}]}}