{"id":218,"date":"2025-04-10T11:34:05","date_gmt":"2025-04-10T11:34:05","guid":{"rendered":"https:\/\/red-lighttherapy.com\/?post_type=product&#038;p=218"},"modified":"2025-04-12T08:10:32","modified_gmt":"2025-04-12T08:10:32","slug":"custom-design-knife-circular-saw-blade-packaging-box-factory","status":"publish","type":"product","link":"https:\/\/red-lighttherapy.com\/sv\/custom-design-knife-circular-saw-blade-packaging-box-factory\/","title":{"rendered":"Anpassad design Kniv Cirkels\u00e5gblad F\u00f6rpackningsl\u00e5da Fabrik"},"content":{"rendered":"<h2 id=\"-customized-circular-saw-blade-packaging-box-product-description-\"><strong>Anpassad f\u00f6rpackningsl\u00e5da f\u00f6r cirkels\u00e5gblad produktbeskrivning<\/strong><\/h2>\n<h2 id=\"-1-material-and-structural-design-\"><strong>1. Material- och konstruktionsutformning<\/strong><\/h2>\n<p>Genom att anv\u00e4nda 183 g h\u00f6gviktig laserstyv kartong och 1200 g f\u00f6rtjockad gr\u00e5 konstkartongkompositstruktur har den b\u00e5de tryckmotst\u00e5nd, slagt\u00e5lighet och styvhet. Den gr\u00e5 kartongen har starkt st\u00f6d, vilket effektivt f\u00f6rhindrar extruderingsdeformation under transport, och ytan p\u00e5 laserkartongen \u00e4r slitstark och rept\u00e5lig.<\/p>\n<h2 id=\"-2-functional-box-design-\"><strong>2. Funktionell boxdesign<\/strong><\/h2>\n<p>Flip-top-boxen kombineras med en magnetisk eller sn\u00e4ppbar f\u00f6rslutningsdesign, som \u00e4r l\u00e4tt att \u00f6ppna och st\u00e4nga och har utm\u00e4rkt t\u00e4tning. L\u00e5dans lock kan plattas till helt f\u00f6r produktvisning; efter st\u00e4ngning sitter den t\u00e4tt, \u00e4r damm- och fuktt\u00e4t och tar h\u00e4nsyn till behoven f\u00f6r detaljhandelsvisning och industriell lagerh\u00e5llning.<\/p>\n<h2 id=\"-3-innovative-appearance-design-\"><strong>3. Innovativt utseende och design<\/strong><\/h2>\n<ul>\n<li><strong>Centrala element<\/strong>: Inspirerad av kugghjulsmaskineriets estetik presenterar den en dynamisk gradientf\u00e4rgad effekt genom 3D-laserpr\u00e4glingsteknik och visar metallglans p\u00e5 flera niv\u00e5er under ljusbrytning, vilket f\u00f6rb\u00e4ttrar k\u00e4nslan av teknik och varum\u00e4rkets visuella minnespunkter.<\/li>\n<li><strong>F\u00e4rgmatchning<\/strong>: Huvudf\u00e4rgen \u00e4r djup havsbl\u00e5, som symboliserar professionalism och tillf\u00f6rlitlighet, kompletterad med den skimrande reflektionen av laserprocessen, som bildar en visuell hierarki av dynamisk och statisk och f\u00f6rb\u00e4ttrar hylligenk\u00e4nningen.<\/li>\n<li><strong>Logotyp f\u00f6r varum\u00e4rke<\/strong>: St\u00f6der h\u00f6gprecisions varmst\u00e4mpling \/ UV-process f\u00f6r att skriva ut LOGO och produktparametrar, och textkanterna \u00e4r skarpa och burrfria f\u00f6r att s\u00e4kerst\u00e4lla att varum\u00e4rkesinformationen \u00e4r tydlig och i\u00f6gonfallande.<\/li>\n<\/ul>\n<h2 id=\"-4-refined-lining-system-\"><strong>4. F\u00f6rfinat infodringssystem<\/strong><\/h2>\n<p>Fodret anv\u00e4nder EVA vitt milj\u00f6v\u00e4nligt skum eller blisterbricka, och formen \u00f6ppnas exakt f\u00f6r att anpassa sig till b\u00e5gen p\u00e5 cirkels\u00e5gbladet f\u00f6r att uppn\u00e5 360 \u00b0 fixering utan d\u00f6dvinkel. Fodrets yta \u00e4r t\u00e4ckt med fin sammet f\u00f6r att undvika repor p\u00e5 s\u00e5gbladets yta, samtidigt som kvalitetsk\u00e4nslan f\u00f6rb\u00e4ttras vid uppackning.<\/p>\n<h2 id=\"-5-full-link-customization-service-\"><strong>5. Anpassningstj\u00e4nst f\u00f6r full l\u00e4nk<\/strong><\/h2>\n<ul>\n<li><strong>Personlig anpassning<\/strong>: St\u00f6djer anpassning av s\u00e5gbladsstorlekar med en diameter p\u00e5 80-500 mm, och l\u00e5dkroppen kan l\u00e4gga till mellanl\u00e4gg, tillbeh\u00f6rsluckor eller manuella fickor efter behov.<\/li>\n<li><strong>Djup implantation av varum\u00e4rke<\/strong>: Tillhandah\u00e5lla grafisk s\u00e4ttning, QR-kodsimplantation, flerspr\u00e5kig informationsutskrift och andra tj\u00e4nster f\u00f6r att tillgodose behoven hos gr\u00e4ns\u00f6verskridande handel, presentf\u00f6rpackningar och andra scenarier.<\/li>\n<li><strong>Uppgradering av process<\/strong>: Valfri lokal UV, pr\u00e4gling, silkessk\u00e4rm och andra mer \u00e4n 20 efterbehandlingar f\u00f6r att uppn\u00e5 etiketter mot f\u00f6rfalskning, halkskydd och andra specialfunktioner.<\/li>\n<\/ul>\n<h2 id=\"-6-intelligent-manufacturing-and-quality-control-system-\"><strong>6. Intelligent system f\u00f6r tillverkning och kvalitetskontroll<\/strong><\/h2>\n<p>Fabriken \u00e4r utrustad med helautomatiska stansmaskiner, digitala tryckmaskiner och produktionslinjer f\u00f6r lasergaller och antar ISO9001 kvalitetsstyrningssystem, fr\u00e5n designutkast till f\u00e4rdig produkt f\u00f6r att uppn\u00e5 72 timmars snabb korrektur och 15 dagars batchleverans. Varje sats av produkter klarar simulerat transportvibrationstest och b\u00e4rande test f\u00f6r att s\u00e4kerst\u00e4lla att f\u00f6rpackningsfallstyrkan \u00e4r \u22651,5 meter.<\/p>\n<h2 id=\"-7-application-scenarios-and-added-value-\"><strong>7. Till\u00e4mpningsscenarier och merv\u00e4rde<\/strong><\/h2>\n<p>L\u00e4mplig f\u00f6r cirkels\u00e5gblad av industriell kvalitet, diamantsk\u00e4rblad, tillbeh\u00f6r till elektroniska panels\u00e5gar och andra f\u00f6rpackningar f\u00f6r precisionsverktyg, som kan ut\u00f6kas till avancerade presentf\u00f6rpackningar f\u00f6r verktygssatser eller \u00e5terf\u00f6rs\u00e4ljares displayl\u00e5dor. St\u00e4rka varum\u00e4rkets professionella image genom f\u00f6rpackningar och hj\u00e4lp terminalf\u00f6rs\u00e4ljningspremie.<\/p>\n<h2 id=\"-technical-parameters-\"><strong>Tekniska parametrar<\/strong><\/h2>\n<table>\n<thead>\n<tr>\n<th>Projekt<\/th>\n<th>Specifikationer<\/th>\n<\/tr>\n<\/thead>\n<tbody>\n<tr>\n<td>Material<\/td>\n<td>183g laserkartong + 1200g gr\u00e5 kartong<\/td>\n<\/tr>\n<tr>\n<td>Tryckf\u00e4rger<\/td>\n<td>4-8 f\u00e4rger med h\u00f6g kvalitet (Pantone-f\u00e4rgkalibrering)<\/td>\n<\/tr>\n<tr>\n<td>L\u00e5dans storlek<\/td>\n<td>St\u00f6djer anpassning av diameter 80-500 mm<\/td>\n<\/tr>\n<tr>\n<td>Minsta orderkvantitet<\/td>\n<td>500 (st\u00f6der flexibel produktion av sm\u00e5 partier)<\/td>\n<\/tr>\n<tr>\n<td>Milj\u00f6certifiering<\/td>\n<td>FSC-skogscertifiering\/nedbrytbara material tillval<\/td>\n<\/tr>\n<\/tbody>\n<\/table>","protected":false},"excerpt":{"rendered":"<p>En l\u00e5da med magnetisk st\u00e4ngning som \u00e4r l\u00e4tt att \u00f6ppna och st\u00e4nga och som \u00e4r b\u00e5de praktisk och l\u00e4tt att visa upp. Den anv\u00e4nder laserteknik f\u00f6r att skapa en f\u00e4rgstark gradient-effekt, som har en stark visuell effekt.<\/p>","protected":false},"featured_media":219,"template":"","meta":{"_kad_post_transparent":"default","_kad_post_title":"","_kad_post_layout":"default","_kad_post_sidebar_id":"","_kad_post_content_style":"default","_kad_post_vertical_padding":"default","_kad_post_feature":"","_kad_post_feature_position":"","_kad_post_header":false,"_kad_post_footer":false,"_kad_post_classname":""},"product_brand":[],"product_cat":[15,17],"product_tag":[57,56,58],"class_list":{"0":"post-218","1":"product","2":"type-product","3":"status-publish","4":"has-post-thumbnail","6":"product_cat-red-light-therapy","7":"product_cat-services","8":"product_tag-custom-saw-blade-packaging","9":"product_tag-saw-blade-packaging-box","10":"product_tag-saw-blade-packaging-factory","12":"first","13":"instock","14":"shipping-taxable","15":"product-type-simple","16":"entry","17":"content-bg","18":"loop-entry"},"_links":{"self":[{"href":"https:\/\/red-lighttherapy.com\/sv\/wp-json\/wp\/v2\/product\/218","targetHints":{"allow":["GET"]}}],"collection":[{"href":"https:\/\/red-lighttherapy.com\/sv\/wp-json\/wp\/v2\/product"}],"about":[{"href":"https:\/\/red-lighttherapy.com\/sv\/wp-json\/wp\/v2\/types\/product"}],"wp:featuredmedia":[{"embeddable":true,"href":"https:\/\/red-lighttherapy.com\/sv\/wp-json\/wp\/v2\/media\/219"}],"wp:attachment":[{"href":"https:\/\/red-lighttherapy.com\/sv\/wp-json\/wp\/v2\/media?parent=218"}],"wp:term":[{"taxonomy":"product_brand","embeddable":true,"href":"https:\/\/red-lighttherapy.com\/sv\/wp-json\/wp\/v2\/product_brand?post=218"},{"taxonomy":"product_cat","embeddable":true,"href":"https:\/\/red-lighttherapy.com\/sv\/wp-json\/wp\/v2\/product_cat?post=218"},{"taxonomy":"product_tag","embeddable":true,"href":"https:\/\/red-lighttherapy.com\/sv\/wp-json\/wp\/v2\/product_tag?post=218"}],"curies":[{"name":"wp","href":"https:\/\/api.w.org\/{rel}","templated":true}]}}