{"id":211,"date":"2025-04-10T11:03:57","date_gmt":"2025-04-10T11:03:57","guid":{"rendered":"https:\/\/red-lighttherapy.com\/?post_type=product&#038;p=211"},"modified":"2025-04-10T11:17:27","modified_gmt":"2025-04-10T11:17:27","slug":"personalized-perfume-bottle-paper-box-packaging-wholesale","status":"publish","type":"product","link":"https:\/\/red-lighttherapy.com\/sv\/personalized-perfume-bottle-paper-box-packaging-wholesale\/","title":{"rendered":"Personlig parfymflaska pappersl\u00e5da F\u00f6rpackning grossist"},"content":{"rendered":"<h2 id=\"customized-perfume-paper-box-packaging-an-environmental-and-luxurious-feast-from-design-to-experience\">Kundanpassade f\u00f6rpackningar av parfympapper: en milj\u00f6m\u00e4ssig och lyxig fest fr\u00e5n design till upplevelse<\/h2>\n<p>I en tid d\u00e5 konkurrensen p\u00e5 parfymmarknaden \u00e4r stenh\u00e5rd \u00e4r f\u00f6rpackningen inte bara ett skyddande skal f\u00f6r produkten, utan ocks\u00e5 det f\u00f6rsta mediet f\u00f6r varum\u00e4rken att kommunicera med konsumenterna. En skr\u00e4ddarsydd parfympapperskasse som \u00e4r b\u00e5de praktisk och konstn\u00e4rlig kan omvandla varum\u00e4rkesv\u00e4rdet till en ber\u00f6rbar sensorisk upplevelse genom en innovativ kombination av material, hantverk och struktur. I det f\u00f6ljande analyseras den innovativa designen av personliga parfymf\u00f6rpackningar utifr\u00e5n sju centrala dimensioner.<\/p>\n<p><img fetchpriority=\"high\" decoding=\"async\" class=\"wp-image-212 size-full\" src=\"https:\/\/red-lighttherapy.com\/wp-content\/uploads\/2025\/04\/Perfume-Bottle-Paper-Box-001.jpg\" alt=\"Pappersl\u00e5da f\u00f6r parfymflaska\" width=\"1000\" height=\"1000\" srcset=\"https:\/\/red-lighttherapy.com\/wp-content\/uploads\/2025\/04\/Perfume-Bottle-Paper-Box-001.jpg 1000w, https:\/\/red-lighttherapy.com\/wp-content\/uploads\/2025\/04\/Perfume-Bottle-Paper-Box-001-300x300.jpg 300w, https:\/\/red-lighttherapy.com\/wp-content\/uploads\/2025\/04\/Perfume-Bottle-Paper-Box-001-150x150.jpg 150w, https:\/\/red-lighttherapy.com\/wp-content\/uploads\/2025\/04\/Perfume-Bottle-Paper-Box-001-768x768.jpg 768w, https:\/\/red-lighttherapy.com\/wp-content\/uploads\/2025\/04\/Perfume-Bottle-Paper-Box-001-12x12.jpg 12w, https:\/\/red-lighttherapy.com\/wp-content\/uploads\/2025\/04\/Perfume-Bottle-Paper-Box-001-600x600.jpg 600w, https:\/\/red-lighttherapy.com\/wp-content\/uploads\/2025\/04\/Perfume-Bottle-Paper-Box-001-100x100.jpg 100w\" sizes=\"(max-width: 1000px) 100vw, 1000px\" \/><\/p>\n<h2 id=\"1-drawer-box-type-a-perfect-balance-between-ritual-sense-and-convenience-\">1.\u00a0<strong>L\u00e5dtyp: en perfekt balans mellan ritualk\u00e4nsla och bekv\u00e4mlighet<\/strong><\/h2>\n<p>L\u00e5dtypen har blivit f\u00f6rstahandsvalet f\u00f6r avancerade parfymf\u00f6rpackningar med sin\u00a0<strong>dubbelskiktad l\u00e5dstruktur<\/strong>\u00a0och\u00a0<strong>utdragbar \u00f6ppningsdesign<\/strong>. L\u00e5dans kropp antar\u00a0<strong>15\u00b0 fasad sk\u00e4rteknik<\/strong>\u00a0f\u00f6r att s\u00e4kerst\u00e4lla smidig \u00f6ppning och st\u00e4ngning utan fastk\u00f6rning, och med\u00a0<strong>magnetisk d\u00e4mpning<\/strong>\u00a0eller\u00a0<strong>osynlig styrskena<\/strong>ger det anv\u00e4ndarna en k\u00e4nsla av ritual av \"silkeslen utdragning\". Denna design \u00e4r inte bara bekv\u00e4m f\u00f6r slutkunder att anv\u00e4nda upprepade g\u00e5nger, utan st\u00e4rker ocks\u00e5 varum\u00e4rkesminnespunkter genom\u00a0<strong>dynamisk interaktiv upplevelse<\/strong>. Till exempel f\u00f6rvandlade det internationella varum\u00e4rket LANVIN en g\u00e5ng \u00f6ppningsprocessen till ett visuellt spel genom den inbyggda spegeldekorationen i l\u00e5dboxen.<\/p>\n<h2 id=\"2-environmentally-friendly-materials-a-dual-commitment-to-sustainability-and-quality-\">2.\u00a0<strong>Milj\u00f6v\u00e4nliga material: ett dubbelt \u00e5tagande f\u00f6r h\u00e5llbarhet och kvalitet<\/strong><\/h2>\n<p>L\u00e5dans stomme \u00e4r tillverkad av\u00a0<strong>1000g \u00e5tervinningsbar gr\u00e5 kartong<\/strong>\u00a0som skelett, och ytan \u00e4r t\u00e4ckt av\u00a0<strong>FSC-certifierat bestruket papper<\/strong>som \u00e4r sammanfogade med vattenbaserat milj\u00f6v\u00e4nligt lim. 30% halmfiber l\u00e4ggs till r\u00e5materialet f\u00f6r gr\u00e5 kartong, vilket minskar koldioxidavtrycket med 63% j\u00e4mf\u00f6rt med traditionella material; det bestrukna papperet \u00e4r tryckt med\u00a0<strong>vattenbaserat bl\u00e4ck<\/strong>\u00a0och\u00a0<strong>UV-matt bel\u00e4ggning<\/strong>\u00a0f\u00f6r att undvika VOC-utsl\u00e4pp. Denna kombination uppfyller inte bara EU:s RoHS-standard, utan klarar \u00e4ven\u00a0<strong>GRS global \u00e5tervinningscertifiering<\/strong>och blir ett \"gr\u00f6nt pass\" som f\u00f6redras av Generation Z-konsumenter.<\/p>\n<h2 id=\"3-visual-impact-the-golden-rule-of-color-and-craftsmanship-\">3.\u00a0<strong>Visuell effekt: den gyllene regeln f\u00f6r f\u00e4rg och hantverk<\/strong><\/h2>\n<p>Huvudf\u00e4rgen \u00e4r\u00a0<strong>djupt marinbl\u00e5<\/strong>\u00a0(Pantone 19-4052 Classic Blue), och mer \u00e4n 90% f\u00e4rgomf\u00e5ngst\u00e4ckning uppn\u00e5s genom\u00a0<strong>screentryck p\u00e5 nanoniv\u00e5<\/strong>. Den varma st\u00e4mplingen av silver antar\u00a0<strong>kallst\u00e4mplingsteknik<\/strong>och anv\u00e4nder tredimensionell reliefteknik med 0,1 mm precision f\u00f6r att skissera varum\u00e4rkets LOGO eller abstrakta m\u00f6nster p\u00e5 l\u00e5dans yta. Till exempel kombinerar ett anpassat fodral konstellationsm\u00f6nster med silverst\u00e4mplade meteorer, vilket ger en dynamisk effekt av \"fl\u00f6dande stj\u00e4rnhimmel\" under ljusbrytningen, och omvandlingsfrekvensen f\u00f6r att \u00f6ppna l\u00e5dan \u00f6kade med 27%.<\/p>\n<h2 id=\"4-protection-system-scientific-buffering-and-precise-adaptation-\">4.\u00a0<strong>Skyddssystem: vetenskaplig buffring och exakt anpassning<\/strong><\/h2>\n<p>Det inre facket har\u00a0<strong>EVA och milj\u00f6v\u00e4nlig svampkomposit stansningsprocess<\/strong>med en densitet p\u00e5 45 kg\/m\u00b3. Genom\u00a0<strong>3D-laserskanning<\/strong>, erh\u00e5lls parfymflaskans formdata och ett specialformat sp\u00e5r med en passform p\u00e5 98% anpassas. Fodrets yta \u00e4r t\u00e4ckt med\u00a0<strong>\u00c5tervinningsbar flockning av PETG<\/strong>och sammetfiberns densitet \u00e4r 12.000 tr\u00e5dar\/cm\u00b2, vilket har b\u00e5de halkskyddande och st\u00f6td\u00e4mpande funktioner. Testdata visar att strukturen kan motst\u00e5 en fallp\u00e5verkan p\u00e5 1,2 meter, vilket \u00e4r 3 g\u00e5nger mer skyddande \u00e4n vanlig p\u00e4rlbomull.<\/p>\n<h2 id=\"5-tactile-upgrade-delicate-expression-of-matte-film-technology-\">5.\u00a0<strong>Taktil uppgradering: k\u00e4nsligt uttryck f\u00f6r matt filmteknik<\/strong><\/h2>\n<p>Efter tryckning t\u00e4cks l\u00e5dans yta med\u00a0<strong>12 \u03bcm matt film<\/strong>och en hudliknande k\u00e4nsla bildas genom varmpressningsteknik. Den unika\u00a0<strong>egenskap f\u00f6r diffus reflektion<\/strong>\u00a0av matt film kan eliminera 90% av fingeravtrycksrester, samtidigt som f\u00e4rgm\u00e4ttnad och rept\u00e5lighet f\u00f6rb\u00e4ttras. J\u00e4mf\u00f6rande experiment visar att anti-blekningsf\u00f6rm\u00e5gan hos matt filmf\u00f6rpackning i en fuktig milj\u00f6 \u00e4r 40% h\u00f6gre \u00e4n f\u00f6r glansig film, och den matta strukturen \u00e4r mer i linje med den l\u00e5gm\u00e4lda lyxpositioneringen av avancerade parfymer.<\/p>\n<h2 id=\"6-interactive-details-sensory-economics-of-ribbon-handles-\">6.\u00a0<strong>Interaktiva detaljer: sensorisk ekonomi f\u00f6r bandhandtag<\/strong><\/h2>\n<p>L\u00e5dans ovansida \u00e4r inb\u00e4ddad med en\u00a0<strong>jacquardband i siden<\/strong>, bredden \u00e4r optimerad till 28 mm av ergonomiska sk\u00e4l, och slutanv\u00e4ndningen\u00a0<strong>varmpressning kantf\u00f6rseglingsteknik<\/strong>\u00a0f\u00f6r att f\u00f6rhindra ursp\u00e5rning. Bandet kan anpassas med varum\u00e4rkets temaf\u00e4rger och implanteras med\u00a0<strong>NFC-chip<\/strong>\u00a0eller\u00a0<strong>temperaturk\u00e4nsligt bl\u00e4ck<\/strong>. Skanna koden f\u00f6r att hoppa till varum\u00e4rkets story-sida. Ett nischat parfymm\u00e4rke f\u00f6rvandlar uppackningsprocessen till en multisensorisk upplevelse genom att f\u00e4rga bandet med lavendeldoft, och \u00e5terk\u00f6psfrekvensen har \u00f6kat med 34%.<\/p>\n<h2 id=\"7-full-dimensional-customization-unlimited-possibilities-for-flexible-production-\">7.\u00a0<strong>Fulldimensionell kundanpassning: obegr\u00e4nsade m\u00f6jligheter till flexibel produktion<\/strong><\/h2>\n<p>Fem niv\u00e5er av kundanpassning fr\u00e5n design till leverans:<\/p>\n<ol>\n<li><strong>Typ av l\u00e5da<\/strong>: tillhandah\u00e5lla 6 grundl\u00e4ggande strukturer som l\u00e5dl\u00e5da, topp- och bottenskydd och st\u00f6dja utvecklingen av specialformade l\u00e5dor;<\/li>\n<li><strong>Material<\/strong>: 12 kombinationer av valfri gr\u00e5 kartong monterad bestruket papper, l\u00e4derpr\u00e4gling, metallkomposit etc;<\/li>\n<li><strong>Process<\/strong>: st\u00f6d f\u00f6r 8 process\u00f6verlagringar s\u00e5som lokal UV, pr\u00e4gling, laser etc;<\/li>\n<li><strong>Smarta komponenter<\/strong>: kan implanteras med interaktiva moduler s\u00e5som LED-ljusremsor och AR-identifieringskoder;<\/li>\n<li><strong>Flexibilitet f\u00f6r batch<\/strong>: minsta orderkvantitet p\u00e5 500, st\u00f6d f\u00f6r 48-timmars provleverans och 72-timmars p\u00e5skyndad massproduktion.<\/li>\n<\/ol>\n<h2 id=\"conclusion-redefine-the-value-chain-of-perfume-packaging\">Slutsats: Omdefiniera v\u00e4rdekedjan f\u00f6r parfymf\u00f6rpackningar<\/h2>\n<p>Denna skr\u00e4ddarsydda pappersl\u00e5da f\u00f6r parfym skapar ett slutet v\u00e4rdekretslopp fr\u00e5n produktion till konsumtion genom kollisionen mellan\u00a0<strong>milj\u00f6teknik<\/strong>\u00a0och\u00a0<strong>lyxig hantverksskicklighet<\/strong>. N\u00e4r konsumenternas fingertoppar glider \u00f6ver den matta filmytan, h\u00f6r den subtila friktionen fr\u00e5n l\u00e5dor som dras ut och ser varum\u00e4rkets totems sammanv\u00e4vda med silver och bl\u00e5tt, kommer dessa flerdimensionella upplevelser s\u00e5 sm\u00e5ningom att leda till varum\u00e4rkeslojalitet. I en tid d\u00e4r h\u00e5llbar utveckling och personlig konsumtion g\u00e5r hand i hand uppfyller denna typ av design inte bara aff\u00e4rsbehov utan blir ocks\u00e5 en konkret b\u00e4rare f\u00f6r f\u00f6retag att ut\u00f6va ESG-konceptet.<\/p>","protected":false},"excerpt":{"rendered":"<p>En lyxig parfymask i l\u00e5dformat som \u00e4r anv\u00e4ndarv\u00e4nlig att \u00f6ppna och st\u00e4nga. M\u00f6nster och texter i silverf\u00e4rgad varmfoliest\u00e4mpel som kan f\u00e5 dina varum\u00e4rken att sticka ut.<\/p>","protected":false},"featured_media":212,"template":"","meta":{"_kad_post_transparent":"default","_kad_post_title":"","_kad_post_layout":"default","_kad_post_sidebar_id":"","_kad_post_content_style":"default","_kad_post_vertical_padding":"default","_kad_post_feature":"","_kad_post_feature_position":"","_kad_post_header":false,"_kad_post_footer":false,"_kad_post_classname":""},"product_brand":[],"product_cat":[15,20,17],"product_tag":[53,54,55],"class_list":{"0":"post-211","1":"product","2":"type-product","3":"status-publish","4":"has-post-thumbnail","6":"product_cat-red-light-therapy","7":"product_cat-led-face-light-therapy","8":"product_cat-services","9":"product_tag-perfume-bottle-paper-box","10":"product_tag-perfume-box-packaging","11":"product_tag-personalized-perfume-packaging","13":"first","14":"instock","15":"shipping-taxable","16":"product-type-simple","17":"entry","18":"content-bg","19":"loop-entry"},"_links":{"self":[{"href":"https:\/\/red-lighttherapy.com\/sv\/wp-json\/wp\/v2\/product\/211","targetHints":{"allow":["GET"]}}],"collection":[{"href":"https:\/\/red-lighttherapy.com\/sv\/wp-json\/wp\/v2\/product"}],"about":[{"href":"https:\/\/red-lighttherapy.com\/sv\/wp-json\/wp\/v2\/types\/product"}],"wp:featuredmedia":[{"embeddable":true,"href":"https:\/\/red-lighttherapy.com\/sv\/wp-json\/wp\/v2\/media\/212"}],"wp:attachment":[{"href":"https:\/\/red-lighttherapy.com\/sv\/wp-json\/wp\/v2\/media?parent=211"}],"wp:term":[{"taxonomy":"product_brand","embeddable":true,"href":"https:\/\/red-lighttherapy.com\/sv\/wp-json\/wp\/v2\/product_brand?post=211"},{"taxonomy":"product_cat","embeddable":true,"href":"https:\/\/red-lighttherapy.com\/sv\/wp-json\/wp\/v2\/product_cat?post=211"},{"taxonomy":"product_tag","embeddable":true,"href":"https:\/\/red-lighttherapy.com\/sv\/wp-json\/wp\/v2\/product_tag?post=211"}],"curies":[{"name":"wp","href":"https:\/\/api.w.org\/{rel}","templated":true}]}}