{"id":186,"date":"2025-04-10T08:21:48","date_gmt":"2025-04-10T08:21:48","guid":{"rendered":"https:\/\/red-lighttherapy.com\/?post_type=product&#038;p=186"},"modified":"2025-04-10T10:35:53","modified_gmt":"2025-04-10T10:35:53","slug":"high-end-custom-vip-card-gift-box-with-velvet-coated-holder","status":"publish","type":"product","link":"https:\/\/red-lighttherapy.com\/sv\/high-end-custom-vip-card-gift-box-with-velvet-coated-holder\/","title":{"rendered":"Avancerad VIP-kort presentask med sammetskl\u00e4dd h\u00e5llare"},"content":{"rendered":"<h2 id=\"exclusive-customization-interpretation-of-luxury-ingenious-design-and-environmental-innovation-of-high-end-vip-card-gift-boxes\">Exklusiv anpassning, tolkning av lyx: genial design och milj\u00f6innovation av presentaskar f\u00f6r exklusiva VIP-kort<\/h2>\n<p>N\u00e4r det g\u00e4ller avancerade presentf\u00f6rpackningar f\u00f6r f\u00f6retag \u00e4r VIP-kortf\u00f6rpackningar inte bara en b\u00e4rare av varum\u00e4rkesimage utan ocks\u00e5 ett konkret uttryck f\u00f6r anv\u00e4ndarens framst\u00e5ende upplevelse. Den h\u00e4r artikeln tar en skr\u00e4ddarsydd presentf\u00f6rpackning som kombinerar genialt hantverk och milj\u00f6skyddskoncept som exempel f\u00f6r att analysera dess sju k\u00e4rndesignh\u00f6jdpunkter och visa hur man kan uppn\u00e5 ett dubbelt genombrott i funktion och estetik genom detaljinnovation.<\/p>\n<h2 id=\"1-material-innovation-the-art-of-balancing-firmness-and-luxury\">1. Materialinnovation: konsten att balansera fasthet och lyx<\/h2>\n<p>Presentf\u00f6rpackningens huvuddel best\u00e5r av en kompositstruktur av\u00a0<strong>h\u00f6gh\u00e5llfast gr\u00e5 kartong<\/strong>\u00a0och\u00a0<strong>guldkortpapper<\/strong>. Den gr\u00e5 kartongens tryckf\u00f6rm\u00e5ga ger ett stabilt st\u00f6d f\u00f6r f\u00f6rpackningen, medan ytan p\u00e5 guldkortpapperet ger en delikat textur genom\u00a0<strong>lasergravyr<\/strong>\u00a0och\u00a0<strong>UV-varm st\u00e4mplingsprocess<\/strong>och bildar en fl\u00f6dande gyllene halo under ljusets brytning. Denna kombination av material ger inte bara presentf\u00f6rpackningen\u00a0<strong>h\u00e5llbarhet p\u00e5 aff\u00e4rsniv\u00e5<\/strong>men f\u00f6rmedlar ocks\u00e5 ett l\u00e5gm\u00e4lt och lyxigt visuellt spr\u00e5k genom den metalliska lystern.<\/p>\n<h2 id=\"2-upgraded-touch-a-win-win-design-of-environmental-protection-and-high-end\">2. Uppgraderad touch: en win-win-design f\u00f6r milj\u00f6skydd och avancerad<\/h2>\n<p>Det inre facket anv\u00e4nder\u00a0<strong>nedbrytbar milj\u00f6v\u00e4nlig svamp<\/strong>\u00a0som bas, och ytan \u00e4r t\u00e4ckt med\u00a0<strong>teknik f\u00f6r sammetsflockning<\/strong>. Sammetytans densitet n\u00e5r 12.000 fibrer per kvadratcentimeter och ber\u00f6ringen \u00e4r lika mjuk som siden. Den milj\u00f6v\u00e4nliga svampen uppfyller inte bara\u00a0<strong>EU:s RoHS-standard<\/strong>men dess mikropor\u00f6sa struktur kan ocks\u00e5 effektivt buffra vibrationer och skydda VIP-kort fr\u00e5n transportskador. Anv\u00e4ndningen av flockningsteknik g\u00f6r varje kortborttagning till en\u00a0<strong>sensorisk njutning av fingertopparna<\/strong>vilket \u00e4r helt i linje med varum\u00e4rkets avancerade positionering.<\/p>\n<h2 id=\"3-structural-ingenuity-the-fusion-of-ritual-sense-and-practicality\">3. Strukturell uppfinningsrikedom: fusionen av rituell k\u00e4nsla och praktisk funktion<\/h2>\n<p>Presentf\u00f6rpackningen har en\u00a0<strong>flip-top magnetisk sugf\u00f6rslutning struktur<\/strong>. Den magnetiska sp\u00e4nningen har ber\u00e4knats exakt f\u00f6r att n\u00e5\u00a0<strong>15N tr\u00f6skelv\u00e4rde f\u00f6r sugning<\/strong>. N\u00e4r den \u00f6ppnas och st\u00e4ngs \u00e5tf\u00f6ljs den av ett skarpt \"tickande\" ljud som bildar ett unikt\u00a0<strong>auditiv minnespunkt<\/strong>. Kanten p\u00e5 l\u00e5dkroppen bearbetas med en\u00a0<strong>5\u00b0 avfasningsprocess<\/strong>, vilket inte bara undviker repor p\u00e5 handen utan ocks\u00e5 g\u00f6r \u00f6ppningen smidigare. Kombinationen av magnetisk struktur och flip cover-design sublimerar den traditionella f\u00f6rpackningens enda funktion till en\u00a0<strong>\u00d6ppningsritual<\/strong>, vilket \u00e5terspeglar lyxf\u00f6rpackningars upplevelselogik.<\/p>\n<h2 id=\"4-interactive-innovation-the-ultimate-expression-of-humanized-details\">4. Interaktiv innovation: det ultimata uttrycket f\u00f6r humaniserade detaljer<\/h2>\n<p>Toppen \u00e4r inb\u00e4ddad med en\u00a0<strong>handtag med sidenjacquardband<\/strong>vars bredd \u00e4r optimerad till 28 mm av ergonomiska sk\u00e4l och som passar handflatans kr\u00f6kning n\u00e4r man h\u00e5ller i den. I slutet av bandet anv\u00e4nds\u00a0<strong>varmpressning kantf\u00f6rseglingsteknik<\/strong>\u00a0f\u00f6r att f\u00f6rhindra ursp\u00e5rning, och kan anpassas med varum\u00e4rkets logotypf\u00e4rg f\u00f6r att g\u00f6ra funktionella tillbeh\u00f6r till en\u00a0<strong>mobil varum\u00e4rkesannonsering<\/strong>. Denna design f\u00f6rb\u00e4ttrar inte bara b\u00e4rbarheten, utan st\u00e4rker ocks\u00e5 den k\u00e4nslom\u00e4ssiga kopplingen mellan anv\u00e4ndare och varum\u00e4rken genom ber\u00f6ring.<\/p>\n<h2 id=\"5-visual-language-the-golden-interpretation-of-brand-value\">5. Visuellt spr\u00e5k: den gyllene tolkningen av varum\u00e4rkets v\u00e4rde<\/h2>\n<p>L\u00e5dans yta best\u00e5r av\u00a0<strong>teknik f\u00f6r varmst\u00e4mpling i ros\u00e9guld<\/strong>och texten och m\u00f6nstret presenteras med en tredimensionell reliefverkan genom\u00a0<strong>0,1 mm precisionsteknik f\u00f6r nanoavtryck<\/strong>. Varmst\u00e4mplingsskiktet \u00e4r \u00f6verlagrat med\u00a0<strong>Antioxidationsbel\u00e4ggning<\/strong>\u00a0f\u00f6r att s\u00e4kerst\u00e4lla att f\u00e4rgen f\u00f6rblir stabil i en fuktig milj\u00f6. Designern anv\u00e4nder skickligt\u00a0<strong>cirkul\u00e4r sammans\u00e4ttning<\/strong>\u00a0och\u00a0<strong>landskap linjeteckning<\/strong>\u00a0att kombinera orientalisk estetik med modern minimalism, s\u00e5 att varum\u00e4rkets LOGO f\u00f6rmedlar ett kulturellt djup i ett litet utrymme.<\/p>\n<h2 id=\"6-customization-freedom-unlimited-extension-of-brand-personality\">6. Anpassningsfrihet: obegr\u00e4nsad ut\u00f6kning av varum\u00e4rkets personlighet<\/h2>\n<p>St\u00f6d f\u00f6r presentf\u00f6rpackning\u00a0<strong>femdimensionellt system f\u00f6r kundanpassning<\/strong>:<\/p>\n<ol>\n<li><strong>Boxens struktur<\/strong>: 6 l\u00e5dtyper finns tillg\u00e4ngliga, inklusive l\u00e5dtyp, topp- och bottenskydd etc;<\/li>\n<li><strong>Materialkombination<\/strong>: 12 olika ytmaterial finns tillg\u00e4ngliga, inklusive touchpapper och l\u00e4derpr\u00e4gling;<\/li>\n<li><strong>Superposition av processer<\/strong>: st\u00f6der upp till 8 processkombinationer, inklusive lokal UV, pr\u00e4gling, laser etc;<\/li>\n<li><strong>Funktionsmodul<\/strong>: inbyggt NFC-chip eller temperaturk\u00e4nsligt f\u00e4rgskiftande bl\u00e4ck och andra intelligenta komponenter;<\/li>\n<li><strong>Milj\u00f6certifiering<\/strong>: klarade FSC-skogscertifiering och GRS globala \u00e5tervinningsstandarder.<\/li>\n<\/ol>\n<h2 id=\"7-green-revolution-a-model-of-sustainable-packaging\">7. Den gr\u00f6na revolutionen: En modell f\u00f6r h\u00e5llbara f\u00f6rpackningar<\/h2>\n<p>Hela boxmaterialet \u00e4r\u00a0<strong>98% \u00e5tervinningsbar<\/strong>\u00a0, den gr\u00e5 tavlan anv\u00e4nder\u00a0<strong>\u00e5tervunnen massa fr\u00e5n halmfiber<\/strong>\u00a0och guldbel\u00e4ggningen p\u00e5 kartongen best\u00e5r av\u00a0<strong>vattenbaserat milj\u00f6v\u00e4nligt bl\u00e4ck<\/strong>\u00a0. J\u00e4mf\u00f6rt med traditionella metallf\u00f6rpackningar minskar en enda produkt\u00a0<strong>63% koldioxidavtryck<\/strong>\u00a0. Den inre svampen bryts ned i jorden genom\u00a0<strong>biobaserad polyuretan-teknik<\/strong>\u00a0, och flockningsfibern anv\u00e4nder\u00a0<strong>PETG \u00e5tervinningsbar polyester<\/strong>\u00a0, som bygger en komplett gr\u00f6n kedja fr\u00e5n produktion till avfall.<\/p>\n<h2 id=\"conclusion-defining-a-new-standard-for-high-end-packaging\">Slutsats: Definierar en ny standard f\u00f6r avancerade f\u00f6rpackningar<\/h2>\n<p>Utformningen av denna presentask f\u00f6r VIP-kort bryter igenom begr\u00e4nsningarna f\u00f6r traditionella f\u00f6rpackningar n\u00e4r det g\u00e4ller material, struktur, interaktion etc. och omdefinierar konnotationen av avancerad anpassning genom kollisionen mellan\u00a0<strong>milj\u00f6teknik<\/strong>\u00a0och\u00a0<strong>lyxig hantverksskicklighet<\/strong>\u00a0. N\u00e4r kunderna l\u00e5ter fingertopparna glida \u00f6ver sammetsflocken, det skarpa ljudet fr\u00e5n magnetsp\u00e4nnet ringer i \u00f6ronen och varum\u00e4rkesavtrycket av ros\u00e9guld reflekteras i \u00f6gonen, kommer \u00f6verlagringen av dessa multisensoriska upplevelser s\u00e5 sm\u00e5ningom att omvandlas till ett djupt erk\u00e4nnande av varum\u00e4rkesv\u00e4rdet. I dag, n\u00e4r h\u00e5llbarhetsbegreppet \u00e4r djupt rotat i m\u00e4nniskors medvetande, uppfyller denna typ av design inte bara aff\u00e4rsbehov utan blir ocks\u00e5 ett viktigt medel f\u00f6r f\u00f6retag att uppfylla sitt sociala ansvar.<\/p>","protected":false},"excerpt":{"rendered":"<p>En lyxig presentask f\u00f6r VIP-kort med gratis tryck och sammetskl\u00e4dd h\u00e5llare. Den levereras med sidenband och varmfoliest\u00e4mplad text i rosa.<\/p>","protected":false},"featured_media":187,"template":"","meta":{"_kad_post_transparent":"default","_kad_post_title":"","_kad_post_layout":"default","_kad_post_sidebar_id":"","_kad_post_content_style":"default","_kad_post_vertical_padding":"default","_kad_post_feature":"","_kad_post_feature_position":"","_kad_post_header":false,"_kad_post_footer":false,"_kad_post_classname":""},"product_brand":[],"product_cat":[15,27,17],"product_tag":[50,49,48],"class_list":{"0":"post-186","1":"product","2":"type-product","3":"status-publish","4":"has-post-thumbnail","6":"product_cat-red-light-therapy","7":"product_cat-red-light-therapy-belt","8":"product_cat-services","9":"product_tag-custom-vip-card-box","10":"product_tag-high-end-gift-box","11":"product_tag-vip-card-gift-box","13":"first","14":"instock","15":"shipping-taxable","16":"product-type-simple","17":"entry","18":"content-bg","19":"loop-entry"},"_links":{"self":[{"href":"https:\/\/red-lighttherapy.com\/sv\/wp-json\/wp\/v2\/product\/186","targetHints":{"allow":["GET"]}}],"collection":[{"href":"https:\/\/red-lighttherapy.com\/sv\/wp-json\/wp\/v2\/product"}],"about":[{"href":"https:\/\/red-lighttherapy.com\/sv\/wp-json\/wp\/v2\/types\/product"}],"wp:featuredmedia":[{"embeddable":true,"href":"https:\/\/red-lighttherapy.com\/sv\/wp-json\/wp\/v2\/media\/187"}],"wp:attachment":[{"href":"https:\/\/red-lighttherapy.com\/sv\/wp-json\/wp\/v2\/media?parent=186"}],"wp:term":[{"taxonomy":"product_brand","embeddable":true,"href":"https:\/\/red-lighttherapy.com\/sv\/wp-json\/wp\/v2\/product_brand?post=186"},{"taxonomy":"product_cat","embeddable":true,"href":"https:\/\/red-lighttherapy.com\/sv\/wp-json\/wp\/v2\/product_cat?post=186"},{"taxonomy":"product_tag","embeddable":true,"href":"https:\/\/red-lighttherapy.com\/sv\/wp-json\/wp\/v2\/product_tag?post=186"}],"curies":[{"name":"wp","href":"https:\/\/api.w.org\/{rel}","templated":true}]}}