{"id":1820,"date":"2025-04-20T07:09:19","date_gmt":"2025-04-20T07:09:19","guid":{"rendered":"https:\/\/red-lighttherapy.com\/?post_type=product&#038;p=1820"},"modified":"2025-04-22T08:20:42","modified_gmt":"2025-04-22T08:20:42","slug":"texture-fancy-paper-lid-and-base-gift-box-for-jewelry-rings","status":"publish","type":"product","link":"https:\/\/red-lighttherapy.com\/sv\/texture-fancy-paper-lid-and-base-gift-box-for-jewelry-rings\/","title":{"rendered":"Presentask med lock och botten i papper med textur f\u00f6r smycken och ringar"},"content":{"rendered":"<h2 id=\"-product-name-tiangong-series-jewelry-storage-box\">Presentask med lock och botten i papper med textur f\u00f6r smycken och ringar<\/h2>\n<h2 id=\"-1-opening-and-closing-design-of-the-top-and-bottom-lid-both-tightness-and-smoothness-\"><strong>1. \u00d6ppnings- och st\u00e4ngningsdesign f\u00f6r lock och bottenl\u00e5da: t\u00e4t och smidig<\/strong><\/h2>\n<p>Invigning och st\u00e4ngningsdesign av topp- och bottenlocket: b\u00e5da tredjedelarna och sm\u00f6rjmedlen. Det \u00f6vre och nedre locket antar ett exakt magnetiskt st\u00e4ngningssystem f\u00f6r att s\u00e4kerst\u00e4lla att lockl\u00e5dan ursprungligen passar kroppen, och det \u00e4r inte l\u00e4tt att lossa eller \u00f6ppna \u00f6ppet under transport, vilket ger 360 \u00b0 f\u00f6r smycken. \u00d6ppnings- och st\u00e4ngningssp\u00e5ret \u00e4r ergonomiskt anpassat och kan \u00f6ppnas smidigt och st\u00e4ngas med samma handtryckning. Funktionen \u00e4r bekv\u00e4m och motsvarar de moderna konsumenternas vanor.<\/p>\n<h2 id=\"-2-universally-compatible-box-type-flexible-response-to-various-jewelry-sizes-\"><strong>2. Universellt kompatibel l\u00e5dtyp: flexibel respons p\u00e5 olika smyckesstorlekar<\/strong><\/h2>\n<p>L\u00e5dans inre har en modul\u00e4r skiktad design som \u00e4r utrustad med justerbara flanellkortplatser och svampindelning, vilket st\u00f6der stabil f\u00f6rvaring av olika storlekar som ring-, halsbands- och \u00f6rh\u00e4ngen smycken. Genom att justera fackens h\u00f6jd och ledighet kan den vara kompatibel med smycken med en h\u00f6jd av 1-5 cm, uppfyller prestanda och lagringsbehov i m\u00e5nga scener.<\/p>\n<h2 id=\"-3-textured-paper-material-both-texture-and-environmental-protection-\"><strong>3. Texturerat pappersmaterial: b\u00e5de textur och milj\u00f6skydd<\/strong><\/h2>\n<ul>\n<li><strong>Visuell och taktil f\u00f6rst\u00e4rkning<\/strong>: Ytan antar speciell pr\u00e4glingsteknik f\u00f6r att bilda en fin tredimensionell struktur, som presenterar en matt struktur under ljusbrytningen och har en varm och delikat touch som bildar en estetisk kontrast med smyckenas glans.<\/li>\n<li><strong>L\u00e4tt och komprimerande struktur<\/strong>: H\u00f6gh\u00e5llfast gr\u00e5 kartongkomposit Textured Paper v\u00e4ljs, l\u00e5dvikten \u00e4r bara 180 g och tryckh\u00e5llfastheten n\u00e5r 50 kg \/ \u33a1, med h\u00e4nsyn till b\u00e5de l\u00e4tthet och h\u00e5llbarhet.<\/li>\n<li><strong>Milj\u00f6certifiering<\/strong>: Materialet har klarat FSC-skogscertifieringen, produktionsprocessen uppn\u00e5r noll plasttillsats och nedbrytningscykeln \u00e4r kortare \u00e4n 6 m\u00e5nader, vilket uppfyller ESG-standarderna f\u00f6r h\u00e5llbar utveckling.<\/li>\n<\/ul>\n<h2 id=\"-4-brand-logo-and-color-aesthetics-\"><strong>4. Varum\u00e4rkeslogotyp och f\u00e4rgestetik<\/strong><\/h2>\n<ul>\n<li><strong>Exakt tryckteknik<\/strong>: L\u00e5dskyddet anv\u00e4nder UV-mikrosk\u00e4rningsteknik f\u00f6r att skriva ut varum\u00e4rkeslogotypen, linjenoggrannheten n\u00e5r 0,1 mm och det finns ingen burr eller fl\u00e4ck p\u00e5 kanten, vilket st\u00e4rker varum\u00e4rkets professionella image.<\/li>\n<li><strong>Ljusgr\u00f6n design<\/strong>: Pantone 13-6008 TPG (soft mist green) \u00e4r huvudf\u00e4rgen, inspirerad av naturlig jade. Den l\u00e5gm\u00e4ttade f\u00e4rgen lindrar visuell tr\u00f6tthet och passar smyckesindustrins dubbla str\u00e4van efter natur och high-end.<\/li>\n<\/ul>\n<h2 id=\"-5-multi-layer-protective-lining-system-\"><strong>5. Flerskikts skyddsfodringssystem<\/strong><\/h2>\n<p>Fodret har en trelagersstruktur av \"flanell + svamp med h\u00f6g densitet + gr\u00e5 kartong\":<\/p>\n<ul>\n<li><strong>Flanellskikt<\/strong>: 2mm ultrafin kort sammet f\u00f6r att minska smyckenas friktionsskador och absorbera damm p\u00e5 samma g\u00e5ng.<\/li>\n<li><strong>Svampskikt<\/strong>: 5 mm \u00e5terfj\u00e4drande svamp f\u00f6r att buffra transportvibrationer och f\u00f6rb\u00e4ttra slagt\u00e5ligheten med 40%.<\/li>\n<li><strong>Gr\u00e5tt kartonglager<\/strong>: 1,5 mm f\u00f6rtjockad gr\u00e5 br\u00e4da, som st\u00f6der l\u00e5dkroppen utan deformation och b\u00e4r upp till 2 kg.<\/li>\n<\/ul>\n<h2 id=\"-applicable-scenarios-\"><strong>Till\u00e4mpliga scenarier<\/strong><\/h2>\n<ul>\n<li><strong>Detaljhandelns slut<\/strong>: diskdisplay, f\u00f6rpackning i presentf\u00f6rpackning<\/li>\n<li><strong>F\u00f6r personligt bruk<\/strong>: f\u00f6rvaring i hemmet, transport p\u00e5 resan<\/li>\n<li><strong>Anpassning av varum\u00e4rke<\/strong>: f\u00f6retagsg\u00e5vor, exklusiv f\u00f6rpackning i begr\u00e4nsad upplaga<\/li>\n<\/ul>","protected":false},"excerpt":{"rendered":"<p>Med naturlig estetik och funktionalism som k\u00e4rnan, genom den innovativa kombinationen av ergonomisk struktur och milj\u00f6v\u00e4nliga material, omdefinierar vi det praktiska v\u00e4rdet och det konstn\u00e4rliga uttrycket f\u00f6r smyckesf\u00f6rpackningar och hj\u00e4lper varum\u00e4rken att skapa en avancerad och h\u00e5llbar marknadsimage.<\/p>","protected":false},"featured_media":2137,"template":"","meta":{"_kad_post_transparent":"default","_kad_post_title":"","_kad_post_layout":"default","_kad_post_sidebar_id":"","_kad_post_content_style":"default","_kad_post_vertical_padding":"default","_kad_post_feature":"","_kad_post_feature_position":"","_kad_post_header":false,"_kad_post_footer":false,"_kad_post_classname":""},"product_brand":[],"product_cat":[15,19,17],"product_tag":[542,541,540],"class_list":{"0":"post-1820","1":"product","2":"type-product","3":"status-publish","4":"has-post-thumbnail","6":"product_cat-red-light-therapy","7":"product_cat-red-light-therapy-stand","8":"product_cat-services","9":"product_tag-fancy-paper-rings-box","10":"product_tag-lid-and-base-gift-box","11":"product_tag-texture-paper-jewelry-gift-box","13":"first","14":"instock","15":"shipping-taxable","16":"product-type-simple","17":"entry","18":"content-bg","19":"loop-entry"},"_links":{"self":[{"href":"https:\/\/red-lighttherapy.com\/sv\/wp-json\/wp\/v2\/product\/1820","targetHints":{"allow":["GET"]}}],"collection":[{"href":"https:\/\/red-lighttherapy.com\/sv\/wp-json\/wp\/v2\/product"}],"about":[{"href":"https:\/\/red-lighttherapy.com\/sv\/wp-json\/wp\/v2\/types\/product"}],"wp:featuredmedia":[{"embeddable":true,"href":"https:\/\/red-lighttherapy.com\/sv\/wp-json\/wp\/v2\/media\/2137"}],"wp:attachment":[{"href":"https:\/\/red-lighttherapy.com\/sv\/wp-json\/wp\/v2\/media?parent=1820"}],"wp:term":[{"taxonomy":"product_brand","embeddable":true,"href":"https:\/\/red-lighttherapy.com\/sv\/wp-json\/wp\/v2\/product_brand?post=1820"},{"taxonomy":"product_cat","embeddable":true,"href":"https:\/\/red-lighttherapy.com\/sv\/wp-json\/wp\/v2\/product_cat?post=1820"},{"taxonomy":"product_tag","embeddable":true,"href":"https:\/\/red-lighttherapy.com\/sv\/wp-json\/wp\/v2\/product_tag?post=1820"}],"curies":[{"name":"wp","href":"https:\/\/api.w.org\/{rel}","templated":true}]}}