{"id":1273,"date":"2025-04-17T14:52:03","date_gmt":"2025-04-17T14:52:03","guid":{"rendered":"https:\/\/red-lighttherapy.com\/?post_type=product&#038;p=1273"},"modified":"2025-04-20T07:09:12","modified_gmt":"2025-04-20T07:09:12","slug":"distributor-custom-vintage-tea-rigid-drawer-boxes-packaging","status":"publish","type":"product","link":"https:\/\/red-lighttherapy.com\/sv\/distributor-custom-vintage-tea-rigid-drawer-boxes-packaging\/","title":{"rendered":"Distribut\u00f6r Anpassad Vintage Te Styva l\u00e5dor F\u00f6rpackningar"},"content":{"rendered":"<h2 id=\"-customized-retro-tea-rigid-drawer-box-packaging-product-description-\"><strong>Anpassad Retro Tea Rigid Drawer Box F\u00f6rpackning Produktbeskrivning<\/strong><\/h2>\n<h2 id=\"-1-spot-color-printing-and-craft-design-\"><strong>1. Spotf\u00e4rgstryck och hantverksdesign<\/strong><\/h2>\n<p>Denna retro tepappersl\u00e5da \u00e4r tillverkad av\u00a0<strong>bestruket papper<\/strong>\u00a0material. Det\u00a0<strong>teknik f\u00f6r tryckning i spotf\u00e4rg<\/strong>\u00a0\u00e5terst\u00e4ller exakt retrof\u00e4rgtonen och kompletteras med\u00a0<strong>partiell UV-process<\/strong>\u00a0behandling, s\u00e5 att m\u00f6nstret eller texten har en tredimensionell touch och mjuk lyster, och de visuella och taktila sinnena f\u00f6rb\u00e4ttras b\u00e5da. Den h\u00f6ga j\u00e4mnheten och bl\u00e4ckabsorptionen hos bestruket papper s\u00e4kerst\u00e4ller att tryckf\u00e4rgen \u00e4r full och detaljerna \u00e4r tydliga. I kombination med UV-teknikens slitstarka egenskaper framh\u00e4vs varum\u00e4rkets exklusiva temperament och kulturarv.<\/p>\n<h2 id=\"-2-classic-paper-drawer-box-opening-and-closing-design-\"><strong>2. Klassisk design f\u00f6r \u00f6ppning och st\u00e4ngning av pappersl\u00e5da<\/strong><\/h2>\n<p>F\u00f6rpackningen \u00e4r tillverkad av\u00a0<strong>pappersl\u00e5da l\u00e5dstruktur<\/strong>, som \u00e4r smidig och bekv\u00e4m att \u00f6ppna och st\u00e4nga, och har b\u00e5de praktiska egenskaper och en k\u00e4nsla av ritualer. Pappersl\u00e5dans design \u00e4r inte bara bekv\u00e4m f\u00f6r att ta te, utan kan ocks\u00e5 \u00f6ka interaktionen i konsumentupplevelsen genom att gradvis visa inneh\u00e5llet i den interna l\u00e5dan. Denna design \u00e4r inspirerad av traditionell tekultur, kombinerad med modern estetik, vilket ger produkten en k\u00e4nsla av ritual av att \"\u00f6ppna en l\u00e5da som en skatt\".<\/p>\n<h2 id=\"-3-high-density-sponge-lining-protection-\"><strong>3. Skyddande foder av svamp med h\u00f6g densitet<\/strong><\/h2>\n<p>Innerfodret \u00e4r tillverkat av\u00a0<strong>35KG milj\u00f6v\u00e4nlig svamp med h\u00f6g densitet<\/strong>, som \u00e4r exakt skuren och utformad med en inb\u00e4ddad bricka f\u00f6r att ordentligt fixera tekakan eller te tegelstenen f\u00f6r att undvika skakning och kollision under transport eller lagring. Svampen har utm\u00e4rkt elasticitet och tryckmotst\u00e5nd, kan bibeh\u00e5lla en stabil form under l\u00e5ng tid och ge fysiskt skydd och temperatur- och fuktighetsbuffert f\u00f6r te.<\/p>\n<h2 id=\"-4-warm-color-inner-box-visual-presentation-\"><strong>4. Visuell presentation av innerboxen i varm f\u00e4rg<\/strong><\/h2>\n<p>Innerl\u00e5dan \u00e4r tryckt med\u00a0<strong>157g bestruket papper<\/strong>Det bestrukna papperet \u00e4r tillverkat av papper med varma f\u00e4rger som huvudton (t.ex. beige och ockra), och retrostrukturen f\u00f6rst\u00e4rks med matt eller varm st\u00e4mplingsteknik. Den fina ytan och den h\u00f6ga vitheten hos det bestrukna papperet, i kombination med den mjuka f\u00e4rg\u00f6verg\u00e5ngen, skapar en visuell atmosf\u00e4r av \"uts\u00f6kt te-lager\", som ekar teets naturliga egenskaper och kulturella konnotationer.<\/p>\n<h2 id=\"-5-factory-qualifications-and-design-support-\"><strong>5. Fabrikskvalifikationer och designst\u00f6d<\/strong><\/h2>\n<p>Tillverkaren har\u00a0<strong>frist\u00e5ende fabriksbyggnader<\/strong>\u00a0och ett professionellt designteam, utrustat med avancerad utrustning som den tyska BHS-produktionslinjen och digital f\u00f6rtrycksteknik, som kan uppn\u00e5 one-stop-service fr\u00e5n design till massproduktion. Teamet \u00e4r bra p\u00e5 att ge skr\u00e4ddarsydda f\u00f6rslag baserade p\u00e5 egenskaperna hos tekategorier (som Pu'er och vitt te), till exempel skiktade strukturer anpassade till tebrickor fr\u00e5n olika \u00e5r eller integrering av traditionella m\u00f6nster med moderna minimalistiska element.<\/p>\n<h2 id=\"-6-environmental-certification-and-high-cost-performance-\"><strong>6. Milj\u00f6certifiering och h\u00f6g kostnadsprestanda<\/strong><\/h2>\n<p>Fabriken har klarat FSC One-certifieringen f\u00f6r att s\u00e4kerst\u00e4lla att f\u00f6rpackningsmaterialet kommer fr\u00e5n kontinuerligt sk\u00f6tta skogar, och anv\u00e4nder milj\u00f6v\u00e4nliga processer som vattenbaserat bl\u00e4ck och nedbrytbart foder. Genom storskalig produktion och intelligent hantering (t.ex. baslager f\u00f6r papper och automatisk logistik) kontrollerar vi kostnaderna och s\u00e4kerst\u00e4ller kvaliteten, och f\u00f6rser kunderna med l\u00f6sningar som \u00e4r b\u00e5de milj\u00f6v\u00e4nliga och prisv\u00e4rda.<\/p>","protected":false},"excerpt":{"rendered":"<p>Denna produkt \u00e4r l\u00e4mplig f\u00f6r exklusiva tevarum\u00e4rken, kulturella g\u00e5vor och samlarprodukter. Storlek, typ av l\u00e5da (t.ex. topp- och bottenlock, specialformade l\u00e5dor) och tillbeh\u00f6r (band, h\u00e5rdvarutillbeh\u00f6r) kan anpassas. Genom samordning av material, hantverk och design uppfyller den inte bara behoven av retroestetik utan tar ocks\u00e5 h\u00e4nsyn till praktiska skyddsfunktioner, vilket hj\u00e4lper varum\u00e4rken att \u00f6ka merv\u00e4rdet och skapa differentierad konkurrenskraft p\u00e5 marknaden.<\/p>","protected":false},"featured_media":1815,"template":"","meta":{"_kad_post_transparent":"default","_kad_post_title":"","_kad_post_layout":"default","_kad_post_sidebar_id":"","_kad_post_content_style":"default","_kad_post_vertical_padding":"default","_kad_post_feature":"","_kad_post_feature_position":"","_kad_post_header":false,"_kad_post_footer":false,"_kad_post_classname":""},"product_brand":[],"product_cat":[15,20,17],"product_tag":[537,539,538],"class_list":{"0":"post-1273","1":"product","2":"type-product","3":"status-publish","4":"has-post-thumbnail","6":"product_cat-red-light-therapy","7":"product_cat-led-face-light-therapy","8":"product_cat-services","9":"product_tag-custom-rigid-drawer-boxes","10":"product_tag-drawer-rigid-boxes","11":"product_tag-tea-box-packaging","13":"first","14":"instock","15":"shipping-taxable","16":"product-type-simple","17":"entry","18":"content-bg","19":"loop-entry"},"_links":{"self":[{"href":"https:\/\/red-lighttherapy.com\/sv\/wp-json\/wp\/v2\/product\/1273","targetHints":{"allow":["GET"]}}],"collection":[{"href":"https:\/\/red-lighttherapy.com\/sv\/wp-json\/wp\/v2\/product"}],"about":[{"href":"https:\/\/red-lighttherapy.com\/sv\/wp-json\/wp\/v2\/types\/product"}],"wp:featuredmedia":[{"embeddable":true,"href":"https:\/\/red-lighttherapy.com\/sv\/wp-json\/wp\/v2\/media\/1815"}],"wp:attachment":[{"href":"https:\/\/red-lighttherapy.com\/sv\/wp-json\/wp\/v2\/media?parent=1273"}],"wp:term":[{"taxonomy":"product_brand","embeddable":true,"href":"https:\/\/red-lighttherapy.com\/sv\/wp-json\/wp\/v2\/product_brand?post=1273"},{"taxonomy":"product_cat","embeddable":true,"href":"https:\/\/red-lighttherapy.com\/sv\/wp-json\/wp\/v2\/product_cat?post=1273"},{"taxonomy":"product_tag","embeddable":true,"href":"https:\/\/red-lighttherapy.com\/sv\/wp-json\/wp\/v2\/product_tag?post=1273"}],"curies":[{"name":"wp","href":"https:\/\/api.w.org\/{rel}","templated":true}]}}