{"id":1236,"date":"2025-04-17T08:00:30","date_gmt":"2025-04-17T08:00:30","guid":{"rendered":"https:\/\/red-lighttherapy.com\/?post_type=product&#038;p=1236"},"modified":"2025-04-17T08:15:29","modified_gmt":"2025-04-17T08:15:29","slug":"glitter-paper-collapsible-magnetic-gift-boxes-for-hair-wigs","status":"publish","type":"product","link":"https:\/\/red-lighttherapy.com\/sv\/glitter-paper-collapsible-magnetic-gift-boxes-for-hair-wigs\/","title":{"rendered":"Glitterpapper hopf\u00e4llbara magnetiska presentaskar f\u00f6r h\u00e5rperuker"},"content":{"rendered":"<h2 id=\"glitter-paper-foldable-magnetic-wig-gift-box-product-description\">Glitterpapper Vikbart magnetiskt lock Peruk Presentask Produktbeskrivning<\/h2>\n<h2 id=\"-1-easy-to-open-and-close-and-stable-folding-design-optimizes-transportation-and-storage-\"><strong>1. L\u00e4tt att \u00f6ppna och st\u00e4nga och stabil, hopf\u00e4llbar design optimerar transport och f\u00f6rvaring<\/strong><\/h2>\n<p>Denna produkt har en innovativ vikbar struktur. Efter att l\u00e5dan har vecklats ut kan den snabbt \u00f6ppnas och st\u00e4ngas genom det magnetiska st\u00e4ngningssystemet. N\u00e4r den \u00e4r st\u00e4ngd \u00e4r magnetkraften j\u00e4mnt f\u00f6rdelad f\u00f6r att s\u00e4kerst\u00e4lla stabilitet; tjockleken efter vikning \u00e4r bara 1\/5 av den ursprungliga volymen, vilket avsev\u00e4rt sparar lagrings- och logistikutrymme och minskar transportkostnaderna med mer \u00e4n 30%. L\u00e5dkroppen \u00e4r inb\u00e4ddad med en h\u00f6gh\u00e5llfast st\u00f6dram av gr\u00e5 kartong, med exakt veckteknik, som inte kommer att deformeras efter l\u00e5ngvarig anv\u00e4ndning och kan vikas upprepade g\u00e5nger i mer \u00e4n 500 g\u00e5nger utan f\u00f6rlust, vilket \u00e4r l\u00e4mpligt f\u00f6r gr\u00e4ns\u00f6verskridande transporter och l\u00e5ngvariga lagringsbehov.<\/p>\n<h2 id=\"-2-magnetic-box-design-neat-lines-and-high-space-utilization-\"><strong>2. Magnetisk l\u00e5ddesign, snygga linjer och h\u00f6gt utrymmesutnyttjande<\/strong><\/h2>\n<p>L\u00e5dans kropp har ett integrerat magnetiskt st\u00e4ngningssystem och sidan \u00e4r inb\u00e4ddad med ett starkt NdFeB-magnetiskt ark, med en sugkraft p\u00e5 0,8N\/cm\u00b2, smidig \u00f6ppnings- och st\u00e4ngningsk\u00e4nsla och utm\u00e4rkt t\u00e4tning. Den inre rymddesignen f\u00f6ljer det gyllene f\u00f6rh\u00e5llandet och kan flexibelt lagra l\u00e4tta lyxartiklar som peruker, smycken och kosmetika. Den \u00e4r l\u00e4mplig f\u00f6r en m\u00e4ngd olika f\u00f6rem\u00e5l med en h\u00f6jd av 5-30 cm och \u00e4r utrustad med ett justerbart skiktat foder, vilket \u00f6kar utrymmesutnyttjandegraden med 40%.<\/p>\n<h2 id=\"-3-glitter-paper-material-smart-light-and-shadow-high-end-texture-\"><strong>3. Glitter Pappersmaterial: smart ljus och skugga, avancerad textur<\/strong><\/h2>\n<p>Ytan \u00e4r tillverkad av importerat milj\u00f6v\u00e4nligt glitterpapper som \u00e4r inb\u00e4ddat med glitterpartiklar p\u00e5 mikroniv\u00e5, vilket ger en stj\u00e4rneffekt p\u00e5 flera niv\u00e5er under ljusbrytningen. Materialet \u00e4r SGS-certifierat, slitstarkt och rept\u00e5ligt och uppfyller EU:s milj\u00f6skyddsstandard REACH. Den finns i fyra f\u00e4rger: svart, guld, silver och gr\u00f6n. Huvudf\u00e4rgen \u00e4r \"gr\u00f6n\", vilket \u00e4r i linje med milj\u00f6skyddskonceptet och den ungdomliga varum\u00e4rkesimagen.<\/p>\n<h2 id=\"-4-precision-technology-industrial-grade-quality-control-and-detail-processing-\"><strong>4. Precisionsteknik: kvalitetskontroll och detaljbearbetning av industriell kvalitet<\/strong><\/h2>\n<ul>\n<li><strong>Kantbearbetning<\/strong>: Laserprecisionssk\u00e4rningsteknik anv\u00e4nds, snittet \u00e4r smidigt och burrfritt och felet \u00e4r \u22640,1 mm;<\/li>\n<li><strong>Fogningsprocess<\/strong>: S\u00f6ml\u00f6s limning med tyska Henkel milj\u00f6v\u00e4nligt lim, dragh\u00e5llfastheten n\u00e5r 50N\/cm och s\u00f6mmarna har inga sprickor efter tusentals \u00f6ppnings- och st\u00e4ngningstester;<\/li>\n<li><strong>Tryck p\u00e5 ytan<\/strong>: St\u00f6der 4C + 0C spotf\u00e4rgstryck (Pantone f\u00e4rgnummer \/ Pantone + CMYK), och gradientens effektnoggrannhet n\u00e5r 175 linjer \/ tum.<\/li>\n<\/ul>\n<h2 id=\"-5-environmental-protection-theme-and-scene-adaptation-\"><strong>5. Anpassning av tema och scen f\u00f6r milj\u00f6skydd<\/strong><\/h2>\n<p>Med \"Green\" som huvudf\u00e4rg \u00e4r den inspirerad av skogsekologi och matchad med matt UV-bel\u00e4ggning f\u00f6r att f\u00f6rmedla en l\u00e5gm\u00e4ld lyx. L\u00e5dkroppen kan anpassas med semestervarma st\u00e4mplingsm\u00f6nster (som julsn\u00f6flingor och v\u00e5rfestivalmoln), l\u00e4mpliga f\u00f6r presentf\u00f6rpackningar f\u00f6r alla hj\u00e4rtans dag, f\u00f6rpackningar med begr\u00e4nsad upplaga och andra scener, med h\u00e4nsyn till milj\u00f6skyddskoncept och skapande av festlig atmosf\u00e4r.<\/p>\n<h2 id=\"-6-ribbon-lifting-a-balance-between-function-and-aesthetics-\"><strong>6. Ribbon lifting: en balans mellan funktion och estetik<\/strong><\/h2>\n<p>L\u00e5dans ovansida \u00e4r f\u00f6rsedd med ett polyesterband med h\u00f6g h\u00e5llfasthet, som kan b\u00e4ra upp till 5 kg. Lyftvinkeln \u00e4r ergonomiskt utformad och l\u00e5dans \u00f6ppningskraft \u00e4r \u226410N. Bandet kan anpassas med varmst\u00e4mplad\/pr\u00e4glad LOGO, och tv\u00e5 texturalternativ av matt och satin finns tillg\u00e4ngliga f\u00f6r att f\u00f6rb\u00e4ttra k\u00e4nslan av ceremoni vid uppackning.<\/p>\n<h2 id=\"-8-full-link-personalized-customization-service-\"><strong>8. Personlig anpassningstj\u00e4nst med full l\u00e4nk<\/strong><\/h2>\n<ul>\n<li><strong>Storlek<\/strong>: St\u00f6d f\u00f6r justering av f\u00f6rh\u00e5llandet mellan l\u00e4ngd, bredd och h\u00f6jd fr\u00e5n 1:1 till 1:3, med en minsta orderkvantitet p\u00e5 500;<\/li>\n<li><strong>Typ av l\u00e5da<\/strong>: 6 grundl\u00e4ggande l\u00e5dtyper som bokformad l\u00e5da, topp- och bottenlock, l\u00e5dl\u00e5da etc. \u00e4r valfria, och specialformad strukturutveckling st\u00f6ds;<\/li>\n<li><strong>Tryckning och process<\/strong>: LOGO kan v\u00e4lja 12 processer som varmst\u00e4mpling, pr\u00e4gling och lokal UV, med en uppl\u00f6sning p\u00e5 \u22651200dpi;<\/li>\n<li><strong>Milj\u00f6certifiering<\/strong>: Tillhandah\u00e5lla milj\u00f6v\u00e4nliga produktionsl\u00f6sningar som FSC-certifierat papper och vattenbaserat bl\u00e4ck.<\/li>\n<\/ul>","protected":false},"excerpt":{"rendered":"<p>Denna hopf\u00e4llbara l\u00e5da med magnetiskt lock \u00e4r l\u00e4tt att \u00f6ppna och st\u00e4nga och \u00e4r stabil. Den \u00e4r l\u00e4tt att transportera och f\u00f6rvara efter vikning, vilket minskar logistikkostnaderna och hindrar l\u00e5dkroppen fr\u00e5n att deformeras under l\u00e5ng tid. L\u00e5dkroppen \u00e4r huvudsakligen gr\u00f6n, vilket \u00e4r i linje med milj\u00f6skyddstemat och f\u00f6rmedlar varum\u00e4rkets ton av ungdom och vitalitet. Den \u00e4r l\u00e4mplig f\u00f6r din perukf\u00f6rpackning och andra scener.<\/p>","protected":false},"featured_media":1238,"template":"","meta":{"_kad_post_transparent":"default","_kad_post_title":"","_kad_post_layout":"default","_kad_post_sidebar_id":"","_kad_post_content_style":"default","_kad_post_vertical_padding":"default","_kad_post_feature":"","_kad_post_feature_position":"","_kad_post_header":false,"_kad_post_footer":false,"_kad_post_classname":""},"product_brand":[],"product_cat":[15,22,17],"product_tag":[484,483,485],"class_list":{"0":"post-1236","1":"product","2":"type-product","3":"status-publish","4":"has-post-thumbnail","6":"product_cat-red-light-therapy","7":"product_cat-red-light-therapy-blanket","8":"product_cat-services","9":"product_tag-collapsible-gift-boxes","10":"product_tag-custom-glitter-gift-boxes-wholesale","11":"product_tag-foldable-gift-box-wholesale","13":"first","14":"instock","15":"shipping-taxable","16":"product-type-simple","17":"entry","18":"content-bg","19":"loop-entry"},"_links":{"self":[{"href":"https:\/\/red-lighttherapy.com\/sv\/wp-json\/wp\/v2\/product\/1236","targetHints":{"allow":["GET"]}}],"collection":[{"href":"https:\/\/red-lighttherapy.com\/sv\/wp-json\/wp\/v2\/product"}],"about":[{"href":"https:\/\/red-lighttherapy.com\/sv\/wp-json\/wp\/v2\/types\/product"}],"wp:featuredmedia":[{"embeddable":true,"href":"https:\/\/red-lighttherapy.com\/sv\/wp-json\/wp\/v2\/media\/1238"}],"wp:attachment":[{"href":"https:\/\/red-lighttherapy.com\/sv\/wp-json\/wp\/v2\/media?parent=1236"}],"wp:term":[{"taxonomy":"product_brand","embeddable":true,"href":"https:\/\/red-lighttherapy.com\/sv\/wp-json\/wp\/v2\/product_brand?post=1236"},{"taxonomy":"product_cat","embeddable":true,"href":"https:\/\/red-lighttherapy.com\/sv\/wp-json\/wp\/v2\/product_cat?post=1236"},{"taxonomy":"product_tag","embeddable":true,"href":"https:\/\/red-lighttherapy.com\/sv\/wp-json\/wp\/v2\/product_tag?post=1236"}],"curies":[{"name":"wp","href":"https:\/\/api.w.org\/{rel}","templated":true}]}}