{"id":1225,"date":"2025-04-17T07:11:47","date_gmt":"2025-04-17T07:11:47","guid":{"rendered":"https:\/\/red-lighttherapy.com\/?post_type=product&#038;p=1225"},"modified":"2025-04-17T07:43:52","modified_gmt":"2025-04-17T07:43:52","slug":"fabrication-cannabis-cbd-oil-packaging-custom-folding-carton","status":"publish","type":"product","link":"https:\/\/red-lighttherapy.com\/sv\/fabrication-cannabis-cbd-oil-packaging-custom-folding-carton\/","title":{"rendered":"Tillverkning Cannabis CBD-olja F\u00f6rpackning Anpassad vikbar kartong"},"content":{"rendered":"<h2 id=\"customized-folding-carton-hemp-cbd-oil-packaging-product-description\">Anpassad vikbar kartong Hampa Cannabis CBD Oil Packaging Produktbeskrivning<\/h2>\n<h2 id=\"1-card-box-structure-design-space-efficiency-and-stacking-stability-\">1.\u00a0<strong>Design av kartongl\u00e5dans struktur: Utrymmeseffektivitet och staplingsstabilitet<\/strong><\/h2>\n<p>Anta\u00a0<strong>sj\u00e4lvl\u00e5sande bottenstruktur<\/strong>\u00a0och\u00a0<strong>modul\u00e4r vikbar design<\/strong>Genom exakt knivlinjelayout minskas l\u00e5dkroppens tjocklek med 40% efter vikning och sidov\u00e4ggarna bildar sammankopplingsst\u00f6d vid stapling f\u00f6r att s\u00e4kerst\u00e4lla kompressionsmotst\u00e5nd under transport. Det inre utrymmet \u00e4r l\u00e4mpligt f\u00f6r cylindriska \/ fyrkantiga flaskor med CBD-olja. Genom designen av bikakekartongfodrets partitionssp\u00e5r tar den h\u00e4nsyn till buffringsprestanda och kapacitetsanpassning, och lagringsutrymmets utnyttjandegrad \u00f6kas med 30%. L\u00e5dlocket antar magnetiskt sp\u00e4nne eller tung dubbel l\u00e5sning f\u00f6r att undvika oavsiktlig \u00f6ppning under transport och st\u00f6der h\u00f6ghastighetsmontering av automatiserade monteringslinjer.<\/p>\n<h2 id=\"2-printing-process-zero-color-difference-visual-presentation-\">2.\u00a0<strong>Tryckprocess: noll f\u00e4rgskillnad visuell presentation<\/strong><\/h2>\n<p>Till\u00e4mpa\u00a0<strong>Offsettryck i fyra f\u00e4rger + lokal UV-process<\/strong>genom Pantones kalibreringssystem f\u00f6r spotf\u00e4rger, \u00e5terst\u00e4ller exakt den gr\u00f6na huvudf\u00e4rgen p\u00e5 varum\u00e4rkeslogotypen (Pantone 347 C rekommenderas, som symboliserar natur och vitalitet). Tryckskiktet anv\u00e4nder matt lamineringsteknik f\u00f6r att s\u00e4kerst\u00e4lla att den lagstadgade textinformationen (s\u00e5som THC-inneh\u00e5llsetikett och bruksanvisning) fortfarande \u00e4r tydligt synlig under starkt ljus. De dekorativa elementen anv\u00e4nder 3D-varmst\u00e4mplingsteknik med h\u00f6g precision f\u00f6r att l\u00e4gga till metallstruktur vid v\u00e4ndpunkten f\u00f6r det abstrakta d\u00f6dskallem\u00f6nstret f\u00f6r att st\u00e4rka den taktila minnespunkten.<\/p>\n<h2 id=\"3-precision-manufacturing-process-burr-free-edge-and-crease-control-\">3.\u00a0<strong>Precisionstillverkningsprocess: gradfri kant och kontroll av veck<\/strong><\/h2>\n<p>Anv\u00e4nda\u00a0<strong>teknik f\u00f6r laserstansning<\/strong>\u00a0(tolerans \u00b1 0,1 mm), i kombination med 180 g \/ m\u00b2 FSC-certifierad milj\u00f6v\u00e4nlig kartong, s\u00e4kerst\u00e4ller att det inte finns n\u00e5gra fibergrater p\u00e5 kanten av l\u00e5dkroppen, att veckets trycklinjedjup kontrolleras exakt vid 1\/3 av kartongtjockleken och att den vikbara reboundhastigheten \u00e4r mindre \u00e4n 5%. Det visuella inspektionssystemet AI \u00e4r inb\u00e4ddat i produktionsprocessen f\u00f6r att korrigera matrisupps\u00e4ttningsfelet i realtid, och den f\u00e4rdiga produktens avkastningsgrad n\u00e5r 99,6%.<\/p>\n<h2 id=\"4-skull-pattern-design-abstract-aesthetic-expression-\">4.\u00a0<strong>Design av d\u00f6dskallem\u00f6nster: abstrakt estetiskt uttryck<\/strong><\/h2>\n<p>Den traditionella bilden av en skalle dekonstrueras till en\u00a0<strong>geometrisk linjekombination<\/strong>, och det negativa utrymmet l\u00e4mnas tomt och den gr\u00f6na gradienten l\u00e4ggs \u00f6ver f\u00f6r att bilda en visuell metafor av bladnervstruktur (h\u00e4nvisa till det abstrakta logiska designspr\u00e5ket f\u00f6r varum\u00e4rket Health Herb). P\u00e5 den taktila niv\u00e5n \u00e4r skallens \u00f6gonomr\u00e5de pr\u00e4glat med en 0,3 mm tredimensionell relief och fingertoppsber\u00f6ringen \u00e4r betydligt differentierad. M\u00f6nstrets \u00f6vergripande stil f\u00f6rsvagar kontroversen och ekar de naturliga l\u00e4kande egenskaperna hos CBD-olja.<\/p>\n<h2 id=\"5-color-strategy-pure-perception-dominated-by-green-\">5.\u00a0<strong>F\u00e4rgstrategi: ren uppfattning dominerad av gr\u00f6nt<\/strong><\/h2>\n<p>Huvudf\u00e4rgen \u00e4r\u00a0<strong>skogsgr\u00f6n med l\u00e5g m\u00e4ttnad (CMYK 60\/0\/80\/20)<\/strong>L\u00e5dans botten \u00f6verg\u00e5r till en ljus mossgr\u00f6n gradient f\u00f6r att f\u00f6rsvaga associationen till industriell hampa. Det extra f\u00e4rgsystemet l\u00e4gger till champagneguldlinjer (som upptar \u22648% av det visuella omr\u00e5det) f\u00f6r att f\u00f6rb\u00e4ttra den avancerade strukturen och skilja den fr\u00e5n konkurrerande produkter. L\u00e5dans foder anv\u00e4nder den ursprungliga f\u00e4rgen p\u00e5 r\u00e5massapapper f\u00f6r att st\u00e4rka konsumentens psykologiska antydan om \"oblekt och naturligt\".<\/p>\n<p>##Support\u00a0<strong>5ml-50ml anpassning f\u00f6r full kapacitet<\/strong>tillhandah\u00e5ller en m\u00e4ngd olika grundl\u00e4ggande l\u00e5dtyper (bokformade l\u00e5dor \/ l\u00e5dl\u00e5dor \/ lock etc.) och 20+ specialformade stansningsl\u00f6sningar (s\u00e5som hj\u00e4rtformade f\u00f6nster, urholkning av bladvener). Den specialformade strukturen anv\u00e4nder prefabricerade vikningslinjer + utbytbara fodermoduler. Produktionslinjen kan slutf\u00f6ra stansningen inom 2 timmar och den minsta orderkvantiteten \u00e4r 500 stycken. F\u00f6r reklamprodukter kan RFID-taggens inb\u00e4ddningsl\u00e4ge ut\u00f6kas f\u00f6r att f\u00f6rverkliga sp\u00e5rbarhetsfunktionen mot f\u00f6rfalskning.<\/p>","protected":false},"excerpt":{"rendered":"<p>Denna kartong \u00e4r tryckt tydligt utan f\u00e4rgskillnad, vilket bidrar till en fullst\u00e4ndig presentation av varum\u00e4rkeslogotyp, regleringsinformation och dekorativa element. L\u00e5dans kropp anv\u00e4nder gr\u00f6nt som huvudf\u00e4rg f\u00f6r att symbolisera naturlighet och h\u00e4lsa, f\u00f6rsvaga kontroversen i samband med marijuana och f\u00f6rmedla produktens rena egenskaper. Den st\u00f6der fullst\u00e4ndig anpassning av l\u00e5dans storlek och struktur (t.ex. f\u00f6nster\u00f6ppning och specialformad stansning) f\u00f6r att matcha produktlinjer med olika kapacitet.<\/p>","protected":false},"featured_media":1227,"template":"","meta":{"_kad_post_transparent":"default","_kad_post_title":"","_kad_post_layout":"default","_kad_post_sidebar_id":"","_kad_post_content_style":"default","_kad_post_vertical_padding":"default","_kad_post_feature":"","_kad_post_feature_position":"","_kad_post_header":false,"_kad_post_footer":false,"_kad_post_classname":""},"product_brand":[],"product_cat":[15,24,17],"product_tag":[480,478,479],"class_list":{"0":"post-1225","1":"product","2":"type-product","3":"status-publish","4":"has-post-thumbnail","6":"product_cat-red-light-therapy","7":"product_cat-red-light-therapy-bed","8":"product_cat-services","9":"product_tag-cbd-packaging","10":"product_tag-custom-cannabis-boxes","11":"product_tag-custom-cbd-oil-boxes","13":"first","14":"instock","15":"shipping-taxable","16":"product-type-simple","17":"entry","18":"content-bg","19":"loop-entry"},"_links":{"self":[{"href":"https:\/\/red-lighttherapy.com\/sv\/wp-json\/wp\/v2\/product\/1225","targetHints":{"allow":["GET"]}}],"collection":[{"href":"https:\/\/red-lighttherapy.com\/sv\/wp-json\/wp\/v2\/product"}],"about":[{"href":"https:\/\/red-lighttherapy.com\/sv\/wp-json\/wp\/v2\/types\/product"}],"wp:featuredmedia":[{"embeddable":true,"href":"https:\/\/red-lighttherapy.com\/sv\/wp-json\/wp\/v2\/media\/1227"}],"wp:attachment":[{"href":"https:\/\/red-lighttherapy.com\/sv\/wp-json\/wp\/v2\/media?parent=1225"}],"wp:term":[{"taxonomy":"product_brand","embeddable":true,"href":"https:\/\/red-lighttherapy.com\/sv\/wp-json\/wp\/v2\/product_brand?post=1225"},{"taxonomy":"product_cat","embeddable":true,"href":"https:\/\/red-lighttherapy.com\/sv\/wp-json\/wp\/v2\/product_cat?post=1225"},{"taxonomy":"product_tag","embeddable":true,"href":"https:\/\/red-lighttherapy.com\/sv\/wp-json\/wp\/v2\/product_tag?post=1225"}],"curies":[{"name":"wp","href":"https:\/\/api.w.org\/{rel}","templated":true}]}}