{"id":1219,"date":"2025-04-17T07:00:44","date_gmt":"2025-04-17T07:00:44","guid":{"rendered":"https:\/\/red-lighttherapy.com\/?post_type=product&#038;p=1219"},"modified":"2025-04-17T07:11:35","modified_gmt":"2025-04-17T07:11:35","slug":"custom-hemp-oil-magnetic-closure-rigid-boxes-china-wholesale","status":"publish","type":"product","link":"https:\/\/red-lighttherapy.com\/sv\/custom-hemp-oil-magnetic-closure-rigid-boxes-china-wholesale\/","title":{"rendered":"Anpassad hampolja magnetisk st\u00e4ngning styva l\u00e5dor Kina grossist"},"content":{"rendered":"<h2 id=\"-customized-sesame-oil-magnetic-buckle-hard-box-china-wholesale-product-description-\">Anpassad hampolja magnetisk st\u00e4ngning styva l\u00e5dor Kina grossist<\/h2>\n<h2 id=\"-1-innovative-magnetic-box-design-taking-into-account-convenience-and-ritual-sense-\"><strong>1. Innovativ design av magnetisk f\u00f6rslutningsl\u00e5da, med h\u00e4nsyn till bekv\u00e4mlighet och rituell k\u00e4nsla<\/strong><\/h2>\n<p>Denna f\u00f6rpackningsl\u00e5da antar\u00a0<strong>magnetisk f\u00f6rslutningsstruktur<\/strong>Genom samarbete mellan magnetisk sugpl\u00e5t med h\u00f6g precision och magnetisk lockstyrpl\u00e5t kan den enkelt \u00f6ppnas och st\u00e4ngas med en hand. Magnetstyrkan har testats vetenskapligt f\u00f6r att s\u00e4kerst\u00e4lla snabb \u00e5tkomst till flaskkroppen och bibeh\u00e5lla f\u00f6rpackningens integritet n\u00e4r den \u00e4r st\u00e4ngd, vilket undviker oavsiktlig \u00f6ppning under transport eller lagring. L\u00e5dkroppens flip cover-design passar ergonomi, \u00f6ppnas och st\u00e4ngs smidigt utan att fastna, vilket ger anv\u00e4ndarna en k\u00e4nsla av ritual n\u00e4r de packar upp, samtidigt som de uppfyller bekv\u00e4mlighetsbehoven vid h\u00f6gfrekvent anv\u00e4ndning.<\/p>\n<h2 id=\"-2-modern-aesthetic-design-suitable-for-multiple-scenes-\"><strong>2. Modern estetisk design, l\u00e4mplig f\u00f6r flera scener<\/strong><\/h2>\n<p>F\u00f6rpackningen anv\u00e4nder\u00a0<strong>snygga raka linjer<\/strong>\u00a0som k\u00e4rnspr\u00e5k, \u00f6verger \u00f6verfl\u00f6dig dekoration och presenterar en enkel geometrisk sk\u00f6nhet. L\u00e5dans typf\u00f6rh\u00e5llande har optimerats med hj\u00e4lp av det gyllene snittet, som \u00e4r l\u00e4mpligt f\u00f6r olika typer av exponering, t.ex. stormarknadshyllor, varum\u00e4rkesdiskar och e-handelsplattformar. Ytan har en matt, rent svart ton, med varum\u00e4rkeslogotypen i varmst\u00e4mpling\/silverhantverk, vilket skapar en\u00a0<strong>lugnt och st\u00e4mningsfullt<\/strong>\u00a0visuell upplevelse, som passar CBD-oljans naturliga och avancerade marknadspositionering och utg\u00f6r en tydlig skillnad j\u00e4mf\u00f6rt med konkurrerande produkter.<\/p>\n<h2 id=\"-3-coated-paper-reinforced-structure-long-term-protection-of-contents-\"><strong>3. F\u00f6rst\u00e4rkt struktur av bestruket papper, l\u00e5ngsiktigt skydd av inneh\u00e5llet<\/strong><\/h2>\n<p>L\u00e5dkroppen anv\u00e4nder\u00a0<strong>450 g bestruket papperssubstrat<\/strong>, som bearbetas genom laminering och flerskiktsklistring, och tryckh\u00e5llfastheten \u00f6kas med 30%, som t\u00e5l transportst\u00f6tar och staplingstryck. Interi\u00f6ren kombineras med EVA-foder med h\u00f6g densitet,\u00a0<strong>exakt utstansad<\/strong>\u00a0flaskans kontur, och flaskan \u00e4r t\u00e4tt fastsatt f\u00f6r att undvika slitage eller l\u00e4ckage orsakat av skakning. Antikollisionsh\u00f6rnskydd l\u00e4ggs till i l\u00e5dkroppens fyra h\u00f6rn f\u00f6r att ytterligare f\u00f6rb\u00e4ttra slagt\u00e5ligheten och s\u00e4kerst\u00e4lla l\u00e5ngsiktig lagringss\u00e4kerhet.<\/p>\n<h2 id=\"-4-seiko-quality-details-show-ingenuity-\"><strong>4. Seiko-kvalitet, detaljer visar p\u00e5 uppfinningsrikedom<\/strong><\/h2>\n<p>Antagande\u00a0<strong>h\u00f6gprecisionsformar och helautomatisk stansningsteknik<\/strong>\u00e4r l\u00e5dans kroppss\u00f6mmar sl\u00e4ta och burrfria, och d\u00e4mpningen av klaff\u00f6ppningen och st\u00e4ngningen \u00e4r m\u00e5ttlig, vilket garanterar en smidig anv\u00e4ndarupplevelse. Ytutskriften anv\u00e4nder fyrf\u00e4rgad offsettryck + UV-lokal lackteknik, m\u00f6nstret \u00e4r tydligt och k\u00e4nsligt, f\u00e4rgm\u00e4ttnaden \u00e4r h\u00f6g och det \u00e4r slitstarkt och rept\u00e5ligt. Foderfogen antar ultraljudslamineringsteknik f\u00f6r att undvika limf\u00f6roreningar och uppfylla s\u00e4kerhetsstandarder f\u00f6r livsmedelsf\u00f6rpackningar.<\/p>\n<h2 id=\"-5-full-dimensional-customization-service-empowering-brand-marketing-\"><strong>5. Full-dimensionell anpassningstj\u00e4nst, st\u00e4rker varum\u00e4rkesmarknadsf\u00f6ring<\/strong><\/h2>\n<p>St\u00f6d f\u00f6r f\u00f6ljande flexibla anpassningsl\u00f6sningar:<\/p>\n<ul>\n<li><strong>Storlek och typ av l\u00e5da<\/strong>: Anpassa till 50 ml-500 ml sesamoljeflaskans specifikationer och kan utveckla innovativa l\u00e5dtyper som l\u00e5da och bok;<\/li>\n<li><strong>Tryckning av inneh\u00e5ll<\/strong>: St\u00f6d helsidesutskrift av varum\u00e4rkeslogotyp, slogan, antif\u00f6rfalskningskod etc. och kan l\u00e4gga till laserf\u00f6rfalskning, QR-kod med variabla data och andra processer;<\/li>\n<li><strong>Struktur p\u00e5 innerfodret<\/strong>: Tillhandah\u00e5lla EVA, svamp, flockning och andra materialalternativ, st\u00f6dja design av skiljev\u00e4ggar och tillgodose behoven hos kombinationsf\u00f6rpackningar med flera flaskor;<\/li>\n<li><strong>Magnetisk uppgradering<\/strong>: Valfritt starkt magnetiskt sp\u00e4nne (1,0CM) eller vanligt magnetiskt sp\u00e4nne (1,4CM\/1,8CM) f\u00f6r att anpassa sig till olika b\u00e4rande krav.<\/li>\n<\/ul>\n<h2 id=\"-6-mature-supply-chain-guarantee-efficient-delivery-without-worries-\"><strong>6. Mogen leveranskedja garanterar effektiv leverans utan bekymmer<\/strong><\/h2>\n<p>F\u00f6rlita sig p\u00e5\u00a0<strong>16 \u00e5rs erfarenhet av professionell f\u00f6rpackningsproduktion<\/strong>Fabriken \u00e4r utrustad med en helautomatisk produktionslinje och ISO-kvalitetskontrollsystem f\u00f6r att uppn\u00e5 en effektiv anslutning av hela kedjan fr\u00e5n design och korrektur till massproduktion.<\/p>\n<ul>\n<li><strong>Garanti f\u00f6r kvalitetskontroll<\/strong>: R\u00e5varor \u00e4r SGS-certifierade och 6 kvalitetsinspektionsprocesser implementeras i produktionsprocessen, med en defektfrekvens p\u00e5 mindre \u00e4n 0,3%;<\/li>\n<li><strong>Snabbt svar<\/strong>: St\u00f6d 2-3 dagars korrekturcykel, produktion av minsta orderkvantitet p\u00e5 500 st;<\/li>\n<li><strong>Teknik med h\u00f6g sv\u00e5righetsgrad<\/strong>: Bra p\u00e5 komplexa processer som specialformade l\u00e5dor, magnetiska sugstrukturer och milj\u00f6v\u00e4nliga nedbrytbara material, vilket hj\u00e4lper varum\u00e4rken att bryta igenom den homogena konkurrensen.<\/li>\n<\/ul>\n<h2 id=\"-application-scenarios-\"><strong>Till\u00e4mpningsscenarier<\/strong><\/h2>\n<ul>\n<li><strong>High-end sesamolja varum\u00e4rke<\/strong>: I linje med tonen i naturliga och ekologiska produkter, f\u00f6rb\u00e4ttra terminalens premiumutrymme;<\/li>\n<li><strong>Marknaden f\u00f6r presentanpassning<\/strong>: F\u00f6rst\u00e4rk det unika i presentf\u00f6rpackningar och l\u00f6sningar f\u00f6r f\u00f6retagsanpassning genom exklusiv design;<\/li>\n<li><strong>Gr\u00e4ns\u00f6verskridande e-handel<\/strong>: Uppfyller internationella transportstandarder och minskar riskerna f\u00f6r gr\u00e4ns\u00f6verskridande logistikf\u00f6rluster.<\/li>\n<\/ul>","protected":false},"excerpt":{"rendered":"<p>Denna design med magnetiskt lock g\u00f6r det m\u00f6jligt f\u00f6r anv\u00e4ndare att snabbt komma \u00e5t flaskan samtidigt som f\u00f6rpackningens integritet bibeh\u00e5lls, med h\u00e4nsyn till bekv\u00e4mlighet och ritual, med snygga linjer, i linje med modern estetik och l\u00e4mplig f\u00f6r en m\u00e4ngd olika visningsscenarier. L\u00e5dans kropp anv\u00e4nder en ren svart ton f\u00f6r att f\u00f6rmedla varum\u00e4rkets professionalism och produkttillf\u00f6rlitlighet, vilket passar den naturliga och avancerade marknadspositioneringen av CBD-olja och \u00e4r l\u00e4tt att skilja fr\u00e5n konkurrerande produkter.<\/p>","protected":false},"featured_media":1221,"template":"","meta":{"_kad_post_transparent":"default","_kad_post_title":"","_kad_post_layout":"default","_kad_post_sidebar_id":"","_kad_post_content_style":"default","_kad_post_vertical_padding":"default","_kad_post_feature":"","_kad_post_feature_position":"","_kad_post_header":false,"_kad_post_footer":false,"_kad_post_classname":""},"product_brand":[],"product_cat":[15,27,17],"product_tag":[477,476,469],"class_list":{"0":"post-1219","1":"product","2":"type-product","3":"status-publish","4":"has-post-thumbnail","6":"product_cat-red-light-therapy","7":"product_cat-red-light-therapy-belt","8":"product_cat-services","9":"product_tag-branded-cbd-tincture-boxes","10":"product_tag-cbd-hemp-oil-boxes","11":"product_tag-custom-hemp-oil-boxes","13":"first","14":"instock","15":"shipping-taxable","16":"product-type-simple","17":"entry","18":"content-bg","19":"loop-entry"},"_links":{"self":[{"href":"https:\/\/red-lighttherapy.com\/sv\/wp-json\/wp\/v2\/product\/1219","targetHints":{"allow":["GET"]}}],"collection":[{"href":"https:\/\/red-lighttherapy.com\/sv\/wp-json\/wp\/v2\/product"}],"about":[{"href":"https:\/\/red-lighttherapy.com\/sv\/wp-json\/wp\/v2\/types\/product"}],"wp:featuredmedia":[{"embeddable":true,"href":"https:\/\/red-lighttherapy.com\/sv\/wp-json\/wp\/v2\/media\/1221"}],"wp:attachment":[{"href":"https:\/\/red-lighttherapy.com\/sv\/wp-json\/wp\/v2\/media?parent=1219"}],"wp:term":[{"taxonomy":"product_brand","embeddable":true,"href":"https:\/\/red-lighttherapy.com\/sv\/wp-json\/wp\/v2\/product_brand?post=1219"},{"taxonomy":"product_cat","embeddable":true,"href":"https:\/\/red-lighttherapy.com\/sv\/wp-json\/wp\/v2\/product_cat?post=1219"},{"taxonomy":"product_tag","embeddable":true,"href":"https:\/\/red-lighttherapy.com\/sv\/wp-json\/wp\/v2\/product_tag?post=1219"}],"curies":[{"name":"wp","href":"https:\/\/api.w.org\/{rel}","templated":true}]}}