{"id":1212,"date":"2025-04-17T06:50:31","date_gmt":"2025-04-17T06:50:31","guid":{"rendered":"https:\/\/red-lighttherapy.com\/?post_type=product&#038;p=1212"},"modified":"2025-04-17T07:06:10","modified_gmt":"2025-04-17T07:06:10","slug":"durable-cannabis-wax-concentrate-packaging-paper-drawer-box","status":"publish","type":"product","link":"https:\/\/red-lighttherapy.com\/sv\/durable-cannabis-wax-concentrate-packaging-paper-drawer-box\/","title":{"rendered":"H\u00e5llbar cannabisvaxkoncentratf\u00f6rpackning Pappersl\u00e5da L\u00e5da"},"content":{"rendered":"<h2 id=\"-product-description-of-drawer-type-packaging-box-for-cannabis-wax-concentrate-\"><strong>Produktbeskrivning av f\u00f6rpackningsl\u00e5da av l\u00e5dtyp f\u00f6r cannabisvaxkoncentrat<\/strong><\/h2>\n<h2 id=\"1-ergonomic-drawer-structure-\">1.\u00a0<strong>Ergonomisk l\u00e5dstruktur<\/strong><\/h2>\n<ul>\n<li><strong>Smidig push-pull-design<\/strong>: Precisionssk\u00e4rningsteknik s\u00e4kerst\u00e4ller smidig \u00f6ppning och st\u00e4ngning av l\u00e5dor, som enkelt kan man\u00f6vreras med en hand, vilket f\u00f6rb\u00e4ttrar anv\u00e4ndarv\u00e4nligheten;<\/li>\n<li><strong>K\u00e4nsla av hierarki och ritualer<\/strong>: L\u00e5dornas skiktade struktur f\u00f6rb\u00e4ttrar produktvisningseffekten, och \u00f6ppnings- och st\u00e4ngningsprocessen ger konsumenterna en \"utforskande\" upplevelse, vilket passar konsumtionsscenariot f\u00f6r avancerade CBD-produkter.<\/li>\n<\/ul>\n<h2 id=\"2-environmentally-friendly-materials-and-durability-\">2.\u00a0<strong>Milj\u00f6v\u00e4nliga material och l\u00e5ng livsl\u00e4ngd<\/strong><\/h2>\n<ul>\n<li><strong>FSC-certifierat bestruket papper<\/strong>: Basmaterialet kommer fr\u00e5n h\u00e5llbart f\u00f6rvaltade skogar, uppfyller internationella milj\u00f6standarder, st\u00f6der utf\u00e4rdandet av FSC-fakturor (inklusive certifieringsnummer) och bidrar till trov\u00e4rdigheten i varum\u00e4rkets ESG-rapporter;<\/li>\n<li><strong>Valfri lamineringsprocess<\/strong>: Matt\/glansig vattenbaserad laminering, som \u00e4r rept\u00e5lig och fingeravtryckss\u00e4ker, med en k\u00e4nslig touch och f\u00f6rl\u00e4ngd livsl\u00e4ngd, l\u00e4mplig f\u00f6r olika transport- och visningsmilj\u00f6er.<\/li>\n<\/ul>\n<h2 id=\"3-high-precision-printing-and-visual-communication-\">3.\u00a0<strong>H\u00f6gprecisionstryck och visuell kommunikation<\/strong><\/h2>\n<ul>\n<li><strong>H\u00f6guppl\u00f6sta tryck i sex f\u00e4rger<\/strong>: Noggrann \u00e5terst\u00e4llning av v\u00e4xtstrukturer, varum\u00e4rkeslogotyp och andra detaljer, med en f\u00e4rgm\u00e4ttnad p\u00e5 98%, vilket f\u00f6rb\u00e4ttrar den professionella bilden;<\/li>\n<li><strong>Teknisk uppgradering<\/strong>: St\u00f6d varmst\u00e4mpling, UV-partiell pr\u00e4gling och andra processer f\u00f6r att markera varum\u00e4rkeslogotypen eller ingrediensbeskrivningen och f\u00f6rb\u00e4ttra f\u00f6rpackningens visuella niv\u00e5;<\/li>\n<li><strong>Bl\u00e5 och vita huvudf\u00e4rger<\/strong>: Bl\u00e5tt symboliserar naturlighet och lugnande, vitt f\u00f6rmedlar renlighet och en k\u00e4nsla av teknik, och den tv\u00e5f\u00e4rgade kombinationen st\u00e4rker konsumenternas f\u00f6rtroende f\u00f6r produkts\u00e4kerhet och professionalism.<\/li>\n<\/ul>\n<h2 id=\"4-eva-cushioning-lining-system-\">4.\u00a0<strong>Fodersystem med EVA-d\u00e4mpning<\/strong><\/h2>\n<ul>\n<li><strong>Design med exakt passform<\/strong>: Anpassa fodersp\u00e5ret efter koncentratets storlek f\u00f6r att uppn\u00e5 fixering med \"nollf\u00f6rskjutning\" och minska risken f\u00f6r transportkollision;<\/li>\n<li><strong>Anti-seismisk d\u00e4mpningsprestanda<\/strong>: EVA-material har en rebound-resiliens p\u00e5 90%, absorberar effektivt yttre p\u00e5verkan och \u00e4r l\u00e4mpligt f\u00f6r l\u00e5ngdistanslogistikscenarier.<\/li>\n<\/ul>\n<h2 id=\"5-full-dimensional-customization-service-\">5.\u00a0<strong>Fulldimensionell anpassningstj\u00e4nst<\/strong><\/h2>\n<ul>\n<li><strong>Flexibla krav p\u00e5 anpassning<\/strong>: St\u00f6d anpassning av l\u00e5dstorlek (anpassning till 1g-10g kapacitet), l\u00e5d\u00f6ppning och st\u00e4ngningsriktning (sidodragning \/ toppdragning), tryckprocess (varmst\u00e4mpling \/ UV \/ pr\u00e4gling), foderstruktur (delning \/ l\u00e4ggning) etc;<\/li>\n<li><strong>Mekanism f\u00f6r snabb respons<\/strong>: Det tar bara 10-15 arbetsdagar fr\u00e5n designbekr\u00e4ftelse till leverans, vilket st\u00f6der provproduktion av sm\u00e5 partier och storskaliga best\u00e4llningar.<\/li>\n<\/ul>\n<h2 id=\"6-environmental-protection-and-compliance-advantages-\">6.\u00a0<strong>, F\u00f6rdelar med milj\u00f6skydd och efterlevnad<\/strong><\/h2>\n<ul>\n<li><strong>Design f\u00f6r cirkul\u00e4r ekonomi<\/strong>: Den enda materialstrukturen (papper + EVA) \u00e4r kompatibel med det vanliga \u00e5tervinningssystemet, och EVA-fodret kan separeras och \u00e5tervinnas f\u00f6r att minska milj\u00f6belastningen;<\/li>\n<li><strong>Certifiering av internationella standarder<\/strong>: Godk\u00e4nd FSC, ISO 14001 och andra certifieringar, i linje med europeiska och amerikanska marknadens milj\u00f6best\u00e4mmelser (s\u00e5som EU REACH, plastskattebefrielse), f\u00f6r att hj\u00e4lpa varum\u00e4rkets globala layout.<\/li>\n<\/ul>\n<h2 id=\"7-application-scenarios-and-value-\">7.\u00a0<strong>, Applikationsscenarier och v\u00e4rde<\/strong><\/h2>\n<ul>\n<li><strong>Terminal detaljhandel<\/strong>: Display i avancerade apotek och CBD-specialbutiker, l\u00e5dans \u00f6ppnings- och st\u00e4ngningsdesign f\u00f6rb\u00e4ttrar produktens interaktivitet och minnespunkter;<\/li>\n<li><strong>Logistik f\u00f6r e-handel<\/strong>: EVA-foder och kombination av tryckt\u00e5lig l\u00e5dkropp minskar transportskadorna till mindre \u00e4n 1%;<\/li>\n<li><strong>Marknadsf\u00f6ring av varum\u00e4rken<\/strong>: Anpassad varmst\u00e4mpling LOGO, QR-kod f\u00f6r sp\u00e5rbarhet av ingredienser och andra m\u00f6nster st\u00e4rker konsumenternas medvetenhet om varum\u00e4rkets teknik och ansvar.<\/li>\n<\/ul>","protected":false},"excerpt":{"rendered":"<p>Pappersl\u00e5dans \u00f6ppnings- och st\u00e4ngningsstruktur och den sl\u00e4ta pappersl\u00e5dan \u00e4r l\u00e4tta att man\u00f6vrera med en hand. Den har b\u00e5de funktionalitet och en k\u00e4nsla av ritual. Utskriftsprecisionen \u00e4r h\u00f6g, m\u00f6nsterdetaljerna \u00e4r tydliga (t.ex. v\u00e4xtstruktur), f\u00e4rg\u00e5tergivningen \u00e4r stark och den f\u00f6rmedlar varum\u00e4rkets professionella image. Huvudf\u00e4rgen \u00e4r bl\u00e5, vilket passar de naturliga och lugnande egenskaperna hos cannabisprodukter.<\/p>","protected":false},"featured_media":1216,"template":"","meta":{"_kad_post_transparent":"default","_kad_post_title":"","_kad_post_layout":"default","_kad_post_sidebar_id":"","_kad_post_content_style":"default","_kad_post_vertical_padding":"default","_kad_post_feature":"","_kad_post_feature_position":"","_kad_post_header":false,"_kad_post_footer":false,"_kad_post_classname":""},"product_brand":[],"product_cat":[15,20,17],"product_tag":[475,474,473],"class_list":{"0":"post-1212","1":"product","2":"type-product","3":"status-publish","4":"has-post-thumbnail","6":"product_cat-red-light-therapy","7":"product_cat-led-face-light-therapy","8":"product_cat-services","9":"product_tag-concentrate-packaging","10":"product_tag-custom-cannabis-concentrate-packaging","11":"product_tag-custom-concentrate-packaging-boxes","13":"first","14":"instock","15":"shipping-taxable","16":"product-type-simple","17":"entry","18":"content-bg","19":"loop-entry"},"_links":{"self":[{"href":"https:\/\/red-lighttherapy.com\/sv\/wp-json\/wp\/v2\/product\/1212","targetHints":{"allow":["GET"]}}],"collection":[{"href":"https:\/\/red-lighttherapy.com\/sv\/wp-json\/wp\/v2\/product"}],"about":[{"href":"https:\/\/red-lighttherapy.com\/sv\/wp-json\/wp\/v2\/types\/product"}],"wp:featuredmedia":[{"embeddable":true,"href":"https:\/\/red-lighttherapy.com\/sv\/wp-json\/wp\/v2\/media\/1216"}],"wp:attachment":[{"href":"https:\/\/red-lighttherapy.com\/sv\/wp-json\/wp\/v2\/media?parent=1212"}],"wp:term":[{"taxonomy":"product_brand","embeddable":true,"href":"https:\/\/red-lighttherapy.com\/sv\/wp-json\/wp\/v2\/product_brand?post=1212"},{"taxonomy":"product_cat","embeddable":true,"href":"https:\/\/red-lighttherapy.com\/sv\/wp-json\/wp\/v2\/product_cat?post=1212"},{"taxonomy":"product_tag","embeddable":true,"href":"https:\/\/red-lighttherapy.com\/sv\/wp-json\/wp\/v2\/product_tag?post=1212"}],"curies":[{"name":"wp","href":"https:\/\/api.w.org\/{rel}","templated":true}]}}