{"id":1206,"date":"2025-04-17T06:38:12","date_gmt":"2025-04-17T06:38:12","guid":{"rendered":"https:\/\/red-lighttherapy.com\/?post_type=product&#038;p=1206"},"modified":"2025-04-17T06:50:23","modified_gmt":"2025-04-17T06:50:23","slug":"premium-custom-wax-hemp-3ml-5ml-7ml-concentrate-packaging","status":"publish","type":"product","link":"https:\/\/red-lighttherapy.com\/sv\/premium-custom-wax-hemp-3ml-5ml-7ml-concentrate-packaging\/","title":{"rendered":"Premium anpassad vax hampa 3ml 5ml 7ml koncentratf\u00f6rpackning"},"content":{"rendered":"<h2 id=\"-customized-hemp-wax-concentrate-packaging-product-description-\"><strong>Premium anpassad vax hampa 3ml 5ml 7ml koncentratf\u00f6rpackning Produktbeskrivning<\/strong><\/h2>\n<h2 id=\"-1-innovative-magnetic-flip-cover-structure-stable-and-convenient-opening-experience-\"><strong>1. Innovativ magnetisk flip cover-struktur: stabil och bekv\u00e4m \u00f6ppningsupplevelse<\/strong><\/h2>\n<p>Med magnetisk flip cover-design, med h\u00f6gh\u00e5llfast NdFeB-magnet som st\u00e4ngningsk\u00e4rna, uppn\u00e5s \"touch and open\" -upplevelsen med en hand genom exakt magnetisk polf\u00f6rdelning. De inbyggda magnetiska sugdelarna i l\u00e5dans lock bildar anisotropisk adsorption med magneterna i l\u00e5dans kropp. N\u00e4r \u00f6ppnings- och st\u00e4ngningsvinkeln n\u00e5r 90\u00b0 kan den automatiskt \u00e5terg\u00e5 till helt \u00f6ppet l\u00e4ge, vilket g\u00f6r att man undviker problemet med att traditionella skjutluckor fastnar.<\/p>\n<ul>\n<li><strong>Optimering av stabiliteten<\/strong>: Den magnetiska sugkraften ber\u00e4knas mekaniskt f\u00f6r att anpassa sig till vikten p\u00e5 3 ml \/ 5 ml \/ 7 ml flaskor f\u00f6r att s\u00e4kerst\u00e4lla att ingen oavsiktlig \u00f6ppning under transport och st\u00f6der upprepad \u00f6ppning och st\u00e4ngning i mer \u00e4n 5 000 g\u00e5nger utan deformation.<\/li>\n<li><strong>Ergonomiska detaljer<\/strong>: Kanten p\u00e5 l\u00e5dans lock har ett reserverat b\u00e5gsp\u00e5r och friktionen i tummens tryckomr\u00e5de har f\u00f6rb\u00e4ttrats f\u00f6r att tillgodose behoven av effektiv anv\u00e4ndning i snabba konsumtionsscenarier.<\/li>\n<\/ul>\n<h2 id=\"-2-modular-display-system-brand-visual-unity-solution-\"><strong>2. Modul\u00e4rt display-system: L\u00f6sning f\u00f6r visuell enhetlighet f\u00f6r varum\u00e4rket<\/strong><\/h2>\n<p>F\u00f6rpackningssystemet \u00e4r kompatibelt med hylldisplay och kombination av presentf\u00f6rpackning och en visuell matris konstrueras genom standardiserad storleksdesign (3ml\/5ml\/7ml-boxens h\u00f6jdgradientskillnad 15mm).<\/p>\n<ul>\n<li><strong>Kombinationslogik<\/strong>: Den enkla l\u00e5dan har en \u00f6vre och undre t\u00e4ckstruktur, och presentf\u00f6rpackningen anv\u00e4nder en inb\u00e4ddad kortplats f\u00f6r att uppn\u00e5 s\u00f6ml\u00f6s skarvning av flera specifikationer. Den yttre l\u00e5dan anv\u00e4nder samtidigt samma f\u00e4rgschema och l\u00e5dtypspr\u00e5k f\u00f6r att f\u00f6rb\u00e4ttra terminalens displayp\u00e5verkan.<\/li>\n<li><strong>Varum\u00e4rkesavtryck<\/strong>: Den osynliga UV-varum\u00e4rkeslogotypen \u00e4r tryckt p\u00e5 insidan av l\u00e5dans lock och minneskontakten bildas vid \u00f6ppning och st\u00e4ngning. I st\u00e4ngt tillst\u00e5nd f\u00f6rmedlas kategorins attribut genom den enhetliga gr\u00f6na l\u00e5dkroppen.<\/li>\n<\/ul>\n<h2 id=\"-3-double-upgrade-of-environmental-protection-and-protection-fsc-certified-cardboard-pressure-resistant-coated-paper-\"><strong>3. Dubbel uppgradering av milj\u00f6skydd och skydd: FSC-certifierad kartong + tryckbest\u00e4ndigt bestruket papper<\/strong><\/h2>\n<ul>\n<li><strong>H\u00e5llbara material<\/strong>: 100% FSC-certifierad kartong anv\u00e4nds, sp\u00e5rbarheten f\u00f6r r\u00e5varor kan kontrolleras och den \u00e4r tryckt med vattenbaserat sojab\u00f6nbl\u00e4ck. Den har klarat SGS-tungmetall- och flyktiga organiska f\u00f6reningstest och uppfyller FDA-standarder f\u00f6r livsmedelskontakt.<\/li>\n<li><strong>Strukturellt skydd<\/strong>: 2,5 mm tjock bestruken kartong bearbetas genom korrugerad kompositprocess, med en tryckh\u00e5llfasthet p\u00e5 12KGF\/cm\u00b2, som \u00e4r inriktad p\u00e5 h\u00f6rnens svagheter hos oljeflaskor av glas \/ plast, och dropptestet klarar ISTA 3A transportstandard.<\/li>\n<\/ul>\n<h2 id=\"-4-precision-manufacturing-process-ultimate-opening-and-closing-experience-guarantee-\"><strong>4. Precisionstillverkningsprocess: ultimat garanti f\u00f6r \u00f6ppnings- och st\u00e4ngningsupplevelse<\/strong><\/h2>\n<ul>\n<li><strong>Lasersk\u00e4rningsteknik<\/strong>: Det tyska Kurz-stansningssystemet med en precision p\u00e5 0,01 mm uppn\u00e5r burrfri bearbetning av R-h\u00f6rnet p\u00e5 l\u00e5dkanten, och viklinjens djupfel f\u00f6re indragning \u00e4r \u22640,2 mm, vilket s\u00e4kerst\u00e4ller att \u00f6ppningskraften \u00e4r stabil i intervallet 0,8-1,2 N.<\/li>\n<li><strong>Bitsystem<\/strong>: L\u00e5dkroppen har en trippel st\u00e4ngningsmekanism med \"dubbel krok + magnetisk sughj\u00e4lp\". Enligt laboratoriem\u00e4tningar \u00e4r f\u00f6rskjutningen av l\u00e5dlocket &lt;0,3 mm efter 200 \u00f6ppningar och st\u00e4ngningar i f\u00f6ljd, vilket \u00e4r betydligt b\u00e4ttre \u00e4n branschgenomsnittet.<\/li>\n<\/ul>\n<h2 id=\"-5-color-strategy-and-minimalist-aesthetics-establishing-category-mental-cognition-\"><strong>5. F\u00e4rgstrategi och minimalistisk estetik: Etablering av kategorin mental kognition<\/strong><\/h2>\n<ul>\n<li><strong>Till\u00e4mpning av f\u00e4rgpsykologi<\/strong>: Huvudf\u00e4rgen p\u00e5 l\u00e5dans kropp \u00e4r Pantone 17-0230TN (cannabisbladvengr\u00f6n), och gradienttryckprocessen p\u00e5 5 niv\u00e5er anv\u00e4nds f\u00f6r att simulera v\u00e4xtens ursprungliga struktur. Marknadsunders\u00f6kningar visar att detta f\u00e4rgsystem kan \u00f6ka m\u00e5lanv\u00e4ndarnas \"naturliga och organiska\" association med 43%.<\/li>\n<li><strong>Design f\u00f6r av-dekorering<\/strong>: Genom att \u00f6verge traditionella processer som varmst\u00e4mpling\/pr\u00e4gling skapas en professionell bild genom l\u00e5dans tredimensionellt b\u00f6jda yta, och endast pr\u00e4glingsprocessen p\u00e5 mikroniv\u00e5 anv\u00e4nds p\u00e5 den inre foderkartongen f\u00f6r att presentera varum\u00e4rkets LOGO, vilket ger ett visuellt fokus p\u00e5 \"less is more\".<\/li>\n<\/ul>","protected":false},"excerpt":{"rendered":"<p>Den magnetiska f\u00f6rslutningsl\u00e5dans struktur kombinerar stabilitet med enkel anv\u00e4ndning. Den kan enkelt \u00f6ppnas och st\u00e4ngas med en hand, vilket g\u00f6r det enkelt f\u00f6r konsumenterna att ta den snabbt. Den anv\u00e4nder FSC-certifierad kartong f\u00f6r att s\u00e4kerst\u00e4lla att r\u00e5varorna kommer fr\u00e5n h\u00e5llbart f\u00f6rvaltade skogar, vilket uppfyller de naturliga egenskapskraven i h\u00e4lsokategorin f\u00f6r milj\u00f6skydd. Den \u00e4r l\u00e4mplig f\u00f6r hyllvisning i detaljhandeln eller kombination av presentf\u00f6rpackningar, vilket visuellt f\u00f6rb\u00e4ttrar varum\u00e4rkets enhetlighet.<\/p>","protected":false},"featured_media":1207,"template":"","meta":{"_kad_post_transparent":"default","_kad_post_title":"","_kad_post_layout":"default","_kad_post_sidebar_id":"","_kad_post_content_style":"default","_kad_post_vertical_padding":"default","_kad_post_feature":"","_kad_post_feature_position":"","_kad_post_header":false,"_kad_post_footer":false,"_kad_post_classname":""},"product_brand":[],"product_cat":[15,27,17],"product_tag":[471,470,472],"class_list":{"0":"post-1206","1":"product","2":"type-product","3":"status-publish","4":"has-post-thumbnail","6":"product_cat-red-light-therapy","7":"product_cat-red-light-therapy-belt","8":"product_cat-services","9":"product_tag-best-concentrate-packaging-wholesale","10":"product_tag-concentrate-packaging-box","11":"product_tag-custom-concentrate-packaging-wholesale","13":"first","14":"instock","15":"shipping-taxable","16":"product-type-simple","17":"entry","18":"content-bg","19":"loop-entry"},"_links":{"self":[{"href":"https:\/\/red-lighttherapy.com\/sv\/wp-json\/wp\/v2\/product\/1206","targetHints":{"allow":["GET"]}}],"collection":[{"href":"https:\/\/red-lighttherapy.com\/sv\/wp-json\/wp\/v2\/product"}],"about":[{"href":"https:\/\/red-lighttherapy.com\/sv\/wp-json\/wp\/v2\/types\/product"}],"wp:featuredmedia":[{"embeddable":true,"href":"https:\/\/red-lighttherapy.com\/sv\/wp-json\/wp\/v2\/media\/1207"}],"wp:attachment":[{"href":"https:\/\/red-lighttherapy.com\/sv\/wp-json\/wp\/v2\/media?parent=1206"}],"wp:term":[{"taxonomy":"product_brand","embeddable":true,"href":"https:\/\/red-lighttherapy.com\/sv\/wp-json\/wp\/v2\/product_brand?post=1206"},{"taxonomy":"product_cat","embeddable":true,"href":"https:\/\/red-lighttherapy.com\/sv\/wp-json\/wp\/v2\/product_cat?post=1206"},{"taxonomy":"product_tag","embeddable":true,"href":"https:\/\/red-lighttherapy.com\/sv\/wp-json\/wp\/v2\/product_tag?post=1206"}],"curies":[{"name":"wp","href":"https:\/\/api.w.org\/{rel}","templated":true}]}}