{"id":1192,"date":"2025-04-17T03:53:24","date_gmt":"2025-04-17T03:53:24","guid":{"rendered":"https:\/\/red-lighttherapy.com\/?post_type=product&#038;p=1192"},"modified":"2025-04-17T06:22:08","modified_gmt":"2025-04-17T06:22:08","slug":"wholesale-cannabis-concentrate-magnetic-lid-packaging-boxes","status":"publish","type":"product","link":"https:\/\/red-lighttherapy.com\/sv\/wholesale-cannabis-concentrate-magnetic-lid-packaging-boxes\/","title":{"rendered":"Partihandel Cannabis koncentrat Magnetiskt lock F\u00f6rpackningsl\u00e5dor"},"content":{"rendered":"<h2 id=\"-product-description-of-paper-drawer-box-for-marijuana-concentrate-magnetic-cover-\"><strong>Produktbeskrivning av pappersl\u00e5da f\u00f6r marijuanakoncentrat Magnetiskt lock<\/strong><\/h2>\n<h2 id=\"-1-paper-drawer-box-slide-rail-design-easy-and-efficient-opening-and-closing-\"><strong>1. Pappersl\u00e5da Box Slide Rail Design, enkel och effektiv \u00f6ppning och st\u00e4ngning<\/strong><\/h2>\n<ul>\n<li><strong>Exakt positionering och fallskydd<\/strong>: Glidskenan \u00e4r exakt ber\u00e4knad och l\u00e5dlocket l\u00e5ses automatiskt till det f\u00f6rinst\u00e4llda l\u00e4get under \u00f6ppning och st\u00e4ngning f\u00f6r att undvika oavsiktlig glidning och s\u00e4kerst\u00e4lla stabilitet vid anv\u00e4ndning.<\/li>\n<\/ul>\n<h2 id=\"-2-double-childproof-lock-mechanism-safe-and-worry-free-\"><strong>2. Dubbel barns\u00e4ker l\u00e5smekanism, s\u00e4ker och bekymmersfri<\/strong><\/h2>\n<ul>\n<li><strong>Tryck f\u00f6r att l\u00e5sa upp tekniken<\/strong>: En dold tryckknapp \u00e4r placerad p\u00e5 sidan av l\u00e5dan och en vuxen m\u00e5ste trycka p\u00e5 den med en viss kraft innan l\u00e5dans lock glider synkront, vilket effektivt f\u00f6rhindrar barn fr\u00e5n att \u00f6ppna den av misstag.<\/li>\n<li><strong>Justerbar magnetisk sugstyrka<\/strong>: Genom att anpassa magnetens adsorptionskraft balanseras barnens s\u00e4kerhet och vuxnas anv\u00e4ndarv\u00e4nlighet, och den kan enkelt man\u00f6vreras med endast styrkan i en vuxens fingrar.<\/li>\n<\/ul>\n<h2 id=\"-3-stable-and-shock-resistant-structure-upgraded-portable-experience-\"><strong>3. Stabil och st\u00f6tt\u00e5lig struktur, uppgraderad b\u00e4rbar upplevelse<\/strong><\/h2>\n<ul>\n<li><strong>Inbyggd plats f\u00f6r anpassade kort<\/strong>: Exakt gjuten enligt koncentratets storlek (som flaskor och p\u00e5sar), med st\u00f6ts\u00e4kert EVA-foder, fixerar inneh\u00e5llet t\u00e4tt, noll skakning under transport och undviker kollisionsskador.<\/li>\n<li><strong>L\u00e4tt och b\u00e4rbar design<\/strong>: L\u00e5dans tjocklek och vikt \u00e4r optimerad med h\u00e4nsyn till b\u00e5de skydd och b\u00e4rbarhet, vilket g\u00f6r den l\u00e4mplig att b\u00e4ra med sig eller stapla i f\u00f6rr\u00e5det.<\/li>\n<\/ul>\n<h2 id=\"-4-coated-paper-multi-layer-composite-material-pressure-resistant-and-damage-resistant-\"><strong>4. Flerskiktskompositmaterial av bestruket papper, tryck- och skadebest\u00e4ndigt<\/strong><\/h2>\n<ul>\n<li><strong>Substrat med h\u00f6g h\u00e5llfasthet<\/strong>: 400 g tjockt bestruket papper anv\u00e4nds och ytan \u00e4r t\u00e4ckt med matt \/ glansig milj\u00f6v\u00e4nlig film, som \u00e4r tryckbest\u00e4ndig, fukts\u00e4ker och rept\u00e5lig och t\u00e5l stapling och str\u00e4ngsprutning under logistiktransport.<\/li>\n<li><strong>\u00c5tervinningsbar design<\/strong>: Materialet \u00e4r robust och h\u00e5llbart, st\u00f6der flera \u00f6ppningar och st\u00e4ngningar och \u00e5teranv\u00e4ndning, minskar kostnaden f\u00f6r f\u00f6rpackningsbyte och \u00f6verensst\u00e4mmer med milj\u00f6skyddskonceptet.<\/li>\n<\/ul>\n<h2 id=\"-5-high-precision-printing-technology-excellent-visual-texture-\"><strong>5. Tryckteknik med h\u00f6g precision, utm\u00e4rkt visuell textur<\/strong><\/h2>\n<ul>\n<li><strong>UV-tryckteknik i fullf\u00e4rg<\/strong>: St\u00f6der komplexa m\u00f6nster som gradientf\u00e4rger och metallisk lyster, med en f\u00e4rgm\u00e4ttnad p\u00e5 mer \u00e4n 95%, och \u00e4r inte l\u00e4tt att blekna efter friktionstest.<\/li>\n<li><strong>Diversifierade ytprocesser<\/strong>: Valfri varmst\u00e4mpling, pr\u00e4gling, lokal UV och andra processer f\u00f6r att f\u00f6rb\u00e4ttra varum\u00e4rkesigenk\u00e4nningen och f\u00f6rb\u00e4ttra f\u00f6rpackningskvaliteten.<\/li>\n<\/ul>\n<h2 id=\"-6-minimalist-white-tone-conveying-a-professional-brand-image-\"><strong>6. Minimalistisk vit ton som f\u00f6rmedlar en professionell varum\u00e4rkesimage<\/strong><\/h2>\n<ul>\n<li><strong>Ren vit l\u00e5da<\/strong>: Med vitt som basf\u00e4rg symboliserar det s\u00e4kerhet, professionalism och renlighet, anpassar sig till positioneringen av cannabisprodukter av medicinsk kvalitet och st\u00e4rker konsumenternas f\u00f6rtroende.<\/li>\n<li><strong>Flexibel visuell matchning<\/strong>: St\u00f6der delvis utsmyckning av varum\u00e4rkesf\u00e4rg, gradientstruktur eller minimalistisk LOGO, framh\u00e4ver personlighet i enkelhet och undviker \u00f6verdesign.<\/li>\n<\/ul>\n<h2 id=\"-7-all-round-customization-service-empowering-brand-differentiation-\"><strong>7. Allround anpassningstj\u00e4nst, st\u00e4rkande av varum\u00e4rkesdifferentiering<\/strong><\/h2>\n<ul>\n<li><strong>Flexibel anpassning av storlek<\/strong>: St\u00f6der anpassning av full storlek fr\u00e5n 10 ml mikroflaskor till 100 ml burkar med stor kapacitet f\u00f6r att m\u00f6ta produktlinjens behov.<\/li>\n<li><strong>Djupg\u00e5ende varum\u00e4rkesintegration<\/strong>: Anpassningsbar boxf\u00e4rg (t.ex. gradientf\u00e4rg, matt svart), m\u00f6nster (illustration, geometriskt m\u00f6nster), textinformation (regleringsuttalande, bruksanvisning) etc. f\u00f6r att skapa ett unikt varum\u00e4rkesidentifieringssystem.<\/li>\n<\/ul>\n<h2 id=\"-application-scenarios-\"><strong>Till\u00e4mpningsscenarier<\/strong><\/h2>\n<ul>\n<li><strong>Parti- och detaljhandel<\/strong>: Till\u00e4mpligt p\u00e5 B2B bulkf\u00f6rpackningar och terminalf\u00f6rs\u00e4ljningsdisplay av produkter som cannabiskoncentrat, CBD-olja, vaxextrakt etc.<\/li>\n<li><strong>Anpassning till flera scenarier<\/strong>: Uppfyller behoven i flera scenarier, t.ex. lagerh\u00e5llning och transport, butiksutst\u00e4llning och daglig b\u00e4rning av anv\u00e4ndare, med h\u00e4nsyn till praktiska egenskaper och varum\u00e4rkeskommunikation.<\/li>\n<\/ul>","protected":false},"excerpt":{"rendered":"<p>Denna f\u00f6rpackningsl\u00e5da med magnetiskt lock f\u00f6r cannabiskoncentrat \u00e4r speciellt utformad f\u00f6r avancerade varum\u00e4rken f\u00f6r cannabisprodukter. Den kombinerar funktionalitet och estetiskt v\u00e4rde, med innovativ struktur, s\u00e4kerhetsskydd och anpassade tj\u00e4nster som k\u00e4rnan, som helt uppfyller behoven f\u00f6r produktlagring, transport och varum\u00e4rkesvisning, vilket hj\u00e4lper till att f\u00f6rb\u00e4ttra anv\u00e4ndarupplevelsen och varum\u00e4rkets professionella image.<\/p>","protected":false},"featured_media":1194,"template":"","meta":{"_kad_post_transparent":"default","_kad_post_title":"","_kad_post_layout":"default","_kad_post_sidebar_id":"","_kad_post_content_style":"default","_kad_post_vertical_padding":"default","_kad_post_feature":"","_kad_post_feature_position":"","_kad_post_header":false,"_kad_post_footer":false,"_kad_post_classname":""},"product_brand":[],"product_cat":[15,27,17],"product_tag":[467,466,468],"class_list":{"0":"post-1192","1":"product","2":"type-product","3":"status-publish","4":"has-post-thumbnail","6":"product_cat-red-light-therapy","7":"product_cat-red-light-therapy-belt","8":"product_cat-services","9":"product_tag-custom-cbd-packaging","10":"product_tag-custom-cbd-packaging-boxes","11":"product_tag-magnetic-lid-boxes-for-concentrate","13":"first","14":"instock","15":"shipping-taxable","16":"product-type-simple","17":"entry","18":"content-bg","19":"loop-entry"},"_links":{"self":[{"href":"https:\/\/red-lighttherapy.com\/sv\/wp-json\/wp\/v2\/product\/1192","targetHints":{"allow":["GET"]}}],"collection":[{"href":"https:\/\/red-lighttherapy.com\/sv\/wp-json\/wp\/v2\/product"}],"about":[{"href":"https:\/\/red-lighttherapy.com\/sv\/wp-json\/wp\/v2\/types\/product"}],"wp:featuredmedia":[{"embeddable":true,"href":"https:\/\/red-lighttherapy.com\/sv\/wp-json\/wp\/v2\/media\/1194"}],"wp:attachment":[{"href":"https:\/\/red-lighttherapy.com\/sv\/wp-json\/wp\/v2\/media?parent=1192"}],"wp:term":[{"taxonomy":"product_brand","embeddable":true,"href":"https:\/\/red-lighttherapy.com\/sv\/wp-json\/wp\/v2\/product_brand?post=1192"},{"taxonomy":"product_cat","embeddable":true,"href":"https:\/\/red-lighttherapy.com\/sv\/wp-json\/wp\/v2\/product_cat?post=1192"},{"taxonomy":"product_tag","embeddable":true,"href":"https:\/\/red-lighttherapy.com\/sv\/wp-json\/wp\/v2\/product_tag?post=1192"}],"curies":[{"name":"wp","href":"https:\/\/api.w.org\/{rel}","templated":true}]}}