{"id":1186,"date":"2025-04-17T03:39:33","date_gmt":"2025-04-17T03:39:33","guid":{"rendered":"https:\/\/red-lighttherapy.com\/?post_type=product&#038;p=1186"},"modified":"2025-04-17T03:53:16","modified_gmt":"2025-04-17T03:53:16","slug":"custom-cbd-oil-packaging-boxes-folding-carton-distributor","status":"publish","type":"product","link":"https:\/\/red-lighttherapy.com\/sv\/custom-cbd-oil-packaging-boxes-folding-carton-distributor\/","title":{"rendered":"Anpassad CBD-olja f\u00f6rpackningsl\u00e5dor vikbar kartongdistribut\u00f6r"},"content":{"rendered":"<h2 id=\"-customized-cbd-oil-packaging-box-folding-carton-product-description-\"><strong>Anpassad f\u00f6rpackningsl\u00e5da f\u00f6r CBD-olja F\u00e4llbar kartong Produktbeskrivning<\/strong><\/h2>\n<h2 id=\"-1-box-design-optimize-storage-and-practicality-\"><strong>1. L\u00e5dans design: Optimera f\u00f6rvaring och anv\u00e4ndbarhet<\/strong><\/h2>\n<p>Kortl\u00e5dans strukturdesign antas och h\u00f6rnen p\u00e5 l\u00e5dkroppen \u00e4r f\u00f6rst\u00e4rkta, vilket \u00e4r bekv\u00e4mt f\u00f6r stapling och sparar lagringsutrymme. L\u00e5dtypen uppfyller de enkla och praktiska standarderna p\u00e5 de europeiska och amerikanska marknaderna f\u00f6r CBD-olja och medicinf\u00f6rpackningar, s\u00e5som topp\u00f6ppning eller sidoflipdesign, med h\u00e4nsyn till anv\u00e4ndarv\u00e4nlighet och visuell enhet. Det inre utrymmet kan anpassas exakt efter flaskans storlek f\u00f6r att undvika risken f\u00f6r skador orsakade av skakning under transport.<\/p>\n<h2 id=\"-2-customized-lining-stable-protection-and-fit-\"><strong>2. Anpassat foder: Stabilt skydd och passform<\/strong><\/h2>\n<p>Fodret \u00e4r tillverkat av EVA med h\u00f6g densitet eller \u00e5tervunnet svampmaterial, och den b\u00f6jda strukturen anpassas genom 3D-modelleringsteknik f\u00f6r att passa perfekt till CBD-oljeflaskan f\u00f6r att s\u00e4kerst\u00e4lla noll f\u00f6rskjutning under transport. Fodret kan utformas som segmenterat eller integrerat, l\u00e4mpligt f\u00f6r flaskor med olika specifikationer (t.ex. droppflaskor, sprayflaskor), och st\u00f6der till\u00e4gg av buffertsp\u00e5r f\u00f6r att f\u00f6rb\u00e4ttra st\u00f6tt\u00e5ligheten.<\/p>\n<h2 id=\"-3-surface-technology-matte-lamination-and-high-end-texture-\"><strong>3. Ytteknik: matt laminering och avancerad textur<\/strong><\/h2>\n<p>Ytan anv\u00e4nder matt lamineringsteknik f\u00f6r att undvika billig reflekterande textur, samtidigt som slitstyrkan och fuktbest\u00e4ndigheten f\u00f6rb\u00e4ttras, vilket \u00e4r i linje med varum\u00e4rkespositioneringen av avancerade CBD-olja och h\u00e4lsoprodukter. Valfri texturteknik (t.ex. touchfilm, pr\u00e4gling av konstl\u00e4der) f\u00f6rb\u00e4ttrar produktdifferentieringen ytterligare och f\u00f6rmedlar en naturlig och organisk varum\u00e4rkeston.<\/p>\n<h2 id=\"-4-printing-technology-precise-color-and-brand-enhancement-\"><strong>4. Tryckteknik: exakt f\u00e4rg och varum\u00e4rkesf\u00f6rb\u00e4ttring<\/strong><\/h2>\n<p>Anv\u00e4nd h\u00f6guppl\u00f6st offsettryck eller digital tryckteknik f\u00f6r att s\u00e4kerst\u00e4lla att det inte finns n\u00e5gon f\u00e4rgskillnad mellan m\u00f6nster och texter, och st\u00f6d f\u00f6r Pantone spotf\u00e4rgsmatchning. Det tryckta inneh\u00e5llet kan omfatta varum\u00e4rkeslogotyper, ingrediensbeskrivningar och varningsinformation som kr\u00e4vs enligt f\u00f6reskrifterna, med h\u00e4nsyn till b\u00e5de estetik och efterlevnad. F\u00f6r cannabisprodukter kan etiketter med sp\u00e5r f\u00f6r f\u00f6rfalskningsskydd eller osynliga UV-koder anpassas f\u00f6r att \u00f6ka produktens trov\u00e4rdighet.<\/p>\n<h2 id=\"-5-certification-qualifications-compliant-production-and-brand-premium-\"><strong>5. Certifieringskvalifikationer: produktion i enlighet med kraven och varum\u00e4rkespremie<\/strong><\/h2>\n<p>Fabriken innehar FSC-skogscertifiering (s\u00e4kerst\u00e4ller h\u00e5llbara pappersk\u00e4llor), ISO 15378 (kvalitetsstyrningssystem f\u00f6r l\u00e4kemedelsf\u00f6rpackningar) och BSCI-certifiering f\u00f6r socialt ansvar, vilket uppfyller kraven p\u00e5 efterlevnad av CBD-oljef\u00f6rpackningar p\u00e5 de europeiska och amerikanska marknaderna. Certifieringskvalifikationer kan skrivas ut p\u00e5 botten eller sidan av f\u00f6rpackningsl\u00e5dan f\u00f6r att \u00f6ka konsumenternas f\u00f6rtroende och varum\u00e4rkets premiumutrymme.<\/p>\n<h2 id=\"-6-all-round-customization-service-\"><strong>6. Allround anpassningstj\u00e4nst<\/strong><\/h2>\n<ul>\n<li><strong>Val av material<\/strong>: Tillhandah\u00e5ll FSC-certifierad kartong, nedbrytbar plast eller kompositmaterial f\u00f6r att uppfylla kraven p\u00e5 milj\u00f6skydd och h\u00e5llfasthet.<\/li>\n<li><strong>Justering av l\u00e5dtyp<\/strong>: St\u00f6dja speciella strukturer som l\u00e5d- och bokformade l\u00e5dor f\u00f6r att anpassa sig till cannabisprodukternas olika behov.<\/li>\n<li><strong>Funktionsexpansion<\/strong>: Intelligenta tekniker som antif\u00f6rfalskningschips och RFID-taggar kan integreras f\u00f6r att f\u00f6rb\u00e4ttra produkternas sp\u00e5rbarhet.<\/li>\n<\/ul>\n<h2 id=\"-cooperation-process-\"><strong>Samarbetsprocess<\/strong>:<\/h2>\n<ol>\n<li>Ange flaskstorlek, designf\u00f6rslag och certifieringskrav;<\/li>\n<li>Leverera 3D-ritningar av l\u00e5dtyper och materiall\u00f6sningar inom 24 timmar;<\/li>\n<li>Efter bekr\u00e4ftelse av korrekturet kommer massproduktion och leverans att slutf\u00f6ras inom 7-14 dagar.<\/li>\n<\/ol>","protected":false},"excerpt":{"rendered":"<p>Kartongdesignen \u00e4r bekv\u00e4m f\u00f6r stapling och f\u00f6rvaring och uppfyller de enkla och praktiska behoven p\u00e5 de europeiska och amerikanska marknaderna f\u00f6r f\u00f6rpackning av CBD-olja, medicin och h\u00e4lsov\u00e5rdsprodukter. Ytlamineringsprocessen undviker billig reflekterande struktur och \u00e4r i linje med positioneringen av avancerade CBD-olje- och h\u00e4lsov\u00e5rdsprodukter. Den kan anpassas efter dina behov, till exempel h\u00f6jd, l\u00e5dtyp, material och yttryck, f\u00f6r att m\u00f6ta behoven hos CBD-olja och cannabisserief\u00f6rpackningar.<\/p>","protected":false},"featured_media":1187,"template":"","meta":{"_kad_post_transparent":"default","_kad_post_title":"","_kad_post_layout":"default","_kad_post_sidebar_id":"","_kad_post_content_style":"default","_kad_post_vertical_padding":"default","_kad_post_feature":"","_kad_post_feature_position":"","_kad_post_header":false,"_kad_post_footer":false,"_kad_post_classname":""},"product_brand":[],"product_cat":[15,24,17],"product_tag":[463,465,464],"class_list":{"0":"post-1186","1":"product","2":"type-product","3":"status-publish","4":"has-post-thumbnail","6":"product_cat-red-light-therapy","7":"product_cat-red-light-therapy-bed","8":"product_cat-services","9":"product_tag-custom-cbd-boxes","10":"product_tag-custom-printed-cbd-packaging","11":"product_tag-get-custom-cbd-boxes","13":"first","14":"instock","15":"shipping-taxable","16":"product-type-simple","17":"entry","18":"content-bg","19":"loop-entry"},"_links":{"self":[{"href":"https:\/\/red-lighttherapy.com\/sv\/wp-json\/wp\/v2\/product\/1186","targetHints":{"allow":["GET"]}}],"collection":[{"href":"https:\/\/red-lighttherapy.com\/sv\/wp-json\/wp\/v2\/product"}],"about":[{"href":"https:\/\/red-lighttherapy.com\/sv\/wp-json\/wp\/v2\/types\/product"}],"wp:featuredmedia":[{"embeddable":true,"href":"https:\/\/red-lighttherapy.com\/sv\/wp-json\/wp\/v2\/media\/1187"}],"wp:attachment":[{"href":"https:\/\/red-lighttherapy.com\/sv\/wp-json\/wp\/v2\/media?parent=1186"}],"wp:term":[{"taxonomy":"product_brand","embeddable":true,"href":"https:\/\/red-lighttherapy.com\/sv\/wp-json\/wp\/v2\/product_brand?post=1186"},{"taxonomy":"product_cat","embeddable":true,"href":"https:\/\/red-lighttherapy.com\/sv\/wp-json\/wp\/v2\/product_cat?post=1186"},{"taxonomy":"product_tag","embeddable":true,"href":"https:\/\/red-lighttherapy.com\/sv\/wp-json\/wp\/v2\/product_tag?post=1186"}],"curies":[{"name":"wp","href":"https:\/\/api.w.org\/{rel}","templated":true}]}}