{"id":1173,"date":"2025-04-17T01:17:56","date_gmt":"2025-04-17T01:17:56","guid":{"rendered":"https:\/\/red-lighttherapy.com\/?post_type=product&#038;p=1173"},"modified":"2025-04-17T14:43:42","modified_gmt":"2025-04-17T14:43:42","slug":"vendor-order-custom-rigid-drawer-box-sigwarjewelry-packaging","status":"publish","type":"product","link":"https:\/\/red-lighttherapy.com\/sv\/vendor-order-custom-rigid-drawer-box-sigwarjewelry-packaging\/","title":{"rendered":"Leverant\u00f6rsbest\u00e4llning Anpassad styv l\u00e5dl\u00e5da Sigwarjewelry Packaging"},"content":{"rendered":"<h2 id=\"-product-description-of-sigwarjewelry-custom-hard-drawer-box-paper-drawer-box-\"><strong>Produktbeskrivning av Anpassad styv l\u00e5dbox\u00a0<\/strong><\/h2>\n<h2>1.\u00a0<strong>Ergonomisk <\/strong><strong>L\u00e5da <\/strong><strong>Design<\/strong><\/h2>\n<p>Pappersl\u00e5dan utan anstr\u00e4ngning med ett \u00f6ppnings- och st\u00e4ngningssystem f\u00f6r pappersl\u00e5dan, kombinerat med precisionsstrukturdesign och formteknik med h\u00f6g precision. Fogarna mellan l\u00e5dkroppen och l\u00e5dan \u00e4r f\u00f6rst\u00e4rkta f\u00f6r att undvika l\u00f6shet eller fastk\u00f6rning, och driftupplevelsen kan bibeh\u00e5llas smidigt \u00e4ven vid frekvent anv\u00e4ndning.<\/p>\n<h2 id=\"2-fsc-certified-environmentally-friendly-materials-\">2.\u00a0<strong>FSC-certifierade milj\u00f6v\u00e4nliga material<\/strong><\/h2>\n<p>R\u00e5varorna \u00e4r tillverkade av tr\u00e4fibrer fr\u00e5n h\u00e5llbara skogar som \u00e4r certifierade av FSC (Forest Stewardship Council) f\u00f6r att s\u00e4kerst\u00e4lla att hela produktionsprocessen uppfyller milj\u00f6standarderna. Materialet tar h\u00e4nsyn till b\u00e5de milj\u00f6skyddskoncept och fysiska egenskaper, och tryckh\u00e5llfastheten n\u00e5r den branschledande niv\u00e5n, vilket effektivt skyddar de interna produkterna fr\u00e5n transportf\u00f6rluster.<\/p>\n<h2 id=\"3-high-strength-coated-paper-structure-\">3.\u00a0<strong>Struktur av bestruket papper med h\u00f6g h\u00e5llfasthet<\/strong><\/h2>\n<p>L\u00e5dkroppen \u00e4r tillverkad av 300g\/m\u00b2 bestruket pappersmaterial, och h\u00e5rdheten och stabiliteten f\u00f6rb\u00e4ttras genom en flerskiktskompositprocess, och b\u00e4rf\u00f6rm\u00e5gan kan n\u00e5 mer \u00e4n 5 kg. Den interna utrymmesdesignen har vetenskapligt ber\u00e4knats f\u00f6r att st\u00f6dja modul\u00e4ra partitioner (valfritt substrat eller fack), maximera anv\u00e4ndningen av volym och \u00e4r l\u00e4mplig f\u00f6r uts\u00f6kta produkter som smycken och klockor.<\/p>\n<h2 id=\"4-durable-nylon-handle-\">4.\u00a0<strong>Handtag i slitstark nylon<\/strong><\/h2>\n<p>Handtaget \u00e4r tillverkat av ett h\u00f6gh\u00e5llfast nylonb\u00e4lte med en dragh\u00e5llfasthet p\u00e5 \u00f6ver 100 kg. Det har inte g\u00e5tt s\u00f6nder efter tiotusentals utdragstester. Samtidigt passar det handflatans kr\u00f6kning f\u00f6r att f\u00f6rb\u00e4ttra b\u00e4rkomforten. St\u00f6djer personlig anpassning av handtagsbredd, f\u00e4rg och LOGO-tryck f\u00f6r att f\u00f6rb\u00e4ttra varum\u00e4rkesigenk\u00e4nningen.<\/p>\n<h2 id=\"-customized-service-and-production-advantages-\"><strong>F\u00f6rdelar med kundanpassad service och produktion<\/strong><\/h2>\n<ul>\n<li><strong>48 timmars snabb korrekturl\u00e4sning<\/strong>: Med hj\u00e4lp av det digitala proofingsystemet levereras 3D-renderingar och fysiska prover samtidigt f\u00f6r att exakt \u00e5terskapa designdetaljer.<\/li>\n<li><strong>Flexibel minsta orderkvantitet<\/strong>: St\u00f6der en minsta orderkvantitet p\u00e5 500 st f\u00f6r att m\u00f6ta provproduktionsbehoven hos sm\u00e5 och medelstora varum\u00e4rken, och massproduktionscykeln f\u00f6rkortas till 7-10 arbetsdagar.<\/li>\n<li><strong>Mycket kundanpassad<\/strong>:<\/li>\n<li><strong>Storlek<\/strong>: Mycket kundanpassad.<\/li>\n<li><strong>Teknik<\/strong>: Valfria ytbehandlingsprocesser som varmst\u00e4mpling, UV-pr\u00e4gling, silketryck, pr\u00e4gling etc., anpassade till krav p\u00e5 textur i lyxklass.<\/li>\n<\/ul>\n<h2 id=\"-applicable-scenarios-and-certification-guarantees-\"><strong>Till\u00e4mpliga scenarier och certifieringsgarantier<\/strong><\/h2>\n<ul>\n<li><strong>Till\u00e4mpliga produkter<\/strong>: Avancerade smycken, klockor, lyxvaror, skr\u00e4ddarsydda g\u00e5vor och andra produktf\u00f6rpackningar med h\u00f6gt merv\u00e4rde.<\/li>\n<li><strong>Milj\u00f6engagemang<\/strong>: Hela processen \u00f6verensst\u00e4mmer med FSC-certifiering av produktions- och f\u00f6rs\u00e4ljnings\u00f6vervakningskedjan och tillhandah\u00e5ller sp\u00e5rbara certifieringsdokument f\u00f6r milj\u00f6skyddsmaterial.<\/li>\n<li><strong>Garantiservice<\/strong>: Tillhandah\u00e5lla 12 m\u00e5naders kvalitetss\u00e4kring, st\u00f6dja stegvis kvalitetsinspektion av batchorder och s\u00e4kerst\u00e4lla konsekventa leveranser.<\/li>\n<\/ul>","protected":false},"excerpt":{"rendered":"<p>Systemet f\u00f6r \u00f6ppning och st\u00e4ngning av pappersl\u00e5dan \u00e4r ergonomiskt utformat och har en smidig och arbetsbesparande funktion. Det \u00e4r tillverkat av FSC-certifierade material, med h\u00e4nsyn till b\u00e5de milj\u00f6skyddskoncept och fysiska egenskaper. Det har ett 48-timmars snabbt provningssystem, st\u00f6der en minsta orderkvantitet p\u00e5 500 st och kan anpassas mycket f\u00f6r att passa din produkt.<\/p>","protected":false},"featured_media":1179,"template":"","meta":{"_kad_post_transparent":"default","_kad_post_title":"","_kad_post_layout":"default","_kad_post_sidebar_id":"","_kad_post_content_style":"default","_kad_post_vertical_padding":"default","_kad_post_feature":"","_kad_post_feature_position":"","_kad_post_header":false,"_kad_post_footer":false,"_kad_post_classname":""},"product_brand":[],"product_cat":[15,20,17],"product_tag":[460,461,462],"class_list":{"0":"post-1173","1":"product","2":"type-product","3":"status-publish","4":"has-post-thumbnail","6":"product_cat-red-light-therapy","7":"product_cat-led-face-light-therapy","8":"product_cat-services","9":"product_tag-custom-drawer-box","10":"product_tag-order-custom-rigid-box","11":"product_tag-sigwarjewelry-packaging-box-order","13":"first","14":"instock","15":"shipping-taxable","16":"product-type-simple","17":"entry","18":"content-bg","19":"loop-entry"},"_links":{"self":[{"href":"https:\/\/red-lighttherapy.com\/sv\/wp-json\/wp\/v2\/product\/1173","targetHints":{"allow":["GET"]}}],"collection":[{"href":"https:\/\/red-lighttherapy.com\/sv\/wp-json\/wp\/v2\/product"}],"about":[{"href":"https:\/\/red-lighttherapy.com\/sv\/wp-json\/wp\/v2\/types\/product"}],"wp:featuredmedia":[{"embeddable":true,"href":"https:\/\/red-lighttherapy.com\/sv\/wp-json\/wp\/v2\/media\/1179"}],"wp:attachment":[{"href":"https:\/\/red-lighttherapy.com\/sv\/wp-json\/wp\/v2\/media?parent=1173"}],"wp:term":[{"taxonomy":"product_brand","embeddable":true,"href":"https:\/\/red-lighttherapy.com\/sv\/wp-json\/wp\/v2\/product_brand?post=1173"},{"taxonomy":"product_cat","embeddable":true,"href":"https:\/\/red-lighttherapy.com\/sv\/wp-json\/wp\/v2\/product_cat?post=1173"},{"taxonomy":"product_tag","embeddable":true,"href":"https:\/\/red-lighttherapy.com\/sv\/wp-json\/wp\/v2\/product_tag?post=1173"}],"curies":[{"name":"wp","href":"https:\/\/api.w.org\/{rel}","templated":true}]}}