{"id":1167,"date":"2025-04-16T16:18:16","date_gmt":"2025-04-16T16:18:16","guid":{"rendered":"https:\/\/red-lighttherapy.com\/?post_type=product&#038;p=1167"},"modified":"2025-04-16T16:40:06","modified_gmt":"2025-04-16T16:40:06","slug":"large-silver-glitter-magnetic-closure-gift-box-for-promotion","status":"publish","type":"product","link":"https:\/\/red-lighttherapy.com\/sv\/large-silver-glitter-magnetic-closure-gift-box-for-promotion\/","title":{"rendered":"Stor silverglittrande presentask med magnetisk f\u00f6rslutning f\u00f6r marknadsf\u00f6ring"},"content":{"rendered":"<h2 id=\"product-description-of-large-silver-sequin-magnetic-buckle-promotional-gift-box\">Produktbeskrivning av Stort magnetiskt sp\u00e4nne med silverpaljetter f\u00f6r reklamg\u00e5vor<\/h2>\n<h2 id=\"-1-magnetic-closure-system-precision-and-elegance-\"><strong>1. Magnetiskt st\u00e4ngningssystem: Precision och elegans<\/strong><\/h2>\n<p>Locket \u00e4r tillverkat av <strong>stark magnetisk adsorptionsteknik<\/strong>och den inb\u00e4ddade designen med magnetremsa anv\u00e4nds f\u00f6r att uppn\u00e5 st\u00e4ngning utan att fastna. Magnetkraften \u00e4r exakt placerad n\u00e4r den st\u00e4ngs, och kontaktytan \u00e4r t\u00e4ckt med ett flexibelt ljudabsorberande sammetsskikt f\u00f6r att eliminera kollisionsljudet fr\u00e5n traditionella sp\u00e4nnen. \u00d6ppnings- och st\u00e4ngningsfunktionen \u00e4r mjuk som silke och kan utf\u00f6ras med en hand, vilket uppfyller lyxf\u00f6rpackningars dubbla behov av ritual och bekv\u00e4mlighet.<\/p>\n<h2 id=\"-2-minimalist-geometric-structure-balance-of-rigidity-and-beauty-\"><strong>2. Minimalistisk geometrisk struktur: balans mellan styvhet och sk\u00f6nhet<\/strong><\/h2>\n<p>L\u00e5dans kropp antar\u00a0<strong>Kompositstruktur av h\u00e5rdpapp<\/strong>, och kanterna och h\u00f6rnen bearbetas med 45 \u00b0 avfasningsprocess, med tuffa linjer men mjuka. Den inre konfigurationen av den ringformiga stegsp\u00e5rst\u00f6dsramen kan b\u00e4ra 3 kg utan deformation, vilket \u00e4r l\u00e4mpligt f\u00f6r skyddsbehoven f\u00f6r \u00f6mt\u00e5liga avancerade g\u00e5vor som smycken och klockor. Hexahedron-kompressionstestet uppfyller den internationella transportstandarden ISTA-3A f\u00f6r att s\u00e4kerst\u00e4lla s\u00e4kerhet f\u00f6r l\u00e5ngv\u00e4ga transporter.<\/p>\n<h2 id=\"-3-dynamic-optical-surface-glitter-paper-process-\"><strong>3. Dynamisk optisk yta: Glitter Paper-processen<\/strong><\/h2>\n<p>Ytan anv\u00e4nder\u00a0<strong>glitterpapper av stj\u00e4rnstoftskvalitet<\/strong>\u00a0importerad fr\u00e5n Tyskland och uppn\u00e5r 270\u00b0 ljusbrytningst\u00e4ckning genom glitterriktningsarrangemangsteknik p\u00e5 nanoniv\u00e5. Den presenterar strukturen av galaxgrus statiskt och den skimrande effekten dynamiskt. Ljusreflektiviteten \u00f6kas med 60% j\u00e4mf\u00f6rt med den traditionella varmst\u00e4mplingsprocessen, och den kan bilda en unik varum\u00e4rkesvisuell minnespunkt under belysningen av kommersiella f\u00f6nster.<\/p>\n<h2 id=\"-4-precision-manufacturing-system-millimeter-level-quality-control-standard-\"><strong>4. System f\u00f6r precisionstillverkning: standard f\u00f6r kvalitetskontroll p\u00e5 millimeterniv\u00e5<\/strong><\/h2>\n<p>Hela processen anv\u00e4nder Japan Mitsubishi lasersk\u00e4rningssystem f\u00f6r att uppn\u00e5\u00a0<strong>S\u00f6mnoggrannhet p\u00e5 0,1 mm-niv\u00e5<\/strong>. L\u00e5dkroppen genomg\u00e5r trippel kvalitetsinspektion: UV-feldetektering f\u00f6r att uppt\u00e4cka mikrosprickor, tredimensionellt m\u00e4tinstrument f\u00f6r att verifiera deformation och kolorimeter f\u00f6r att kontrollera \u25b3E\u22641.5, f\u00f6r att s\u00e4kerst\u00e4lla att varje produkt uppfyller utseendestandarden f\u00f6r konst.<\/p>\n<h2 id=\"-5-lasting-visual-communication-ink-curing-technology-\"><strong>5. Varaktig visuell kommunikation: teknik f\u00f6r h\u00e4rdning av bl\u00e4ck<\/strong><\/h2>\n<p>Texttrycket anv\u00e4nder schweiziska\u00a0<strong>milj\u00f6v\u00e4nlig UV-h\u00e4rdande f\u00e4rg<\/strong>som har klarat 72 timmars saltspraytest och 5000 g\u00e5nger friktionstest, och f\u00e4rghastigheten n\u00e5r niv\u00e5 8. St\u00f6der Pantone spotf\u00e4rg + 4-f\u00e4rgs \u00f6verl\u00e4ggsutskrift, komplexa logotyper kan uppn\u00e5 0,2 mm linjebredd reproduktion, vilket uppfyller behoven hos lyxigt mikrotryck mot f\u00f6rfalskning.<\/p>\n<h2 id=\"-6-restrained-aesthetic-design-functional-minimalism-\"><strong>6. \u00c5terh\u00e5llsam estetisk design: funktionell minimalism<\/strong><\/h2>\n<p>Implementera\u00a0<strong>Bauhaus designkoncept<\/strong>\u00a0och eliminera alla \u00f6verfl\u00f6diga dekorativa delar. Ers\u00e4tt traditionell h\u00e5rdvara med magnetisk \u00f6ppnings- och st\u00e4ngningsstruktur och anv\u00e4nd de reflekterande egenskaperna hos sj\u00e4lva materialet f\u00f6r att skapa ett visuellt fokus. Det inre h\u00e5lrummet antar ett l\u00f6stagbart bikakepartitionssystem, som inte bara uppfyller lagringsbehoven i flera kategorier utan ocks\u00e5 uppr\u00e4tth\u00e5ller renheten i utseendet.<\/p>\n<h2 id=\"-7-in-depth-customization-service-brand-specific-solution-\"><strong>7. Djupg\u00e5ende anpassningstj\u00e4nst: varum\u00e4rkesspecifik l\u00f6sning<\/strong><\/h2>\n<ul>\n<li><strong>Ytteknik<\/strong>: st\u00f6d f\u00f6r kallst\u00e4mpling\/varmpressning\/lasergravyr med logotypteknik i tre l\u00e4gen, noggrannhet f\u00f6r varmst\u00e4mpling \u00b10,3 mm<\/li>\n<li><strong>Spatial rekonstruktion<\/strong>: kan ge EVA-flockning\/bl\u00e5sor\/PP-galler inre st\u00f6d, l\u00e4mpligt f\u00f6r specialformad produktfixering<\/li>\n<li><strong>Agilt svar<\/strong>: f\u00f6rlitar sig p\u00e5 modul\u00e4rt m\u00f6gel system, fullst\u00e4ndig storlek justering korrektur inom 72 timmar<\/li>\n<\/ul>\n<h2 id=\"-8-smart-manufacturing-service-guarantee-flexible-production-system-\"><strong>8. Tj\u00e4nstegaranti f\u00f6r smart tillverkning: flexibelt produktionssystem<\/strong><\/h2>\n<p>Tillverkaren innehar\u00a0<strong>FSC skogscertifiering<\/strong>\u00a0och ISO14001 milj\u00f6systemcertifiering och har 16 \u00e5rs erfarenhet av professionell f\u00f6rpackningsproduktion. Tillhandah\u00e5lla\u00a0<strong>service f\u00f6r anpassning av sm\u00e5 partier<\/strong>\u00a0med en minsta best\u00e4llning p\u00e5 500 stycken, st\u00f6djande 3D-strukturritning f\u00f6runders\u00f6kning, leverans av materialprovbok, drop-testvideofeedback och andra fullst\u00e4ndiga processtj\u00e4nster, vilket \u00e4r 40% l\u00e4gre \u00e4n branschens genomsnittliga f\u00f6rs\u00f6k och felkostnad.<\/p>","protected":false},"excerpt":{"rendered":"<p>Som en magnetisk st\u00e4ngningsteknik, som \u00e4r l\u00e4tt att anv\u00e4nda och st\u00e4nger exakt. Det finns inget behov av traditionella sp\u00e4nnen, och \u00f6ppnings- och st\u00e4ngningsupplevelsen \u00e4r mjukare och mer elegant. Ytan \u00e4r t\u00e4ckt med Glitter Paper, som ger en delikat glittrande effekt och producerar dynamisk lyster under ljusbrytningen, vilket f\u00f6rb\u00e4ttrar produktens visuella kvalitet och uppfyller varum\u00e4rkets personliga behov.<\/p>","protected":false},"featured_media":1169,"template":"","meta":{"_kad_post_transparent":"default","_kad_post_title":"","_kad_post_layout":"default","_kad_post_sidebar_id":"","_kad_post_content_style":"default","_kad_post_vertical_padding":"default","_kad_post_feature":"","_kad_post_feature_position":"","_kad_post_header":false,"_kad_post_footer":false,"_kad_post_classname":""},"product_brand":[],"product_cat":[15,17],"product_tag":[455,456,454],"class_list":{"0":"post-1167","1":"product","2":"type-product","3":"status-publish","4":"has-post-thumbnail","6":"product_cat-red-light-therapy","7":"product_cat-services","8":"product_tag-glitter-paper-boxes","9":"product_tag-glitter-paper-promotion-gift-box","10":"product_tag-silver-glitter-gift-box","12":"first","13":"instock","14":"shipping-taxable","15":"product-type-simple","16":"entry","17":"content-bg","18":"loop-entry"},"_links":{"self":[{"href":"https:\/\/red-lighttherapy.com\/sv\/wp-json\/wp\/v2\/product\/1167","targetHints":{"allow":["GET"]}}],"collection":[{"href":"https:\/\/red-lighttherapy.com\/sv\/wp-json\/wp\/v2\/product"}],"about":[{"href":"https:\/\/red-lighttherapy.com\/sv\/wp-json\/wp\/v2\/types\/product"}],"wp:featuredmedia":[{"embeddable":true,"href":"https:\/\/red-lighttherapy.com\/sv\/wp-json\/wp\/v2\/media\/1169"}],"wp:attachment":[{"href":"https:\/\/red-lighttherapy.com\/sv\/wp-json\/wp\/v2\/media?parent=1167"}],"wp:term":[{"taxonomy":"product_brand","embeddable":true,"href":"https:\/\/red-lighttherapy.com\/sv\/wp-json\/wp\/v2\/product_brand?post=1167"},{"taxonomy":"product_cat","embeddable":true,"href":"https:\/\/red-lighttherapy.com\/sv\/wp-json\/wp\/v2\/product_cat?post=1167"},{"taxonomy":"product_tag","embeddable":true,"href":"https:\/\/red-lighttherapy.com\/sv\/wp-json\/wp\/v2\/product_tag?post=1167"}],"curies":[{"name":"wp","href":"https:\/\/api.w.org\/{rel}","templated":true}]}}